{"id":997,"date":"2021-05-05T22:35:29","date_gmt":"2021-05-05T22:35:29","guid":{"rendered":"http:\/\/www.rula.disabilityrightsca.org\/vi\/?page_id=997"},"modified":"2022-04-19T19:21:33","modified_gmt":"2022-04-19T19:21:33","slug":"how-does-a-regional-center-find-people-who-may-have-developmental-disabilities","status":"publish","type":"page","link":"https:\/\/rula.disabilityrightsca.org\/vi\/rula-book\/chapter-3-regional-centers\/how-does-a-regional-center-find-people-who-may-have-developmental-disabilities\/","title":{"rendered":"(3.2) Trung t\u00e2m khu v\u1ef1c t\u00ecm ng\u01b0\u1eddi c\u00f3 th\u1ec3 b\u1ecb khuy\u1ebft t\u1eadt v\u1ec1 ph\u00e1t tri\u1ec3n b\u1eb1ng c\u00e1ch n\u00e0o?"},"content":{"rendered":"\n<p>Trung t\u00e2m khu v\u1ef1c ph\u1ea3i th\u1ef1c hi\u1ec7n vi\u1ec7c \u201ct\u00ecm ki\u1ebfm tr\u01b0\u1eddng h\u1ee3p\u201d. \u0110i\u1ec1u n\u00e0y ngh\u0129a l\u00e0 trung t\u00e2m khu v\u1ef1c ph\u1ea3i ch\u1ee7 \u0111\u1ed9ng xem x\u00e9t trong c\u1ed9ng \u0111\u1ed3ng \u0111\u1ec3 t\u00ecm ng\u01b0\u1eddi h\u1ed9i \u0111\u1ee7 \u0111i\u1ec1u ki\u1ec7n h\u01b0\u1edfng d\u1ecbch v\u1ee5. H\u1ecd l\u00e0m vi\u1ec7c v\u1edbi c\u00e1c c\u01a1 quan s\u1ee9c kh\u1ecfe c\u00f4ng, S\u1edf D\u1ecbch V\u1ee5 X\u00e3 H\u1ed9i, h\u1ecdc khu c\u00f9ng c\u00e1c c\u01a1 quan ti\u1ec3u bang, \u0111\u1ecba ph\u01b0\u01a1ng v\u00e0 t\u01b0 nh\u00e2n kh\u00e1c.<\/p>\n\n\n\n<p>B\u00e1c s\u0129 ho\u1eb7c c\u00e1c chuy\u00ean gia y t\u1ebf kh\u00e1c c\u00f3 th\u1ec3 gi\u1edbi thi\u1ec7u ng\u01b0\u1eddi \u0111\u1ebfn trung t\u00e2m khu v\u1ef1c. Tuy nhi\u00ean, qu\u00fd v\u1ecb kh\u00f4ng c\u1ea7n c\u00f3 s\u1ef1 gi\u1edbi thi\u1ec7u c\u1ee7a b\u00e1c s\u0129 \u0111\u1ec3 \u0111\u1ebfn trung t\u00e2m khu v\u1ef1c. B\u1ea5t k\u1ef3 ng\u01b0\u1eddi n\u00e0o ngh\u0129 r\u1eb1ng h\u1ecd c\u00f3 th\u1ec3 b\u1ecb khuy\u1ebft t\u1eadt v\u1ec1 ph\u00e1t tri\u1ec3n \u0111\u1ec1u c\u00f3 quy\u1ec1n \u0111\u0103ng k\u00fd v\u1edbi trung t\u00e2m khu v\u1ef1c.<\/p>\n","protected":false},"excerpt":{"rendered":"<p>Trung t\u00e2m khu v\u1ef1c ph\u1ea3i th\u1ef1c hi\u1ec7n vi\u1ec7c \u201ct\u00ecm ki\u1ebfm tr\u01b0\u1eddng h\u1ee3p\u201d. \u0110i\u1ec1u n\u00e0y ngh\u0129a l\u00e0 trung t\u00e2m khu v\u1ef1c ph\u1ea3i ch\u1ee7 \u0111\u1ed9ng xem x\u00e9t&hellip;<\/p>\n","protected":false},"author":1,"featured_media":0,"parent":312,"menu_order":2,"comment_status":"closed","ping_status":"closed","template":"","meta":{"footnotes":""},"class_list":["post-997","page","type-page","status-publish","hentry"],"_links":{"self":[{"href":"https:\/\/rula.disabilityrightsca.org\/vi\/wp-json\/wp\/v2\/pages\/997","targetHints":{"allow":["GET"]}}],"collection":[{"href":"https:\/\/rula.disabilityrightsca.org\/vi\/wp-json\/wp\/v2\/pages"}],"about":[{"href":"https:\/\/rula.disabilityrightsca.org\/vi\/wp-json\/wp\/v2\/types\/page"}],"author":[{"embeddable":true,"href":"https:\/\/rula.disabilityrightsca.org\/vi\/wp-json\/wp\/v2\/users\/1"}],"replies":[{"embeddable":true,"href":"https:\/\/rula.disabilityrightsca.org\/vi\/wp-json\/wp\/v2\/comments?post=997"}],"version-history":[{"count":3,"href":"https:\/\/rula.disabilityrightsca.org\/vi\/wp-json\/wp\/v2\/pages\/997\/revisions"}],"predecessor-version":[{"id":2830,"href":"https:\/\/rula.disabilityrightsca.org\/vi\/wp-json\/wp\/v2\/pages\/997\/revisions\/2830"}],"up":[{"embeddable":true,"href":"https:\/\/rula.disabilityrightsca.org\/vi\/wp-json\/wp\/v2\/pages\/312"}],"wp:attachment":[{"href":"https:\/\/rula.disabilityrightsca.org\/vi\/wp-json\/wp\/v2\/media?parent=997"}],"curies":[{"name":"wp","href":"https:\/\/api.w.org\/{rel}","templated":true}]}}