{"id":995,"date":"2021-05-05T21:57:23","date_gmt":"2021-05-05T21:57:23","guid":{"rendered":"http:\/\/www.rula.disabilityrightsca.org\/vi\/?page_id=995"},"modified":"2022-04-19T19:21:22","modified_gmt":"2022-04-19T19:21:22","slug":"what-do-the-regional-centers-do","status":"publish","type":"page","link":"https:\/\/rula.disabilityrightsca.org\/vi\/rula-book\/chapter-3-regional-centers\/what-do-the-regional-centers-do\/","title":{"rendered":"(3.1) Trung t\u00e2m khu v\u1ef1c l\u00e0m nh\u1eefng g\u00ec?"},"content":{"rendered":"\n<p>Trung t\u00e2m khu v\u1ef1c cung c\u1ea5p c\u00e1c d\u1ecbch v\u1ee5 cho nh\u1eefng ng\u01b0\u1eddi b\u1ecb khuy\u1ebft t\u1eadt v\u1ec1 ph\u00e1t tri\u1ec3n. Nh\u1eefng trung t\u00e2m n\u00e0y c\u0169ng mang t\u1edbi c\u00e1c d\u1ecbch v\u1ee5 can thi\u1ec7p s\u1edbm cho tr\u1ebb s\u01a1 sinh v\u00e0 tr\u1ebb m\u1edbi bi\u1ebft \u0111i b\u1ecb khuy\u1ebft t\u1eadt nh\u01b0ng ch\u00fang t\u00f4i kh\u00f4ng \u0111\u1ec1 c\u1eadp \u0111\u1ebfn nh\u1eefng d\u1ecbch v\u1ee5 \u0111\u00f3 trong t\u00e0i li\u1ec7u n\u00e0y. <span class=\"footnote_referrer\"><a role=\"button\" tabindex=\"0\" onclick=\"footnote_moveToReference_995_1('footnote_plugin_reference_995_1_1');\" onkeypress=\"footnote_moveToReference_995_1('footnote_plugin_reference_995_1_1');\" ><sup id=\"footnote_plugin_tooltip_995_1_1\" class=\"footnote_plugin_tooltip_text\">[1]<\/sup><\/a><span id=\"footnote_plugin_tooltip_text_995_1_1\" class=\"footnote_tooltip\">Trung t\u00e2m khu v\u1ef1c cung c\u1ea5p c\u00e1c d\u1ecbch v\u1ee5 can thi\u1ec7p s\u1edbm cho tr\u1ebb s\u01a1 sinh v\u00e0 tr\u1ebb m\u1edbi bi\u1ebft \u0111i b\u1ecb khuy\u1ebft t\u1eadt (t\u1eeb khi sinh cho \u0111\u1ebfn 3 tu\u1ed5i) theo \u201cPh\u1ea7n C\u201d c\u1ee7a&nbsp;&#x2026; <span class=\"footnote_tooltip_continue\"  onclick=\"footnote_moveToReference_995_1('footnote_plugin_reference_995_1_1');\">Continue reading<\/span><\/span><\/span><script type=\"text\/javascript\"> jQuery('#footnote_plugin_tooltip_995_1_1').tooltip({ tip: '#footnote_plugin_tooltip_text_995_1_1', tipClass: 'footnote_tooltip', effect: 'fade', predelay: 0, fadeInSpeed: 200, delay: 400, fadeOutSpeed: 200, position: 'top center', relative: true, offset: [-7, 0], });<\/script><\/p>\n\n\n\n<p>Trung t\u00e2m khu v\u1ef1c ph\u1ea3i:<\/p>\n\n\n\n<ul class=\"wp-block-list\"><li>T\u00ecm ng\u01b0\u1eddi c\u00f3 th\u1ec3 c\u1ea7n \u0111\u1ebfn c\u00e1c d\u1ecbch v\u1ee5 c\u1ee7a trung t\u00e2m khu v\u1ef1c. <span class=\"footnote_referrer\"><a role=\"button\" tabindex=\"0\" onclick=\"footnote_moveToReference_995_1('footnote_plugin_reference_995_1_2');\" onkeypress=\"footnote_moveToReference_995_1('footnote_plugin_reference_995_1_2');\" ><sup id=\"footnote_plugin_tooltip_995_1_2\" class=\"footnote_plugin_tooltip_text\">[2]<\/sup><\/a><span id=\"footnote_plugin_tooltip_text_995_1_2\" class=\"footnote_tooltip\">M\u1ee5c 4641.<\/span><\/span><script type=\"text\/javascript\"> jQuery('#footnote_plugin_tooltip_995_1_2').tooltip({ tip: '#footnote_plugin_tooltip_text_995_1_2', tipClass: 'footnote_tooltip', effect: 'fade', predelay: 0, fadeInSpeed: 200, delay: 400, fadeOutSpeed: 200, position: 'top center', relative: true, offset: [-7, 0], });<\/script><\/li><li>Th\u1ea9m \u0111\u1ecbnh nh\u1eefng ng\u01b0\u1eddi \u0111\u0103ng k\u00fd nh\u1eadn c\u00e1c d\u1ecbch v\u1ee5 c\u1ee7a trung t\u00e2m khu v\u1ef1c \u0111\u1ec3 x\u00e1c \u0111\u1ecbnh xem h\u1ecd c\u00f3 h\u1ed9i \u0111\u1ee7 \u0111i\u1ec1u ki\u1ec7n kh\u00f4ng. <span class=\"footnote_referrer\"><a role=\"button\" tabindex=\"0\" onclick=\"footnote_moveToReference_995_1('footnote_plugin_reference_995_1_3');\" onkeypress=\"footnote_moveToReference_995_1('footnote_plugin_reference_995_1_3');\" ><sup id=\"footnote_plugin_tooltip_995_1_3\" class=\"footnote_plugin_tooltip_text\">[3]<\/sup><\/a><span id=\"footnote_plugin_tooltip_text_995_1_3\" class=\"footnote_tooltip\">C\u00e1c M\u1ee5c 4642 v\u00e0 4643.<\/span><\/span><script type=\"text\/javascript\"> jQuery('#footnote_plugin_tooltip_995_1_3').tooltip({ tip: '#footnote_plugin_tooltip_text_995_1_3', tipClass: 'footnote_tooltip', effect: 'fade', predelay: 0, fadeInSpeed: 200, delay: 400, fadeOutSpeed: 200, position: 'top center', relative: true, offset: [-7, 0], });<\/script><\/li><li>\u0110i\u1ec1u ph\u1ed1i d\u1ecbch v\u1ee5 cho t\u1ea5t c\u1ea3 kh\u00e1ch h\u00e0ng c\u1ee7a trung t\u00e2m khu v\u1ef1c. <span class=\"footnote_referrer\"><a role=\"button\" tabindex=\"0\" onclick=\"footnote_moveToReference_995_1('footnote_plugin_reference_995_1_4');\" onkeypress=\"footnote_moveToReference_995_1('footnote_plugin_reference_995_1_4');\" ><sup id=\"footnote_plugin_tooltip_995_1_4\" class=\"footnote_plugin_tooltip_text\">[4]<\/sup><\/a><span id=\"footnote_plugin_tooltip_text_995_1_4\" class=\"footnote_tooltip\">C\u00e1c M\u1ee5c 4640.6 v\u00e0 4647.<\/span><\/span><script type=\"text\/javascript\"> jQuery('#footnote_plugin_tooltip_995_1_4').tooltip({ tip: '#footnote_plugin_tooltip_text_995_1_4', tipClass: 'footnote_tooltip', effect: 'fade', predelay: 0, fadeInSpeed: 200, delay: 400, fadeOutSpeed: 200, position: 'top center', relative: true, offset: [-7, 0], });<\/script><\/li><li>Ph\u00e1t tri\u1ec3n K\u1ebf Ho\u1ea1ch Ch\u01b0\u01a1ng Tr\u00ecnh C\u00e1 Nh\u00e2n (Individual Program Plan, IPP) c\u00f3 c\u00e2n nh\u1eafc \u0111\u1ebfn nhu c\u1ea7u v\u00e0 l\u1ef1a ch\u1ecdn c\u1ee7a qu\u00fd v\u1ecb. <span class=\"footnote_referrer\"><a role=\"button\" tabindex=\"0\" onclick=\"footnote_moveToReference_995_1('footnote_plugin_reference_995_1_5');\" onkeypress=\"footnote_moveToReference_995_1('footnote_plugin_reference_995_1_5');\" ><sup id=\"footnote_plugin_tooltip_995_1_5\" class=\"footnote_plugin_tooltip_text\">[5]<\/sup><\/a><span id=\"footnote_plugin_tooltip_text_995_1_5\" class=\"footnote_tooltip\">C\u00e1c M\u1ee5c 4646 v\u00e0 4646.5.<\/span><\/span><script type=\"text\/javascript\"> jQuery('#footnote_plugin_tooltip_995_1_5').tooltip({ tip: '#footnote_plugin_tooltip_text_995_1_5', tipClass: 'footnote_tooltip', effect: 'fade', predelay: 0, fadeInSpeed: 200, delay: 400, fadeOutSpeed: 200, position: 'top center', relative: true, offset: [-7, 0], });<\/script><\/li><li>\u0110\u1ea3m b\u1ea3o qu\u00fd v\u1ecb nh\u1eadn \u0111\u01b0\u1ee3c t\u1ea5t c\u1ea3 c\u00e1c d\u1ecbch v\u1ee5 v\u00e0 s\u1ef1 h\u1ed7 tr\u1ee3 \u0111\u01b0\u1ee3c li\u1ec7t k\u00ea trong IPP. <span class=\"footnote_referrer\"><a role=\"button\" tabindex=\"0\" onclick=\"footnote_moveToReference_995_1('footnote_plugin_reference_995_1_6');\" onkeypress=\"footnote_moveToReference_995_1('footnote_plugin_reference_995_1_6');\" ><sup id=\"footnote_plugin_tooltip_995_1_6\" class=\"footnote_plugin_tooltip_text\">[6]<\/sup><\/a><span id=\"footnote_plugin_tooltip_text_995_1_6\" class=\"footnote_tooltip\">C\u00e1c M\u1ee5c 4648 v\u00e0 4651 c\u00f9ng c\u00e1c m\u1ee5c kh\u00e1c trong \u0110\u1ea1o Lu\u1eadt Lanterman.<\/span><\/span><script type=\"text\/javascript\"> jQuery('#footnote_plugin_tooltip_995_1_6').tooltip({ tip: '#footnote_plugin_tooltip_text_995_1_6', tipClass: 'footnote_tooltip', effect: 'fade', predelay: 0, fadeInSpeed: 200, delay: 400, fadeOutSpeed: 200, position: 'top center', relative: true, offset: [-7, 0], });<\/script><\/li><li>Ph\u00e1t tri\u1ec3n c\u00e1c d\u1ecbch v\u1ee5 v\u00e0 s\u1ef1 h\u1ed7 tr\u1ee3 m\u1edbi<\/li><li>Ki\u1ec3m tra ch\u1ea5t l\u01b0\u1ee3ng c\u1ee7a c\u00e1c d\u1ecbch v\u1ee5 v\u00e0 s\u1ef1 h\u1ed7 tr\u1ee3 \u0111\u01b0\u1ee3c cung c\u1ea5p. <span class=\"footnote_referrer\"><a role=\"button\" tabindex=\"0\" onclick=\"footnote_moveToReference_995_1('footnote_plugin_reference_995_1_7');\" onkeypress=\"footnote_moveToReference_995_1('footnote_plugin_reference_995_1_7');\" ><sup id=\"footnote_plugin_tooltip_995_1_7\" class=\"footnote_plugin_tooltip_text\">[7]<\/sup><\/a><span id=\"footnote_plugin_tooltip_text_995_1_7\" class=\"footnote_tooltip\">C\u00e1c M\u1ee5c 4648 v\u00e0 4651 c\u00f9ng c\u00e1c m\u1ee5c kh\u00e1c trong \u0110\u1ea1o Lu\u1eadt Lanterman.<\/span><\/span><script type=\"text\/javascript\"> jQuery('#footnote_plugin_tooltip_995_1_7').tooltip({ tip: '#footnote_plugin_tooltip_text_995_1_7', tipClass: 'footnote_tooltip', effect: 'fade', predelay: 0, fadeInSpeed: 200, delay: 400, fadeOutSpeed: 200, position: 'top center', relative: true, offset: [-7, 0], });<\/script><\/li><li>Gi\u00fap nh\u1eefng kh\u00e1ch h\u00e0ng \u0111ang tham gia Ch\u01b0\u01a1ng Tr\u00ecnh T\u1ef1 X\u00e1c \u0110\u1ecbnh. <span class=\"footnote_referrer\"><a role=\"button\" tabindex=\"0\" onclick=\"footnote_moveToReference_995_1('footnote_plugin_reference_995_1_8');\" onkeypress=\"footnote_moveToReference_995_1('footnote_plugin_reference_995_1_8');\" ><sup id=\"footnote_plugin_tooltip_995_1_8\" class=\"footnote_plugin_tooltip_text\">[8]<\/sup><\/a><span id=\"footnote_plugin_tooltip_text_995_1_8\" class=\"footnote_tooltip\">M\u1ee5c 4685.8.<\/span><\/span><script type=\"text\/javascript\"> jQuery('#footnote_plugin_tooltip_995_1_8').tooltip({ tip: '#footnote_plugin_tooltip_text_995_1_8', tipClass: 'footnote_tooltip', effect: 'fade', predelay: 0, fadeInSpeed: 200, delay: 400, fadeOutSpeed: 200, position: 'top center', relative: true, offset: [-7, 0], });<\/script><\/li><\/ul>\n\n\n\n<p><\/p>\n<div class=\"speaker-mute footnotes_reference_container\"> <div class=\"footnote_container_prepare\"><p><span role=\"button\" tabindex=\"0\" class=\"footnote_reference_container_label pointer\" onclick=\"footnote_expand_collapse_reference_container_995_1();\">&#x202F;<\/span><span role=\"button\" tabindex=\"0\" class=\"footnote_reference_container_collapse_button\" style=\"display: none;\" onclick=\"footnote_expand_collapse_reference_container_995_1();\">[<a id=\"footnote_reference_container_collapse_button_995_1\">+<\/a>]<\/span><\/p><\/div> <div id=\"footnote_references_container_995_1\" style=\"\"><table class=\"footnotes_table footnote-reference-container\"><caption class=\"accessibility\">References<\/caption> <tbody> \r\n\r\n<tr class=\"footnotes_plugin_reference_row\"> <th scope=\"row\" class=\"footnote_plugin_index_combi pointer\"  onclick=\"footnote_moveToAnchor_995_1('footnote_plugin_tooltip_995_1_1');\"><a id=\"footnote_plugin_reference_995_1_1\" class=\"footnote_backlink\"><span class=\"footnote_index_arrow\">&#8593;<\/span>1<\/a><\/th> <td class=\"footnote_plugin_text\">Trung t\u00e2m khu v\u1ef1c cung c\u1ea5p c\u00e1c d\u1ecbch v\u1ee5 can thi\u1ec7p s\u1edbm cho tr\u1ebb s\u01a1 sinh v\u00e0 tr\u1ebb m\u1edbi bi\u1ebft \u0111i b\u1ecb khuy\u1ebft t\u1eadt (t\u1eeb khi sinh cho \u0111\u1ebfn 3 tu\u1ed5i) theo \u201cPh\u1ea7n C\u201d c\u1ee7a \u0110\u1ea1o Lu\u1eadt Gi\u00e1o D\u1ee5c Ng\u01b0\u1eddi Khuy\u1ebft T\u1eadt (Individuals with Disabilities Education Act, IDEA) c\u1ee7a li\u00ean bang v\u00e0 \u0110\u1ea1o Lu\u1eadt V\u1ec1 D\u1ecbch V\u1ee5 Can Thi\u1ec7p S\u1edbm California b\u1eaft \u0111\u1ea7u t\u1ea1i m\u1ee5c 95000, B\u1ed9 Lu\u1eadt Ch\u00ednh Quy\u1ec1n California. C\u1ea9m nang n\u00e0y kh\u00f4ng \u0111\u1ec1 c\u1eadp \u0111\u1ebfn c\u00e1c d\u1ecbch v\u1ee5 can thi\u1ec7p s\u1edbm. \u0110\u1ec3 bi\u1ebft th\u00f4ng tin v\u1ec1 c\u00e1c d\u1ecbch v\u1ee5 n\u00e0y, h\u00e3y xem&nbsp;<a href=\"https:\/\/serr.disabilityrightsca.org\/serr-manual\/chapter-12-information-on-early-intervention-services\/\">Ch\u01b0\u01a1ng 12, Quy\u1ec1n v\u00e0 Tr\u00e1ch Nhi\u1ec7m v\u1ec1 Gi\u00e1o D\u1ee5c \u0110\u1eb7c Bi\u1ec7t<\/a>, m\u1ed9t \u1ea5n ph\u1ea9m kh\u00e1c c\u1ee7a Disability Rights California.<\/td><\/tr>\r\n\r\n<tr class=\"footnotes_plugin_reference_row\"> <th scope=\"row\" class=\"footnote_plugin_index_combi pointer\"  onclick=\"footnote_moveToAnchor_995_1('footnote_plugin_tooltip_995_1_2');\"><a id=\"footnote_plugin_reference_995_1_2\" class=\"footnote_backlink\"><span class=\"footnote_index_arrow\">&#8593;<\/span>2<\/a><\/th> <td class=\"footnote_plugin_text\">M\u1ee5c 4641.<\/td><\/tr>\r\n\r\n<tr class=\"footnotes_plugin_reference_row\"> <th scope=\"row\" class=\"footnote_plugin_index_combi pointer\"  onclick=\"footnote_moveToAnchor_995_1('footnote_plugin_tooltip_995_1_3');\"><a id=\"footnote_plugin_reference_995_1_3\" class=\"footnote_backlink\"><span class=\"footnote_index_arrow\">&#8593;<\/span>3<\/a><\/th> <td class=\"footnote_plugin_text\">C\u00e1c M\u1ee5c 4642 v\u00e0 4643.<\/td><\/tr>\r\n\r\n<tr class=\"footnotes_plugin_reference_row\"> <th scope=\"row\" class=\"footnote_plugin_index_combi pointer\"  onclick=\"footnote_moveToAnchor_995_1('footnote_plugin_tooltip_995_1_4');\"><a id=\"footnote_plugin_reference_995_1_4\" class=\"footnote_backlink\"><span class=\"footnote_index_arrow\">&#8593;<\/span>4<\/a><\/th> <td class=\"footnote_plugin_text\">C\u00e1c M\u1ee5c 4640.6 v\u00e0 4647.<\/td><\/tr>\r\n\r\n<tr class=\"footnotes_plugin_reference_row\"> <th scope=\"row\" class=\"footnote_plugin_index_combi pointer\"  onclick=\"footnote_moveToAnchor_995_1('footnote_plugin_tooltip_995_1_5');\"><a id=\"footnote_plugin_reference_995_1_5\" class=\"footnote_backlink\"><span class=\"footnote_index_arrow\">&#8593;<\/span>5<\/a><\/th> <td class=\"footnote_plugin_text\">C\u00e1c M\u1ee5c 4646 v\u00e0 4646.5.<\/td><\/tr>\r\n\r\n<tr class=\"footnotes_plugin_reference_row\"> <th scope=\"row\" class=\"footnote_plugin_index_combi\" ><a id=\"footnote_plugin_reference_995_1_6\" class=\"footnote_backlink\" onclick=\"footnote_moveToAnchor_995_1('footnote_plugin_tooltip_995_1_6');\"><span class=\"footnote_index_arrow\">&#8593;<\/span>6,<\/a> <a id=\"footnote_plugin_reference_995_1_7\" class=\"footnote_backlink\" onclick=\"footnote_moveToAnchor_995_1('footnote_plugin_tooltip_995_1_7');\"><span class=\"footnote_index_arrow\">&#8593;<\/span>7<\/a><\/th> <td class=\"footnote_plugin_text\">C\u00e1c M\u1ee5c 4648 v\u00e0 4651 c\u00f9ng c\u00e1c m\u1ee5c kh\u00e1c trong \u0110\u1ea1o Lu\u1eadt Lanterman.<\/td><\/tr>\r\n\r\n<tr class=\"footnotes_plugin_reference_row\"> <th scope=\"row\" class=\"footnote_plugin_index_combi pointer\"  onclick=\"footnote_moveToAnchor_995_1('footnote_plugin_tooltip_995_1_8');\"><a id=\"footnote_plugin_reference_995_1_8\" class=\"footnote_backlink\"><span class=\"footnote_index_arrow\">&#8593;<\/span>8<\/a><\/th> <td class=\"footnote_plugin_text\">M\u1ee5c 4685.8.<\/td><\/tr>\r\n\r\n <\/tbody> <\/table> <\/div><\/div><script type=\"text\/javascript\"> function footnote_expand_reference_container_995_1() { jQuery('#footnote_references_container_995_1').show(); jQuery('#footnote_reference_container_collapse_button_995_1').text('\u2212'); } function footnote_collapse_reference_container_995_1() { jQuery('#footnote_references_container_995_1').hide(); jQuery('#footnote_reference_container_collapse_button_995_1').text('+'); } function footnote_expand_collapse_reference_container_995_1() { if (jQuery('#footnote_references_container_995_1').is(':hidden')) { footnote_expand_reference_container_995_1(); } else { footnote_collapse_reference_container_995_1(); } } function footnote_moveToReference_995_1(p_str_TargetID) { footnote_expand_reference_container_995_1(); var l_obj_Target = jQuery('#' + p_str_TargetID); if (l_obj_Target.length) { jQuery( 'html, body' ).delay( 0 ); jQuery('html, body').animate({ scrollTop: l_obj_Target.offset().top - window.innerHeight * 0.2 }, 380); } } function footnote_moveToAnchor_995_1(p_str_TargetID) { footnote_expand_reference_container_995_1(); var l_obj_Target = jQuery('#' + p_str_TargetID); if (l_obj_Target.length) { jQuery( 'html, body' ).delay( 0 ); jQuery('html, body').animate({ scrollTop: l_obj_Target.offset().top - window.innerHeight * 0.2 }, 380); } }<\/script>","protected":false},"excerpt":{"rendered":"<p>Trung t\u00e2m khu v\u1ef1c cung c\u1ea5p c\u00e1c d\u1ecbch v\u1ee5 cho nh\u1eefng ng\u01b0\u1eddi b\u1ecb khuy\u1ebft t\u1eadt v\u1ec1 ph\u00e1t tri\u1ec3n. Nh\u1eefng trung t\u00e2m n\u00e0y c\u0169ng mang t\u1edbi&hellip;<\/p>\n","protected":false},"author":1,"featured_media":0,"parent":312,"menu_order":1,"comment_status":"closed","ping_status":"closed","template":"","meta":{"footnotes":""},"class_list":["post-995","page","type-page","status-publish","hentry"],"_links":{"self":[{"href":"https:\/\/rula.disabilityrightsca.org\/vi\/wp-json\/wp\/v2\/pages\/995","targetHints":{"allow":["GET"]}}],"collection":[{"href":"https:\/\/rula.disabilityrightsca.org\/vi\/wp-json\/wp\/v2\/pages"}],"about":[{"href":"https:\/\/rula.disabilityrightsca.org\/vi\/wp-json\/wp\/v2\/types\/page"}],"author":[{"embeddable":true,"href":"https:\/\/rula.disabilityrightsca.org\/vi\/wp-json\/wp\/v2\/users\/1"}],"replies":[{"embeddable":true,"href":"https:\/\/rula.disabilityrightsca.org\/vi\/wp-json\/wp\/v2\/comments?post=995"}],"version-history":[{"count":7,"href":"https:\/\/rula.disabilityrightsca.org\/vi\/wp-json\/wp\/v2\/pages\/995\/revisions"}],"predecessor-version":[{"id":2868,"href":"https:\/\/rula.disabilityrightsca.org\/vi\/wp-json\/wp\/v2\/pages\/995\/revisions\/2868"}],"up":[{"embeddable":true,"href":"https:\/\/rula.disabilityrightsca.org\/vi\/wp-json\/wp\/v2\/pages\/312"}],"wp:attachment":[{"href":"https:\/\/rula.disabilityrightsca.org\/vi\/wp-json\/wp\/v2\/media?parent=995"}],"curies":[{"name":"wp","href":"https:\/\/api.w.org\/{rel}","templated":true}]}}