{"id":968,"date":"2021-05-05T21:30:07","date_gmt":"2021-05-05T21:30:07","guid":{"rendered":"http:\/\/www.rula.disabilityrightsca.org\/vi\/?page_id=968"},"modified":"2024-01-11T22:03:35","modified_gmt":"2024-01-11T22:03:35","slug":"is-there-a-deadline-to-appeal","status":"publish","type":"page","link":"https:\/\/rula.disabilityrightsca.org\/vi\/rula-book\/chapter-2-eligibility-for-regional-center-services\/is-there-a-deadline-to-appeal\/","title":{"rendered":"(2.28) Kh\u00e1ng c\u00e1o c\u00f3 th\u1eddi h\u1ea1n kh\u00f4ng?"},"content":{"rendered":"\n<p>C\u00f3. Vi\u1ec7c kh\u00e1ng c\u00e1o quy\u1ebft \u0111\u1ecbnh c\u00f3 th\u1eddi h\u1ea1n nghi\u00eam ng\u1eb7t. N\u1ebfu qu\u00fd v\u1ecb \u0111\u0103ng k\u00fd l\u1ea7n \u0111\u1ea7u ti\u00ean, th\u1eddi h\u1ea1n l\u00e0 60 ng\u00e0y k\u1ec3 t\u1eeb khi trung t\u00e2m khu v\u1ef1c b\u00e1o cho qu\u00fd v\u1ecb b\u1eb1ng v\u0103n b\u1ea3n r\u1eb1ng qu\u00fd v\u1ecb kh\u00f4ng h\u1ed9i \u0111\u1ee7 \u0111i\u1ec1u ki\u1ec7n. N\u1ebfu b\u1ecf l\u1ee1 th\u1eddi h\u1ea1n n\u00e0y, qu\u00fd v\u1ecb s\u1ebd \u0111\u00e1nh m\u1ea5t c\u01a1 h\u1ed9i kh\u00e1ng c\u00e1o.\u00a0<em>(Xem\u00a0<\/em><a href=\"https:\/\/rula.disabilityrightsca.org\/vi\/rula-book\/chapter-10-appeals-and-complaints-disagreements-with-regional-centers-developmental-centers-or-service-providers\/\"><em>Ch\u01b0\u01a1ng 10<\/em><\/a><em>).<\/em> T\u1ed1t nh\u1ea5t qu\u00fd v\u1ecb n\u00ean t\u00ednh 60 ng\u00e0y k\u1ec3 t\u1eeb ng\u00e0y\u00a0<strong>tr\u00ean<\/strong>\u00a0th\u01b0 th\u00f4ng b\u00e1o qu\u00fd v\u1ecb kh\u00f4ng h\u1ed9i \u0111\u1ee7 \u0111i\u1ec1u ki\u1ec7n &#8211; kh\u00f4ng ph\u1ea3i ng\u00e0y th\u1ef1c t\u1ebf qu\u00fd v\u1ecb\u00a0<em>nh\u1eadn<\/em>\u00a0th\u01b0.<\/p>\n","protected":false},"excerpt":{"rendered":"<p>C\u00f3. Vi\u1ec7c kh\u00e1ng c\u00e1o quy\u1ebft \u0111\u1ecbnh c\u00f3 th\u1eddi h\u1ea1n nghi\u00eam ng\u1eb7t. N\u1ebfu qu\u00fd v\u1ecb \u0111\u0103ng k\u00fd l\u1ea7n \u0111\u1ea7u ti\u00ean, th\u1eddi h\u1ea1n l\u00e0 60 ng\u00e0y k\u1ec3&hellip;<\/p>\n","protected":false},"author":1,"featured_media":0,"parent":37,"menu_order":28,"comment_status":"closed","ping_status":"closed","template":"","meta":{"footnotes":""},"class_list":["post-968","page","type-page","status-publish","hentry"],"_links":{"self":[{"href":"https:\/\/rula.disabilityrightsca.org\/vi\/wp-json\/wp\/v2\/pages\/968","targetHints":{"allow":["GET"]}}],"collection":[{"href":"https:\/\/rula.disabilityrightsca.org\/vi\/wp-json\/wp\/v2\/pages"}],"about":[{"href":"https:\/\/rula.disabilityrightsca.org\/vi\/wp-json\/wp\/v2\/types\/page"}],"author":[{"embeddable":true,"href":"https:\/\/rula.disabilityrightsca.org\/vi\/wp-json\/wp\/v2\/users\/1"}],"replies":[{"embeddable":true,"href":"https:\/\/rula.disabilityrightsca.org\/vi\/wp-json\/wp\/v2\/comments?post=968"}],"version-history":[{"count":9,"href":"https:\/\/rula.disabilityrightsca.org\/vi\/wp-json\/wp\/v2\/pages\/968\/revisions"}],"predecessor-version":[{"id":3831,"href":"https:\/\/rula.disabilityrightsca.org\/vi\/wp-json\/wp\/v2\/pages\/968\/revisions\/3831"}],"up":[{"embeddable":true,"href":"https:\/\/rula.disabilityrightsca.org\/vi\/wp-json\/wp\/v2\/pages\/37"}],"wp:attachment":[{"href":"https:\/\/rula.disabilityrightsca.org\/vi\/wp-json\/wp\/v2\/media?parent=968"}],"curies":[{"name":"wp","href":"https:\/\/api.w.org\/{rel}","templated":true}]}}