{"id":966,"date":"2021-05-05T21:28:45","date_gmt":"2021-05-05T21:28:45","guid":{"rendered":"http:\/\/www.rula.disabilityrightsca.org\/vi\/?page_id=966"},"modified":"2022-04-19T16:48:49","modified_gmt":"2022-04-19T16:48:49","slug":"what-can-i-do-if-the-regional-center-says-i-am-not-eligible","status":"publish","type":"page","link":"https:\/\/rula.disabilityrightsca.org\/vi\/rula-book\/chapter-2-eligibility-for-regional-center-services\/what-can-i-do-if-the-regional-center-says-i-am-not-eligible\/","title":{"rendered":"(2.27) T\u00f4i c\u00f3 th\u1ec3 l\u00e0m g\u00ec n\u1ebfu trung t\u00e2m khu v\u1ef1c th\u00f4ng b\u00e1o t\u00f4i kh\u00f4ng h\u1ed9i \u0111\u1ee7 \u0111i\u1ec1u ki\u1ec7n?"},"content":{"rendered":"\n<p>Qu\u00fd v\u1ecb c\u00f3 th\u1ec3 \u201ckh\u00e1ng c\u00e1o\u201d quy\u1ebft \u0111\u1ecbnh c\u1ee7a trung t\u00e2m khu v\u1ef1c. Kh\u00e1ng c\u00e1o l\u00e0 khi qu\u00fd v\u1ecb y\u00eau c\u1ea7u th\u1ea9m ph\u00e1n lu\u1eadt h\u00e0nh ch\u00ednh x\u00e1c \u0111\u1ecbnh xem qu\u00fd v\u1ecb c\u00f3 h\u1ed9i \u0111\u1ee7 \u0111i\u1ec1u ki\u1ec7n kh\u00f4ng.<\/p>\n\n\n\n<p>Vi\u1ec7c kh\u00e1ng c\u00e1o kh\u00e1 ph\u1ee9c t\u1ea1p. Qu\u00fd v\u1ecb ph\u1ea3i tr\u00ecnh b\u00e0y th\u00f4ng tin chi ti\u1ebft v\u1ec1 khuy\u1ebft t\u1eadt c\u1ee7a b\u1ea3n th\u00e2n. Qu\u00fd v\u1ecb ph\u1ea3i hi\u1ec3u r\u00f5 c\u00e1c lu\u1eadt \u00e1p d\u1ee5ng cho tr\u01b0\u1eddng h\u1ee3p c\u1ee7a qu\u00fd v\u1ecb v\u00e0 th\u1eddi h\u1ea1n.<\/p>\n\n\n\n<p>Ch\u00fang t\u00f4i khuy\u00ean qu\u00fd v\u1ecb:<\/p>\n\n\n\n<ul class=\"wp-block-list\"><li><strong>Li\u00ean h\u1ec7 v\u1edbi Disability Rights California.&nbsp;<\/strong>Ch\u00fang t\u00f4i s\u1ebd kh\u00f4ng th\u1ec3 l\u00e0m lu\u1eadt s\u01b0 c\u1ee7a qu\u00fd v\u1ecb nh\u01b0ng c\u00f3 th\u1ec3 tr\u1ee3 gi\u00fap qu\u00fd v\u1ecb kh\u00e1ng c\u00e1o. Ch\u00fang t\u00f4i c\u00f3 th\u1ec3 gi\u1ea3i th\u00edch v\u1ec1 nh\u1eefng \u0111i\u1ec1u qu\u00fd v\u1ecb c\u1ea7n l\u00e0m v\u00e0 \u0111\u1ec1 xu\u1ea5t c\u00e1ch t\u1ed1t nh\u1ea5t \u0111\u1ec3 tr\u00ecnh b\u00e0y v\u1ee5 vi\u1ec7c c\u1ee7a qu\u00fd v\u1ecb.<\/li><li><strong>Nh\u1eadn&nbsp;<em>th\u1ea9m \u0111\u1ecbnh \u0111\u1ed9c l\u1eadp<\/em><\/strong>&nbsp;t\u1eeb m\u1ed9t nh\u00e0 t\u00e2m l\u00fd h\u1ecdc ho\u1eb7c b\u00e1c s\u0129 t\u00e2m th\u1ea7n \u0111\u1ee7 tr\u00ecnh \u0111\u1ed9.<\/li><li><strong>Nh\u1eadn&nbsp;<em>th\u1ea9m \u0111\u1ecbnh t\u00e2m l\u00fd h\u1ecdc th\u1ea7n kinh<\/em><\/strong>&nbsp;n\u1ebfu qu\u00fd v\u1ecb ngh\u0129 r\u1eb1ng qu\u00fd v\u1ecb b\u1ecb khuy\u1ebft t\u1eadt tr\u00ed tu\u1ec7 ho\u1eb7c g\u1eb7p m\u1ed9t t\u00ecnh tr\u1ea1ng li\u00ean quan ch\u1eb7t ch\u1ebd ho\u1eb7c y\u00eau c\u1ea7u \u0111i\u1ec1u tr\u1ecb t\u01b0\u01a1ng t\u1ef1. Th\u1ea9m \u0111\u1ecbnh t\u00e2m l\u00fd h\u1ecdc th\u1ea7n kinh kh\u00e1c v\u1edbi th\u1ea9m \u0111\u1ecbnh t\u00e2m l\u00fd. Th\u1ea9m \u0111\u1ecbnh n\u00e0y s\u1eed d\u1ee5ng nhi\u1ec1u ki\u1ec3m tra h\u01a1n. Nh\u1eefng ki\u1ec3m tra n\u00e0y cung c\u1ea5p nhi\u1ec1u th\u00f4ng tin h\u01a1n v\u1ec1 vi\u1ec7c n\u00e3o c\u1ee7a qu\u00fd v\u1ecb ho\u1ea1t \u0111\u1ed9ng nh\u01b0 th\u1ebf n\u00e0o c\u00f9ng v\u1edbi c\u00e1ch qu\u00fd v\u1ecb t\u01b0 duy v\u00e0 x\u1eed l\u00fd th\u00f4ng tin.<\/li><li><strong>Sao ch\u00e9p<\/strong>&nbsp;h\u1ecdc b\u1ea1, ki\u1ec3m tra t\u00e2m l\u00fd v\u00e0 c\u00e1c t\u00e0i li\u1ec7u kh\u00e1c mi\u00eau t\u1ea3 ch\u00ednh x\u00e1c c\u00e1c kh\u1ea3 n\u0103ng v\u00e0 khuy\u1ebft t\u1eadt c\u1ee7a qu\u00fd v\u1ecb.<\/li><\/ul>\n\n\n\n<p>K\u1ec3 c\u1ea3 khi qu\u00fd v\u1ecb \u0111\u00e3 cung c\u1ea5p th\u00f4ng tin n\u00e0y cho trung t\u00e2m khu v\u1ef1c, qu\u00fd v\u1ecb ph\u1ea3i sao ch\u00e9p m\u1ed9t b\u1ed9 kh\u00e1c \u0111\u1ec3 g\u1eedi th\u1ea9m ph\u00e1n lu\u1eadt h\u00e0nh ch\u00ednh.<\/p>\n","protected":false},"excerpt":{"rendered":"<p>Qu\u00fd v\u1ecb c\u00f3 th\u1ec3 \u201ckh\u00e1ng c\u00e1o\u201d quy\u1ebft \u0111\u1ecbnh c\u1ee7a trung t\u00e2m khu v\u1ef1c. Kh\u00e1ng c\u00e1o l\u00e0 khi qu\u00fd v\u1ecb y\u00eau c\u1ea7u th\u1ea9m ph\u00e1n lu\u1eadt h\u00e0nh&hellip;<\/p>\n","protected":false},"author":1,"featured_media":0,"parent":37,"menu_order":27,"comment_status":"closed","ping_status":"closed","template":"","meta":{"footnotes":""},"class_list":["post-966","page","type-page","status-publish","hentry"],"_links":{"self":[{"href":"https:\/\/rula.disabilityrightsca.org\/vi\/wp-json\/wp\/v2\/pages\/966","targetHints":{"allow":["GET"]}}],"collection":[{"href":"https:\/\/rula.disabilityrightsca.org\/vi\/wp-json\/wp\/v2\/pages"}],"about":[{"href":"https:\/\/rula.disabilityrightsca.org\/vi\/wp-json\/wp\/v2\/types\/page"}],"author":[{"embeddable":true,"href":"https:\/\/rula.disabilityrightsca.org\/vi\/wp-json\/wp\/v2\/users\/1"}],"replies":[{"embeddable":true,"href":"https:\/\/rula.disabilityrightsca.org\/vi\/wp-json\/wp\/v2\/comments?post=966"}],"version-history":[{"count":3,"href":"https:\/\/rula.disabilityrightsca.org\/vi\/wp-json\/wp\/v2\/pages\/966\/revisions"}],"predecessor-version":[{"id":2801,"href":"https:\/\/rula.disabilityrightsca.org\/vi\/wp-json\/wp\/v2\/pages\/966\/revisions\/2801"}],"up":[{"embeddable":true,"href":"https:\/\/rula.disabilityrightsca.org\/vi\/wp-json\/wp\/v2\/pages\/37"}],"wp:attachment":[{"href":"https:\/\/rula.disabilityrightsca.org\/vi\/wp-json\/wp\/v2\/media?parent=966"}],"curies":[{"name":"wp","href":"https:\/\/api.w.org\/{rel}","templated":true}]}}