{"id":964,"date":"2021-05-05T21:26:58","date_gmt":"2021-05-05T21:26:58","guid":{"rendered":"http:\/\/www.rula.disabilityrightsca.org\/vi\/?page_id=964"},"modified":"2024-02-08T18:18:46","modified_gmt":"2024-02-08T18:18:46","slug":"what-does-the-regional-center-do-during-this-60120-days","status":"publish","type":"page","link":"https:\/\/rula.disabilityrightsca.org\/vi\/rula-book\/chapter-2-eligibility-for-regional-center-services\/what-does-the-regional-center-do-during-this-60120-days\/","title":{"rendered":"(2.26)  Trung t\u00e2m khu v\u1ef1c l\u00e0m g\u00ec trong 60 \u2013 120 ng\u00e0y n\u00e0y?"},"content":{"rendered":"\n<p>Trung t\u00e2m khu v\u1ef1c c\u00f3 th\u1ec3 th\u1ef1c hi\u1ec7n c\u00e1c \u0111\u00e1nh gi\u00e1 ri\u00eang, xem x\u00e9t c\u00e1c \u0111\u00e1nh gi\u00e1 t\u1eeb nh\u1eefng n\u01a1i kh\u00e1c v\u00e0 ph\u1ecfng v\u1ea5n qu\u00fd v\u1ecb c\u00f9ng nh\u1eefng ng\u01b0\u1eddi quen kh\u00e1c c\u1ee7a qu\u00fd v\u1ecb. Sau \u0111\u00f3, trung t\u00e2m khu v\u1ef1c s\u1ebd vi\u1ebft b\u00e1o c\u00e1o. H\u1ecd s\u1ebd cung c\u1ea5p cho qu\u00fd v\u1ecb m\u1ed9t b\u1ee9c th\u01b0 th\u00f4ng b\u00e1o qu\u00fd v\u1ecb c\u00f3 h\u1ed9i \u0111\u1ee7 \u0111i\u1ec1u ki\u1ec7n hay kh\u00f4ng. N\u1ebfu qu\u00fd v\u1ecb h\u1ed9i \u0111\u1ee7 \u0111i\u1ec1u ki\u1ec7n, h\u00e3y y\u00eau c\u1ea7u trung t\u00e2m khu v\u1ef1c \u0111\u1eb7t l\u1ecbch h\u1eb9n cho cu\u1ed9c h\u1ecdp K\u1ebf Ho\u1ea1ch Ch\u01b0\u01a1ng Tr\u00ecnh C\u00e1 Nh\u00e2n (IPP) \u0111\u1ea7u ti\u00ean c\u1ee7a qu\u00fd v\u1ecb. IPP \u0111\u1ea7u ti\u00ean c\u1ee7a qu\u00fd v\u1ecb ph\u1ea3i \u0111\u01b0\u1ee3c ho\u00e0n th\u00e0nh trong 60 ng\u00e0y k\u1ec3 t\u1eeb khi k\u1ebft th\u00fac \u0111\u00e1nh gi\u00e1. <span class=\"footnote_referrer\"><a role=\"button\" tabindex=\"0\" onclick=\"footnote_moveToReference_964_1('footnote_plugin_reference_964_1_1');\" onkeypress=\"footnote_moveToReference_964_1('footnote_plugin_reference_964_1_1');\" ><sup id=\"footnote_plugin_tooltip_964_1_1\" class=\"footnote_plugin_tooltip_text\">[1]<\/sup><\/a><span id=\"footnote_plugin_tooltip_text_964_1_1\" class=\"footnote_tooltip\">M\u1ee5c 4646(c).<\/span><\/span><script type=\"text\/javascript\"> jQuery('#footnote_plugin_tooltip_964_1_1').tooltip({ tip: '#footnote_plugin_tooltip_text_964_1_1', tipClass: 'footnote_tooltip', effect: 'fade', predelay: 0, fadeInSpeed: 200, delay: 400, fadeOutSpeed: 200, position: 'top center', relative: true, offset: [-7, 0], });<\/script> <em>(Xem&nbsp;<\/em><a href=\"https:\/\/rula.disabilityrightsca.org\/vi\/rula-book\/chapter-4-individual-program-plans\/\"><em>Ch\u01b0\u01a1ng 4<\/em><\/a><em>).<\/em><\/p>\n\n\n\n<p>N\u1ebfu qu\u00fd v\u1ecb\u00a0<strong>kh\u00f4ng<\/strong>\u00a0h\u1ed9i \u0111\u1ee7 \u0111i\u1ec1u ki\u1ec7n, qu\u00fd v\u1ecb c\u00f3 th\u1ec3 kh\u00e1ng c\u00e1o.\u00a0<em>(Xem\u00a0<\/em><a href=\"https:\/\/rula.disabilityrightsca.org\/rula-book\/chapter-2-eligibility-for-regional-center-services\/what-can-i-do-if-the-regional-center-says-i-am-not-eligible\/\"><em>2.27<\/em><\/a><em>\u00a0v\u00e0 <a href=\"https:\/\/rula.disabilityrightsca.org\/vi\/rula-book\/chapter-10-appeals-and-complaints-disagreements-with-regional-centers-developmental-centers-or-service-providers\/\">Ch\u01b0\u01a1ng 10<\/a>).<\/em><\/p>\n<div class=\"speaker-mute footnotes_reference_container\"> <div class=\"footnote_container_prepare\"><p><span role=\"button\" tabindex=\"0\" class=\"footnote_reference_container_label pointer\" onclick=\"footnote_expand_collapse_reference_container_964_1();\">&#x202F;<\/span><span role=\"button\" tabindex=\"0\" class=\"footnote_reference_container_collapse_button\" style=\"display: none;\" onclick=\"footnote_expand_collapse_reference_container_964_1();\">[<a id=\"footnote_reference_container_collapse_button_964_1\">+<\/a>]<\/span><\/p><\/div> <div id=\"footnote_references_container_964_1\" style=\"\"><table class=\"footnotes_table footnote-reference-container\"><caption class=\"accessibility\">References<\/caption> <tbody> \r\n\r\n<tr class=\"footnotes_plugin_reference_row\"> <th scope=\"row\" class=\"footnote_plugin_index_combi pointer\"  onclick=\"footnote_moveToAnchor_964_1('footnote_plugin_tooltip_964_1_1');\"><a id=\"footnote_plugin_reference_964_1_1\" class=\"footnote_backlink\"><span class=\"footnote_index_arrow\">&#8593;<\/span>1<\/a><\/th> <td class=\"footnote_plugin_text\">M\u1ee5c 4646(c).<\/td><\/tr>\r\n\r\n <\/tbody> <\/table> <\/div><\/div><script type=\"text\/javascript\"> function footnote_expand_reference_container_964_1() { jQuery('#footnote_references_container_964_1').show(); jQuery('#footnote_reference_container_collapse_button_964_1').text('\u2212'); } function footnote_collapse_reference_container_964_1() { jQuery('#footnote_references_container_964_1').hide(); jQuery('#footnote_reference_container_collapse_button_964_1').text('+'); } function footnote_expand_collapse_reference_container_964_1() { if (jQuery('#footnote_references_container_964_1').is(':hidden')) { footnote_expand_reference_container_964_1(); } else { footnote_collapse_reference_container_964_1(); } } function footnote_moveToReference_964_1(p_str_TargetID) { footnote_expand_reference_container_964_1(); var l_obj_Target = jQuery('#' + p_str_TargetID); if (l_obj_Target.length) { jQuery( 'html, body' ).delay( 0 ); jQuery('html, body').animate({ scrollTop: l_obj_Target.offset().top - window.innerHeight * 0.2 }, 380); } } function footnote_moveToAnchor_964_1(p_str_TargetID) { footnote_expand_reference_container_964_1(); var l_obj_Target = jQuery('#' + p_str_TargetID); if (l_obj_Target.length) { jQuery( 'html, body' ).delay( 0 ); jQuery('html, body').animate({ scrollTop: l_obj_Target.offset().top - window.innerHeight * 0.2 }, 380); } }<\/script>","protected":false},"excerpt":{"rendered":"<p>Trung t\u00e2m khu v\u1ef1c c\u00f3 th\u1ec3 th\u1ef1c hi\u1ec7n c\u00e1c \u0111\u00e1nh gi\u00e1 ri\u00eang, xem x\u00e9t c\u00e1c \u0111\u00e1nh gi\u00e1 t\u1eeb nh\u1eefng n\u01a1i kh\u00e1c v\u00e0 ph\u1ecfng v\u1ea5n qu\u00fd&hellip;<\/p>\n","protected":false},"author":1,"featured_media":0,"parent":37,"menu_order":26,"comment_status":"closed","ping_status":"closed","template":"","meta":{"footnotes":""},"class_list":["post-964","page","type-page","status-publish","hentry"],"_links":{"self":[{"href":"https:\/\/rula.disabilityrightsca.org\/vi\/wp-json\/wp\/v2\/pages\/964","targetHints":{"allow":["GET"]}}],"collection":[{"href":"https:\/\/rula.disabilityrightsca.org\/vi\/wp-json\/wp\/v2\/pages"}],"about":[{"href":"https:\/\/rula.disabilityrightsca.org\/vi\/wp-json\/wp\/v2\/types\/page"}],"author":[{"embeddable":true,"href":"https:\/\/rula.disabilityrightsca.org\/vi\/wp-json\/wp\/v2\/users\/1"}],"replies":[{"embeddable":true,"href":"https:\/\/rula.disabilityrightsca.org\/vi\/wp-json\/wp\/v2\/comments?post=964"}],"version-history":[{"count":8,"href":"https:\/\/rula.disabilityrightsca.org\/vi\/wp-json\/wp\/v2\/pages\/964\/revisions"}],"predecessor-version":[{"id":3837,"href":"https:\/\/rula.disabilityrightsca.org\/vi\/wp-json\/wp\/v2\/pages\/964\/revisions\/3837"}],"up":[{"embeddable":true,"href":"https:\/\/rula.disabilityrightsca.org\/vi\/wp-json\/wp\/v2\/pages\/37"}],"wp:attachment":[{"href":"https:\/\/rula.disabilityrightsca.org\/vi\/wp-json\/wp\/v2\/media?parent=964"}],"curies":[{"name":"wp","href":"https:\/\/api.w.org\/{rel}","templated":true}]}}