{"id":962,"date":"2021-05-05T21:25:19","date_gmt":"2021-05-05T21:25:19","guid":{"rendered":"http:\/\/www.rula.disabilityrightsca.org\/vi\/?page_id=962"},"modified":"2022-04-19T16:45:41","modified_gmt":"2022-04-19T16:45:41","slug":"how-long-does-the-regional-center-take-to-process-my-application","status":"publish","type":"page","link":"https:\/\/rula.disabilityrightsca.org\/vi\/rula-book\/chapter-2-eligibility-for-regional-center-services\/how-long-does-the-regional-center-take-to-process-my-application\/","title":{"rendered":"(2.25) Trung t\u00e2m khu v\u1ef1c x\u1eed l\u00fd \u0111\u01a1n \u0111\u0103ng k\u00fd c\u1ee7a t\u00f4i trong bao l\u00e2u?"},"content":{"rendered":"\n<p>Th\u00f4ng th\u01b0\u1eddng, trung t\u00e2m khu v\u1ef1c c\u00f3&nbsp;<strong>120&nbsp;<\/strong>ng\u00e0y sau&nbsp;<em>l\u1ea7n ti\u1ebfp nh\u1eadn ban \u0111\u1ea7u<\/em>&nbsp;\u0111\u1ec3 quy\u1ebft \u0111\u1ecbnh xem qu\u00fd v\u1ecb c\u00f3 h\u1ed9i \u0111\u1ee7 \u0111i\u1ec1u ki\u1ec7n kh\u00f4ng. <span class=\"footnote_referrer\"><a role=\"button\" tabindex=\"0\" onclick=\"footnote_moveToReference_962_1('footnote_plugin_reference_962_1_1');\" onkeypress=\"footnote_moveToReference_962_1('footnote_plugin_reference_962_1_1');\" ><sup id=\"footnote_plugin_tooltip_962_1_1\" class=\"footnote_plugin_tooltip_text\">[1]<\/sup><\/a><span id=\"footnote_plugin_tooltip_text_962_1_1\" class=\"footnote_tooltip\">M\u1ee5c 4643(a).<\/span><\/span><script type=\"text\/javascript\"> jQuery('#footnote_plugin_tooltip_962_1_1').tooltip({ tip: '#footnote_plugin_tooltip_text_962_1_1', tipClass: 'footnote_tooltip', effect: 'fade', predelay: 0, fadeInSpeed: 200, delay: 400, fadeOutSpeed: 200, position: 'top center', relative: true, offset: [-7, 0], });<\/script> L\u1ea7n ti\u1ebfp nh\u1eadn ban \u0111\u1ea7u l\u00e0 l\u1ea7n \u0111\u1ea7u ti\u00ean qu\u00fd v\u1ecb g\u1eb7p m\u1eb7t ng\u01b0\u1eddi c\u1ee7a trung t\u00e2m khu v\u1ef1c, k\u00fd v\u00e0o c\u00e1c gi\u1ea5y t\u1edd cho ph\u00e9p \u0111\u1ec3 h\u1ecd thu th\u1eadp h\u1ed3 s\u01a1 c\u1ee7a qu\u00fd v\u1ecb t\u1eeb nh\u1eefng n\u01a1i kh\u00e1c v\u00e0 tuy\u00ean b\u1ed1 qu\u00fd v\u1ecb s\u1ebd \u0111\u0103ng k\u00fd. H\u1ecfi nh\u00e2n vi\u00ean trung t\u00e2m khu v\u1ef1c xem h\u1ecd c\u00f3 \u0111\u1ed3ng \u00fd \u0111\u00e2y l\u00e0 l\u1ea7n ti\u1ebfp nh\u1eadn \u0111\u1ea7u ti\u00ean c\u1ee7a qu\u00fd v\u1ecb kh\u00f4ng. \u0110\u00f4i khi trung t\u00e2m khu v\u1ef1c ph\u1ea3i quy\u1ebft \u0111\u1ecbnh trong v\u00f2ng&nbsp;<strong>60 ng\u00e0y<\/strong>&nbsp;k\u1ec3 t\u1eeb l\u1ea7n ti\u1ebfp nh\u1eadn ban \u0111\u1ea7u cho d\u00f9 qu\u00fd v\u1ecb c\u00f3 h\u1ed9i \u0111\u1ee7 \u0111i\u1ec1u ki\u1ec7n hay kh\u00f4ng. Tr\u01b0\u1eddng h\u1ee3p n\u00e0y l\u00e0 khi:<\/p>\n\n\n\n<ul class=\"wp-block-list\"><li>S\u1ef1 ch\u1eadm tr\u1ec5 s\u1ebd g\u00e2y r\u1ee7i ro cho s\u1ee9c kh\u1ecfe v\u00e0 s\u1ef1 an to\u00e0n c\u1ee7a qu\u00fd v\u1ecb, ho\u1eb7c l\u00e0m ch\u1eadm tr\u1ec5 th\u00eam s\u1ef1 ph\u00e1t tri\u1ec3n t\u00e2m th\u1ea7n ho\u1eb7c th\u1ec3 ch\u1ea5t c\u1ee7a qu\u00fd v\u1ecb, ho\u1eb7c<\/li><li>Qu\u00fd v\u1ecb c\u00f3 nguy c\u01a1 cao b\u1ecb \u0111\u1eb7t v\u00e0o m\u00f4i tr\u01b0\u1eddng h\u1ea1n ch\u1ebf h\u01a1n. V\u00ed d\u1ee5: qu\u00fd v\u1ecb ph\u1ea3i chuy\u1ec3n t\u1eeb nh\u00e0 c\u1ee7a gia \u0111\u00ecnh \u0111\u1ebfn \u1edf t\u1ea1i m\u1ed9t c\u01a1 s\u1edf. <span class=\"footnote_referrer\"><a role=\"button\" tabindex=\"0\" onclick=\"footnote_moveToReference_962_1('footnote_plugin_reference_962_1_2');\" onkeypress=\"footnote_moveToReference_962_1('footnote_plugin_reference_962_1_2');\" ><sup id=\"footnote_plugin_tooltip_962_1_2\" class=\"footnote_plugin_tooltip_text\">[2]<\/sup><\/a><span id=\"footnote_plugin_tooltip_text_962_1_2\" class=\"footnote_tooltip\">M\u1ee5c 4643(a).<\/span><\/span><script type=\"text\/javascript\"> jQuery('#footnote_plugin_tooltip_962_1_2').tooltip({ tip: '#footnote_plugin_tooltip_text_962_1_2', tipClass: 'footnote_tooltip', effect: 'fade', predelay: 0, fadeInSpeed: 200, delay: 400, fadeOutSpeed: 200, position: 'top center', relative: true, offset: [-7, 0], });<\/script><\/li><\/ul>\n<div class=\"speaker-mute footnotes_reference_container\"> <div class=\"footnote_container_prepare\"><p><span role=\"button\" tabindex=\"0\" class=\"footnote_reference_container_label pointer\" onclick=\"footnote_expand_collapse_reference_container_962_1();\">&#x202F;<\/span><span role=\"button\" tabindex=\"0\" class=\"footnote_reference_container_collapse_button\" style=\"display: none;\" onclick=\"footnote_expand_collapse_reference_container_962_1();\">[<a id=\"footnote_reference_container_collapse_button_962_1\">+<\/a>]<\/span><\/p><\/div> <div id=\"footnote_references_container_962_1\" style=\"\"><table class=\"footnotes_table footnote-reference-container\"><caption class=\"accessibility\">References<\/caption> <tbody> \r\n\r\n<tr class=\"footnotes_plugin_reference_row\"> <th scope=\"row\" class=\"footnote_plugin_index_combi\" ><a id=\"footnote_plugin_reference_962_1_1\" class=\"footnote_backlink\" onclick=\"footnote_moveToAnchor_962_1('footnote_plugin_tooltip_962_1_1');\"><span class=\"footnote_index_arrow\">&#8593;<\/span>1,<\/a> <a id=\"footnote_plugin_reference_962_1_2\" class=\"footnote_backlink\" onclick=\"footnote_moveToAnchor_962_1('footnote_plugin_tooltip_962_1_2');\"><span class=\"footnote_index_arrow\">&#8593;<\/span>2<\/a><\/th> <td class=\"footnote_plugin_text\">M\u1ee5c 4643(a).<\/td><\/tr>\r\n\r\n <\/tbody> <\/table> <\/div><\/div><script type=\"text\/javascript\"> function footnote_expand_reference_container_962_1() { jQuery('#footnote_references_container_962_1').show(); jQuery('#footnote_reference_container_collapse_button_962_1').text('\u2212'); } function footnote_collapse_reference_container_962_1() { jQuery('#footnote_references_container_962_1').hide(); jQuery('#footnote_reference_container_collapse_button_962_1').text('+'); } function footnote_expand_collapse_reference_container_962_1() { if (jQuery('#footnote_references_container_962_1').is(':hidden')) { footnote_expand_reference_container_962_1(); } else { footnote_collapse_reference_container_962_1(); } } function footnote_moveToReference_962_1(p_str_TargetID) { footnote_expand_reference_container_962_1(); var l_obj_Target = jQuery('#' + p_str_TargetID); if (l_obj_Target.length) { jQuery( 'html, body' ).delay( 0 ); jQuery('html, body').animate({ scrollTop: l_obj_Target.offset().top - window.innerHeight * 0.2 }, 380); } } function footnote_moveToAnchor_962_1(p_str_TargetID) { footnote_expand_reference_container_962_1(); var l_obj_Target = jQuery('#' + p_str_TargetID); if (l_obj_Target.length) { jQuery( 'html, body' ).delay( 0 ); jQuery('html, body').animate({ scrollTop: l_obj_Target.offset().top - window.innerHeight * 0.2 }, 380); } }<\/script>","protected":false},"excerpt":{"rendered":"<p>Th\u00f4ng th\u01b0\u1eddng, trung t\u00e2m khu v\u1ef1c c\u00f3&nbsp;120&nbsp;ng\u00e0y sau&nbsp;l\u1ea7n ti\u1ebfp nh\u1eadn ban \u0111\u1ea7u&nbsp;\u0111\u1ec3 quy\u1ebft \u0111\u1ecbnh xem qu\u00fd v\u1ecb c\u00f3 h\u1ed9i \u0111\u1ee7 \u0111i\u1ec1u ki\u1ec7n kh\u00f4ng. [1]M\u1ee5c 4643(a).&hellip;<\/p>\n","protected":false},"author":1,"featured_media":0,"parent":37,"menu_order":25,"comment_status":"closed","ping_status":"closed","template":"","meta":{"footnotes":""},"class_list":["post-962","page","type-page","status-publish","hentry"],"_links":{"self":[{"href":"https:\/\/rula.disabilityrightsca.org\/vi\/wp-json\/wp\/v2\/pages\/962","targetHints":{"allow":["GET"]}}],"collection":[{"href":"https:\/\/rula.disabilityrightsca.org\/vi\/wp-json\/wp\/v2\/pages"}],"about":[{"href":"https:\/\/rula.disabilityrightsca.org\/vi\/wp-json\/wp\/v2\/types\/page"}],"author":[{"embeddable":true,"href":"https:\/\/rula.disabilityrightsca.org\/vi\/wp-json\/wp\/v2\/users\/1"}],"replies":[{"embeddable":true,"href":"https:\/\/rula.disabilityrightsca.org\/vi\/wp-json\/wp\/v2\/comments?post=962"}],"version-history":[{"count":5,"href":"https:\/\/rula.disabilityrightsca.org\/vi\/wp-json\/wp\/v2\/pages\/962\/revisions"}],"predecessor-version":[{"id":2823,"href":"https:\/\/rula.disabilityrightsca.org\/vi\/wp-json\/wp\/v2\/pages\/962\/revisions\/2823"}],"up":[{"embeddable":true,"href":"https:\/\/rula.disabilityrightsca.org\/vi\/wp-json\/wp\/v2\/pages\/37"}],"wp:attachment":[{"href":"https:\/\/rula.disabilityrightsca.org\/vi\/wp-json\/wp\/v2\/media?parent=962"}],"curies":[{"name":"wp","href":"https:\/\/api.w.org\/{rel}","templated":true}]}}