{"id":960,"date":"2021-05-05T21:22:46","date_gmt":"2021-05-05T21:22:46","guid":{"rendered":"http:\/\/www.rula.disabilityrightsca.org\/vi\/?page_id=960"},"modified":"2022-04-19T16:45:26","modified_gmt":"2022-04-19T16:45:26","slug":"can-i-lose-my-regional-center-eligibility","status":"publish","type":"page","link":"https:\/\/rula.disabilityrightsca.org\/vi\/rula-book\/chapter-2-eligibility-for-regional-center-services\/can-i-lose-my-regional-center-eligibility\/","title":{"rendered":"(2.24) T\u00f4i c\u00f3 th\u1ec3 b\u1ecb m\u1ea5t kh\u1ea3 n\u0103ng h\u1ed9i \u0111\u1ee7 \u0111i\u1ec1u ki\u1ec7n t\u1ea1i trung t\u00e2m khu v\u1ef1c kh\u00f4ng?"},"content":{"rendered":"\n<p>Khuy\u1ebft t\u1eadt v\u1ec1 ph\u00e1t tri\u1ec3n \u0111\u01b0\u1ee3c d\u1ef1 ki\u1ebfn s\u1ebd ti\u1ebfp di\u1ec5n \u201cv\u00f4 h\u1ea1n \u0111\u1ecbnh\u201d. <span class=\"footnote_referrer\"><a role=\"button\" tabindex=\"0\" onclick=\"footnote_moveToReference_960_1('footnote_plugin_reference_960_1_1');\" onkeypress=\"footnote_moveToReference_960_1('footnote_plugin_reference_960_1_1');\" ><sup id=\"footnote_plugin_tooltip_960_1_1\" class=\"footnote_plugin_tooltip_text\">[1]<\/sup><\/a><span id=\"footnote_plugin_tooltip_text_960_1_1\" class=\"footnote_tooltip\">M\u1ee5c 4512(a).<\/span><\/span><script type=\"text\/javascript\"> jQuery('#footnote_plugin_tooltip_960_1_1').tooltip({ tip: '#footnote_plugin_tooltip_text_960_1_1', tipClass: 'footnote_tooltip', effect: 'fade', predelay: 0, fadeInSpeed: 200, delay: 400, fadeOutSpeed: 200, position: 'top center', relative: true, offset: [-7, 0], });<\/script> V\u00ec v\u1eady, kh\u1ea3 n\u0103ng h\u1ed9i \u0111\u1ee7 \u0111i\u1ec1u ki\u1ec7n c\u1ee7a qu\u00fd v\u1ecb t\u1ea1i trung t\u00e2m khu v\u1ef1c s\u1ebd k\u00e9o d\u00e0i tr\u1ecdn \u0111\u1eddi. K\u1ec3 c\u1ea3 khi qu\u00fd v\u1ecb chuy\u1ec3n \u0111\u1ebfn khu v\u1ef1c kh\u00e1c c\u1ee7a California v\u00e0 thay \u0111\u1ed5i trung t\u00e2m khu v\u1ef1c, qu\u00fd v\u1ecb v\u1eabn h\u1ed9i \u0111\u1ee7 \u0111i\u1ec1u ki\u1ec7n. <span class=\"footnote_referrer\"><a role=\"button\" tabindex=\"0\" onclick=\"footnote_moveToReference_960_1('footnote_plugin_reference_960_1_2');\" onkeypress=\"footnote_moveToReference_960_1('footnote_plugin_reference_960_1_2');\" ><sup id=\"footnote_plugin_tooltip_960_1_2\" class=\"footnote_plugin_tooltip_text\">[2]<\/sup><\/a><span id=\"footnote_plugin_tooltip_text_960_1_2\" class=\"footnote_tooltip\">M\u1ee5c 4643.5(a). Xem Ch\u01b0\u01a1ng 3 \u0111\u1ec3 bi\u1ebft th\u00f4ng tin v\u1ec1 vi\u1ec7c chuy\u1ec3n sang m\u1ed9t trung t\u00e2m khu v\u1ef1c m\u1edbi.<\/span><\/span><script type=\"text\/javascript\"> jQuery('#footnote_plugin_tooltip_960_1_2').tooltip({ tip: '#footnote_plugin_tooltip_text_960_1_2', tipClass: 'footnote_tooltip', effect: 'fade', predelay: 0, fadeInSpeed: 200, delay: 400, fadeOutSpeed: 200, position: 'top center', relative: true, offset: [-7, 0], });<\/script> \u0110\u00f4i khi, trung t\u00e2m khu v\u1ef1c s\u1ebd b\u00e1o r\u1eb1ng qu\u00fd v\u1ecb kh\u00f4ng c\u00f2n h\u1ed9i \u0111\u1ee7 \u0111i\u1ec1u ki\u1ec7n. N\u1ebfu trung t\u00e2m khu v\u1ef1c c\u1ee7a qu\u00fd v\u1ecb th\u00f4ng b\u00e1o \u0111i\u1ec1u n\u00e0y, qu\u00fd v\u1ecb n\u00ean kh\u00e1ng c\u00e1o. Lu\u1eadt n\u00e0y quy \u0111\u1ecbnh c\u00e1ch duy nh\u1ea5t m\u1ed9t trung t\u00e2m khu v\u1ef1c c\u00f3 th\u1ec3 t\u01b0\u1edbc \u0111o\u1ea1t kh\u1ea3 n\u0103ng h\u1ed9i \u0111\u1ee7 \u0111i\u1ec1u ki\u1ec7n c\u1ee7a qu\u00fd v\u1ecb l\u00e0 th\u1ef1c hi\u1ec7n \u201c\u0111\u00e1nh gi\u00e1 l\u1ea1i to\u00e0n di\u1ec7n\u201d v\u00e0 ch\u1ee9ng minh quy\u1ebft \u0111\u1ecbnh ban \u0111\u1ea7u c\u1ee7a trung t\u00e2m \u201cr\u00f5 r\u00e0ng kh\u00f4ng \u0111\u00fang\u201d. <span class=\"footnote_referrer\"><a role=\"button\" tabindex=\"0\" onclick=\"footnote_moveToReference_960_1('footnote_plugin_reference_960_1_3');\" onkeypress=\"footnote_moveToReference_960_1('footnote_plugin_reference_960_1_3');\" ><sup id=\"footnote_plugin_tooltip_960_1_3\" class=\"footnote_plugin_tooltip_text\">[3]<\/sup><\/a><span id=\"footnote_plugin_tooltip_text_960_1_3\" class=\"footnote_tooltip\">M\u1ee5c 4643.5(b).<\/span><\/span><script type=\"text\/javascript\"> jQuery('#footnote_plugin_tooltip_960_1_3').tooltip({ tip: '#footnote_plugin_tooltip_text_960_1_3', tipClass: 'footnote_tooltip', effect: 'fade', predelay: 0, fadeInSpeed: 200, delay: 400, fadeOutSpeed: 200, position: 'top center', relative: true, offset: [-7, 0], });<\/script> \u0110i\u1ec1u n\u00e0y ngh\u0129a l\u00e0 trung t\u00e2m khu v\u1ef1c ph\u1ea3i ch\u1ee9ng minh h\u1ecd \u0111\u00e3 k\u1ebft lu\u1eadn sai v\u1ec1 t\u00ednh h\u1ed9i \u0111\u1ee7 \u0111i\u1ec1u ki\u1ec7n c\u1ee7a qu\u00fd v\u1ecb th\u00f4ng qua vi\u1ec7c \u0111\u00e1nh gi\u00e1 l\u1ea1i m\u00e0 trung t\u00e2m ph\u1ea3i th\u1ef1c hi\u1ec7n tr\u01b0\u1edbc khi c\u00f3 th\u1ec3 d\u1eebng d\u1ecbch v\u1ee5 c\u1ee7a qu\u00fd v\u1ecb. <span class=\"footnote_referrer\"><a role=\"button\" tabindex=\"0\" onclick=\"footnote_moveToReference_960_1('footnote_plugin_reference_960_1_4');\" onkeypress=\"footnote_moveToReference_960_1('footnote_plugin_reference_960_1_4');\" ><sup id=\"footnote_plugin_tooltip_960_1_4\" class=\"footnote_plugin_tooltip_text\">[4]<\/sup><\/a><span id=\"footnote_plugin_tooltip_text_960_1_4\" class=\"footnote_tooltip\">Nguy\u00ean \u0110\u01a1n ki\u1ec7n Trung T\u00e2m Khu V\u1ef1c Inland, OAH V\u1ee5 ki\u1ec7n s\u1ed1 2018061194.1 (2021) trang 13.<\/span><\/span><script type=\"text\/javascript\"> jQuery('#footnote_plugin_tooltip_960_1_4').tooltip({ tip: '#footnote_plugin_tooltip_text_960_1_4', tipClass: 'footnote_tooltip', effect: 'fade', predelay: 0, fadeInSpeed: 200, delay: 400, fadeOutSpeed: 200, position: 'top center', relative: true, offset: [-7, 0], });<\/script>&nbsp;N\u1ebfu trung t\u00e2m khu v\u1ef1c b\u00e1o r\u1eb1ng qu\u00fd v\u1ecb kh\u00f4ng c\u00f2n h\u1ed9i \u0111\u1ee7 \u0111i\u1ec1u ki\u1ec7n, qu\u00fd v\u1ecb c\u1ea7n:<\/p>\n\n\n\n<ul class=\"wp-block-list\"><li><strong>Li\u00ean h\u1ec7 v\u1edbi Disability Rights California ho\u1eb7c OCRA.&nbsp;<\/strong>Ch\u00fang t\u00f4i s\u1ebd kh\u00f4ng th\u1ec3 l\u00e0m lu\u1eadt s\u01b0 c\u1ee7a qu\u00fd v\u1ecb nh\u01b0ng c\u00f3 th\u1ec3 tr\u1ee3 gi\u00fap qu\u00fd v\u1ecb kh\u00e1ng c\u00e1o. Ch\u00fang t\u00f4i c\u00f3 th\u1ec3 gi\u1ea3i th\u00edch \u201cr\u00f5 r\u00e0ng kh\u00f4ng \u0111\u00fang\u201d ngh\u0129a l\u00e0 g\u00ec. Ch\u00fang t\u00f4i c\u00f3 th\u1ec3 tr\u1ee3 gi\u00fap qu\u00fd v\u1ecb v\u1edbi vi\u1ec7c chu\u1ea9n b\u1ecb kh\u00e1ng c\u00e1o v\u00e0 c\u00e1ch tr\u00ecnh b\u00e0y tr\u01b0\u1eddng h\u1ee3p c\u1ee7a qu\u00fd v\u1ecb t\u1ea1i phi\u00ean \u0111i\u1ec1u tr\u1ea7n.<\/li><li><strong>Nh\u1eadn th\u1ea9m \u0111\u1ecbnh \u0111\u1ed9c l\u1eadp<\/strong>&nbsp;t\u1eeb m\u1ed9t nh\u00e0 t\u00e2m l\u00fd h\u1ecdc ho\u1eb7c b\u00e1c s\u0129 t\u00e2m th\u1ea7n \u0111\u1ee7 tr\u00ecnh \u0111\u1ed9.<\/li><\/ul>\n\n\n\n<p>Qu\u00fd v\u1ecb c\u00f3 th\u1ec3 s\u1ebd m\u1ea5t kh\u1ea3 n\u0103ng h\u1ed9i \u0111\u1ee7 \u0111i\u1ec1u ki\u1ec7n n\u1ebfu t\u00ecnh tr\u1ea1ng c\u1ee7a qu\u00fd v\u1ecb t\u1ef1 c\u1ea3i thi\u1ec7n ho\u1eb7c c\u1ea3i thi\u1ec7n nh\u1edd thu\u1ed1c. V\u00ed d\u1ee5: n\u1ebfu qu\u00fd v\u1ecb b\u1ecb \u0111\u1ed9ng kinh v\u00e0 c\u00e1c c\u01a1n co gi\u1eadt c\u1ee7a qu\u00fd v\u1ecb \u0111\u01b0\u1ee3c ki\u1ec3m so\u00e1t trong nhi\u1ec1u n\u0103m, trung t\u00e2m khu v\u1ef1c c\u00f3 th\u1ec3 cho r\u1eb1ng qu\u00fd v\u1ecb kh\u00f4ng c\u00f2n khuy\u1ebft t\u1eadt v\u1ec1 ph\u00e1t tri\u1ec3n do ch\u1ee9ng b\u1ec7nh \u0111\u1ed9ng kinh c\u1ee7a qu\u00fd v\u1ecb kh\u00f4ng ph\u1ea3i l\u00e0 khuy\u1ebft t\u1eadt \u0111\u00e1ng k\u1ec3.<\/p>\n<div class=\"speaker-mute footnotes_reference_container\"> <div class=\"footnote_container_prepare\"><p><span role=\"button\" tabindex=\"0\" class=\"footnote_reference_container_label pointer\" onclick=\"footnote_expand_collapse_reference_container_960_1();\">&#x202F;<\/span><span role=\"button\" tabindex=\"0\" class=\"footnote_reference_container_collapse_button\" style=\"display: none;\" onclick=\"footnote_expand_collapse_reference_container_960_1();\">[<a id=\"footnote_reference_container_collapse_button_960_1\">+<\/a>]<\/span><\/p><\/div> <div id=\"footnote_references_container_960_1\" style=\"\"><table class=\"footnotes_table footnote-reference-container\"><caption class=\"accessibility\">References<\/caption> <tbody> \r\n\r\n<tr class=\"footnotes_plugin_reference_row\"> <th scope=\"row\" class=\"footnote_plugin_index_combi pointer\"  onclick=\"footnote_moveToAnchor_960_1('footnote_plugin_tooltip_960_1_1');\"><a id=\"footnote_plugin_reference_960_1_1\" class=\"footnote_backlink\"><span class=\"footnote_index_arrow\">&#8593;<\/span>1<\/a><\/th> <td class=\"footnote_plugin_text\">M\u1ee5c 4512(a).<\/td><\/tr>\r\n\r\n<tr class=\"footnotes_plugin_reference_row\"> <th scope=\"row\" class=\"footnote_plugin_index_combi pointer\"  onclick=\"footnote_moveToAnchor_960_1('footnote_plugin_tooltip_960_1_2');\"><a id=\"footnote_plugin_reference_960_1_2\" class=\"footnote_backlink\"><span class=\"footnote_index_arrow\">&#8593;<\/span>2<\/a><\/th> <td class=\"footnote_plugin_text\">M\u1ee5c 4643.5(a). Xem Ch\u01b0\u01a1ng 3 \u0111\u1ec3 bi\u1ebft th\u00f4ng tin v\u1ec1 vi\u1ec7c chuy\u1ec3n sang m\u1ed9t trung t\u00e2m khu v\u1ef1c m\u1edbi.<\/td><\/tr>\r\n\r\n<tr class=\"footnotes_plugin_reference_row\"> <th scope=\"row\" class=\"footnote_plugin_index_combi pointer\"  onclick=\"footnote_moveToAnchor_960_1('footnote_plugin_tooltip_960_1_3');\"><a id=\"footnote_plugin_reference_960_1_3\" class=\"footnote_backlink\"><span class=\"footnote_index_arrow\">&#8593;<\/span>3<\/a><\/th> <td class=\"footnote_plugin_text\">M\u1ee5c 4643.5(b).<\/td><\/tr>\r\n\r\n<tr class=\"footnotes_plugin_reference_row\"> <th scope=\"row\" class=\"footnote_plugin_index_combi pointer\"  onclick=\"footnote_moveToAnchor_960_1('footnote_plugin_tooltip_960_1_4');\"><a id=\"footnote_plugin_reference_960_1_4\" class=\"footnote_backlink\"><span class=\"footnote_index_arrow\">&#8593;<\/span>4<\/a><\/th> <td class=\"footnote_plugin_text\">Nguy\u00ean \u0110\u01a1n ki\u1ec7n Trung T\u00e2m Khu V\u1ef1c Inland, OAH V\u1ee5 ki\u1ec7n s\u1ed1 2018061194.1 (2021) trang 13.<\/td><\/tr>\r\n\r\n <\/tbody> <\/table> <\/div><\/div><script type=\"text\/javascript\"> function footnote_expand_reference_container_960_1() { jQuery('#footnote_references_container_960_1').show(); jQuery('#footnote_reference_container_collapse_button_960_1').text('\u2212'); } function footnote_collapse_reference_container_960_1() { jQuery('#footnote_references_container_960_1').hide(); jQuery('#footnote_reference_container_collapse_button_960_1').text('+'); } function footnote_expand_collapse_reference_container_960_1() { if (jQuery('#footnote_references_container_960_1').is(':hidden')) { footnote_expand_reference_container_960_1(); } else { footnote_collapse_reference_container_960_1(); } } function footnote_moveToReference_960_1(p_str_TargetID) { footnote_expand_reference_container_960_1(); var l_obj_Target = jQuery('#' + p_str_TargetID); if (l_obj_Target.length) { jQuery( 'html, body' ).delay( 0 ); jQuery('html, body').animate({ scrollTop: l_obj_Target.offset().top - window.innerHeight * 0.2 }, 380); } } function footnote_moveToAnchor_960_1(p_str_TargetID) { footnote_expand_reference_container_960_1(); var l_obj_Target = jQuery('#' + p_str_TargetID); if (l_obj_Target.length) { jQuery( 'html, body' ).delay( 0 ); jQuery('html, body').animate({ scrollTop: l_obj_Target.offset().top - window.innerHeight * 0.2 }, 380); } }<\/script>","protected":false},"excerpt":{"rendered":"<p>Khuy\u1ebft t\u1eadt v\u1ec1 ph\u00e1t tri\u1ec3n \u0111\u01b0\u1ee3c d\u1ef1 ki\u1ebfn s\u1ebd ti\u1ebfp di\u1ec5n \u201cv\u00f4 h\u1ea1n \u0111\u1ecbnh\u201d. [1]M\u1ee5c 4512(a). V\u00ec v\u1eady, kh\u1ea3 n\u0103ng h\u1ed9i \u0111\u1ee7 \u0111i\u1ec1u ki\u1ec7n c\u1ee7a&hellip;<\/p>\n","protected":false},"author":1,"featured_media":0,"parent":37,"menu_order":24,"comment_status":"closed","ping_status":"closed","template":"","meta":{"footnotes":""},"class_list":["post-960","page","type-page","status-publish","hentry"],"_links":{"self":[{"href":"https:\/\/rula.disabilityrightsca.org\/vi\/wp-json\/wp\/v2\/pages\/960","targetHints":{"allow":["GET"]}}],"collection":[{"href":"https:\/\/rula.disabilityrightsca.org\/vi\/wp-json\/wp\/v2\/pages"}],"about":[{"href":"https:\/\/rula.disabilityrightsca.org\/vi\/wp-json\/wp\/v2\/types\/page"}],"author":[{"embeddable":true,"href":"https:\/\/rula.disabilityrightsca.org\/vi\/wp-json\/wp\/v2\/users\/1"}],"replies":[{"embeddable":true,"href":"https:\/\/rula.disabilityrightsca.org\/vi\/wp-json\/wp\/v2\/comments?post=960"}],"version-history":[{"count":5,"href":"https:\/\/rula.disabilityrightsca.org\/vi\/wp-json\/wp\/v2\/pages\/960\/revisions"}],"predecessor-version":[{"id":2822,"href":"https:\/\/rula.disabilityrightsca.org\/vi\/wp-json\/wp\/v2\/pages\/960\/revisions\/2822"}],"up":[{"embeddable":true,"href":"https:\/\/rula.disabilityrightsca.org\/vi\/wp-json\/wp\/v2\/pages\/37"}],"wp:attachment":[{"href":"https:\/\/rula.disabilityrightsca.org\/vi\/wp-json\/wp\/v2\/media?parent=960"}],"curies":[{"name":"wp","href":"https:\/\/api.w.org\/{rel}","templated":true}]}}