{"id":958,"date":"2021-05-05T21:19:12","date_gmt":"2021-05-05T21:19:12","guid":{"rendered":"http:\/\/www.rula.disabilityrightsca.org\/vi\/?page_id=958"},"modified":"2022-04-19T16:44:31","modified_gmt":"2022-04-19T16:44:31","slug":"am-i-eligible-for-regional-center-services-if-i-have-only-a-learning-disability-or-a-psychiatric-disorder","status":"publish","type":"page","link":"https:\/\/rula.disabilityrightsca.org\/vi\/rula-book\/chapter-2-eligibility-for-regional-center-services\/am-i-eligible-for-regional-center-services-if-i-have-only-a-learning-disability-or-a-psychiatric-disorder\/","title":{"rendered":"(2.23) T\u00f4i c\u00f3 h\u1ed9i \u0111\u1ee7 \u0111i\u1ec1u ki\u1ec7n nh\u1eadn c\u00e1c d\u1ecbch v\u1ee5 c\u1ee7a trung t\u00e2m khu v\u1ef1c n\u1ebfu b\u1ea3n th\u00e2n ch\u1ec9 b\u1ecb khuy\u1ebft t\u1eadt h\u1ecdc t\u1eadp ho\u1eb7c r\u1ed1i lo\u1ea1n t\u00e2m th\u1ea7n kh\u00f4ng?"},"content":{"rendered":"\n<p>N\u1ebfu qu\u00fd v\u1ecb ch\u1ec9 b\u1ecb khuy\u1ebft t\u1eadt h\u1ecdc t\u1eadp ho\u1eb7c r\u1ed1i lo\u1ea1n t\u00e2m th\u1ea7n v\u00e0 c\u0169ng kh\u00f4ng m\u1eafc m\u1ed9t trong n\u0103m khuy\u1ebft t\u1eadt v\u1ec1 ph\u00e1t tri\u1ec3n \u0111\u01b0\u1ee3c tr\u00ecnh b\u00e0y trong ch\u01b0\u01a1ng n\u00e0y, qu\u00fd v\u1ecb s\u1ebd kh\u00f4ng h\u1ed9i \u0111\u1ee7 \u0111i\u1ec1u ki\u1ec7n h\u01b0\u1edfng d\u1ecbch v\u1ee5 c\u1ee7a trung t\u00e2m khu v\u1ef1c.<\/p>\n\n\n\n<p>C\u00e1c quy \u0111\u1ecbnh c\u1ee7a DDS c\u00f3 n\u00eau:<\/p>\n\n\n\n<p>Khuy\u1ebft t\u1eadt h\u1ecdc t\u1eadp l\u00e0 t\u00ecnh tr\u1ea1ng c\u00f3 s\u1ef1 ch\u00eanh l\u1ec7ch l\u1edbn gi\u1eefa ti\u1ec1m n\u0103ng nh\u1eadn th\u1ee9c \u01b0\u1edbc l\u01b0\u1ee3ng v\u00e0 th\u00e0nh t\u00edch h\u1ecdc t\u1eadp th\u1ef1c t\u1ebf. B\u00ean c\u1ea1nh \u0111\u00f3, t\u00ecnh tr\u1ea1ng n\u00e0y kh\u00f4ng do khuy\u1ebft t\u1eadt tr\u00ed tu\u1ec7, thi\u1ebfu h\u1ee5t v\u1ec1 gi\u00e1o d\u1ee5c, c\u00e1c v\u1ea5n \u0111\u1ec1 t\u00e2m th\u1ea7n x\u00e3 h\u1ed9i, r\u1ed1i lo\u1ea1n t\u00e2m th\u1ea7n ho\u1eb7c m\u1ea5t c\u1ea3m gi\u00e1c g\u00e2y ra. <span class=\"footnote_referrer\"><a role=\"button\" tabindex=\"0\" onclick=\"footnote_moveToReference_958_1('footnote_plugin_reference_958_1_1');\" onkeypress=\"footnote_moveToReference_958_1('footnote_plugin_reference_958_1_1');\" ><sup id=\"footnote_plugin_tooltip_958_1_1\" class=\"footnote_plugin_tooltip_text\">[1]<\/sup><\/a><span id=\"footnote_plugin_tooltip_text_958_1_1\" class=\"footnote_tooltip\">Ti\u00eau \u0110\u1ec1 17, B\u1ed9 Lu\u1eadt C\u00e1c Quy \u0110\u1ecbnh California, m\u1ee5c 54000(c)(2).<\/span><\/span><script type=\"text\/javascript\"> jQuery('#footnote_plugin_tooltip_958_1_1').tooltip({ tip: '#footnote_plugin_tooltip_text_958_1_1', tipClass: 'footnote_tooltip', effect: 'fade', predelay: 0, fadeInSpeed: 200, delay: 400, fadeOutSpeed: 200, position: 'top center', relative: true, offset: [-7, 0], });<\/script><\/p>\n\n\n\n<p>R\u1ed1i lo\u1ea1n t\u00e2m th\u1ea7n l\u00e0 tr\u01b0\u1eddng h\u1ee3p qu\u00fd v\u1ecb c\u00f3 ch\u1ee9c n\u0103ng tr\u00ed tu\u1ec7 ho\u1eb7c ch\u1ee9c n\u0103ng x\u00e3 h\u1ed9i b\u1ecb suy gi\u1ea3m, b\u1eaft ngu\u1ed3n t\u1eeb r\u1ed1i lo\u1ea1n t\u00e2m th\u1ea7n ho\u1eb7c \u0111i\u1ec1u tr\u1ecb cho r\u1ed1i lo\u1ea1n t\u00e2m th\u1ea7n. R\u1ed1i lo\u1ea1n t\u00e2m th\u1ea7n bao g\u1ed3m c\u00e1c v\u1ea5n \u0111\u1ec1 v\u1ec1 t\u00e2m l\u00fd x\u00e3 h\u1ed9i v\u00e0\/ho\u1eb7c lo\u1ea1n t\u00e2m th\u1ea7n, lo\u1ea1n th\u1ea7n kinh nghi\u00eam tr\u1ecdng ho\u1eb7c c\u00e1c r\u1ed1i lo\u1ea1n nh\u00e2n c\u00e1ch, k\u1ec3 c\u1ea3 khi ch\u1ee9c n\u0103ng x\u00e3 h\u1ed9i v\u00e0 tr\u00ed tu\u1ec7 b\u1ecb suy gi\u1ea3m nghi\u00eam tr\u1ecdng do r\u1ed1i lo\u1ea1n t\u00e2m th\u1ea7n. <span class=\"footnote_referrer\"><a role=\"button\" tabindex=\"0\" onclick=\"footnote_moveToReference_958_1('footnote_plugin_reference_958_1_2');\" onkeypress=\"footnote_moveToReference_958_1('footnote_plugin_reference_958_1_2');\" ><sup id=\"footnote_plugin_tooltip_958_1_2\" class=\"footnote_plugin_tooltip_text\">[2]<\/sup><\/a><span id=\"footnote_plugin_tooltip_text_958_1_2\" class=\"footnote_tooltip\">Ti\u00eau \u0110\u1ec1 17, B\u1ed9 Lu\u1eadt C\u00e1c Quy \u0110\u1ecbnh California, m\u1ee5c 54000(c)(1).<\/span><\/span><script type=\"text\/javascript\"> jQuery('#footnote_plugin_tooltip_958_1_2').tooltip({ tip: '#footnote_plugin_tooltip_text_958_1_2', tipClass: 'footnote_tooltip', effect: 'fade', predelay: 0, fadeInSpeed: 200, delay: 400, fadeOutSpeed: 200, position: 'top center', relative: true, offset: [-7, 0], });<\/script><\/p>\n\n\n\n<p>C\u00e1c quy \u0111\u1ecbnh c\u1ee7a DDS kh\u00f4ng nh\u1ea5t qu\u00e1n v\u1edbi \u0110\u1ea1o Lu\u1eadt Lanterman, do \u0110\u1ea1o Lu\u1eadt Lanterman kh\u00f4ng \u0111\u1ec1 c\u1eadp \u0111\u1ebfn hai tr\u01b0\u1eddng h\u1ee3p lo\u1ea1i tr\u1eeb n\u00e0y. Tuy nhi\u00ean, t\u00f2a \u00e1n trong v\u1ee5 ki\u1ec7n&nbsp;<em>Samantha C.<\/em>&nbsp;k\u1ebft lu\u1eadn c\u00e1c tr\u01b0\u1eddng h\u1ee3p lo\u1ea1i tr\u1eeb n\u00e0y l\u00e0 h\u1ee3p ph\u00e1p. <span class=\"footnote_referrer\"><a role=\"button\" tabindex=\"0\" onclick=\"footnote_moveToReference_958_1('footnote_plugin_reference_958_1_3');\" onkeypress=\"footnote_moveToReference_958_1('footnote_plugin_reference_958_1_3');\" ><sup id=\"footnote_plugin_tooltip_958_1_3\" class=\"footnote_plugin_tooltip_text\">[3]<\/sup><\/a><span id=\"footnote_plugin_tooltip_text_958_1_3\" class=\"footnote_tooltip\"><em>Samantha C.<\/em>&nbsp;\u1edf trang 1491.<\/span><\/span><script type=\"text\/javascript\"> jQuery('#footnote_plugin_tooltip_958_1_3').tooltip({ tip: '#footnote_plugin_tooltip_text_958_1_3', tipClass: 'footnote_tooltip', effect: 'fade', predelay: 0, fadeInSpeed: 200, delay: 400, fadeOutSpeed: 200, position: 'top center', relative: true, offset: [-7, 0], });<\/script> Trung t\u00e2m khu v\u1ef1c c\u00f3 th\u1ec3 cho bi\u1ebft t\u00ecnh tr\u1ea1ng c\u1ee7a qu\u00fd v\u1ecb \u201cch\u1ee7 y\u1ebfu\u201d l\u00e0 m\u1ed9t trong nh\u1eefng t\u00ecnh tr\u1ea1ng n\u00e0y. H\u00e3y nh\u1edb, c\u00e1c quy \u0111\u1ecbnh c\u1ee7a DDS ch\u1ec9 lo\u1ea1i tr\u1eeb nh\u1eefng ng\u01b0\u1eddi c\u00f3 khuy\u1ebft t\u1eadt \u201c\u0111\u01a1n thu\u1ea7n\u201d l\u00e0 khuy\u1ebft t\u1eadt h\u1ecdc t\u1eadp ho\u1eb7c r\u1ed1i lo\u1ea1n t\u00e2m th\u1ea7n. \u0110\u01a1n thu\u1ea7n ngh\u0129a l\u00e0 duy nh\u1ea5t. Qu\u00fd v\u1ecb c\u00f3 th\u1ec3 b\u1ecb khuy\u1ebft t\u1eadt h\u1ecdc t\u1eadp v\u00e0\/ho\u1eb7c khuy\u1ebft t\u1eadt t\u00e2m th\u1ea7n, c\u1ed9ng th\u00eam khuy\u1ebft t\u1eadt v\u1ec1 ph\u00e1t tri\u1ec3n. Qu\u00fd v\u1ecb s\u1ebd c\u1ea7n \u0111\u01b0\u1ee3c th\u1ea9m \u0111\u1ecbnh \u0111\u1ed9c l\u1eadp b\u1edfi nh\u00e0 t\u00e2m l\u00fd h\u1ecdc, h\u1ecd c\u00f3 th\u1ec3 x\u00e1c \u0111\u1ecbnh v\u00e0 m\u00f4 t\u1ea3 t\u1ea5t c\u1ea3 c\u00e1c t\u00ecnh tr\u1ea1ng c\u1ee7a qu\u00fd v\u1ecb. Qu\u00fd v\u1ecb ph\u1ea3i ch\u1ee9ng minh cho trung t\u00e2m khu v\u1ef1c ho\u1eb7c th\u1ea9m ph\u00e1n lu\u1eadt h\u00e0nh ch\u00ednh th\u1ea5y qu\u00fd v\u1ecb m\u1eafc m\u1ed9t trong n\u0103m khuy\u1ebft t\u1eadt v\u1ec1 ph\u00e1t tri\u1ec3n, b\u00ean c\u1ea1nh b\u1ea5t k\u1ef3 t\u00ecnh tr\u1ea1ng n\u00e0o kh\u00e1c c\u1ee7a qu\u00fd v\u1ecb.<\/p>\n<div class=\"speaker-mute footnotes_reference_container\"> <div class=\"footnote_container_prepare\"><p><span role=\"button\" tabindex=\"0\" class=\"footnote_reference_container_label pointer\" onclick=\"footnote_expand_collapse_reference_container_958_1();\">&#x202F;<\/span><span role=\"button\" tabindex=\"0\" class=\"footnote_reference_container_collapse_button\" style=\"display: none;\" onclick=\"footnote_expand_collapse_reference_container_958_1();\">[<a id=\"footnote_reference_container_collapse_button_958_1\">+<\/a>]<\/span><\/p><\/div> <div id=\"footnote_references_container_958_1\" style=\"\"><table class=\"footnotes_table footnote-reference-container\"><caption class=\"accessibility\">References<\/caption> <tbody> \r\n\r\n<tr class=\"footnotes_plugin_reference_row\"> <th scope=\"row\" class=\"footnote_plugin_index_combi pointer\"  onclick=\"footnote_moveToAnchor_958_1('footnote_plugin_tooltip_958_1_1');\"><a id=\"footnote_plugin_reference_958_1_1\" class=\"footnote_backlink\"><span class=\"footnote_index_arrow\">&#8593;<\/span>1<\/a><\/th> <td class=\"footnote_plugin_text\">Ti\u00eau \u0110\u1ec1 17, B\u1ed9 Lu\u1eadt C\u00e1c Quy \u0110\u1ecbnh California, m\u1ee5c 54000(c)(2).<\/td><\/tr>\r\n\r\n<tr class=\"footnotes_plugin_reference_row\"> <th scope=\"row\" class=\"footnote_plugin_index_combi pointer\"  onclick=\"footnote_moveToAnchor_958_1('footnote_plugin_tooltip_958_1_2');\"><a id=\"footnote_plugin_reference_958_1_2\" class=\"footnote_backlink\"><span class=\"footnote_index_arrow\">&#8593;<\/span>2<\/a><\/th> <td class=\"footnote_plugin_text\">Ti\u00eau \u0110\u1ec1 17, B\u1ed9 Lu\u1eadt C\u00e1c Quy \u0110\u1ecbnh California, m\u1ee5c 54000(c)(1).<\/td><\/tr>\r\n\r\n<tr class=\"footnotes_plugin_reference_row\"> <th scope=\"row\" class=\"footnote_plugin_index_combi pointer\"  onclick=\"footnote_moveToAnchor_958_1('footnote_plugin_tooltip_958_1_3');\"><a id=\"footnote_plugin_reference_958_1_3\" class=\"footnote_backlink\"><span class=\"footnote_index_arrow\">&#8593;<\/span>3<\/a><\/th> <td class=\"footnote_plugin_text\"><em>Samantha C.<\/em>&nbsp;\u1edf trang 1491.<\/td><\/tr>\r\n\r\n <\/tbody> <\/table> <\/div><\/div><script type=\"text\/javascript\"> function footnote_expand_reference_container_958_1() { jQuery('#footnote_references_container_958_1').show(); jQuery('#footnote_reference_container_collapse_button_958_1').text('\u2212'); } function footnote_collapse_reference_container_958_1() { jQuery('#footnote_references_container_958_1').hide(); jQuery('#footnote_reference_container_collapse_button_958_1').text('+'); } function footnote_expand_collapse_reference_container_958_1() { if (jQuery('#footnote_references_container_958_1').is(':hidden')) { footnote_expand_reference_container_958_1(); } else { footnote_collapse_reference_container_958_1(); } } function footnote_moveToReference_958_1(p_str_TargetID) { footnote_expand_reference_container_958_1(); var l_obj_Target = jQuery('#' + p_str_TargetID); if (l_obj_Target.length) { jQuery( 'html, body' ).delay( 0 ); jQuery('html, body').animate({ scrollTop: l_obj_Target.offset().top - window.innerHeight * 0.2 }, 380); } } function footnote_moveToAnchor_958_1(p_str_TargetID) { footnote_expand_reference_container_958_1(); var l_obj_Target = jQuery('#' + p_str_TargetID); if (l_obj_Target.length) { jQuery( 'html, body' ).delay( 0 ); jQuery('html, body').animate({ scrollTop: l_obj_Target.offset().top - window.innerHeight * 0.2 }, 380); } }<\/script>","protected":false},"excerpt":{"rendered":"<p>N\u1ebfu qu\u00fd v\u1ecb ch\u1ec9 b\u1ecb khuy\u1ebft t\u1eadt h\u1ecdc t\u1eadp ho\u1eb7c r\u1ed1i lo\u1ea1n t\u00e2m th\u1ea7n v\u00e0 c\u0169ng kh\u00f4ng m\u1eafc m\u1ed9t trong n\u0103m khuy\u1ebft t\u1eadt v\u1ec1 ph\u00e1t&hellip;<\/p>\n","protected":false},"author":1,"featured_media":0,"parent":37,"menu_order":23,"comment_status":"closed","ping_status":"closed","template":"","meta":{"footnotes":""},"class_list":["post-958","page","type-page","status-publish","hentry"],"_links":{"self":[{"href":"https:\/\/rula.disabilityrightsca.org\/vi\/wp-json\/wp\/v2\/pages\/958","targetHints":{"allow":["GET"]}}],"collection":[{"href":"https:\/\/rula.disabilityrightsca.org\/vi\/wp-json\/wp\/v2\/pages"}],"about":[{"href":"https:\/\/rula.disabilityrightsca.org\/vi\/wp-json\/wp\/v2\/types\/page"}],"author":[{"embeddable":true,"href":"https:\/\/rula.disabilityrightsca.org\/vi\/wp-json\/wp\/v2\/users\/1"}],"replies":[{"embeddable":true,"href":"https:\/\/rula.disabilityrightsca.org\/vi\/wp-json\/wp\/v2\/comments?post=958"}],"version-history":[{"count":4,"href":"https:\/\/rula.disabilityrightsca.org\/vi\/wp-json\/wp\/v2\/pages\/958\/revisions"}],"predecessor-version":[{"id":2821,"href":"https:\/\/rula.disabilityrightsca.org\/vi\/wp-json\/wp\/v2\/pages\/958\/revisions\/2821"}],"up":[{"embeddable":true,"href":"https:\/\/rula.disabilityrightsca.org\/vi\/wp-json\/wp\/v2\/pages\/37"}],"wp:attachment":[{"href":"https:\/\/rula.disabilityrightsca.org\/vi\/wp-json\/wp\/v2\/media?parent=958"}],"curies":[{"name":"wp","href":"https:\/\/api.w.org\/{rel}","templated":true}]}}