{"id":956,"date":"2021-05-05T21:16:38","date_gmt":"2021-05-05T21:16:38","guid":{"rendered":"http:\/\/www.rula.disabilityrightsca.org\/vi\/?page_id=956"},"modified":"2022-04-19T16:43:48","modified_gmt":"2022-04-19T16:43:48","slug":"what-are-handicapping-conditions-that-are-solely-physical","status":"publish","type":"page","link":"https:\/\/rula.disabilityrightsca.org\/vi\/rula-book\/chapter-2-eligibility-for-regional-center-services\/what-are-handicapping-conditions-that-are-solely-physical\/","title":{"rendered":"(2.22) \u201cC\u00e1c t\u00ecnh tr\u1ea1ng t\u00e0n t\u1eadt \u0111\u01a1n thu\u1ea7n thu\u1ed9c v\u1ec1 th\u1ec3 ch\u1ea5t\u201d l\u00e0 g\u00ec?"},"content":{"rendered":"\n<p>\u0110\u1ea1o Lu\u1eadt Lanterman quy \u0111\u1ecbnh nh\u1eefng ng\u01b0\u1eddi g\u1eb7p \u201cc\u00e1c t\u00ecnh tr\u1ea1ng t\u00e0n t\u1eadt \u0111\u01a1n thu\u1ea7n thu\u1ed9c v\u1ec1 th\u1ec3 ch\u1ea5t\u201d&nbsp;<strong>kh\u00f4ng<\/strong>&nbsp;h\u1ed9i \u0111\u1ee7 \u0111i\u1ec1u ki\u1ec7n nh\u1eadn c\u00e1c d\u1ecbch v\u1ee5 c\u1ee7a trung t\u00e2m khu v\u1ef1c. <span class=\"footnote_referrer\"><a role=\"button\" tabindex=\"0\" onclick=\"footnote_moveToReference_956_1('footnote_plugin_reference_956_1_1');\" onkeypress=\"footnote_moveToReference_956_1('footnote_plugin_reference_956_1_1');\" ><sup id=\"footnote_plugin_tooltip_956_1_1\" class=\"footnote_plugin_tooltip_text\">[1]<\/sup><\/a><span id=\"footnote_plugin_tooltip_text_956_1_1\" class=\"footnote_tooltip\">M\u1ee5c 4512(a).<\/span><\/span><script type=\"text\/javascript\"> jQuery('#footnote_plugin_tooltip_956_1_1').tooltip({ tip: '#footnote_plugin_tooltip_text_956_1_1', tipClass: 'footnote_tooltip', effect: 'fade', predelay: 0, fadeInSpeed: 200, delay: 400, fadeOutSpeed: 200, position: 'top center', relative: true, offset: [-7, 0], });<\/script><\/p>\n\n\n\n<p>S\u1edf D\u1ecbch V\u1ee5 Ph\u00e1t Tri\u1ec3n \u0111\u1ecbnh ngh\u0129a c\u00e1c t\u00ecnh tr\u1ea1ng \u0111\u01a1n thu\u1ea7n thu\u1ed9c v\u1ec1 th\u1ec3 ch\u1ea5t bao g\u1ed3m: c\u00e1c b\u1ea5t th\u01b0\u1eddng b\u1ea9m sinh ho\u1eb7c c\u00e1c t\u00ecnh tr\u1ea1ng ph\u00e1t sinh do b\u1ec7nh, tai n\u1ea1n ho\u1eb7c ph\u00e1t tri\u1ec3n l\u1ec7ch l\u1ea1c, kh\u00f4ng li\u00ean quan \u0111\u1ebfn khi\u1ebfm khuy\u1ebft th\u1ea7n kinh, d\u1eabn \u0111\u1ebfn nhu c\u1ea7u \u0111i\u1ec1u tr\u1ecb t\u01b0\u01a1ng t\u1ef1 nhu c\u1ea7u \u0111i\u1ec1u tr\u1ecb cho khuy\u1ebft t\u1eadt tr\u00ed tu\u1ec7. <span class=\"footnote_referrer\"><a role=\"button\" tabindex=\"0\" onclick=\"footnote_moveToReference_956_1('footnote_plugin_reference_956_1_2');\" onkeypress=\"footnote_moveToReference_956_1('footnote_plugin_reference_956_1_2');\" ><sup id=\"footnote_plugin_tooltip_956_1_2\" class=\"footnote_plugin_tooltip_text\">[2]<\/sup><\/a><span id=\"footnote_plugin_tooltip_text_956_1_2\" class=\"footnote_tooltip\">Ti\u00eau \u0110\u1ec1 17, B\u1ed9 Lu\u1eadt C\u00e1c Quy \u0110\u1ecbnh California, m\u1ee5c 54000(c)(3).<\/span><\/span><script type=\"text\/javascript\"> jQuery('#footnote_plugin_tooltip_956_1_2').tooltip({ tip: '#footnote_plugin_tooltip_text_956_1_2', tipClass: 'footnote_tooltip', effect: 'fade', predelay: 0, fadeInSpeed: 200, delay: 400, fadeOutSpeed: 200, position: 'top center', relative: true, offset: [-7, 0], });<\/script> N\u00f3i c\u00e1ch kh\u00e1c, c\u00e1c t\u00ecnh tr\u1ea1ng thu\u1ed9c v\u1ec1 th\u1ec3 ch\u1ea5t \u1edf n\u00e3o b\u1ed9 kh\u00f4ng b\u1ecb lo\u1ea1i tr\u1eeb kh\u1ecfi vi\u1ec7c l\u00e0 c\u00e1c khuy\u1ebft t\u1eadt v\u1ec1 ph\u00e1t tri\u1ec3n. Ng\u01b0\u1eddi m\u1eafc b\u1ec7nh b\u1ea1i n\u00e3o c\u00f3 th\u1ec3 ch\u1ec9 khuy\u1ebft t\u1eadt th\u1ec3 ch\u1ea5t v\u00e0 kh\u00f4ng b\u1ecb khi\u1ebfm khuy\u1ebft tr\u00ed tu\u1ec7. Mi\u1ec5n l\u00e0 t\u00ecnh tr\u1ea1ng c\u1ee7a h\u1ecd g\u00e2y ra khuy\u1ebft t\u1eadt \u0111\u00e1ng k\u1ec3, h\u1ecd h\u1ed9i \u0111\u1ee7 \u0111i\u1ec1u ki\u1ec7n h\u01b0\u1edfng d\u1ecbch v\u1ee5 c\u1ee7a trung t\u00e2m khu v\u1ef1c do \u0110\u1ea1o Lu\u1eadt Lanterman c\u00f3 k\u1ec3 t\u00ean b\u1ec7nh b\u1ea1i n\u00e3o. Tuy nhi\u00ean, b\u1ea3n th\u00e2n b\u1ec7nh lo\u1ea1n d\u01b0\u1ee1ng c\u01a1, k\u1ec3 c\u1ea3 khi d\u1eabn \u0111\u1ebfn khuy\u1ebft t\u1eadt \u0111\u00e1ng k\u1ec3, kh\u00f4ng khi\u1ebfn m\u1ed9t ng\u01b0\u1eddi h\u1ed9i \u0111\u1ee7 \u0111i\u1ec1u ki\u1ec7n h\u01b0\u1edfng d\u1ecbch v\u1ee5 c\u1ee7a trung t\u00e2m khu v\u1ef1c.<\/p>\n<div class=\"speaker-mute footnotes_reference_container\"> <div class=\"footnote_container_prepare\"><p><span role=\"button\" tabindex=\"0\" class=\"footnote_reference_container_label pointer\" onclick=\"footnote_expand_collapse_reference_container_956_1();\">&#x202F;<\/span><span role=\"button\" tabindex=\"0\" class=\"footnote_reference_container_collapse_button\" style=\"display: none;\" onclick=\"footnote_expand_collapse_reference_container_956_1();\">[<a id=\"footnote_reference_container_collapse_button_956_1\">+<\/a>]<\/span><\/p><\/div> <div id=\"footnote_references_container_956_1\" style=\"\"><table class=\"footnotes_table footnote-reference-container\"><caption class=\"accessibility\">References<\/caption> <tbody> \r\n\r\n<tr class=\"footnotes_plugin_reference_row\"> <th scope=\"row\" class=\"footnote_plugin_index_combi pointer\"  onclick=\"footnote_moveToAnchor_956_1('footnote_plugin_tooltip_956_1_1');\"><a id=\"footnote_plugin_reference_956_1_1\" class=\"footnote_backlink\"><span class=\"footnote_index_arrow\">&#8593;<\/span>1<\/a><\/th> <td class=\"footnote_plugin_text\">M\u1ee5c 4512(a).<\/td><\/tr>\r\n\r\n<tr class=\"footnotes_plugin_reference_row\"> <th scope=\"row\" class=\"footnote_plugin_index_combi pointer\"  onclick=\"footnote_moveToAnchor_956_1('footnote_plugin_tooltip_956_1_2');\"><a id=\"footnote_plugin_reference_956_1_2\" class=\"footnote_backlink\"><span class=\"footnote_index_arrow\">&#8593;<\/span>2<\/a><\/th> <td class=\"footnote_plugin_text\">Ti\u00eau \u0110\u1ec1 17, B\u1ed9 Lu\u1eadt C\u00e1c Quy \u0110\u1ecbnh California, m\u1ee5c 54000(c)(3).<\/td><\/tr>\r\n\r\n <\/tbody> <\/table> <\/div><\/div><script type=\"text\/javascript\"> function footnote_expand_reference_container_956_1() { jQuery('#footnote_references_container_956_1').show(); jQuery('#footnote_reference_container_collapse_button_956_1').text('\u2212'); } function footnote_collapse_reference_container_956_1() { jQuery('#footnote_references_container_956_1').hide(); jQuery('#footnote_reference_container_collapse_button_956_1').text('+'); } function footnote_expand_collapse_reference_container_956_1() { if (jQuery('#footnote_references_container_956_1').is(':hidden')) { footnote_expand_reference_container_956_1(); } else { footnote_collapse_reference_container_956_1(); } } function footnote_moveToReference_956_1(p_str_TargetID) { footnote_expand_reference_container_956_1(); var l_obj_Target = jQuery('#' + p_str_TargetID); if (l_obj_Target.length) { jQuery( 'html, body' ).delay( 0 ); jQuery('html, body').animate({ scrollTop: l_obj_Target.offset().top - window.innerHeight * 0.2 }, 380); } } function footnote_moveToAnchor_956_1(p_str_TargetID) { footnote_expand_reference_container_956_1(); var l_obj_Target = jQuery('#' + p_str_TargetID); if (l_obj_Target.length) { jQuery( 'html, body' ).delay( 0 ); jQuery('html, body').animate({ scrollTop: l_obj_Target.offset().top - window.innerHeight * 0.2 }, 380); } }<\/script>","protected":false},"excerpt":{"rendered":"<p>\u0110\u1ea1o Lu\u1eadt Lanterman quy \u0111\u1ecbnh nh\u1eefng ng\u01b0\u1eddi g\u1eb7p \u201cc\u00e1c t\u00ecnh tr\u1ea1ng t\u00e0n t\u1eadt \u0111\u01a1n thu\u1ea7n thu\u1ed9c v\u1ec1 th\u1ec3 ch\u1ea5t\u201d&nbsp;kh\u00f4ng&nbsp;h\u1ed9i \u0111\u1ee7 \u0111i\u1ec1u ki\u1ec7n nh\u1eadn c\u00e1c d\u1ecbch&hellip;<\/p>\n","protected":false},"author":1,"featured_media":0,"parent":37,"menu_order":22,"comment_status":"closed","ping_status":"closed","template":"","meta":{"footnotes":""},"class_list":["post-956","page","type-page","status-publish","hentry"],"_links":{"self":[{"href":"https:\/\/rula.disabilityrightsca.org\/vi\/wp-json\/wp\/v2\/pages\/956","targetHints":{"allow":["GET"]}}],"collection":[{"href":"https:\/\/rula.disabilityrightsca.org\/vi\/wp-json\/wp\/v2\/pages"}],"about":[{"href":"https:\/\/rula.disabilityrightsca.org\/vi\/wp-json\/wp\/v2\/types\/page"}],"author":[{"embeddable":true,"href":"https:\/\/rula.disabilityrightsca.org\/vi\/wp-json\/wp\/v2\/users\/1"}],"replies":[{"embeddable":true,"href":"https:\/\/rula.disabilityrightsca.org\/vi\/wp-json\/wp\/v2\/comments?post=956"}],"version-history":[{"count":4,"href":"https:\/\/rula.disabilityrightsca.org\/vi\/wp-json\/wp\/v2\/pages\/956\/revisions"}],"predecessor-version":[{"id":2820,"href":"https:\/\/rula.disabilityrightsca.org\/vi\/wp-json\/wp\/v2\/pages\/956\/revisions\/2820"}],"up":[{"embeddable":true,"href":"https:\/\/rula.disabilityrightsca.org\/vi\/wp-json\/wp\/v2\/pages\/37"}],"wp:attachment":[{"href":"https:\/\/rula.disabilityrightsca.org\/vi\/wp-json\/wp\/v2\/media?parent=956"}],"curies":[{"name":"wp","href":"https:\/\/api.w.org\/{rel}","templated":true}]}}