{"id":954,"date":"2021-05-05T21:13:37","date_gmt":"2021-05-05T21:13:37","guid":{"rendered":"http:\/\/www.rula.disabilityrightsca.org\/vi\/?page_id=954"},"modified":"2022-04-19T16:43:31","modified_gmt":"2022-04-19T16:43:31","slug":"how-do-i-prove-i-have-a-substantial-disability","status":"publish","type":"page","link":"https:\/\/rula.disabilityrightsca.org\/vi\/rula-book\/chapter-2-eligibility-for-regional-center-services\/how-do-i-prove-i-have-a-substantial-disability\/","title":{"rendered":"(2.21) L\u00e0m c\u00e1ch n\u00e0o \u0111\u1ec3 t\u00f4i ch\u1ee9ng minh b\u1ea3n th\u00e2n b\u1ecb khuy\u1ebft t\u1eadt \u0111\u00e1ng k\u1ec3?"},"content":{"rendered":"\n<p>S\u1eed d\u1ee5ng c\u00e1c t\u00e0i li\u1ec7u m\u00f4 t\u1ea3 ch\u00ednh x\u00e1c ch\u1ea9n \u0111o\u00e1n, t\u00ecnh tr\u1ea1ng v\u00e0 c\u00e1c k\u1ef9 n\u0103ng c\u1ee7a qu\u00fd v\u1ecb. Qu\u00fd v\u1ecb c\u00f3 th\u1ec3 s\u1eed d\u1ee5ng c\u00e1c th\u1ea9m \u0111\u1ecbnh t\u00e2m l\u00fd \u0111\u1ec3 ch\u1ee9ng minh ch\u1ea9n \u0111o\u00e1n c\u1ee7a qu\u00fd v\u1ecb v\u00e0&nbsp;<em>m\u1ee9c \u0111\u1ed9<\/em>&nbsp;khuy\u1ebft t\u1eadt \u0111\u00e1ng k\u1ec3 c\u1ee7a qu\u00fd v\u1ecb. Nh\u1edd nh\u1eefng ng\u01b0\u1eddi bi\u1ebft r\u00f5 qu\u00fd v\u1ecb m\u00f4 t\u1ea3 m\u1ee9c \u0111\u1ed9 \u1ea3nh h\u01b0\u1edfng c\u1ee7a t\u00ecnh tr\u1ea1ng \u0111\u1ebfn ch\u1ee9c n\u0103ng c\u1ee7a qu\u00fd v\u1ecb trong b\u1ea3y l\u0129nh v\u1ef1c. Khi x\u00e1c \u0111\u1ecbnh xem qu\u00fd v\u1ecb c\u00f3 m\u1eafc khuy\u1ebft t\u1eadt \u0111\u00e1ng k\u1ec3 kh\u00f4ng, lu\u1eadt n\u00e0y quy \u0111\u1ecbnh c\u00e1c trung t\u00e2m khu v\u1ef1c ph\u1ea3i trao \u0111\u1ed5i v\u1edbi qu\u00fd v\u1ecb, ph\u1ee5 huynh, nh\u00e0 gi\u00e1o d\u1ee5c, ng\u01b0\u1eddi b\u00eanh v\u1ef1c v\u00e0 nh\u1eefng ng\u01b0\u1eddi kh\u00e1c. <span class=\"footnote_referrer\"><a role=\"button\" tabindex=\"0\" onclick=\"footnote_moveToReference_954_1('footnote_plugin_reference_954_1_1');\" onkeypress=\"footnote_moveToReference_954_1('footnote_plugin_reference_954_1_1');\" ><sup id=\"footnote_plugin_tooltip_954_1_1\" class=\"footnote_plugin_tooltip_text\">[1]<\/sup><\/a><span id=\"footnote_plugin_tooltip_text_954_1_1\" class=\"footnote_tooltip\">Ti\u00eau \u0110\u1ec1 17, B\u1ed9 Lu\u1eadt C\u00e1c Quy \u0110\u1ecbnh California, m\u1ee5c 54001(c).<\/span><\/span><script type=\"text\/javascript\"> jQuery('#footnote_plugin_tooltip_954_1_1').tooltip({ tip: '#footnote_plugin_tooltip_text_954_1_1', tipClass: 'footnote_tooltip', effect: 'fade', predelay: 0, fadeInSpeed: 200, delay: 400, fadeOutSpeed: 200, position: 'top center', relative: true, offset: [-7, 0], });<\/script><\/p>\n\n\n\n<p>Lu\u1eadt n\u00e0y quy \u0111\u1ecbnh c\u00e1c k\u1ef9 n\u0103ng c\u1ee7a qu\u00fd v\u1ecb trong nh\u1eefng l\u0129nh v\u1ef1c n\u00e0y ph\u1ea3i \u0111\u01b0\u1ee3c xem x\u00e9t theo tu\u1ed5i c\u1ee7a qu\u00fd v\u1ecb. <span class=\"footnote_referrer\"><a role=\"button\" tabindex=\"0\" onclick=\"footnote_moveToReference_954_1('footnote_plugin_reference_954_1_2');\" onkeypress=\"footnote_moveToReference_954_1('footnote_plugin_reference_954_1_2');\" ><sup id=\"footnote_plugin_tooltip_954_1_2\" class=\"footnote_plugin_tooltip_text\">[2]<\/sup><\/a><span id=\"footnote_plugin_tooltip_text_954_1_2\" class=\"footnote_tooltip\">Ti\u00eau \u0110\u1ec1 17, B\u1ed9 Lu\u1eadt C\u00e1c Quy \u0110\u1ecbnh California m\u1ee5c 54001(a)(2).<\/span><\/span><script type=\"text\/javascript\"> jQuery('#footnote_plugin_tooltip_954_1_2').tooltip({ tip: '#footnote_plugin_tooltip_text_954_1_2', tipClass: 'footnote_tooltip', effect: 'fade', predelay: 0, fadeInSpeed: 200, delay: 400, fadeOutSpeed: 200, position: 'top center', relative: true, offset: [-7, 0], });<\/script>&nbsp;V\u00ed d\u1ee5: tr\u1ebb kh\u00f4ng c\u00f3 vi\u1ec7c l\u00e0m, nh\u01b0ng \u0111i\u1ec1u \u0111\u00f3 kh\u00f4ng c\u00f3 ngh\u0129a tr\u1ebb b\u1ecb khuy\u1ebft t\u1eadt \u0111\u00e1ng k\u1ec3 trong kh\u1ea3 n\u0103ng t\u1ef1 t\u00fac kinh t\u1ebf. Tuy nhi\u00ean, gia \u0111\u00ecnh c\u00f3 th\u1ec3 cho bi\u1ebft t\u00ecnh tr\u1ea1ng v\u00e0 c\u00e1c k\u1ef9 n\u0103ng c\u1ee7a tr\u1ebb trong c\u00e1c l\u0129nh v\u1ef1c kh\u00e1c ch\u1ee9ng minh kh\u1ea3 n\u0103ng t\u1ef1 t\u00fac kinh t\u1ebf c\u1ee7a tr\u1ebb nh\u01b0 ng\u01b0\u1eddi l\u1edbn. H\u01b0\u1edbng D\u1eabn ARCA \u0111\u1ec1 xu\u1ea5t ch\u1ec9 c\u1ea7n c\u00e2n nh\u1eafc 5 l\u0129nh v\u1ef1c ch\u1ee9c n\u0103ng \u0111\u1ea7u ti\u00ean v\u1edbi tr\u1ebb t\u1eeb 5 tu\u1ed5i tr\u1edf xu\u1ed1ng. V\u1edbi h\u1ecdc sinh t\u1eeb 6 \u0111\u1ebfn 22 tu\u1ed5i, 6 l\u0129nh v\u1ef1c ch\u1ee9c n\u0103ng \u0111\u1ea7u ti\u00ean \u0111\u01b0\u1ee3c \u00e1p d\u1ee5ng. <span class=\"footnote_referrer\"><a role=\"button\" tabindex=\"0\" onclick=\"footnote_moveToReference_954_1('footnote_plugin_reference_954_1_3');\" onkeypress=\"footnote_moveToReference_954_1('footnote_plugin_reference_954_1_3');\" ><sup id=\"footnote_plugin_tooltip_954_1_3\" class=\"footnote_plugin_tooltip_text\">[3]<\/sup><\/a><span id=\"footnote_plugin_tooltip_text_954_1_3\" class=\"footnote_tooltip\">H\u01b0\u1edbng D\u1eabn ARCA, Ph\u1ea7n III.<\/span><\/span><script type=\"text\/javascript\"> jQuery('#footnote_plugin_tooltip_954_1_3').tooltip({ tip: '#footnote_plugin_tooltip_text_954_1_3', tipClass: 'footnote_tooltip', effect: 'fade', predelay: 0, fadeInSpeed: 200, delay: 400, fadeOutSpeed: 200, position: 'top center', relative: true, offset: [-7, 0], });<\/script><\/p>\n<div class=\"speaker-mute footnotes_reference_container\"> <div class=\"footnote_container_prepare\"><p><span role=\"button\" tabindex=\"0\" class=\"footnote_reference_container_label pointer\" onclick=\"footnote_expand_collapse_reference_container_954_1();\">&#x202F;<\/span><span role=\"button\" tabindex=\"0\" class=\"footnote_reference_container_collapse_button\" style=\"display: none;\" onclick=\"footnote_expand_collapse_reference_container_954_1();\">[<a id=\"footnote_reference_container_collapse_button_954_1\">+<\/a>]<\/span><\/p><\/div> <div id=\"footnote_references_container_954_1\" style=\"\"><table class=\"footnotes_table footnote-reference-container\"><caption class=\"accessibility\">References<\/caption> <tbody> \r\n\r\n<tr class=\"footnotes_plugin_reference_row\"> <th scope=\"row\" class=\"footnote_plugin_index_combi pointer\"  onclick=\"footnote_moveToAnchor_954_1('footnote_plugin_tooltip_954_1_1');\"><a id=\"footnote_plugin_reference_954_1_1\" class=\"footnote_backlink\"><span class=\"footnote_index_arrow\">&#8593;<\/span>1<\/a><\/th> <td class=\"footnote_plugin_text\">Ti\u00eau \u0110\u1ec1 17, B\u1ed9 Lu\u1eadt C\u00e1c Quy \u0110\u1ecbnh California, m\u1ee5c 54001(c).<\/td><\/tr>\r\n\r\n<tr class=\"footnotes_plugin_reference_row\"> <th scope=\"row\" class=\"footnote_plugin_index_combi pointer\"  onclick=\"footnote_moveToAnchor_954_1('footnote_plugin_tooltip_954_1_2');\"><a id=\"footnote_plugin_reference_954_1_2\" class=\"footnote_backlink\"><span class=\"footnote_index_arrow\">&#8593;<\/span>2<\/a><\/th> <td class=\"footnote_plugin_text\">Ti\u00eau \u0110\u1ec1 17, B\u1ed9 Lu\u1eadt C\u00e1c Quy \u0110\u1ecbnh California m\u1ee5c 54001(a)(2).<\/td><\/tr>\r\n\r\n<tr class=\"footnotes_plugin_reference_row\"> <th scope=\"row\" class=\"footnote_plugin_index_combi pointer\"  onclick=\"footnote_moveToAnchor_954_1('footnote_plugin_tooltip_954_1_3');\"><a id=\"footnote_plugin_reference_954_1_3\" class=\"footnote_backlink\"><span class=\"footnote_index_arrow\">&#8593;<\/span>3<\/a><\/th> <td class=\"footnote_plugin_text\">H\u01b0\u1edbng D\u1eabn ARCA, Ph\u1ea7n III.<\/td><\/tr>\r\n\r\n <\/tbody> <\/table> <\/div><\/div><script type=\"text\/javascript\"> function footnote_expand_reference_container_954_1() { jQuery('#footnote_references_container_954_1').show(); jQuery('#footnote_reference_container_collapse_button_954_1').text('\u2212'); } function footnote_collapse_reference_container_954_1() { jQuery('#footnote_references_container_954_1').hide(); jQuery('#footnote_reference_container_collapse_button_954_1').text('+'); } function footnote_expand_collapse_reference_container_954_1() { if (jQuery('#footnote_references_container_954_1').is(':hidden')) { footnote_expand_reference_container_954_1(); } else { footnote_collapse_reference_container_954_1(); } } function footnote_moveToReference_954_1(p_str_TargetID) { footnote_expand_reference_container_954_1(); var l_obj_Target = jQuery('#' + p_str_TargetID); if (l_obj_Target.length) { jQuery( 'html, body' ).delay( 0 ); jQuery('html, body').animate({ scrollTop: l_obj_Target.offset().top - window.innerHeight * 0.2 }, 380); } } function footnote_moveToAnchor_954_1(p_str_TargetID) { footnote_expand_reference_container_954_1(); var l_obj_Target = jQuery('#' + p_str_TargetID); if (l_obj_Target.length) { jQuery( 'html, body' ).delay( 0 ); jQuery('html, body').animate({ scrollTop: l_obj_Target.offset().top - window.innerHeight * 0.2 }, 380); } }<\/script>","protected":false},"excerpt":{"rendered":"<p>S\u1eed d\u1ee5ng c\u00e1c t\u00e0i li\u1ec7u m\u00f4 t\u1ea3 ch\u00ednh x\u00e1c ch\u1ea9n \u0111o\u00e1n, t\u00ecnh tr\u1ea1ng v\u00e0 c\u00e1c k\u1ef9 n\u0103ng c\u1ee7a qu\u00fd v\u1ecb. Qu\u00fd v\u1ecb c\u00f3 th\u1ec3 s\u1eed&hellip;<\/p>\n","protected":false},"author":1,"featured_media":0,"parent":37,"menu_order":21,"comment_status":"closed","ping_status":"closed","template":"","meta":{"footnotes":""},"class_list":["post-954","page","type-page","status-publish","hentry"],"_links":{"self":[{"href":"https:\/\/rula.disabilityrightsca.org\/vi\/wp-json\/wp\/v2\/pages\/954","targetHints":{"allow":["GET"]}}],"collection":[{"href":"https:\/\/rula.disabilityrightsca.org\/vi\/wp-json\/wp\/v2\/pages"}],"about":[{"href":"https:\/\/rula.disabilityrightsca.org\/vi\/wp-json\/wp\/v2\/types\/page"}],"author":[{"embeddable":true,"href":"https:\/\/rula.disabilityrightsca.org\/vi\/wp-json\/wp\/v2\/users\/1"}],"replies":[{"embeddable":true,"href":"https:\/\/rula.disabilityrightsca.org\/vi\/wp-json\/wp\/v2\/comments?post=954"}],"version-history":[{"count":6,"href":"https:\/\/rula.disabilityrightsca.org\/vi\/wp-json\/wp\/v2\/pages\/954\/revisions"}],"predecessor-version":[{"id":2819,"href":"https:\/\/rula.disabilityrightsca.org\/vi\/wp-json\/wp\/v2\/pages\/954\/revisions\/2819"}],"up":[{"embeddable":true,"href":"https:\/\/rula.disabilityrightsca.org\/vi\/wp-json\/wp\/v2\/pages\/37"}],"wp:attachment":[{"href":"https:\/\/rula.disabilityrightsca.org\/vi\/wp-json\/wp\/v2\/media?parent=954"}],"curies":[{"name":"wp","href":"https:\/\/api.w.org\/{rel}","templated":true}]}}