{"id":952,"date":"2021-05-05T21:10:50","date_gmt":"2021-05-05T21:10:50","guid":{"rendered":"http:\/\/www.rula.disabilityrightsca.org\/vi\/?page_id=952"},"modified":"2022-04-19T16:43:03","modified_gmt":"2022-04-19T16:43:03","slug":"what-does-substantial-disability-mean","status":"publish","type":"page","link":"https:\/\/rula.disabilityrightsca.org\/vi\/rula-book\/chapter-2-eligibility-for-regional-center-services\/what-does-substantial-disability-mean\/","title":{"rendered":"(2.20) \u201cKhuy\u1ebft t\u1eadt \u0111\u00e1ng k\u1ec3\u201d ngh\u0129a l\u00e0 g\u00ec?"},"content":{"rendered":"\n<p>Khuy\u1ebft t\u1eadt \u0111\u00e1ng k\u1ec3 l\u00e0 khi\u1ebfm khuy\u1ebft nghi\u00eam tr\u1ecdng v\u1ec1 ch\u1ee9c n\u0103ng nh\u1eadn th\u1ee9c v\u00e0\/ho\u1eb7c x\u00e3 h\u1ed9i, \u0111\u00f2i h\u1ecfi vi\u1ec7c l\u1eadp k\u1ebf ho\u1ea1ch li\u00ean ng\u00e0nh v\u00e0 \u0111i\u1ec1u ph\u1ed1i d\u1ecbch v\u1ee5 \u0111\u1ec3 tr\u1ee3 gi\u00fap qu\u00fd v\u1ecb \u0111\u1ea1t ti\u1ec1m n\u0103ng t\u1ed1i \u0111a c\u1ee7a b\u1ea3n th\u00e2n. Lu\u1eadt n\u00e0y quy \u0111\u1ecbnh qu\u00fd v\u1ecb ph\u1ea3i g\u1eb7p m\u1ed9t trong n\u0103m t\u00ecnh tr\u1ea1ng h\u1ed9i \u0111\u1ee7 \u0111i\u1ec1u ki\u1ec7n \u0111\u1ec1 c\u1eadp b\u00ean tr\u00ean,&nbsp;<strong>v\u00e0<\/strong>&nbsp;t\u00ecnh tr\u1ea1ng \u0111\u00f3 ph\u1ea3i l\u00e0&nbsp;<em>khuy\u1ebft t\u1eadt \u0111\u00e1ng k\u1ec3<\/em>&nbsp;\u0111\u1ed1i v\u1edbi qu\u00fd v\u1ecb \u1edf ba l\u0129nh v\u1ef1c ch\u00ednh c\u1ee7a cu\u1ed9c s\u1ed1ng tr\u1edf l\u00ean trong s\u1ed1 sau \u0111\u00e2y: <span class=\"footnote_referrer\"><a role=\"button\" tabindex=\"0\" onclick=\"footnote_moveToReference_952_1('footnote_plugin_reference_952_1_1');\" onkeypress=\"footnote_moveToReference_952_1('footnote_plugin_reference_952_1_1');\" ><sup id=\"footnote_plugin_tooltip_952_1_1\" class=\"footnote_plugin_tooltip_text\">[1]<\/sup><\/a><span id=\"footnote_plugin_tooltip_text_952_1_1\" class=\"footnote_tooltip\">M\u1ee5c 4512(a).<\/span><\/span><script type=\"text\/javascript\"> jQuery('#footnote_plugin_tooltip_952_1_1').tooltip({ tip: '#footnote_plugin_tooltip_text_952_1_1', tipClass: 'footnote_tooltip', effect: 'fade', predelay: 0, fadeInSpeed: 200, delay: 400, fadeOutSpeed: 200, position: 'top center', relative: true, offset: [-7, 0], });<\/script><\/p>\n\n\n\n<ul class=\"wp-block-list\"><li>Giao ti\u1ebfp (ti\u1ebfp thu v\u00e0 di\u1ec5n \u0111\u1ea1t)<\/li><li>h\u1ecdc t\u1eadp<\/li><li>t\u1ef1 ch\u0103m s\u00f3c<\/li><li>v\u1eadn \u0111\u1ed9ng<\/li><li>t\u1ef1 ch\u1ee7<\/li><li>kh\u1ea3 n\u0103ng s\u1ed1ng \u0111\u1ed9c l\u1eadp<\/li><li>t\u1ef1 t\u00fac kinh t\u1ebf. <span class=\"footnote_referrer\"><a role=\"button\" tabindex=\"0\" onclick=\"footnote_moveToReference_952_1('footnote_plugin_reference_952_1_2');\" onkeypress=\"footnote_moveToReference_952_1('footnote_plugin_reference_952_1_2');\" ><sup id=\"footnote_plugin_tooltip_952_1_2\" class=\"footnote_plugin_tooltip_text\">[2]<\/sup><\/a><span id=\"footnote_plugin_tooltip_text_952_1_2\" class=\"footnote_tooltip\">Ti\u00eau \u0110\u1ec1 17, B\u1ed9 Lu\u1eadt C\u00e1c Quy \u0110\u1ecbnh California, m\u1ee5c 54001(a).<\/span><\/span><script type=\"text\/javascript\"> jQuery('#footnote_plugin_tooltip_952_1_2').tooltip({ tip: '#footnote_plugin_tooltip_text_952_1_2', tipClass: 'footnote_tooltip', effect: 'fade', predelay: 0, fadeInSpeed: 200, delay: 400, fadeOutSpeed: 200, position: 'top center', relative: true, offset: [-7, 0], });<\/script><\/li><\/ul>\n\n\n\n<p>B\u1ea5t k\u1ec3 qu\u00fd v\u1ecb b\u1ecb khuy\u1ebft t\u1eadt n\u00e0o khi \u0111\u0103ng k\u00fd nh\u1eadn d\u1ecbch v\u1ee5 c\u1ee7a trung t\u00e2m khu v\u1ef1c, qu\u00fd v\u1ecb ph\u1ea3i ch\u1ee9ng minh t\u00ecnh tr\u1ea1ng \u0111\u00f3 d\u1eabn \u0111\u1ebfn khuy\u1ebft t\u1eadt \u0111\u00e1ng k\u1ec3. <em>Khuy\u1ebft t\u1eadt \u0111\u00e1ng k\u1ec3<\/em>&nbsp;l\u00e0 \u201ckhi\u1ebfm khuy\u1ebft nghi\u00eam tr\u1ecdng v\u1ec1 ch\u1ee9c n\u0103ng nh\u1eadn th\u1ee9c v\u00e0\/ho\u1eb7c x\u00e3 h\u1ed9i\u201d. <span class=\"footnote_referrer\"><a role=\"button\" tabindex=\"0\" onclick=\"footnote_moveToReference_952_1('footnote_plugin_reference_952_1_3');\" onkeypress=\"footnote_moveToReference_952_1('footnote_plugin_reference_952_1_3');\" ><sup id=\"footnote_plugin_tooltip_952_1_3\" class=\"footnote_plugin_tooltip_text\">[3]<\/sup><\/a><span id=\"footnote_plugin_tooltip_text_952_1_3\" class=\"footnote_tooltip\">Ti\u00eau \u0110\u1ec1 17, B\u1ed9 Lu\u1eadt C\u00e1c Quy \u0110\u1ecbnh California, m\u1ee5c 54001.<\/span><\/span><script type=\"text\/javascript\"> jQuery('#footnote_plugin_tooltip_952_1_3').tooltip({ tip: '#footnote_plugin_tooltip_text_952_1_3', tipClass: 'footnote_tooltip', effect: 'fade', predelay: 0, fadeInSpeed: 200, delay: 400, fadeOutSpeed: 200, position: 'top center', relative: true, offset: [-7, 0], });<\/script> \u0110i\u1ec1u n\u00e0y ngh\u0129a l\u00e0 qu\u00fd v\u1ecb b\u1ecb khuy\u1ebft t\u1eadt \u0111\u00e1ng k\u1ec3 do m\u1ed9t v\u1ea5n \u0111\u1ec1 nghi\u00eam tr\u1ecdng v\u1edbi&nbsp;<em>m\u1ed9t trong hai l\u0129nh v\u1ef1c:<\/em><\/p>\n\n\n\n<ul class=\"wp-block-list\"><li>Ch\u1ee9c n\u0103ng nh\u1eadn th\u1ee9c c\u1ee7a qu\u00fd v\u1ecb (kh\u1ea3 n\u0103ng t\u01b0 duy, kh\u1ea3 n\u0103ng l\u1eadp lu\u1eadn c\u1ee7a qu\u00fd v\u1ecb),&nbsp;<strong><em>ho\u1eb7c<\/em><\/strong><\/li><li>Ch\u1ee9c n\u0103ng x\u00e3 h\u1ed9i c\u1ee7a qu\u00fd v\u1ecb (quan h\u1ec7 c\u1ee7a qu\u00fd v\u1ecb v\u1edbi ng\u01b0\u1eddi kh\u00e1c).<\/li><\/ul>\n\n\n\n<p>Qu\u00fd v\u1ecb kh\u00f4ng ph\u1ea3i ch\u1ee9ng minh c\u1ea3 hai.<\/p>\n\n\n\n<p>Nhi\u1ec1u ng\u01b0\u1eddi t\u1ef1 k\u1ef7 g\u1eb7p v\u1ea5n \u0111\u1ec1 nghi\u00eam tr\u1ecdng trong vi\u1ec7c t\u01b0\u01a1ng t\u00e1c x\u00e3 h\u1ed9i. H\u1ecd c\u00f3 th\u1ec3 kh\u00f4ng g\u1eb7p v\u1ea5n \u0111\u1ec1 trong vi\u1ec7c t\u01b0 duy. H\u1ecd c\u00f3 th\u1ec3 \u0111\u1ea1t \u0111i\u1ec3m s\u1ed1 cao trong c\u00e1c b\u00e0i ki\u1ec3m tra tr\u00ed th\u00f4ng minh. Tuy nhi\u00ean, n\u1ebfu h\u1ecd ch\u1ee9ng minh r\u1eb1ng c\u00e1c k\u1ef9 n\u0103ng x\u00e3 h\u1ed9i c\u1ee7a h\u1ecd b\u1ecb khi\u1ebfm khuy\u1ebft nghi\u00eam tr\u1ecdng do t\u1ef1 k\u1ef7, h\u1ecd c\u00f3 th\u1ec3 b\u1ecb khuy\u1ebft t\u1eadt \u0111\u00e1ng k\u1ec3 v\u00e0 h\u1ed9i \u0111\u1ee7 \u0111i\u1ec1u ki\u1ec7n nh\u1eadn c\u00e1c d\u1ecbch v\u1ee5 c\u1ee7a trung t\u00e2m khu v\u1ef1c.<\/p>\n\n\n\n<p>Theo lu\u1eadt n\u00e0y, c\u00e1c t\u00ecnh tr\u1ea1ng khuy\u1ebft t\u1eadt \u0111\u00e1ng k\u1ec3 \u0111\u00f2i h\u1ecfi vi\u1ec7c \u201cl\u1eadp k\u1ebf ho\u1ea1ch li\u00ean ng\u00e0nh\u201d v\u00e0 \u201c\u0111i\u1ec1u ph\u1ed1i d\u1ecbch v\u1ee5\u201d \u0111\u1ec3 tr\u1ee3 gi\u00fap qu\u00fd v\u1ecb \u201c\u0111\u1ea1t ti\u1ec1m n\u0103ng t\u1ed1i \u0111a c\u1ee7a b\u1ea3n th\u00e2n\u201d. <span class=\"footnote_referrer\"><a role=\"button\" tabindex=\"0\" onclick=\"footnote_moveToReference_952_1('footnote_plugin_reference_952_1_4');\" onkeypress=\"footnote_moveToReference_952_1('footnote_plugin_reference_952_1_4');\" ><sup id=\"footnote_plugin_tooltip_952_1_4\" class=\"footnote_plugin_tooltip_text\">[4]<\/sup><\/a><span id=\"footnote_plugin_tooltip_text_952_1_4\" class=\"footnote_tooltip\">Ti\u00eau \u0110\u1ec1 17, B\u1ed9 Lu\u1eadt C\u00e1c Quy \u0110\u1ecbnh California, m\u1ee5c 54001(a).<\/span><\/span><script type=\"text\/javascript\"> jQuery('#footnote_plugin_tooltip_952_1_4').tooltip({ tip: '#footnote_plugin_tooltip_text_952_1_4', tipClass: 'footnote_tooltip', effect: 'fade', predelay: 0, fadeInSpeed: 200, delay: 400, fadeOutSpeed: 200, position: 'top center', relative: true, offset: [-7, 0], });<\/script><\/p>\n\n\n\n<p>\u201cL\u1eadp k\u1ebf ho\u1ea1ch li\u00ean ng\u00e0nh\u201d ngh\u0129a l\u00e0 qu\u00fd v\u1ecb c\u1ea7n c\u00e1c d\u1ecbch v\u1ee5 c\u1ee7a nh\u1eefng ng\u01b0\u1eddi kh\u00e1c nhau nh\u01b0 gi\u00e1o vi\u00ean, nh\u00e0 t\u00e2m l\u00fd h\u1ecdc, b\u00e1c s\u0129 y khoa, nh\u00e2n vi\u00ean x\u00e3 h\u1ed9i v\u00e0 c\u1ed1 v\u1ea5n ph\u1ee5c h\u1ed3i ch\u1ee9c n\u0103ng. Qu\u00fd v\u1ecb kh\u00f4ng ph\u1ea3i ch\u1ee9ng minh qu\u00fd v\u1ecb c\u1ea7n t\u1ea5t c\u1ea3 c\u00e1c d\u1ecbch v\u1ee5 n\u00e0y. Qu\u00fd v\u1ecb kh\u00f4ng ph\u1ea3i ch\u1ee9ng minh qu\u00fd v\u1ecb c\u1ea7n tr\u1ee3 gi\u00fap t\u1eeb m\u1ed9t s\u1ed1 lo\u1ea1i ng\u01b0\u1eddi kh\u00e1c nhau, ph\u1ed1i h\u1ee3p v\u1edbi nhau.<\/p>\n\n\n\n<p>\u201c\u0110i\u1ec1u ph\u1ed1i d\u1ecbch v\u1ee5\u201d ngh\u0129a l\u00e0 qu\u00fd v\u1ecb c\u1ea7n c\u00f3 ng\u01b0\u1eddi \u0111\u1ea3m b\u1ea3o c\u00e1c d\u1ecbch v\u1ee5 kh\u00e1c nhau m\u00e0 qu\u00fd v\u1ecb nh\u1eadn, ph\u1ed1i h\u1ee3p v\u1edbi nhau \u0111\u1ec3 tr\u1ee3 gi\u00fap qu\u00fd v\u1ecb. C\u01a1 quan \u0111i\u1ec1u ph\u1ed1i c\u00e1c d\u1ecbch v\u1ee5 m\u00e0 qu\u00fd v\u1ecb c\u1ea7n c\u00f3 th\u1ec3 l\u00e0 trung t\u00e2m khu v\u1ef1c. Nh\u00e2n vi\u00ean trung t\u00e2m khu v\u1ef1c \u0111\u01b0\u1ee3c g\u1ecdi l\u00e0 \u201c\u0111i\u1ec1u ph\u1ed1i vi\u00ean d\u1ecbch v\u1ee5\u201d. \u0110i\u1ec1u ph\u1ed1i vi\u00ean d\u1ecbch v\u1ee5 tr\u1ee3 gi\u00fap qu\u00fd v\u1ecb:<\/p>\n\n\n\n<ul class=\"wp-block-list\"><li>get services from other agencies (Social Security, schools, hospitals, health care providers, or the Department of Rehabilitation)<\/li><li>find somewhere to live<\/li><\/ul>\n\n\n\n<ul class=\"wp-block-list\"><li>nh\u1eadn c\u00e1c d\u1ecbch v\u1ee5 t\u1eeb nh\u1eefng c\u01a1 quan kh\u00e1c (S\u1edf An Sinh X\u00e3 H\u1ed9i, tr\u01b0\u1eddng h\u1ecdc, b\u1ec7nh vi\u1ec7n, nh\u00e0 cung c\u1ea5p d\u1ecbch v\u1ee5 ch\u0103m s\u00f3c s\u1ee9c kh\u1ecfe ho\u1eb7c S\u1edf Ph\u1ee5c H\u1ed3i Ch\u1ee9c N\u0103ng)<\/li><li>t\u00ecm n\u01a1i sinh s\u1ed1ng<\/li><li>gi\u1eef an to\u00e0n<\/li><li>theo d\u00f5i ti\u1ec1n c\u1ee7a qu\u00fd v\u1ecb<\/li><li>ch\u0103m s\u00f3c c\u00e1c nhu c\u1ea7u c\u00e1 nh\u00e2n c\u1ee7a qu\u00fd v\u1ecb<\/li><\/ul>\n\n\n\n<p>Nh\u1eefng d\u1ecbch v\u1ee5 n\u00e0y \u0111\u01b0\u1ee3c g\u1ecdi l\u00e0 c\u00e1c d\u1ecbch v\u1ee5 qu\u1ea3n l\u00fd tr\u01b0\u1eddng h\u1ee3p tr\u1ecdn \u0111\u1eddi. N\u1ebfu qu\u00fd v\u1ecb c\u1ea7n lo\u1ea1i tr\u1ee3 gi\u00fap n\u00e0y, \u0111\u00e2y l\u00e0 \u0111i\u1ec1u ph\u1ed1i d\u1ecbch v\u1ee5 v\u00e0 l\u1eadp k\u1ebf ho\u1ea1ch li\u00ean ng\u00e0nh. N\u1ebfu qu\u00fd v\u1ecb c\u1ea7n lo\u1ea1i tr\u1ee3 gi\u00fap n\u00e0y, qu\u00fd v\u1ecb c\u00f3 th\u1ec3 b\u1ecb khuy\u1ebft t\u1eadt \u0111\u00e1ng k\u1ec3 m\u00e0 h\u1ed9i \u0111\u1ee7 \u0111i\u1ec1u ki\u1ec7n nh\u1eadn c\u00e1c d\u1ecbch v\u1ee5 c\u1ee7a trung t\u00e2m khu v\u1ef1c. Lu\u1eadt n\u00e0y quy \u0111\u1ecbnh qu\u00fd v\u1ecb ph\u1ea3i s\u1eed d\u1ee5ng tr\u1ee3 gi\u00fap l\u1eadp k\u1ebf ho\u1ea1ch li\u00ean ng\u00e0nh v\u00e0 \u0111i\u1ec1u ph\u1ed1i d\u1ecbch v\u1ee5 \u0111\u1ec3 \u201c\u0111\u1ea1t ti\u1ec1m n\u0103ng t\u1ed1i \u0111a c\u1ee7a b\u1ea3n th\u00e2n\u201d. \u0110i\u1ec1u n\u00e0y ngh\u0129a l\u00e0 c\u00e1c d\u1ecbch v\u1ee5 ph\u1ea3i tr\u1ee3 gi\u00fap qu\u00fd v\u1ecb \u0111\u1ea1t \u0111\u01b0\u1ee3c ti\u1ec1m n\u0103ng t\u1ed1i \u0111a, ch\u1ee9 kh\u00f4ng ph\u1ea3i ch\u1ec9 t\u1ed1t h\u01a1n m\u1ed9t ch\u00fat so v\u1edbi kh\u1ea3 n\u0103ng hi\u1ec7n t\u1ea1i c\u1ee7a qu\u00fd v\u1ecb. \u0110i\u1ec1u ph\u1ed1i v\u00e0 l\u1eadp k\u1ebf ho\u1ea1ch d\u1ecbch v\u1ee5 c\u00f3 th\u1ec3 tr\u1ee3 gi\u00fap qu\u00fd v\u1ecb \u0111\u1ea1t \u0111\u01b0\u1ee3c c\u00e1c m\u1ee5c ti\u00eau v\u00e0 m\u01a1 \u01b0\u1edbc l\u00e2u d\u00e0i c\u1ee7a cu\u1ed9c \u0111\u1eddi. H\u00e3y ngh\u0129 \u0111\u1ebfn \u0111i\u1ec1u qu\u00fd v\u1ecb mu\u1ed1n l\u00e0m trong cu\u1ed9c \u0111\u1eddi v\u00e0 s\u1ef1 tr\u1ee3 gi\u00fap qu\u00fd v\u1ecb c\u1ea7n c\u00f3 \u0111\u1ec3 th\u1ef1c hi\u1ec7n \u0111i\u1ec1u \u0111\u00f3.<\/p>\n<div class=\"speaker-mute footnotes_reference_container\"> <div class=\"footnote_container_prepare\"><p><span role=\"button\" tabindex=\"0\" class=\"footnote_reference_container_label pointer\" onclick=\"footnote_expand_collapse_reference_container_952_1();\">&#x202F;<\/span><span role=\"button\" tabindex=\"0\" class=\"footnote_reference_container_collapse_button\" style=\"display: none;\" onclick=\"footnote_expand_collapse_reference_container_952_1();\">[<a id=\"footnote_reference_container_collapse_button_952_1\">+<\/a>]<\/span><\/p><\/div> <div id=\"footnote_references_container_952_1\" style=\"\"><table class=\"footnotes_table footnote-reference-container\"><caption class=\"accessibility\">References<\/caption> <tbody> \r\n\r\n<tr class=\"footnotes_plugin_reference_row\"> <th scope=\"row\" class=\"footnote_plugin_index_combi pointer\"  onclick=\"footnote_moveToAnchor_952_1('footnote_plugin_tooltip_952_1_1');\"><a id=\"footnote_plugin_reference_952_1_1\" class=\"footnote_backlink\"><span class=\"footnote_index_arrow\">&#8593;<\/span>1<\/a><\/th> <td class=\"footnote_plugin_text\">M\u1ee5c 4512(a).<\/td><\/tr>\r\n\r\n<tr class=\"footnotes_plugin_reference_row\"> <th scope=\"row\" class=\"footnote_plugin_index_combi\" ><a id=\"footnote_plugin_reference_952_1_2\" class=\"footnote_backlink\" onclick=\"footnote_moveToAnchor_952_1('footnote_plugin_tooltip_952_1_2');\"><span class=\"footnote_index_arrow\">&#8593;<\/span>2,<\/a> <a id=\"footnote_plugin_reference_952_1_4\" class=\"footnote_backlink\" onclick=\"footnote_moveToAnchor_952_1('footnote_plugin_tooltip_952_1_4');\"><span class=\"footnote_index_arrow\">&#8593;<\/span>4<\/a><\/th> <td class=\"footnote_plugin_text\">Ti\u00eau \u0110\u1ec1 17, B\u1ed9 Lu\u1eadt C\u00e1c Quy \u0110\u1ecbnh California, m\u1ee5c 54001(a).<\/td><\/tr>\r\n\r\n<tr class=\"footnotes_plugin_reference_row\"> <th scope=\"row\" class=\"footnote_plugin_index_combi pointer\"  onclick=\"footnote_moveToAnchor_952_1('footnote_plugin_tooltip_952_1_3');\"><a id=\"footnote_plugin_reference_952_1_3\" class=\"footnote_backlink\"><span class=\"footnote_index_arrow\">&#8593;<\/span>3<\/a><\/th> <td class=\"footnote_plugin_text\">Ti\u00eau \u0110\u1ec1 17, B\u1ed9 Lu\u1eadt C\u00e1c Quy \u0110\u1ecbnh California, m\u1ee5c 54001.<\/td><\/tr>\r\n\r\n <\/tbody> <\/table> <\/div><\/div><script type=\"text\/javascript\"> function footnote_expand_reference_container_952_1() { jQuery('#footnote_references_container_952_1').show(); jQuery('#footnote_reference_container_collapse_button_952_1').text('\u2212'); } function footnote_collapse_reference_container_952_1() { jQuery('#footnote_references_container_952_1').hide(); jQuery('#footnote_reference_container_collapse_button_952_1').text('+'); } function footnote_expand_collapse_reference_container_952_1() { if (jQuery('#footnote_references_container_952_1').is(':hidden')) { footnote_expand_reference_container_952_1(); } else { footnote_collapse_reference_container_952_1(); } } function footnote_moveToReference_952_1(p_str_TargetID) { footnote_expand_reference_container_952_1(); var l_obj_Target = jQuery('#' + p_str_TargetID); if (l_obj_Target.length) { jQuery( 'html, body' ).delay( 0 ); jQuery('html, body').animate({ scrollTop: l_obj_Target.offset().top - window.innerHeight * 0.2 }, 380); } } function footnote_moveToAnchor_952_1(p_str_TargetID) { footnote_expand_reference_container_952_1(); var l_obj_Target = jQuery('#' + p_str_TargetID); if (l_obj_Target.length) { jQuery( 'html, body' ).delay( 0 ); jQuery('html, body').animate({ scrollTop: l_obj_Target.offset().top - window.innerHeight * 0.2 }, 380); } }<\/script>","protected":false},"excerpt":{"rendered":"<p>Khuy\u1ebft t\u1eadt \u0111\u00e1ng k\u1ec3 l\u00e0 khi\u1ebfm khuy\u1ebft nghi\u00eam tr\u1ecdng v\u1ec1 ch\u1ee9c n\u0103ng nh\u1eadn th\u1ee9c v\u00e0\/ho\u1eb7c x\u00e3 h\u1ed9i, \u0111\u00f2i h\u1ecfi vi\u1ec7c l\u1eadp k\u1ebf ho\u1ea1ch li\u00ean ng\u00e0nh&hellip;<\/p>\n","protected":false},"author":1,"featured_media":0,"parent":37,"menu_order":20,"comment_status":"closed","ping_status":"closed","template":"","meta":{"footnotes":""},"class_list":["post-952","page","type-page","status-publish","hentry"],"_links":{"self":[{"href":"https:\/\/rula.disabilityrightsca.org\/vi\/wp-json\/wp\/v2\/pages\/952","targetHints":{"allow":["GET"]}}],"collection":[{"href":"https:\/\/rula.disabilityrightsca.org\/vi\/wp-json\/wp\/v2\/pages"}],"about":[{"href":"https:\/\/rula.disabilityrightsca.org\/vi\/wp-json\/wp\/v2\/types\/page"}],"author":[{"embeddable":true,"href":"https:\/\/rula.disabilityrightsca.org\/vi\/wp-json\/wp\/v2\/users\/1"}],"replies":[{"embeddable":true,"href":"https:\/\/rula.disabilityrightsca.org\/vi\/wp-json\/wp\/v2\/comments?post=952"}],"version-history":[{"count":6,"href":"https:\/\/rula.disabilityrightsca.org\/vi\/wp-json\/wp\/v2\/pages\/952\/revisions"}],"predecessor-version":[{"id":2818,"href":"https:\/\/rula.disabilityrightsca.org\/vi\/wp-json\/wp\/v2\/pages\/952\/revisions\/2818"}],"up":[{"embeddable":true,"href":"https:\/\/rula.disabilityrightsca.org\/vi\/wp-json\/wp\/v2\/pages\/37"}],"wp:attachment":[{"href":"https:\/\/rula.disabilityrightsca.org\/vi\/wp-json\/wp\/v2\/media?parent=952"}],"curies":[{"name":"wp","href":"https:\/\/api.w.org\/{rel}","templated":true}]}}