{"id":948,"date":"2021-05-05T21:05:40","date_gmt":"2021-05-05T21:05:40","guid":{"rendered":"http:\/\/www.rula.disabilityrightsca.org\/vi\/?page_id=948"},"modified":"2022-04-19T16:42:21","modified_gmt":"2022-04-19T16:42:21","slug":"my-evaluation-was-done-by-the-regional-center-psychologist-should-i-get-another-evaluation-by-a-different-psychologist","status":"publish","type":"page","link":"https:\/\/rula.disabilityrightsca.org\/vi\/rula-book\/chapter-2-eligibility-for-regional-center-services\/my-evaluation-was-done-by-the-regional-center-psychologist-should-i-get-another-evaluation-by-a-different-psychologist\/","title":{"rendered":"(2.18) Th\u1ea9m \u0111\u1ecbnh c\u1ee7a t\u00f4i l\u00e0 do nh\u00e0 t\u00e2m l\u00fd h\u1ecdc c\u1ee7a trung t\u00e2m khu v\u1ef1c th\u1ef1c hi\u1ec7n. T\u00f4i c\u00f3 n\u00ean th\u1ef1c hi\u1ec7n th\u00eam th\u1ea9m \u0111\u1ecbnh v\u1edbi nh\u00e0 t\u00e2m l\u00fd h\u1ecdc kh\u00e1c kh\u00f4ng?"},"content":{"rendered":"\n<p>Tr\u01b0\u1edbc ti\u00ean h\u00e3y \u0111\u1ee3i \u0111\u1ec3 xem nh\u00e0 t\u00e2m l\u00fd h\u1ecdc c\u1ee7a trung t\u00e2m khu v\u1ef1c c\u00f3 k\u1ebft lu\u1eadn qu\u00fd v\u1ecb h\u1ed9i \u0111\u1ee7 \u0111i\u1ec1u ki\u1ec7n nh\u1eadn c\u00e1c d\u1ecbch v\u1ee5 c\u1ee7a trung t\u00e2m khu v\u1ef1c kh\u00f4ng. N\u1ebfu h\u1ecd cho bi\u1ebft qu\u00fd v\u1ecb&nbsp;<strong>kh\u00f4ng<\/strong>&nbsp;h\u1ed9i \u0111\u1ee7 \u0111i\u1ec1u ki\u1ec7n, v\u00e0 qu\u00fd v\u1ecb kh\u00f4ng \u0111\u1ed3ng \u00fd, h\u00e3y th\u1ef1c hi\u1ec7n th\u1ea9m \u0111\u1ecbnh \u0111\u1ed9c l\u1eadp. C\u00e1c th\u1ea9m \u0111\u1ecbnh v\u00e0 ch\u1ea9n \u0111o\u00e1n t\u00e2m l\u00fd kh\u00f4ng ph\u1ea3i khoa h\u1ecdc ch\u00ednh x\u00e1c. \u0110\u1ec3 ch\u1ea9n \u0111o\u00e1n qu\u00fd v\u1ecb, c\u00e1c nh\u00e0 t\u00e2m l\u00fd h\u1ecdc di\u1ec5n gi\u1ea3i th\u00f4ng tin h\u1ecd nh\u1eadn \u0111\u01b0\u1ee3c t\u1eeb vi\u1ec7c ki\u1ec3m tra v\u00e0 c\u00e1c h\u1ed3 s\u01a1. C\u00e1c nh\u00e0 t\u00e2m l\u00fd h\u1ecdc kh\u00e1c nhau c\u00f3 th\u1ec3 di\u1ec5n gi\u1ea3i c\u00f9ng m\u1ed9t th\u00f4ng tin theo c\u00e1ch kh\u00e1c nhau. H\u00e3y th\u1ef1c hi\u1ec7n m\u1ed9t th\u1ea9m \u0111\u1ecbnh kh\u00e1c. H\u00e3y t\u00ecm m\u1ed9t nh\u00e0 t\u00e2m l\u00fd h\u1ecdc \u0111\u1ed9c l\u1eadp c\u00f3 th\u1ec3 th\u1ea9m \u0111\u1ecbnh qu\u00fd v\u1ecb v\u00e0 quen thu\u1ed9c v\u1edbi c\u00e1c khuy\u1ebft t\u1eadt v\u1ec1 ph\u00e1t tri\u1ec3n. C\u00e1c nh\u00e0 \u0111\u00e1nh gi\u00e1 \u0111\u1ed9c l\u1eadp c\u00f3 th\u1ec3 c\u00f4ng b\u1eb1ng h\u01a1n trong c\u00e1c th\u1ea9m \u0111\u1ecbnh c\u1ee7a h\u1ecd. H\u1ecd c\u00f3 th\u1ec3 d\u00e0nh nhi\u1ec1u th\u1eddi gian h\u01a1n v\u1edbi qu\u00fd v\u1ecb. N\u1ebfu trung t\u00e2m khu v\u1ef1c cho bi\u1ebft qu\u00fd v\u1ecb kh\u00f4ng h\u1ed9i \u0111\u1ee7 \u0111i\u1ec1u ki\u1ec7n v\u00e0 qu\u00fd v\u1ecb kh\u00e1ng c\u00e1o, h\u00e3y nh\u1edb r\u1eb1ng trung t\u00e2m khu v\u1ef1c s\u1ebd \u0111\u1ec1 c\u1eadp \u0111\u1ebfn th\u1ea9m \u0111\u1ecbnh v\u00e0 \u00fd ki\u1ebfn c\u1ee7a nh\u00e0 t\u00e2m l\u00fd h\u1ecdc c\u1ee7a h\u1ecd t\u1ea1i phi\u00ean t\u00f2a ph\u00fac th\u1ea9m. Trung t\u00e2m khu v\u1ef1c s\u1ebd th\u01b0\u1eddng \u0111\u01b0a nh\u00e0 t\u00e2m l\u00fd h\u1ecdc \u0111\u1ebfn phi\u00ean \u0111i\u1ec1u tr\u1ea7n \u0111\u1ec3 h\u1ed7 tr\u1ee3 cho \u00fd ki\u1ebfn c\u1ee7a h\u1ecd. Qu\u00fd v\u1ecb c\u1ea7n c\u00f3 m\u1ed9t chuy\u00ean gia \u0111\u1ed9c l\u1eadp tr\u00ecnh b\u00e0y m\u1ed9t \u00fd ki\u1ebfn kh\u00e1c v\u1ec1 t\u00ecnh tr\u1ea1ng c\u1ee7a qu\u00fd v\u1ecb v\u1edbi th\u1ea9m ph\u00e1n.<\/p>\n","protected":false},"excerpt":{"rendered":"<p>Tr\u01b0\u1edbc ti\u00ean h\u00e3y \u0111\u1ee3i \u0111\u1ec3 xem nh\u00e0 t\u00e2m l\u00fd h\u1ecdc c\u1ee7a trung t\u00e2m khu v\u1ef1c c\u00f3 k\u1ebft lu\u1eadn qu\u00fd v\u1ecb h\u1ed9i \u0111\u1ee7 \u0111i\u1ec1u ki\u1ec7n nh\u1eadn&hellip;<\/p>\n","protected":false},"author":1,"featured_media":0,"parent":37,"menu_order":18,"comment_status":"closed","ping_status":"closed","template":"","meta":{"footnotes":""},"class_list":["post-948","page","type-page","status-publish","hentry"],"_links":{"self":[{"href":"https:\/\/rula.disabilityrightsca.org\/vi\/wp-json\/wp\/v2\/pages\/948","targetHints":{"allow":["GET"]}}],"collection":[{"href":"https:\/\/rula.disabilityrightsca.org\/vi\/wp-json\/wp\/v2\/pages"}],"about":[{"href":"https:\/\/rula.disabilityrightsca.org\/vi\/wp-json\/wp\/v2\/types\/page"}],"author":[{"embeddable":true,"href":"https:\/\/rula.disabilityrightsca.org\/vi\/wp-json\/wp\/v2\/users\/1"}],"replies":[{"embeddable":true,"href":"https:\/\/rula.disabilityrightsca.org\/vi\/wp-json\/wp\/v2\/comments?post=948"}],"version-history":[{"count":4,"href":"https:\/\/rula.disabilityrightsca.org\/vi\/wp-json\/wp\/v2\/pages\/948\/revisions"}],"predecessor-version":[{"id":2817,"href":"https:\/\/rula.disabilityrightsca.org\/vi\/wp-json\/wp\/v2\/pages\/948\/revisions\/2817"}],"up":[{"embeddable":true,"href":"https:\/\/rula.disabilityrightsca.org\/vi\/wp-json\/wp\/v2\/pages\/37"}],"wp:attachment":[{"href":"https:\/\/rula.disabilityrightsca.org\/vi\/wp-json\/wp\/v2\/media?parent=948"}],"curies":[{"name":"wp","href":"https:\/\/api.w.org\/{rel}","templated":true}]}}