{"id":946,"date":"2021-05-05T21:03:32","date_gmt":"2021-05-05T21:03:32","guid":{"rendered":"http:\/\/www.rula.disabilityrightsca.org\/vi\/?page_id=946"},"modified":"2022-04-19T16:42:01","modified_gmt":"2022-04-19T16:42:01","slug":"if-other-people-with-my-same-disability-are-eligible-under-the-fifth-category-will-i-be-eligible-too","status":"publish","type":"page","link":"https:\/\/rula.disabilityrightsca.org\/vi\/rula-book\/chapter-2-eligibility-for-regional-center-services\/if-other-people-with-my-same-disability-are-eligible-under-the-fifth-category-will-i-be-eligible-too\/","title":{"rendered":"(2.17) N\u1ebfu nh\u1eefng ng\u01b0\u1eddi kh\u00e1c m\u1eafc khuy\u1ebft t\u1eadt gi\u1ed1ng t\u00f4i h\u1ed9i \u0111\u1ee7 \u0111i\u1ec1u ki\u1ec7n theo danh m\u1ee5c th\u1ee9 n\u0103m, t\u00f4i c\u0169ng h\u1ed9i \u0111\u1ee7 \u0111i\u1ec1u ki\u1ec7n ph\u1ea3i kh\u00f4ng?"},"content":{"rendered":"\n<p>Kh\u00f4ng. Kh\u1ea3 n\u0103ng h\u1ed9i \u0111\u1ee7 \u0111i\u1ec1u ki\u1ec7n t\u1ea1i trung t\u00e2m khu v\u1ef1c t\u00f9y thu\u1ed9c v\u00e0o t\u1eebng ng\u01b0\u1eddi b\u1edfi khuy\u1ebft t\u1eadt mang t\u00ednh c\u00e1 nh\u00e2n. K\u1ec3 c\u1ea3 khi qu\u00fd v\u1ecb c\u00f3 ch\u1ea9n \u0111o\u00e1n ho\u1eb7c t\u00ecnh tr\u1ea1ng gi\u1ed1ng h\u1ec7t ng\u01b0\u1eddi \u0111ang l\u00e0 kh\u00e1ch h\u00e0ng c\u1ee7a trung t\u00e2m khu v\u1ef1c, qu\u00fd v\u1ecb kh\u00f4ng th\u1ec3 coi \u0111\u00f3 l\u00e0 c\u0103n c\u1ee9 h\u1ed9i \u0111\u1ee7 \u0111i\u1ec1u ki\u1ec7n. Trung t\u00e2m khu v\u1ef1c s\u1ebd xem x\u00e9t m\u1ee9c \u0111\u1ed9 \u1ea3nh h\u01b0\u1edfng c\u1ee7a khuy\u1ebft t\u1eadt \u0111\u1ebfn&nbsp;<em>qu\u00fd v\u1ecb<\/em>. M\u1ee9c \u0111\u1ed9 qu\u00fd v\u1ecb b\u1ecb \u1ea3nh h\u01b0\u1edfng t\u00f9y thu\u1ed9c v\u00e0o vi\u1ec7c qu\u00fd v\u1ecb c\u00f3 nh\u1eadn c\u00e1c d\u1ecbch v\u1ee5 can thi\u1ec7p s\u1edbm, s\u1ef1 tr\u1ee3 gi\u00fap t\u1ea1i tr\u01b0\u1eddng h\u1ecdc ho\u1eb7c c\u00e1c d\u1ecbch v\u1ee5 kh\u00e1c gi\u00fap qu\u00fd v\u1ecb h\u1ecdc k\u1ef9 n\u0103ng hay kh\u00f4ng.<\/p>\n","protected":false},"excerpt":{"rendered":"<p>Kh\u00f4ng. Kh\u1ea3 n\u0103ng h\u1ed9i \u0111\u1ee7 \u0111i\u1ec1u ki\u1ec7n t\u1ea1i trung t\u00e2m khu v\u1ef1c t\u00f9y thu\u1ed9c v\u00e0o t\u1eebng ng\u01b0\u1eddi b\u1edfi khuy\u1ebft t\u1eadt mang t\u00ednh c\u00e1 nh\u00e2n. K\u1ec3&hellip;<\/p>\n","protected":false},"author":1,"featured_media":0,"parent":37,"menu_order":17,"comment_status":"closed","ping_status":"closed","template":"","meta":{"footnotes":""},"class_list":["post-946","page","type-page","status-publish","hentry"],"_links":{"self":[{"href":"https:\/\/rula.disabilityrightsca.org\/vi\/wp-json\/wp\/v2\/pages\/946","targetHints":{"allow":["GET"]}}],"collection":[{"href":"https:\/\/rula.disabilityrightsca.org\/vi\/wp-json\/wp\/v2\/pages"}],"about":[{"href":"https:\/\/rula.disabilityrightsca.org\/vi\/wp-json\/wp\/v2\/types\/page"}],"author":[{"embeddable":true,"href":"https:\/\/rula.disabilityrightsca.org\/vi\/wp-json\/wp\/v2\/users\/1"}],"replies":[{"embeddable":true,"href":"https:\/\/rula.disabilityrightsca.org\/vi\/wp-json\/wp\/v2\/comments?post=946"}],"version-history":[{"count":4,"href":"https:\/\/rula.disabilityrightsca.org\/vi\/wp-json\/wp\/v2\/pages\/946\/revisions"}],"predecessor-version":[{"id":2816,"href":"https:\/\/rula.disabilityrightsca.org\/vi\/wp-json\/wp\/v2\/pages\/946\/revisions\/2816"}],"up":[{"embeddable":true,"href":"https:\/\/rula.disabilityrightsca.org\/vi\/wp-json\/wp\/v2\/pages\/37"}],"wp:attachment":[{"href":"https:\/\/rula.disabilityrightsca.org\/vi\/wp-json\/wp\/v2\/media?parent=946"}],"curies":[{"name":"wp","href":"https:\/\/api.w.org\/{rel}","templated":true}]}}