{"id":942,"date":"2021-05-05T20:19:22","date_gmt":"2021-05-05T20:19:22","guid":{"rendered":"http:\/\/www.rula.disabilityrightsca.org\/vi\/?page_id=942"},"modified":"2022-04-19T16:41:22","modified_gmt":"2022-04-19T16:41:22","slug":"how-can-i-help-someone-applying-to-a-regional-center-because-they-have-treatment-needs-similar-to-those-of-people-with-intellectual-disability","status":"publish","type":"page","link":"https:\/\/rula.disabilityrightsca.org\/vi\/rula-book\/chapter-2-eligibility-for-regional-center-services\/how-can-i-help-someone-applying-to-a-regional-center-because-they-have-treatment-needs-similar-to-those-of-people-with-intellectual-disability\/","title":{"rendered":"(2.15) L\u00e0m sao \u0111\u1ec3 gi\u00fap m\u1ed9t ng\u01b0\u1eddi \u0111\u0103ng k\u00fd nh\u1eadn d\u1ecbch v\u1ee5 c\u1ee7a trung t\u00e2m khu v\u1ef1c v\u00ec h\u1ecd c\u00f3 nhu c\u1ea7u \u0111i\u1ec1u tr\u1ecb t\u01b0\u01a1ng t\u1ef1 nhu c\u1ea7u \u0111i\u1ec1u tr\u1ecb c\u1ee7a ng\u01b0\u1eddi b\u1ecb khuy\u1ebft t\u1eadt tr\u00ed tu\u1ec7?"},"content":{"rendered":"\n<p>H\u00e3y nh\u1edb r\u1eb1ng, kh\u00f4ng c\u00f3 h\u01b0\u1edbng d\u1eabn r\u00f5 r\u00e0ng v\u1ec1 vi\u1ec7c ng\u01b0\u1eddi b\u1ecb khuy\u1ebft t\u1eadt tr\u00ed tu\u1ec7 c\u00f3 nh\u1eefng nhu c\u1ea7u \u0111i\u1ec1u tr\u1ecb g\u00ec. Qu\u00fd v\u1ecb c\u00f3 th\u1ec3 c\u1ea7n ph\u1ea3i th\u1ef1c hi\u1ec7n th\u1ea9m \u0111\u1ecbnh \u0111\u1ed9c l\u1eadp \u0111\u1ec3 nh\u1eadn c\u00e1c d\u1ecbch v\u1ee5 c\u1ee7a trung t\u00e2m khu v\u1ef1c. Th\u1ea9m \u0111\u1ecbnh n\u00e0y tr\u01b0\u1edbc ti\u00ean ph\u1ea3i th\u1ea3o lu\u1eadn c\u00e1c nhu c\u1ea7u \u0111i\u1ec1u tr\u1ecb th\u00f4ng th\u01b0\u1eddng c\u1ee7a ng\u01b0\u1eddi b\u1ecb khuy\u1ebft t\u1eadt tr\u00ed tu\u1ec7. Sau \u0111\u00f3, th\u1ea9m \u0111\u1ecbnh n\u00e0y ph\u1ea3i nh\u1eafc \u0111\u1ebfn m\u1ee9c \u0111\u1ed9 c\u1ea7n thi\u1ebft c\u1ee7a nh\u1eefng \u0111i\u1ec1u tr\u1ecb \u0111\u00f3 \u0111\u1ed1i v\u1edbi qu\u00fd v\u1ecb \u0111\u1ec3 qu\u00fd v\u1ecb c\u00f3 \u0111\u01b0\u1ee3c cu\u1ed9c s\u1ed1ng \u0111\u1ed9c l\u1eadp, c\u00f3 \u00edch v\u00e0 b\u00ecnh th\u01b0\u1eddng nh\u1ea5t c\u00f3 th\u1ec3.<\/p>\n\n\n\n<p>Ng\u01b0\u1eddi b\u00eanh v\u1ef1c v\u00e0 gia \u0111\u00ecnh c\u0169ng c\u1ea7n tr\u00ecnh b\u00e0y th\u00f4ng tin t\u1eeb y v\u0103n l\u00e2m s\u00e0ng \u0111\u00e3 c\u00f4ng b\u1ed1 v\u1ec1 c\u00e1c nhu c\u1ea7u \u0111i\u1ec1u tr\u1ecb c\u1ee7a ng\u01b0\u1eddi b\u1ecb khuy\u1ebft t\u1eadt tr\u00ed tu\u1ec7. V\u00ed d\u1ee5: DSM-5, Khuy\u1ebft T\u1eadt Tr\u00ed Tu\u1ec7, B\u1ea3ng 1, C\u1ed9t 3, c\u00f3 m\u1ed9t s\u1ed1 nhu c\u1ea7u \u0111i\u1ec1u tr\u1ecb c\u1ee7a ng\u01b0\u1eddi b\u1ecb khuy\u1ebft t\u1eadt tr\u00ed tu\u1ec7. C\u00e1c ch\u01b0\u01a1ng tr\u00ecnh n\u00e0y bao g\u1ed3m:<\/p>\n\n\n\n<ul class=\"wp-block-list\"><li>h\u1ed7 tr\u1ee3 v\u1edbi c\u00e1c c\u00f4ng vi\u1ec7c ph\u1ee9c t\u1ea1p trong cu\u1ed9c s\u1ed1ng h\u00e0ng ng\u00e0y so v\u1edbi ng\u01b0\u1eddi \u0111\u1ed3ng trang l\u1ee9a, nh\u01b0 mua th\u1ef1c ph\u1ea9m, s\u1eed d\u1ee5ng ph\u01b0\u01a1ng ti\u1ec7n, s\u1eafp x\u1ebfp nh\u00e0 c\u1eeda, chu\u1ea9n b\u1ecb b\u1eefa \u0103n b\u1ed5 d\u01b0\u1ee1ng, s\u1eed d\u1ee5ng ng\u00e2n h\u00e0ng v\u00e0 qu\u1ea3n l\u00fd ti\u1ec1n b\u1ea1c<\/li><li>h\u1ed7 tr\u1ee3 ph\u00e1n \u0111o\u00e1n li\u00ean quan \u0111\u1ebfn s\u1ee9c kh\u1ecfe t\u1ed5ng th\u1ec3 v\u00e0 t\u1ed5 ch\u1ee9c xoay quanh c\u00e1c ho\u1ea1t \u0111\u1ed9ng gi\u1ea3i tr\u00ed<\/li><li>h\u1ed7 tr\u1ee3 \u0111\u01b0a ra quy\u1ebft \u0111\u1ecbnh v\u1ec1 ch\u0103m s\u00f3c s\u1ee9c kh\u1ecfe v\u00e0 ph\u00e1p l\u00fd<\/li><li>h\u1ed7 tr\u1ee3 nu\u00f4i d\u01b0\u1ee1ng gia \u0111\u00ecnh<\/li><li>tr\u1ee3 gi\u00fap c\u00e1c k\u1ef9 n\u0103ng h\u1ecdc t\u1eadp c\u1ea7n thi\u1ebft \u0111\u1ec3 l\u00e0m vi\u1ec7c<\/li><\/ul>\n\n\n\n<p>Cho d\u00f9 v\u1ee5 ki\u1ec7n&nbsp;<em>Ronald F.<\/em>&nbsp;b\u1ea5t \u0111\u1ed3ng v\u1edbi v\u1ee5 ki\u1ec7n&nbsp;<em>Samantha C.<\/em>,&nbsp;<em>Ronald F.&nbsp;<\/em>kh\u00f4ng n\u00eau r\u00f5 th\u1ef1c t\u1ebf ng\u01b0\u1eddi b\u1ecb khuy\u1ebft t\u1eadt tr\u00ed tu\u1ec7 c\u00f3 nh\u1eefng nhu c\u1ea7u \u0111i\u1ec1u tr\u1ecb n\u00e0o. Tuy nhi\u00ean v\u1ee5 ki\u1ec7n&nbsp;<em>Samantha C.<\/em>&nbsp;k\u1ebft lu\u1eadn r\u1eb1ng nh\u1eefng d\u1ecbch v\u1ee5 sau l\u00e0 nhu c\u1ea7u \u0111i\u1ec1u tr\u1ecb c\u1ee7a ng\u01b0\u1eddi b\u1ecb khuy\u1ebft t\u1eadt tr\u00ed tu\u1ec7: tr\u1ee3 gi\u00fap n\u1ea5u \u0103n, s\u1eed d\u1ee5ng ph\u01b0\u01a1ng ti\u1ec7n c\u00f4ng c\u1ed9ng, qu\u1ea3n l\u00fd ti\u1ec1n, \u0111\u00e0o t\u1ea1o ngh\u1ec1 v\u00e0 ph\u1ee5c h\u1ed3i ch\u1ee9c n\u0103ng, \u0111\u00e0o t\u1ea1o c\u00e1c k\u1ef9 n\u0103ng s\u1ed1ng \u0111\u1ed9c l\u1eadp, gi\u1ea3ng d\u1ea1y chuy\u00ean bi\u1ec7t v\u00e0 ph\u00e1t tri\u1ec3n k\u1ef9 n\u0103ng c\u0169ng nh\u01b0 h\u1ed7 tr\u1ee3 vi\u1ec7c l\u00e0m. N\u1ebfu qu\u00fd v\u1ecb c\u1ea7n \u0111\u01b0\u1ee3c tr\u1ee3 gi\u00fap ho\u1eb7c \u0111\u00e0o t\u1ea1o v\u1ec1 b\u1ea5t k\u1ef3 l\u0129nh v\u1ef1c n\u00e0o trong s\u1ed1 n\u00e0y, h\u00e3y b\u00e1o cho trung t\u00e2m khu v\u1ef1c ho\u1eb7c th\u1ea9m ph\u00e1n.&nbsp;Vi\u1ec7c v\u1ee5 <em>Ronald F.<\/em>t\u1eeb ch\u1ed1i th\u1eeba nh\u1eadn nh\u1eefng l\u0129nh v\u1ef1c n\u00e0y l\u00e0 \u201cd\u1ecbch v\u1ee5\u201d ch\u1ee9 kh\u00f4ng ph\u1ea3i \u201c\u0111i\u1ec1u tr\u1ecb\u201d s\u1ebd kh\u00f4ng c\u1ea3n tr\u1edf qu\u00fd v\u1ecb nh\u1ea5n m\u1ea1nh nh\u1eefng l\u0129nh v\u1ef1c n\u00e0y b\u1edfi nhi\u1ec1u l\u0129nh v\u1ef1c trong DSM-5 l\u00e0 s\u1ef1 h\u1ed7 tr\u1ee3 c\u1ea7n thi\u1ebft \u0111\u1ed1i v\u1edbi ng\u01b0\u1eddi b\u1ecb khuy\u1ebft t\u1eadt tr\u00ed tu\u1ec7. <a href=\"file:\/\/\/U:\/LPI\/SHARED\/STAFF\/TonyR\/RULA\/chapter-2-print.html#_ftn1\">[1]<\/a><span class=\"footnote_referrer\"><a role=\"button\" tabindex=\"0\" onclick=\"footnote_moveToReference_942_1('footnote_plugin_reference_942_1_1');\" onkeypress=\"footnote_moveToReference_942_1('footnote_plugin_reference_942_1_1');\" ><sup id=\"footnote_plugin_tooltip_942_1_1\" class=\"footnote_plugin_tooltip_text\">[1]<\/sup><\/a><span id=\"footnote_plugin_tooltip_text_942_1_1\" class=\"footnote_tooltip\">Xem Khuy\u1ebft T\u1eadt Tr\u00ed Tu\u1ec7, B\u1ea3ng 1, C\u1ed9t 3.<\/span><\/span><script type=\"text\/javascript\"> jQuery('#footnote_plugin_tooltip_942_1_1').tooltip({ tip: '#footnote_plugin_tooltip_text_942_1_1', tipClass: 'footnote_tooltip', effect: 'fade', predelay: 0, fadeInSpeed: 200, delay: 400, fadeOutSpeed: 200, position: 'top center', relative: true, offset: [-7, 0], });<\/script><\/p>\n\n\n\n<p>T\u01b0\u01a1ng t\u1ef1, n\u1ebfu qu\u00fd v\u1ecb c\u1ea7n b\u1ea5t k\u1ef3 \u0111\u00e0o t\u1ea1o n\u00e0o \u0111\u01b0\u1ee3c m\u00f4 t\u1ea3 trong H\u01b0\u1edbng D\u1eabn ARCA, cho d\u00f9 c\u00f3 \u0111\u01b0\u1ee3c coi l\u00e0 \u201cd\u1ecbch v\u1ee5\u201d v\u00e0 kh\u00f4ng ph\u1ea3i l\u00e0 \u201c\u0111i\u1ec1u tr\u1ecb\u201d trong quy\u1ebft \u0111\u1ecbnh c\u1ee7a v\u1ee5&nbsp;<em>Ronald F. <\/em>hay kh\u00f4ng, h\u00e3y b\u00e1o cho trung t\u00e2m khu v\u1ef1c ho\u1eb7c th\u1ea9m ph\u00e1n. Ng\u01b0\u1eddi kh\u00f4ng b\u1ecb khuy\u1ebft t\u1eadt c\u00f3 th\u1ec3 h\u01b0\u1edfng l\u1ee3i t\u1eeb nhi\u1ec1u d\u1ecbch v\u1ee5 c\u1ee7a trung t\u00e2m khu v\u1ef1c, v\u00ec v\u1eady h\u00e3y l\u00e0m r\u00f5 nh\u1eefng \u0111i\u1ec1u tr\u1ecb n\u00e0y kh\u00f4ng ph\u1ea3i \u0111i\u1ec1u qu\u00fd v\u1ecb ch\u1ec9 \u0111\u01a1n gi\u1ea3n l\u00e0 h\u01b0\u1edfng l\u1ee3i. Theo danh m\u1ee5c th\u1ee9 n\u0103m, qu\u00fd v\u1ecb ph\u1ea3i&nbsp;<strong>c\u1ea7n<\/strong>&nbsp;nh\u1eefng \u0111i\u1ec1u tr\u1ecb n\u00e0y \u0111\u1ec3 c\u00f3 cu\u1ed9c s\u1ed1ng \u0111\u1ed9c l\u1eadp, c\u00f3 \u00edch v\u00e0 b\u00ecnh th\u01b0\u1eddng nh\u1ea5t c\u00f3 th\u1ec3. Qu\u00fd v\u1ecb ph\u1ea3i ch\u1ee9ng minh m\u1ecdi nhu c\u1ea7u \u0111i\u1ec1u tr\u1ecb c\u1ee7a qu\u00fd v\u1ecb \u0111\u1ec1u xu\u1ea5t ph\u00e1t t\u1eeb c\u00e1c thi\u1ebfu h\u1ee5t v\u1ec1 tr\u00ed tu\u1ec7 c\u1ee7a b\u1ea3n th\u00e2n ch\u1ee9 kh\u00f4ng v\u00ec b\u1ea5t k\u1ef3 l\u00fd do n\u00e0o kh\u00e1c. Qu\u00fd v\u1ecb c\u0169ng ph\u1ea3i ch\u1ee9ng minh nhu c\u1ea7u \u0111i\u1ec1u tr\u1ecb c\u1ee7a b\u1ea3n th\u00e2n bao tr\u00f9m t\u1ea5t c\u1ea3 ho\u1eb7c h\u1ea7u h\u1ebft c\u00e1c l\u0129nh v\u1ef1c trong cu\u1ed9c s\u1ed1ng c\u1ee7a qu\u00fd v\u1ecb. <span class=\"footnote_referrer\"><a role=\"button\" tabindex=\"0\" onclick=\"footnote_moveToReference_942_1('footnote_plugin_reference_942_1_2');\" onkeypress=\"footnote_moveToReference_942_1('footnote_plugin_reference_942_1_2');\" ><sup id=\"footnote_plugin_tooltip_942_1_2\" class=\"footnote_plugin_tooltip_text\">[2]<\/sup><\/a><span id=\"footnote_plugin_tooltip_text_942_1_2\" class=\"footnote_tooltip\">\u0110\u1ec3 \u0111\u01b0\u1ee3c ch\u1ea9n \u0111o\u00e1n khuy\u1ebft t\u1eadt tr\u00ed tu\u1ec7, DSM-5, Khuy\u1ebft T\u1eadt Tr\u00ed Tu\u1ec7, C\u00e1c Ti\u00eau Ch\u00ed Ch\u1ea9n \u0110o\u00e1n y\u00eau c\u1ea7u r\u1eb1ng c\u00e1c thi\u1ebfu h\u1ee5t v\u1ec1 ch\u1ee9c n\u0103ng th\u00edch \u1ee9ng c\u1ee7a m\u1ed9t&nbsp;&#x2026; <span class=\"footnote_tooltip_continue\"  onclick=\"footnote_moveToReference_942_1('footnote_plugin_reference_942_1_2');\">Continue reading<\/span><\/span><\/span><script type=\"text\/javascript\"> jQuery('#footnote_plugin_tooltip_942_1_2').tooltip({ tip: '#footnote_plugin_tooltip_text_942_1_2', tipClass: 'footnote_tooltip', effect: 'fade', predelay: 0, fadeInSpeed: 200, delay: 400, fadeOutSpeed: 200, position: 'top center', relative: true, offset: [-7, 0], });<\/script><\/p>\n<div class=\"speaker-mute footnotes_reference_container\"> <div class=\"footnote_container_prepare\"><p><span role=\"button\" tabindex=\"0\" class=\"footnote_reference_container_label pointer\" onclick=\"footnote_expand_collapse_reference_container_942_1();\">&#x202F;<\/span><span role=\"button\" tabindex=\"0\" class=\"footnote_reference_container_collapse_button\" style=\"display: none;\" onclick=\"footnote_expand_collapse_reference_container_942_1();\">[<a id=\"footnote_reference_container_collapse_button_942_1\">+<\/a>]<\/span><\/p><\/div> <div id=\"footnote_references_container_942_1\" style=\"\"><table class=\"footnotes_table footnote-reference-container\"><caption class=\"accessibility\">References<\/caption> <tbody> \r\n\r\n<tr class=\"footnotes_plugin_reference_row\"> <th scope=\"row\" class=\"footnote_plugin_index_combi pointer\"  onclick=\"footnote_moveToAnchor_942_1('footnote_plugin_tooltip_942_1_1');\"><a id=\"footnote_plugin_reference_942_1_1\" class=\"footnote_backlink\"><span class=\"footnote_index_arrow\">&#8593;<\/span>1<\/a><\/th> <td class=\"footnote_plugin_text\">Xem Khuy\u1ebft T\u1eadt Tr\u00ed Tu\u1ec7, B\u1ea3ng 1, C\u1ed9t 3.<\/td><\/tr>\r\n\r\n<tr class=\"footnotes_plugin_reference_row\"> <th scope=\"row\" class=\"footnote_plugin_index_combi pointer\"  onclick=\"footnote_moveToAnchor_942_1('footnote_plugin_tooltip_942_1_2');\"><a id=\"footnote_plugin_reference_942_1_2\" class=\"footnote_backlink\"><span class=\"footnote_index_arrow\">&#8593;<\/span>2<\/a><\/th> <td class=\"footnote_plugin_text\">\u0110\u1ec3 \u0111\u01b0\u1ee3c ch\u1ea9n \u0111o\u00e1n khuy\u1ebft t\u1eadt tr\u00ed tu\u1ec7, DSM-5, Khuy\u1ebft T\u1eadt Tr\u00ed Tu\u1ec7, C\u00e1c Ti\u00eau Ch\u00ed Ch\u1ea9n \u0110o\u00e1n y\u00eau c\u1ea7u r\u1eb1ng c\u00e1c thi\u1ebfu h\u1ee5t v\u1ec1 ch\u1ee9c n\u0103ng th\u00edch \u1ee9ng c\u1ee7a m\u1ed9t ng\u01b0\u1eddi ph\u1ea3i gi\u1edbi h\u1ea1n ch\u1ee9c n\u0103ng c\u1ee7a h\u1ecd trong nhi\u1ec1u m\u00f4i tr\u01b0\u1eddng, ch\u1eb3ng h\u1ea1n nh\u01b0 nh\u00e0 \u1edf, tr\u01b0\u1eddng h\u1ecdc, n\u01a1i l\u00e0m vi\u1ec7c v\u00e0 c\u1ed9ng \u0111\u1ed3ng.<\/td><\/tr>\r\n\r\n <\/tbody> <\/table> <\/div><\/div><script type=\"text\/javascript\"> function footnote_expand_reference_container_942_1() { jQuery('#footnote_references_container_942_1').show(); jQuery('#footnote_reference_container_collapse_button_942_1').text('\u2212'); } function footnote_collapse_reference_container_942_1() { jQuery('#footnote_references_container_942_1').hide(); jQuery('#footnote_reference_container_collapse_button_942_1').text('+'); } function footnote_expand_collapse_reference_container_942_1() { if (jQuery('#footnote_references_container_942_1').is(':hidden')) { footnote_expand_reference_container_942_1(); } else { footnote_collapse_reference_container_942_1(); } } function footnote_moveToReference_942_1(p_str_TargetID) { footnote_expand_reference_container_942_1(); var l_obj_Target = jQuery('#' + p_str_TargetID); if (l_obj_Target.length) { jQuery( 'html, body' ).delay( 0 ); jQuery('html, body').animate({ scrollTop: l_obj_Target.offset().top - window.innerHeight * 0.2 }, 380); } } function footnote_moveToAnchor_942_1(p_str_TargetID) { footnote_expand_reference_container_942_1(); var l_obj_Target = jQuery('#' + p_str_TargetID); if (l_obj_Target.length) { jQuery( 'html, body' ).delay( 0 ); jQuery('html, body').animate({ scrollTop: l_obj_Target.offset().top - window.innerHeight * 0.2 }, 380); } }<\/script>","protected":false},"excerpt":{"rendered":"<p>H\u00e3y nh\u1edb r\u1eb1ng, kh\u00f4ng c\u00f3 h\u01b0\u1edbng d\u1eabn r\u00f5 r\u00e0ng v\u1ec1 vi\u1ec7c ng\u01b0\u1eddi b\u1ecb khuy\u1ebft t\u1eadt tr\u00ed tu\u1ec7 c\u00f3 nh\u1eefng nhu c\u1ea7u \u0111i\u1ec1u tr\u1ecb g\u00ec. Qu\u00fd&hellip;<\/p>\n","protected":false},"author":1,"featured_media":0,"parent":37,"menu_order":15,"comment_status":"closed","ping_status":"closed","template":"","meta":{"footnotes":""},"class_list":["post-942","page","type-page","status-publish","hentry"],"_links":{"self":[{"href":"https:\/\/rula.disabilityrightsca.org\/vi\/wp-json\/wp\/v2\/pages\/942","targetHints":{"allow":["GET"]}}],"collection":[{"href":"https:\/\/rula.disabilityrightsca.org\/vi\/wp-json\/wp\/v2\/pages"}],"about":[{"href":"https:\/\/rula.disabilityrightsca.org\/vi\/wp-json\/wp\/v2\/types\/page"}],"author":[{"embeddable":true,"href":"https:\/\/rula.disabilityrightsca.org\/vi\/wp-json\/wp\/v2\/users\/1"}],"replies":[{"embeddable":true,"href":"https:\/\/rula.disabilityrightsca.org\/vi\/wp-json\/wp\/v2\/comments?post=942"}],"version-history":[{"count":4,"href":"https:\/\/rula.disabilityrightsca.org\/vi\/wp-json\/wp\/v2\/pages\/942\/revisions"}],"predecessor-version":[{"id":2814,"href":"https:\/\/rula.disabilityrightsca.org\/vi\/wp-json\/wp\/v2\/pages\/942\/revisions\/2814"}],"up":[{"embeddable":true,"href":"https:\/\/rula.disabilityrightsca.org\/vi\/wp-json\/wp\/v2\/pages\/37"}],"wp:attachment":[{"href":"https:\/\/rula.disabilityrightsca.org\/vi\/wp-json\/wp\/v2\/media?parent=942"}],"curies":[{"name":"wp","href":"https:\/\/api.w.org\/{rel}","templated":true}]}}