{"id":940,"date":"2021-05-05T20:12:48","date_gmt":"2021-05-05T20:12:48","guid":{"rendered":"http:\/\/www.rula.disabilityrightsca.org\/vi\/?page_id=940"},"modified":"2022-04-19T19:17:35","modified_gmt":"2022-04-19T19:17:35","slug":"what-does-it-mean-to-require-treatment-similar-to-that-required-by-people-with-an-intellectual-disability","status":"publish","type":"page","link":"https:\/\/rula.disabilityrightsca.org\/vi\/rula-book\/chapter-2-eligibility-for-regional-center-services\/what-does-it-mean-to-require-treatment-similar-to-that-required-by-people-with-an-intellectual-disability\/","title":{"rendered":"(2.14) Y\u00eau c\u1ea7u \u0111i\u1ec1u tr\u1ecb t\u01b0\u01a1ng t\u1ef1 v\u1edbi nhu c\u1ea7u \u0111i\u1ec1u tr\u1ecb c\u1ee7a ng\u01b0\u1eddi b\u1ecb khuy\u1ebft t\u1eadt tr\u00ed tu\u1ec7 ngh\u0129a l\u00e0 g\u00ec?"},"content":{"rendered":"\n<p>V\u1ee5&nbsp;<em>Samantha C. ki\u1ec7n S\u1edf D\u1ecbch V\u1ee5 Ph\u00e1t Tri\u1ec3n Ti\u1ec3u Bang<\/em>&nbsp;x\u00e1c \u0111\u1ecbnh xem ng\u01b0\u1eddi \u0111\u0103ng k\u00fd nh\u1eadn d\u1ecbch v\u1ee5 c\u1ee7a trung t\u00e2m khu v\u1ef1c c\u00f3 g\u1eb7p t\u00ecnh tr\u1ea1ng y\u00eau c\u1ea7u \u0111i\u1ec1u tr\u1ecb t\u01b0\u01a1ng t\u1ef1 v\u1edbi nhu c\u1ea7u \u0111i\u1ec1u tr\u1ecb c\u1ee7a ng\u01b0\u1eddi b\u1ecb khuy\u1ebft t\u1eadt tr\u00ed tu\u1ec7 kh\u00f4ng. <span class=\"footnote_referrer\"><a role=\"button\" tabindex=\"0\" onclick=\"footnote_moveToReference_940_1('footnote_plugin_reference_940_1_1');\" onkeypress=\"footnote_moveToReference_940_1('footnote_plugin_reference_940_1_1');\" ><sup id=\"footnote_plugin_tooltip_940_1_1\" class=\"footnote_plugin_tooltip_text\">[1]<\/sup><\/a><span id=\"footnote_plugin_tooltip_text_940_1_1\" class=\"footnote_tooltip\">185 B\u00e1o C\u00e1o Ph\u00fac Th\u1ea9m C\u1ee7a California s\u1ed1 4&nbsp;1462 (2010).<\/span><\/span><script type=\"text\/javascript\"> jQuery('#footnote_plugin_tooltip_940_1_1').tooltip({ tip: '#footnote_plugin_tooltip_text_940_1_1', tipClass: 'footnote_tooltip', effect: 'fade', predelay: 0, fadeInSpeed: 200, delay: 400, fadeOutSpeed: 200, position: 'top center', relative: true, offset: [-7, 0], });<\/script> V\u1ee5 ki\u1ec7n n\u00e0y ch\u1ec9 ra r\u1eb1ng ng\u01b0\u1eddi b\u1ecb khuy\u1ebft t\u1eadt tr\u00ed tu\u1ec7 c\u1ea7n c\u00e1c \u0111i\u1ec1u tr\u1ecb nh\u01b0 tr\u1ee3 gi\u00fap n\u1ea5u \u0103n, s\u1eed d\u1ee5ng ph\u01b0\u01a1ng ti\u1ec7n c\u00f4ng c\u1ed9ng, qu\u1ea3n l\u00fd ti\u1ec1n, \u0111\u00e0o t\u1ea1o ngh\u1ec1 v\u00e0 ph\u1ee5c h\u1ed3i ch\u1ee9c n\u0103ng, \u0111\u00e0o t\u1ea1o k\u1ef9 n\u0103ng s\u1ed1ng \u0111\u1ed9c l\u1eadp, ph\u01b0\u01a1ng ph\u00e1p gi\u1ea3ng d\u1ea1y v\u00e0 ph\u00e1t tri\u1ec3n k\u1ef9 n\u0103ng chuy\u00ean bi\u1ec7t v\u00e0 h\u1ed7 tr\u1ee3 vi\u1ec7c l\u00e0m. V\u1ee5 ki\u1ec7n kh\u1eb3ng \u0111\u1ecbnh ng\u01b0\u1eddi \u0111\u0103ng k\u00fd kh\u00f4ng b\u1ecb khuy\u1ebft t\u1eadt tr\u00ed tu\u1ec7, nh\u01b0ng ng\u01b0\u1eddi n\u00e0y h\u1ed9i \u0111\u1ee7 \u0111i\u1ec1u ki\u1ec7n h\u01b0\u1edfng d\u1ecbch v\u1ee5 c\u1ee7a trung t\u00e2m khu v\u1ef1c v\u00ec c\u1ea7n \u0111\u1ebfn t\u1ea5t c\u1ea3 nh\u1eefng lo\u1ea1i \u0111i\u1ec1u tr\u1ecb n\u00e0y.<\/p>\n\n\n\n<p>V\u1ee5&nbsp;<em>Ronald F. ki\u1ec7n S\u1edf D\u1ecbch V\u1ee5 Ph\u00e1t Tri\u1ec3n Ti\u1ec3u Bang<\/em>&nbsp;c\u0169ng x\u00e1c \u0111\u1ecbnh xem m\u1ed9t ng\u01b0\u1eddi c\u00f3 g\u1eb7p t\u00ecnh tr\u1ea1ng y\u00eau c\u1ea7u \u0111i\u1ec1u tr\u1ecb t\u01b0\u01a1ng t\u1ef1 v\u1edbi nhu c\u1ea7u \u0111i\u1ec1u tr\u1ecb c\u1ee7a ng\u01b0\u1eddi b\u1ecb khuy\u1ebft t\u1eadt tr\u00ed tu\u1ec7 kh\u00f4ng. <span class=\"footnote_referrer\"><a role=\"button\" tabindex=\"0\" onclick=\"footnote_moveToReference_940_1('footnote_plugin_reference_940_1_2');\" onkeypress=\"footnote_moveToReference_940_1('footnote_plugin_reference_940_1_2');\" ><sup id=\"footnote_plugin_tooltip_940_1_2\" class=\"footnote_plugin_tooltip_text\">[2]<\/sup><\/a><span id=\"footnote_plugin_tooltip_text_940_1_2\" class=\"footnote_tooltip\">5 B\u00e1o C\u00e1o Ph\u00fac Th\u1ea9m C\u1ee7a California s\u1ed1 5&nbsp;84 (2017).<\/span><\/span><script type=\"text\/javascript\"> jQuery('#footnote_plugin_tooltip_940_1_2').tooltip({ tip: '#footnote_plugin_tooltip_text_940_1_2', tipClass: 'footnote_tooltip', effect: 'fade', predelay: 0, fadeInSpeed: 200, delay: 400, fadeOutSpeed: 200, position: 'top center', relative: true, offset: [-7, 0], });<\/script> V\u1ee5 ki\u1ec7n&nbsp;<em>Ronald F.<\/em>&nbsp;b\u1ea5t \u0111\u1ed3ng v\u1edbi v\u1ee5 ki\u1ec7n&nbsp;<em>Samantha C<\/em>. V\u1ee5 ki\u1ec7n&nbsp;<em>Ronald F.<\/em>&nbsp;ch\u1ec9 ra r\u1eb1ng nhu c\u1ea7u \u0111i\u1ec1u tr\u1ecb c\u1ee7a ng\u01b0\u1eddi b\u1ecb khuy\u1ebft t\u1eadt tr\u00ed tu\u1ec7 kh\u00e1c v\u1edbi c\u00e1c d\u1ecbch v\u1ee5 m\u1ecdi ng\u01b0\u1eddi c\u00f3 th\u1ec3 nh\u1eadn theo \u0110\u1ea1o Lu\u1eadt Lanterman. V\u1ee5 ki\u1ec7n n\u00e0y cho bi\u1ebft \u201c\u0111i\u1ec1u tr\u1ecb\u201d \u0111\u01b0\u1ee3c li\u1ec7t k\u00ea ri\u00eang l\u00e0 m\u1ed9t d\u1ecbch v\u1ee5 m\u00e0 m\u1ecdi ng\u01b0\u1eddi c\u00f3 th\u1ec3 nh\u1eadn theo c\u00e1c m\u1ee5c 4512(b) v\u00e0 4502(b)(1) c\u1ee7a \u0110\u1ea1o Lu\u1eadt Lanterman. V\u1ee5 ki\u1ec7n n\u00e0y n\u00eau r\u1eb1ng \u0111i\u1ec1u tr\u1ecb ph\u1ea3i l\u00e0 m\u1ed9t \u0111i\u1ec1u g\u00ec kh\u00e1c v\u00e0 c\u1ee5 th\u1ec3 h\u01a1n d\u1ecbch v\u1ee5. V\u1ee5 ki\u1ec7n&nbsp;<em>Ronald F.<\/em>&nbsp;g\u1ee3i \u00fd r\u1eb1ng kh\u00f4ng m\u1ed9t d\u1ecbch v\u1ee5 n\u00e0o trong 4512(b), ngo\u00e0i \u201c\u0111i\u1ec1u tr\u1ecb\u201d, c\u00f3 th\u1ec3 l\u00e0 v\u00ed d\u1ee5 v\u1ec1 nhu c\u1ea7u \u0111i\u1ec1u tr\u1ecb c\u1ee7a ng\u01b0\u1eddi b\u1ecb khuy\u1ebft t\u1eadt tr\u00ed tu\u1ec7. T\u00f2a \u00e1n c\u1ee7a v\u1ee5&nbsp;<em>Ronald F.<\/em>&nbsp;kh\u00f4ng \u0111\u1ec1 c\u1eadp \u0111i\u1ec1u tr\u1ecb l\u00e0 g\u00ec. T\u00f2a ch\u1ec9 tuy\u00ean b\u1ed1 r\u1eb1ng nh\u1eefng d\u1ecbch v\u1ee5 \u0111\u01b0\u1ee3c cung c\u1ea5p cho ng\u01b0\u1eddi b\u1ecb khuy\u1ebft t\u1eadt v\u1ec1 ph\u00e1t tri\u1ec3n kh\u00f4ng ph\u1ea3i nhu c\u1ea7u \u0111i\u1ec1u tr\u1ecb c\u1ee7a ng\u01b0\u1eddi b\u1ecb khuy\u1ebft t\u1eadt tr\u00ed tu\u1ec7.<\/p>\n\n\n\n<p>V\u1ee5 <em>Ronald F.<\/em>&nbsp;kh\u00f4ng nh\u1ea5t qu\u00e1n v\u1edbi H\u01b0\u1edbng D\u1eabn ARCA. H\u01b0\u1edbng D\u1eabn ARCA cho bi\u1ebft \u201ch\u1ed7 tr\u1ee3 ph\u00e1t tri\u1ec3n\u201d l\u00e0 v\u00ed d\u1ee5 v\u1ec1 vi\u1ec7c \u0111\u00e0o t\u1ea1o c\u00f3 th\u1ec3 l\u00e0 nhu c\u1ea7u \u0111i\u1ec1u tr\u1ecb c\u1ee7a ng\u01b0\u1eddi b\u1ecb khuy\u1ebft t\u1eadt tr\u00ed tu\u1ec7. <span class=\"footnote_referrer\"><a role=\"button\" tabindex=\"0\" onclick=\"footnote_moveToReference_940_1('footnote_plugin_reference_940_1_3');\" onkeypress=\"footnote_moveToReference_940_1('footnote_plugin_reference_940_1_3');\" ><sup id=\"footnote_plugin_tooltip_940_1_3\" class=\"footnote_plugin_tooltip_text\">[3]<\/sup><\/a><span id=\"footnote_plugin_tooltip_text_940_1_3\" class=\"footnote_tooltip\">Xem H\u01b0\u1edbng D\u1eabn ARCA, Ph\u1ea7n II.C.<\/span><\/span><script type=\"text\/javascript\"> jQuery('#footnote_plugin_tooltip_940_1_3').tooltip({ tip: '#footnote_plugin_tooltip_text_940_1_3', tipClass: 'footnote_tooltip', effect: 'fade', predelay: 0, fadeInSpeed: 200, delay: 400, fadeOutSpeed: 200, position: 'top center', relative: true, offset: [-7, 0], });<\/script> V\u1ee5 <em>Ronald F.<\/em> tr\u00edch d\u1eabn m\u1ee5c 4512(b) \u0111\u1ec3 h\u1ed7 tr\u1ee3 cho k\u1ebft lu\u1eadn r\u1eb1ng c\u00e1c d\u1ecbch v\u1ee5 kh\u00f4ng ph\u1ea3i l\u00e0 \u0111i\u1ec1u tr\u1ecb, tuy nhi\u00ean 4512(b) c\u0169ng li\u1ec7t k\u00ea \u201ch\u1ed7 tr\u1ee3 ph\u00e1t tri\u1ec3n\u201d l\u00e0 m\u1ed9t d\u1ecbch v\u1ee5 m\u00e0 ng\u01b0\u1eddi b\u1ecb khuy\u1ebft t\u1eadt v\u1ec1 ph\u00e1t tri\u1ec3n c\u00f3 th\u1ec3 nh\u1eadn. M\u1ee5c 4502(b)(1) l\u00e0 m\u1ed9t m\u1ee5c kh\u00e1c trong \u0110\u1ea1o Lu\u1eadt Lanterman \u0111\u01b0\u1ee3c&nbsp;v\u1ee5 <em>Ronald F. <\/em>tr\u00edch d\u1eabn. M\u1ee5c n\u00e0y n\u00eau: \u201cC\u00e1c d\u1ecbch v\u1ee5 v\u00e0 s\u1ef1 h\u1ed7 tr\u1ee3 trong vi\u1ec7c \u0111i\u1ec1u tr\u1ecb v\u00e0 h\u1ed7 tr\u1ee3 ph\u00e1t tri\u1ec3n ph\u1ea3i th\u00fac \u0111\u1ea9y ti\u1ec1m n\u0103ng ph\u00e1t tri\u1ec3n c\u1ee7a ng\u01b0\u1eddi \u0111\u00f3\u2026\u201d V\u1ee5 <em>Ronald F.&nbsp;<\/em>kh\u1eb3ng \u0111\u1ecbnh c\u00e1c d\u1ecbch v\u1ee5 h\u1ed7 tr\u1ee3 ph\u00e1t tri\u1ec3n kh\u00f4ng th\u1ec3 l\u00e0 \u0111i\u1ec1u tr\u1ecb, v\u00ec n\u1ebfu l\u00e0 \u0111i\u1ec1u tr\u1ecb, th\u00ec c\u00e1c d\u1ecbch v\u1ee5 n\u00e0y \u0111\u00e3 kh\u00f4ng \u0111\u01b0\u1ee3c ph\u00e2n bi\u1ec7t v\u1edbi \u0111i\u1ec1u tr\u1ecb trong lu\u1eadt. N\u1ebfu kh\u00f4ng m\u1ed9t d\u1ecbch v\u1ee5 n\u00e0o trong lu\u1eadt, ngo\u00e0i \u0111i\u1ec1u tr\u1ecb, c\u00f3 th\u1ec3 l\u00e0 nhu c\u1ea7u \u0111i\u1ec1u tr\u1ecb c\u1ee7a ng\u01b0\u1eddi b\u1ecb khuy\u1ebft t\u1eadt tr\u00ed tu\u1ec7, th\u00ec \u201ch\u1ed7 tr\u1ee3 ph\u00e1t tri\u1ec3n\u201d c\u0169ng kh\u00f4ng th\u1ec3 l\u00e0 nhu c\u1ea7u \u0111i\u1ec1u tr\u1ecb c\u1ee7a ng\u01b0\u1eddi b\u1ecb khuy\u1ebft t\u1eadt tr\u00ed tu\u1ec7. Tuy nhi\u00ean H\u01b0\u1edbng D\u1eabn ARCA kh\u1eb3ng \u0111\u1ecbnh \u0111i\u1ec1u ng\u01b0\u1ee3c l\u1ea1i.<\/p>\n\n\n\n<p>V\u0103n Ph\u00f2ng \u0110i\u1ec1u Tr\u1ea7n H\u00e0nh Ch\u00ednh l\u00e0 c\u01a1 quan cung c\u1ea5p th\u1ea9m ph\u00e1n lu\u1eadt h\u00e0nh ch\u00ednh \u0111\u1ec3 x\u00e1c \u0111\u1ecbnh c\u00e1c phi\u00ean \u0111i\u1ec1u tr\u1ea7n v\u1ec1 kh\u1ea3 n\u0103ng h\u1ed9i \u0111\u1ee7 \u0111i\u1ec1u ki\u1ec7n t\u1ea1i trung t\u00e2m khu v\u1ef1c. H\u1ecd \u0111\u00e3 v\u1eadn d\u1ee5ng quan \u0111i\u1ec3m c\u1ee7a t\u00f2a x\u1eed v\u1ee5&nbsp;<em>Ronald F.&nbsp;<\/em>r\u1eb1ng nhu c\u1ea7u \u0111i\u1ec1u tr\u1ecb c\u1ee7a ng\u01b0\u1eddi b\u1ecb khuy\u1ebft t\u1eadt tr\u00ed tu\u1ec7 kh\u00e1c v\u1edbi c\u00e1c d\u1ecbch v\u1ee5 \u0111\u01b0\u1ee3c cung c\u1ea5p cho ng\u01b0\u1eddi b\u1ecb khuy\u1ebft t\u1eadt v\u1ec1 ph\u00e1t tri\u1ec3n trong \u00edt nh\u1ea5t m\u1ed9t quy\u1ebft \u0111\u1ecbnh. <span class=\"footnote_referrer\"><a role=\"button\" tabindex=\"0\" onclick=\"footnote_moveToReference_940_1('footnote_plugin_reference_940_1_4');\" onkeypress=\"footnote_moveToReference_940_1('footnote_plugin_reference_940_1_4');\" ><sup id=\"footnote_plugin_tooltip_940_1_4\" class=\"footnote_plugin_tooltip_text\">[4]<\/sup><\/a><span id=\"footnote_plugin_tooltip_text_940_1_4\" class=\"footnote_tooltip\">Nguy\u00ean \u0110\u01a1n ki\u1ec7n Trung T\u00e2m Khu V\u1ef1c Inland, OAH V\u1ee5 ki\u1ec7n s\u1ed1 2018061194.1<\/span><\/span><script type=\"text\/javascript\"> jQuery('#footnote_plugin_tooltip_940_1_4').tooltip({ tip: '#footnote_plugin_tooltip_text_940_1_4', tipClass: 'footnote_tooltip', effect: 'fade', predelay: 0, fadeInSpeed: 200, delay: 400, fadeOutSpeed: 200, position: 'top center', relative: true, offset: [-7, 0], });<\/script><\/p>\n\n\n\n<p>H\u01b0\u1edbng D\u1eabn ARCA cung c\u1ea5p th\u00f4ng tin v\u1ec1 c\u00e1c nhu c\u1ea7u \u0111i\u1ec1u tr\u1ecb c\u1ee7a ng\u01b0\u1eddi b\u1ecb khuy\u1ebft t\u1eadt tr\u00ed tu\u1ec7. Tuy nhi\u00ean, nh\u01b0&nbsp;v\u1ee5 <em>Ronald F.<\/em>, h\u01b0\u1edbng d\u1eabn n\u00e0y cung c\u1ea5p nhi\u1ec1u th\u00f4ng tin h\u01a1n v\u1ec1 vi\u1ec7c nh\u1eefng nhu c\u1ea7u \u0111i\u1ec1u tr\u1ecb n\u00e0y&nbsp;<strong>kh\u00f4ng ph\u1ea3i l\u00e0<\/strong>&nbsp;g\u00ec thay v\u00ec&nbsp;<strong>l\u00e0<\/strong> g\u00ec. H\u01b0\u1edbng D\u1eabn ARCA cho bi\u1ebft nh\u1eefng nhu c\u1ea7u \u0111i\u1ec1u tr\u1ecb n\u00e0y kh\u00f4ng ph\u1ea3i l\u00e0 c\u00e1c \u0111i\u1ec1u tr\u1ecb nh\u1eb1m t\u0103ng \u0111\u1ed9ng l\u1ef1c ho\u1eb7c gi\u1ea3i quy\u1ebft nh\u1eefng khi\u1ebfm khuy\u1ebft do thi\u1ebfu h\u1ee5t v\u0103n h\u00f3a x\u00e3 h\u1ed9i g\u00e2y ra. Nh\u1eefng nhu c\u1ea7u n\u00e0y kh\u00f4ng ph\u1ea3i \u0111\u00e0o t\u1ea1o ch\u1eefa b\u1ec7nh ng\u1eafn h\u1ea1n. Nh\u1eefng nhu c\u1ea7u n\u00e0y kh\u00f4ng nh\u1eb1m ph\u1ee5c h\u1ed3i ch\u1ee9c n\u0103ng (tr\u1eeb khi c\u00e1c k\u1ef9 n\u0103ng b\u1ecb m\u1ea5t v\u00e0 c\u1ed1 g\u1eafng ph\u1ee5c h\u1ed3i tr\u01b0\u1edbc 18 tu\u1ed5i).<\/p>\n\n\n\n<p>H\u01b0\u1edbng D\u1eabn ARCA c\u00f3 kh\u1eb3ng \u0111\u1ecbnh c\u00e1c nhu c\u1ea7u \u0111i\u1ec1u tr\u1ecb c\u1ee7a ng\u01b0\u1eddi b\u1ecb khuy\u1ebft t\u1eadt tr\u00ed tu\u1ec7 l\u00e0 nh\u1eb1m h\u1ed7 tr\u1ee3 ph\u00e1t tri\u1ec3n. M\u1ee5c ti\u00eau c\u1ee7a h\u1ed7 tr\u1ee3 ph\u00e1t tri\u1ec3n l\u00e0 gi\u00fap nh\u1eefng ng\u01b0\u1eddi b\u1ecb khuy\u1ebft t\u1eadt ti\u1ebfp thu, c\u1ea3i thi\u1ec7n v\u00e0 duy tr\u00ec c\u00e1c k\u1ef9 n\u0103ng \u0111\u01b0\u1ee3c s\u1eed d\u1ee5ng trong cu\u1ed9c s\u1ed1ng h\u00e0ng ng\u00e0y. H\u01b0\u1edbng D\u1eabn ARCA cho bi\u1ebft m\u1ed9t s\u1ed1 \u0111i\u1ec1u tr\u1ecb c\u00f3 th\u1ec3 l\u00e0 nhu c\u1ea7u \u0111i\u1ec1u tr\u1ecb c\u1ee7a ng\u01b0\u1eddi b\u1ecb khuy\u1ebft t\u1eadt tr\u00ed tu\u1ec7. M\u1ed9t nhu c\u1ea7u \u0111i\u1ec1u tr\u1ecb l\u00e0 \u0111i\u1ec1u tr\u1ecb nh\u1eb1m gi\u1ea3i quy\u1ebft c\u00e1c thi\u1ebfu h\u1ee5t k\u1ef9 n\u0103ng do gi\u1edbi h\u1ea1n tr\u00ed tu\u1ec7 g\u00e2y ra. M\u1ed9t nhu c\u1ea7u \u0111i\u1ec1u tr\u1ecb kh\u00e1c l\u00e0 \u0111\u00e0o t\u1ea1o d\u00e0i h\u1ea1n v\u1edbi c\u00e1c b\u01b0\u1edbc \u0111\u00e0o t\u1ea1o \u0111\u01b0\u1ee3c chia nh\u1ecf v\u00e0 ch\u1ec9 d\u1ea1y th\u00f4ng qua c\u00e1ch l\u1eb7p \u0111i l\u1eb7p l\u1ea1i. M\u1ed9t nhu c\u1ea7u \u0111i\u1ec1u tr\u1ecb kh\u00e1c n\u1eefa l\u00e0 h\u1ed7 tr\u1ee3 gi\u00e1o d\u1ee5c cho tr\u1ebb em c\u1ea7n \u0111\u01b0\u1ee3c h\u1ed7 tr\u1ee3 k\u00e8m theo c\u00e1c \u0111i\u1ec1u ch\u1ec9nh trong nhi\u1ec1u l\u0129nh v\u1ef1c k\u1ef9 n\u0103ng.<\/p>\n\n\n\n<p><a href=\"https:\/\/rula.disabilityrightsca.org\/vi\/supplements\/supplement-f-services-and-supports-for-people-with-cognitive-disabilities\/\">Ph\u1ee5 L\u1ee5c F<\/a><a href=\"http:\/\/www.rula.disabilityrightsca.org\/vi\/supplements\/supplement-f-services-and-supports-for-people-with-cognitive-disabilities\/\" data-type=\"page\" data-id=\"1872\">&nbsp;<\/a>c\u1ee7a c\u1ea9m nang n\u00e0y c\u00f3 danh s\u00e1ch c\u00e1c nhu c\u1ea7u \u0111i\u1ec1u tr\u1ecb c\u1ee7a ng\u01b0\u1eddi b\u1ecb khuy\u1ebft t\u1eadt tr\u00ed tu\u1ec7. M\u1ed9t s\u1ed1 \u0111i\u1ec1u tr\u1ecb trong s\u1ed1 n\u00e0y \u0111\u01b0\u1ee3c c\u00e1c trung t\u00e2m khu v\u1ef1c, H\u01b0\u1edbng D\u1eabn ARCA, th\u1ea9m ph\u00e1n lu\u1eadt h\u00e0nh ch\u00ednh v\u00e0 t\u00f2a \u00e1n c\u00f4ng nh\u1eadn l\u00e0 nhu c\u1ea7u \u0111i\u1ec1u tr\u1ecb c\u1ee7a ng\u01b0\u1eddi b\u1ecb khuy\u1ebft t\u1eadt tr\u00ed tu\u1ec7. Tuy nhi\u00ean, nhi\u1ec1u \u0111\u1eb7c \u0111i\u1ec3m trong \u0111\u00f3 kh\u00f4ng \u0111\u01b0\u1ee3c th\u1eeba nh\u1eadn. Cho d\u00f9 qu\u00fd v\u1ecb c\u00f3 nhu c\u1ea7u \u0111i\u1ec1u tr\u1ecb n\u00e0o, c\u00e1c nhu c\u1ea7u n\u00e0y ph\u1ea3i xu\u1ea5t ph\u00e1t t\u1eeb khi\u1ebfm khuy\u1ebft tr\u00ed tu\u1ec7 c\u1ee7a qu\u00fd v\u1ecb, ch\u1ee9 kh\u00f4ng ph\u1ea3i do khuy\u1ebft t\u1eadt ho\u1eb7c t\u00ecnh tr\u1ea1ng n\u00e0o kh\u00e1c c\u1ee7a qu\u00fd v\u1ecb.<\/p>\n<div class=\"speaker-mute footnotes_reference_container\"> <div class=\"footnote_container_prepare\"><p><span role=\"button\" tabindex=\"0\" class=\"footnote_reference_container_label pointer\" onclick=\"footnote_expand_collapse_reference_container_940_1();\">&#x202F;<\/span><span role=\"button\" tabindex=\"0\" class=\"footnote_reference_container_collapse_button\" style=\"display: none;\" onclick=\"footnote_expand_collapse_reference_container_940_1();\">[<a id=\"footnote_reference_container_collapse_button_940_1\">+<\/a>]<\/span><\/p><\/div> <div id=\"footnote_references_container_940_1\" style=\"\"><table class=\"footnotes_table footnote-reference-container\"><caption class=\"accessibility\">References<\/caption> <tbody> \r\n\r\n<tr class=\"footnotes_plugin_reference_row\"> <th scope=\"row\" class=\"footnote_plugin_index_combi pointer\"  onclick=\"footnote_moveToAnchor_940_1('footnote_plugin_tooltip_940_1_1');\"><a id=\"footnote_plugin_reference_940_1_1\" class=\"footnote_backlink\"><span class=\"footnote_index_arrow\">&#8593;<\/span>1<\/a><\/th> <td class=\"footnote_plugin_text\">185 B\u00e1o C\u00e1o Ph\u00fac Th\u1ea9m C\u1ee7a California s\u1ed1 4&nbsp;1462 (2010).<\/td><\/tr>\r\n\r\n<tr class=\"footnotes_plugin_reference_row\"> <th scope=\"row\" class=\"footnote_plugin_index_combi pointer\"  onclick=\"footnote_moveToAnchor_940_1('footnote_plugin_tooltip_940_1_2');\"><a id=\"footnote_plugin_reference_940_1_2\" class=\"footnote_backlink\"><span class=\"footnote_index_arrow\">&#8593;<\/span>2<\/a><\/th> <td class=\"footnote_plugin_text\">5 B\u00e1o C\u00e1o Ph\u00fac Th\u1ea9m C\u1ee7a California s\u1ed1 5&nbsp;84 (2017).<\/td><\/tr>\r\n\r\n<tr class=\"footnotes_plugin_reference_row\"> <th scope=\"row\" class=\"footnote_plugin_index_combi pointer\"  onclick=\"footnote_moveToAnchor_940_1('footnote_plugin_tooltip_940_1_3');\"><a id=\"footnote_plugin_reference_940_1_3\" class=\"footnote_backlink\"><span class=\"footnote_index_arrow\">&#8593;<\/span>3<\/a><\/th> <td class=\"footnote_plugin_text\">Xem H\u01b0\u1edbng D\u1eabn ARCA, Ph\u1ea7n II.C.<\/td><\/tr>\r\n\r\n<tr class=\"footnotes_plugin_reference_row\"> <th scope=\"row\" class=\"footnote_plugin_index_combi pointer\"  onclick=\"footnote_moveToAnchor_940_1('footnote_plugin_tooltip_940_1_4');\"><a id=\"footnote_plugin_reference_940_1_4\" class=\"footnote_backlink\"><span class=\"footnote_index_arrow\">&#8593;<\/span>4<\/a><\/th> <td class=\"footnote_plugin_text\">Nguy\u00ean \u0110\u01a1n ki\u1ec7n Trung T\u00e2m Khu V\u1ef1c Inland, OAH V\u1ee5 ki\u1ec7n s\u1ed1 2018061194.1<\/td><\/tr>\r\n\r\n <\/tbody> <\/table> <\/div><\/div><script type=\"text\/javascript\"> function footnote_expand_reference_container_940_1() { jQuery('#footnote_references_container_940_1').show(); jQuery('#footnote_reference_container_collapse_button_940_1').text('\u2212'); } function footnote_collapse_reference_container_940_1() { jQuery('#footnote_references_container_940_1').hide(); jQuery('#footnote_reference_container_collapse_button_940_1').text('+'); } function footnote_expand_collapse_reference_container_940_1() { if (jQuery('#footnote_references_container_940_1').is(':hidden')) { footnote_expand_reference_container_940_1(); } else { footnote_collapse_reference_container_940_1(); } } function footnote_moveToReference_940_1(p_str_TargetID) { footnote_expand_reference_container_940_1(); var l_obj_Target = jQuery('#' + p_str_TargetID); if (l_obj_Target.length) { jQuery( 'html, body' ).delay( 0 ); jQuery('html, body').animate({ scrollTop: l_obj_Target.offset().top - window.innerHeight * 0.2 }, 380); } } function footnote_moveToAnchor_940_1(p_str_TargetID) { footnote_expand_reference_container_940_1(); var l_obj_Target = jQuery('#' + p_str_TargetID); if (l_obj_Target.length) { jQuery( 'html, body' ).delay( 0 ); jQuery('html, body').animate({ scrollTop: l_obj_Target.offset().top - window.innerHeight * 0.2 }, 380); } }<\/script>","protected":false},"excerpt":{"rendered":"<p>V\u1ee5&nbsp;Samantha C. ki\u1ec7n S\u1edf D\u1ecbch V\u1ee5 Ph\u00e1t Tri\u1ec3n Ti\u1ec3u Bang&nbsp;x\u00e1c \u0111\u1ecbnh xem ng\u01b0\u1eddi \u0111\u0103ng k\u00fd nh\u1eadn d\u1ecbch v\u1ee5 c\u1ee7a trung t\u00e2m khu v\u1ef1c c\u00f3 g\u1eb7p&hellip;<\/p>\n","protected":false},"author":1,"featured_media":0,"parent":37,"menu_order":14,"comment_status":"closed","ping_status":"closed","template":"","meta":{"footnotes":""},"class_list":["post-940","page","type-page","status-publish","hentry"],"_links":{"self":[{"href":"https:\/\/rula.disabilityrightsca.org\/vi\/wp-json\/wp\/v2\/pages\/940","targetHints":{"allow":["GET"]}}],"collection":[{"href":"https:\/\/rula.disabilityrightsca.org\/vi\/wp-json\/wp\/v2\/pages"}],"about":[{"href":"https:\/\/rula.disabilityrightsca.org\/vi\/wp-json\/wp\/v2\/types\/page"}],"author":[{"embeddable":true,"href":"https:\/\/rula.disabilityrightsca.org\/vi\/wp-json\/wp\/v2\/users\/1"}],"replies":[{"embeddable":true,"href":"https:\/\/rula.disabilityrightsca.org\/vi\/wp-json\/wp\/v2\/comments?post=940"}],"version-history":[{"count":9,"href":"https:\/\/rula.disabilityrightsca.org\/vi\/wp-json\/wp\/v2\/pages\/940\/revisions"}],"predecessor-version":[{"id":2864,"href":"https:\/\/rula.disabilityrightsca.org\/vi\/wp-json\/wp\/v2\/pages\/940\/revisions\/2864"}],"up":[{"embeddable":true,"href":"https:\/\/rula.disabilityrightsca.org\/vi\/wp-json\/wp\/v2\/pages\/37"}],"wp:attachment":[{"href":"https:\/\/rula.disabilityrightsca.org\/vi\/wp-json\/wp\/v2\/media?parent=940"}],"curies":[{"name":"wp","href":"https:\/\/api.w.org\/{rel}","templated":true}]}}