{"id":938,"date":"2021-05-05T19:58:15","date_gmt":"2021-05-05T19:58:15","guid":{"rendered":"http:\/\/www.rula.disabilityrightsca.org\/vi\/?page_id=938"},"modified":"2022-04-19T19:15:21","modified_gmt":"2022-04-19T19:15:21","slug":"what-does-it-mean-to-have-a-condition-closely-related-to-intellectual-disability","status":"publish","type":"page","link":"https:\/\/rula.disabilityrightsca.org\/vi\/rula-book\/chapter-2-eligibility-for-regional-center-services\/what-does-it-mean-to-have-a-condition-closely-related-to-intellectual-disability\/","title":{"rendered":"(2.13) M\u1eafc ph\u1ea3i t\u00ecnh tr\u1ea1ng li\u00ean quan ch\u1eb7t ch\u1ebd \u0111\u1ebfn khuy\u1ebft t\u1eadt tr\u00ed tu\u1ec7 ngh\u0129a l\u00e0 g\u00ec?"},"content":{"rendered":"\n<p>C\u00e1c ph\u1ea7n ch\u00ednh c\u1ee7a khuy\u1ebft t\u1eadt tr\u00ed tu\u1ec7 l\u00e0 nh\u1eefng v\u1ea5n \u0111\u1ec1 v\u1edbi ch\u1ee9c n\u0103ng t\u00e2m th\u1ea7n v\u00e0 h\u00e0nh vi th\u00edch \u1ee9ng.&nbsp;N\u1ebfu qu\u00fd v\u1ecb \u0111\u0103ng k\u00fd v\u1edbi trung t\u00e2m khu v\u1ef1c theo danh m\u1ee5c n\u00e0y, qu\u00fd v\u1ecb ph\u1ea3i ch\u1ee9ng minh b\u1ea3n th\u00e2n g\u1eb7p c\u00e1c v\u1ea5n \u0111\u1ec1 \u1edf c\u1ea3 hai l\u0129nh v\u1ef1c n\u00e0y.&nbsp;Qu\u00fd v\u1ecb ph\u1ea3i bi\u1ebft c\u00e1c \u0111\u1eb7c \u0111i\u1ec3m c\u1ee7a khuy\u1ebft t\u1eadt tr\u00ed tu\u1ec7. Qu\u00fd v\u1ecb ph\u1ea3i ch\u1ee9ng minh cho trung t\u00e2m khu v\u1ef1c ho\u1eb7c th\u1ea9m ph\u00e1n th\u1ea5y nh\u1eefng \u0111\u1eb7c \u0111i\u1ec3m qu\u00fd v\u1ecb c\u00f3.&nbsp;Qu\u00fd v\u1ecb c\u0169ng ph\u1ea3i ch\u1ee9ng minh nh\u1eefng \u0111\u1eb7c \u0111i\u1ec3m n\u00e0y l\u00e0 do khi\u1ebfm khuy\u1ebft t\u00e2m th\u1ea7n c\u1ee7a qu\u00fd v\u1ecb, kh\u00f4ng ph\u1ea3i do nguy\u00ean nh\u00e2n kh\u00e1c nh\u01b0 l\u00e0 khuy\u1ebft t\u1eadt th\u1ec3 ch\u1ea5t, h\u1ecdc t\u1eadp ho\u1eb7c t\u00e2m th\u1ea7n g\u00e2y ra. Do c\u00e1c khi\u1ebfm khuy\u1ebft t\u00e2m th\u1ea7n c\u1ee7a b\u1ea3n th\u00e2n, nh\u1eefng ng\u01b0\u1eddi b\u1ecb khuy\u1ebft t\u1eadt tr\u00ed tu\u1ec7 th\u01b0\u1eddng c\u00f3 c\u00e1c v\u1ea5n \u0111\u1ec1 \u1edf:<\/p>\n\n\n\n<ul class=\"wp-block-list\"><li>k\u1ef9 n\u0103ng h\u1ecdc thu\u1eadt nh\u01b0 \u0111\u1ecdc, vi\u1ebft, l\u00e0m to\u00e1n, xem th\u1eddi gian v\u00e0 t\u00ednh ti\u1ec1n<\/li><li>l\u1eadp k\u1ebf ho\u1ea1ch, x\u00e1c \u0111\u1ecbnh chi\u1ebfn l\u01b0\u1ee3c, \u0111\u1eb7t \u01b0u ti\u00ean v\u00e0 th\u00edch nghi v\u1edbi nh\u1eefng th\u1ee9 thay \u0111\u1ed5i<\/li><li>ghi nh\u1edb s\u1ef1 v\u1eadt s\u1ef1 vi\u1ec7c<\/li><li>hi\u1ec3u c\u00e1c d\u1ea5u hi\u1ec7u x\u00e3 h\u1ed9i<\/li><li>giao ti\u1ebfp (bao g\u1ed3m giao ti\u1ebfp phi ng\u00f4n ng\u1eef), tham gia giao ti\u1ebfp hai chi\u1ec1u v\u00e0 ng\u00f4n ng\u1eef<\/li><li>ki\u1ec3m so\u00e1t c\u1ea3m x\u00fac v\u00e0 h\u00e0nh vi t\u1ed1t nh\u01b0 nh\u1eefng ng\u01b0\u1eddi kh\u00e1c c\u00f9ng tu\u1ed5i<\/li><li>\u0111\u00e1nh gi\u00e1 nguy c\u01a1 trong c\u00e1c t\u00ecnh hu\u1ed1ng x\u00e3 h\u1ed9i, th\u1ec3 hi\u1ec7n kh\u1ea3 n\u0103ng ph\u00e1n \u0111o\u00e1n t\u1ed1t v\u1ec1 x\u00e3 h\u1ed9i v\u00e0 tr\u00e1nh b\u1ecb ng\u01b0\u1eddi kh\u00e1c thao t\u00fang<\/li><li>t\u1ef1 \u0111i mua th\u1ef1c ph\u1ea9m, \u0111i l\u1ea1i trong c\u1ed9ng \u0111\u1ed3ng, s\u1eafp x\u1ebfp nh\u00e0 c\u1eeda, \u0103n th\u1ef1c ph\u1ea9m l\u00e0nh m\u1ea1nh, qu\u1ea3n l\u00fd ti\u1ec1n b\u1ea1c, ra quy\u1ebft \u0111\u1ecbnh v\u1ec1 ch\u0103m s\u00f3c s\u1ee9c kh\u1ecfe v\u00e0 ph\u00e1p l\u00fd v\u00e0 s\u1eed d\u1ee5ng th\u1eddi gian nh\u00e0n r\u1ed7i h\u1ee3p l\u00fd.<\/li><li>l\u00e0m c\u00e1c c\u00f4ng vi\u1ec7c c\u1ea1nh tranh v\u00e0 c\u00f3 c\u00e1c k\u1ef9 n\u0103ng l\u00e0m vi\u1ec7c t\u1ed1t. <span class=\"footnote_referrer\"><a role=\"button\" tabindex=\"0\" onclick=\"footnote_moveToReference_938_1('footnote_plugin_reference_938_1_1');\" onkeypress=\"footnote_moveToReference_938_1('footnote_plugin_reference_938_1_1');\" ><sup id=\"footnote_plugin_tooltip_938_1_1\" class=\"footnote_plugin_tooltip_text\">[1]<\/sup><\/a><span id=\"footnote_plugin_tooltip_text_938_1_1\" class=\"footnote_tooltip\">DSM-5, Khuy\u1ebft T\u1eadt Tr\u00ed Tu\u1ec7, B\u1ea3ng 1.<\/span><\/span><script type=\"text\/javascript\"> jQuery('#footnote_plugin_tooltip_938_1_1').tooltip({ tip: '#footnote_plugin_tooltip_text_938_1_1', tipClass: 'footnote_tooltip', effect: 'fade', predelay: 0, fadeInSpeed: 200, delay: 400, fadeOutSpeed: 200, position: 'top center', relative: true, offset: [-7, 0], });<\/script><\/li><\/ul>\n\n\n\n<p>V\u1ee5&nbsp;<em>Mason ki\u1ec7n V\u0103n Ph\u00f2ng \u0110i\u1ec1u Tr\u1ea7n H\u00e0nh Ch\u00ednh&nbsp;<\/em>x\u00e1c \u0111\u1ecbnh xem m\u1ed9t ng\u01b0\u1eddi \u0111\u0103ng k\u00fd v\u1edbi trung t\u00e2m khu v\u1ef1c c\u00f3 m\u1eafc ph\u1ea3i t\u00ecnh tr\u1ea1ng li\u00ean quan ch\u1eb7t ch\u1ebd \u0111\u1ebfn khuy\u1ebft t\u1eadt tr\u00ed tu\u1ec7 kh\u00f4ng. <span class=\"footnote_referrer\"><a role=\"button\" tabindex=\"0\" onclick=\"footnote_moveToReference_938_1('footnote_plugin_reference_938_1_2');\" onkeypress=\"footnote_moveToReference_938_1('footnote_plugin_reference_938_1_2');\" ><sup id=\"footnote_plugin_tooltip_938_1_2\" class=\"footnote_plugin_tooltip_text\">[2]<\/sup><\/a><span id=\"footnote_plugin_tooltip_text_938_1_2\" class=\"footnote_tooltip\">89 B\u00e1o C\u00e1o Ph\u00fac Th\u1ea9m C\u1ee7a California s\u1ed1 4 1119 (2001).<\/span><\/span><script type=\"text\/javascript\"> jQuery('#footnote_plugin_tooltip_938_1_2').tooltip({ tip: '#footnote_plugin_tooltip_text_938_1_2', tipClass: 'footnote_tooltip', effect: 'fade', predelay: 0, fadeInSpeed: 200, delay: 400, fadeOutSpeed: 200, position: 'top center', relative: true, offset: [-7, 0], });<\/script>&nbsp;T\u00f2a \u00e1n x\u00e1c \u0111\u1ecbnh r\u1eb1ng m\u1ed9t t\u00ecnh tr\u1ea1ng \u201cli\u00ean quan ch\u1eb7t ch\u1ebd\u201d ph\u1ea3i r\u1ea5t gi\u1ed1ng v\u1edbi khuy\u1ebft t\u1eadt tr\u00ed tu\u1ec7. T\u00ecnh tr\u1ea1ng \u0111\u00f3 ph\u1ea3i c\u00f3 nhi\u1ec1u y\u1ebfu t\u1ed1 gi\u1ed1ng, ho\u1eb7c g\u1ea7n gi\u1ed1ng, c\u1ea7n thi\u1ebft \u0111\u1ec3 ph\u00e2n lo\u1ea1i m\u1ed9t ng\u01b0\u1eddi l\u00e0 ng\u01b0\u1eddi b\u1ecb khuy\u1ebft t\u1eadt tr\u00ed tu\u1ec7. <span class=\"footnote_referrer\"><a role=\"button\" tabindex=\"0\" onclick=\"footnote_moveToReference_938_1('footnote_plugin_reference_938_1_3');\" onkeypress=\"footnote_moveToReference_938_1('footnote_plugin_reference_938_1_3');\" ><sup id=\"footnote_plugin_tooltip_938_1_3\" class=\"footnote_plugin_tooltip_text\">[3]<\/sup><\/a><span id=\"footnote_plugin_tooltip_text_938_1_3\" class=\"footnote_tooltip\"><em>Mason<\/em>&nbsp;\u1edf trang 1129.<\/span><\/span><script type=\"text\/javascript\"> jQuery('#footnote_plugin_tooltip_938_1_3').tooltip({ tip: '#footnote_plugin_tooltip_text_938_1_3', tipClass: 'footnote_tooltip', effect: 'fade', predelay: 0, fadeInSpeed: 200, delay: 400, fadeOutSpeed: 200, position: 'top center', relative: true, offset: [-7, 0], });<\/script><\/p>\n\n\n\n<p><em>V\u1edbi v\u1ee5 Samantha C. ki\u1ec7n S\u1edf D\u1ecbch V\u1ee5 Ph\u00e1t Tri\u1ec3n Ti\u1ec3u Bang<\/em>, t\u00f2a \u00e1n x\u00e1c \u0111\u1ecbnh r\u1eb1ng nh\u1eefng v\u1ea5n \u0111\u1ec1 \u1edf ri\u00eang ch\u1ee9c n\u0103ng th\u00edch \u1ee9ng kh\u00f4ng \u0111\u1ee7 \u0111\u1ec3 c\u00f3 t\u00ecnh tr\u1ea1ng li\u00ean quan ch\u1eb7t ch\u1ebd \u0111\u1ebfn khuy\u1ebft t\u1eadt tr\u00ed tu\u1ec7. <span class=\"footnote_referrer\"><a role=\"button\" tabindex=\"0\" onclick=\"footnote_moveToReference_938_1('footnote_plugin_reference_938_1_4');\" onkeypress=\"footnote_moveToReference_938_1('footnote_plugin_reference_938_1_4');\" ><sup id=\"footnote_plugin_tooltip_938_1_4\" class=\"footnote_plugin_tooltip_text\">[4]<\/sup><\/a><span id=\"footnote_plugin_tooltip_text_938_1_4\" class=\"footnote_tooltip\">185 B\u00e1o C\u00e1o Ph\u00fac Th\u1ea9m C\u1ee7a California s\u1ed1 4&nbsp;1462 t\u1ea1i 1486 (2010).<\/span><\/span><script type=\"text\/javascript\"> jQuery('#footnote_plugin_tooltip_938_1_4').tooltip({ tip: '#footnote_plugin_tooltip_text_938_1_4', tipClass: 'footnote_tooltip', effect: 'fade', predelay: 0, fadeInSpeed: 200, delay: 400, fadeOutSpeed: 200, position: 'top center', relative: true, offset: [-7, 0], });<\/script><\/p>\n\n\n\n<p>T\u00f2a \u00e1n v\u00e0 th\u1ea9m ph\u00e1n lu\u1eadt h\u00e0nh ch\u00ednh \u0111\u00e3 \u0111\u1ec1 c\u1eadp \u0111\u1ebfn&nbsp;<em>H\u01b0\u1edbng D\u1eabn X\u00e1c \u0110\u1ecbnh Kh\u1ea3 N\u0103ng H\u1ed9i \u0110\u1ee7 \u0110i\u1ec1u Ki\u1ec7n theo Danh M\u1ee5c Th\u1ee9 5 cho C\u00e1c Trung T\u00e2m Khu V\u1ef1c c\u1ee7a California (Guidelines for Determining 5<sup>th<\/sup>&nbsp;Category Eligibility for California Regional Centers)&nbsp;<\/em>(2002) c\u1ee7a Hi\u1ec7p H\u1ed9i C\u01a1 Quan Trung T\u00e2m Khu V\u1ef1c (Association of Regional Center Agencies) trong c\u00e1c quy\u1ebft \u0111\u1ecbnh. <span class=\"footnote_referrer\"><a role=\"button\" tabindex=\"0\" onclick=\"footnote_moveToReference_938_1('footnote_plugin_reference_938_1_5');\" onkeypress=\"footnote_moveToReference_938_1('footnote_plugin_reference_938_1_5');\" ><sup id=\"footnote_plugin_tooltip_938_1_5\" class=\"footnote_plugin_tooltip_text\">[5]<\/sup><\/a><span id=\"footnote_plugin_tooltip_text_938_1_5\" class=\"footnote_tooltip\">Samantha C. ki\u1ec7n S\u1edf D\u1ecbch V\u1ee5 Ph\u00e1t Tri\u1ec3n Ti\u1ec3u Bang&nbsp;(2010) 185 B\u00e1o C\u00e1o Ph\u00fac Th\u1ea9m C\u1ee7a California s\u1ed1 4&nbsp;1462, 1477;&nbsp;Ronald F. ki\u1ec7n S\u1edf D\u1ecbch V\u1ee5 Ph\u00e1t&nbsp;&#x2026; <span class=\"footnote_tooltip_continue\"  onclick=\"footnote_moveToReference_938_1('footnote_plugin_reference_938_1_5');\">Continue reading<\/span><\/span><\/span><script type=\"text\/javascript\"> jQuery('#footnote_plugin_tooltip_938_1_5').tooltip({ tip: '#footnote_plugin_tooltip_text_938_1_5', tipClass: 'footnote_tooltip', effect: 'fade', predelay: 0, fadeInSpeed: 200, delay: 400, fadeOutSpeed: 200, position: 'top center', relative: true, offset: [-7, 0], });<\/script> Ch\u00fang t\u00f4i g\u1ecdi t\u00e0i li\u1ec7u n\u00e0y l\u00e0 \u201cH\u01b0\u1edbng D\u1eabn ARCA\u201d. H\u01b0\u1edbng D\u1eabn ARCA kh\u00f4ng ph\u1ea3i lu\u1eadt. H\u01b0\u1edbng d\u1eabn n\u00e0y kh\u00f4ng \u0111\u01b0\u1ee3c C\u01a1 Quan L\u1eadp Ph\u00e1p, t\u00f2a \u00e1n hay th\u1ea9m ph\u00e1n, ho\u1eb7c S\u1edf Khuy\u1ebft T\u1eadt Ph\u00e1t Tri\u1ec3n th\u1eeba nh\u1eadn l\u00e0 ch\u00ednh th\u1ee9c. Qu\u00fd v\u1ecb c\u00f3 th\u1ec3 t\u00ecm \u0111\u1ecdc H\u01b0\u1edbng D\u1eabn ARCA&nbsp;<a href=\"https:\/\/www.arcanet.org\/pdfs\/5th.category.guidelines.pdf\">t\u1ea1i \u0111\u00e2y<\/a>.<\/p>\n\n\n\n<p>V\u1ec1 ch\u1ee9c n\u0103ng nh\u1eadn th\u1ee9c, H\u01b0\u1edbng D\u1eabn ARCA cho bi\u1ebft t\u00ecnh tr\u1ea1ng li\u00ean quan ch\u1eb7t ch\u1ebd \u0111\u1ebfn khuy\u1ebft t\u1eadt tr\u00ed tu\u1ec7 ngh\u0129a l\u00e0 \u0111i\u1ec3m s\u1ed1 IQ thu\u1ed9c ph\u1ea1m vi gi\u1edbi h\u1ea1n th\u1ea5p (70 &#8211; 74). H\u01b0\u1edbng D\u1eabn ARCA cho r\u1eb1ng t\u00ecnh tr\u1ea1ng n\u00e0y s\u1ebd \u1ea3nh h\u01b0\u1edfng \u0111\u1ebfn kh\u1ea3 n\u0103ng c\u1ee7a qu\u00fd v\u1ecb trong vi\u1ec7c gi\u1ea3i quy\u1ebft c\u1eb7n k\u1ebd v\u1ea5n \u0111\u1ec1, th\u00edch nghi v\u1edbi t\u00ecnh hu\u1ed1ng m\u1edbi, t\u01b0 duy tr\u1eebu t\u01b0\u1ee3ng v\u00e0 t\u1eadn d\u1ee5ng kinh nghi\u1ec7m. <span class=\"footnote_referrer\"><a role=\"button\" tabindex=\"0\" onclick=\"footnote_moveToReference_938_1('footnote_plugin_reference_938_1_6');\" onkeypress=\"footnote_moveToReference_938_1('footnote_plugin_reference_938_1_6');\" ><sup id=\"footnote_plugin_tooltip_938_1_6\" class=\"footnote_plugin_tooltip_text\">[6]<\/sup><\/a><span id=\"footnote_plugin_tooltip_text_938_1_6\" class=\"footnote_tooltip\">Xem Ti\u00eau \u0110\u1ec1 17, B\u1ed9 Lu\u1eadt C\u00e1c Quy \u0110\u1ecbnh California, m\u1ee5c 54002.<\/span><\/span><script type=\"text\/javascript\"> jQuery('#footnote_plugin_tooltip_938_1_6').tooltip({ tip: '#footnote_plugin_tooltip_text_938_1_6', tipClass: 'footnote_tooltip', effect: 'fade', predelay: 0, fadeInSpeed: 200, delay: 400, fadeOutSpeed: 200, position: 'top center', relative: true, offset: [-7, 0], });<\/script>&nbsp;H\u01b0\u1edbng D\u1eabn ARCA kh\u1eb3ng \u0111\u1ecbnh t\u00ecnh tr\u1ea1ng c\u1ee7a qu\u00fd v\u1ecb ph\u1ea3i \u1ed5n \u0111\u1ecbnh theo th\u1eddi gian. \u0110i\u1ec1u \u0111\u00f3 ngh\u0129a l\u00e0 t\u00ecnh tr\u1ea1ng c\u1ee7a qu\u00fd v\u1ecb kh\u00f4ng thay \u0111\u1ed5i nhi\u1ec1u. H\u01b0\u1edbng D\u1eabn ARCA ch\u1ec9 ra r\u1eb1ng ng\u01b0\u1eddi b\u1ecb khuy\u1ebft t\u1eadt tr\u00ed tu\u1ec7 kh\u00f4ng bi\u1ec3u hi\u1ec7n s\u1ef1 ch\u00eanh l\u1ec7ch l\u1edbn gi\u1eefa c\u00e1c k\u1ef9 n\u0103ng nh\u1eadn th\u1ee9c c\u1ee7a h\u1ecd. \u0110i\u1ec1u \u0111\u00f3 ngh\u0129a l\u00e0 qu\u00fd v\u1ecb s\u1ebd kh\u00f4ng th\u1ec3 hi\u1ec7n c\u00e1c v\u1ea5n \u0111\u1ec1 nghi\u00eam tr\u1ecdng \u1edf m\u1ed9t lo\u1ea1i k\u1ef9 n\u0103ng nh\u1eadn th\u1ee9c, nh\u01b0 n\u00f3i chuy\u1ec7n, nh\u01b0ng l\u1ea1i b\u1ed9c l\u1ed9 th\u1ebf m\u1ea1nh \u1edf m\u1ed9t lo\u1ea1i k\u1ef9 n\u0103ng nh\u1eadn th\u1ee9c kh\u00e1c, nh\u01b0 l\u00e0 bi\u1ec3u hi\u1ec7n n\u0103ng l\u1ef1c. Th\u1ea9m ph\u00e1n \u0111\u00e3 k\u1ebft lu\u1eadn r\u1eb1ng nh\u1eefng ng\u01b0\u1eddi b\u1ecb khuy\u1ebft t\u1eadt tr\u00ed tu\u1ec7 kh\u00f4ng c\u00f3 s\u1ef1 kh\u00e1c nhau nhi\u1ec1u gi\u1eefa c\u00e1c k\u1ef9 n\u0103ng nh\u1eadn th\u1ee9c, m\u00e0 g\u1eb7p c\u00e1c v\u1ea5n \u0111\u1ec1 nghi\u00eam tr\u1ecdng \u1edf h\u1ea7u h\u1ebft c\u00e1c l\u0129nh v\u1ef1c ch\u1ee9c n\u0103ng t\u00e2m th\u1ea7n. <span class=\"footnote_referrer\"><a role=\"button\" tabindex=\"0\" onclick=\"footnote_moveToReference_938_1('footnote_plugin_reference_938_1_7');\" onkeypress=\"footnote_moveToReference_938_1('footnote_plugin_reference_938_1_7');\" ><sup id=\"footnote_plugin_tooltip_938_1_7\" class=\"footnote_plugin_tooltip_text\">[7]<\/sup><\/a><span id=\"footnote_plugin_tooltip_text_938_1_7\" class=\"footnote_tooltip\">Nguy\u00ean \u0110\u01a1n ki\u1ec7n Trung T\u00e2m Khu V\u1ef1c Inland (2021) OAH V\u1ee5 ki\u1ec7n s\u1ed1 2018061194.1, \u1edf c\u00e1c trang 44-46.<\/span><\/span><script type=\"text\/javascript\"> jQuery('#footnote_plugin_tooltip_938_1_7').tooltip({ tip: '#footnote_plugin_tooltip_text_938_1_7', tipClass: 'footnote_tooltip', effect: 'fade', predelay: 0, fadeInSpeed: 200, delay: 400, fadeOutSpeed: 200, position: 'top center', relative: true, offset: [-7, 0], });<\/script><\/p>\n\n\n\n<p>V\u1ec1 c\u00e1c v\u1ea5n \u0111\u1ec1 h\u00e0nh vi th\u00edch \u1ee9ng, H\u01b0\u1edbng D\u1eabn ARCA ch\u1ee7 y\u1ebfu \u0111\u1ec1 c\u1eadp \u0111\u1ebfn ch\u1ee9c n\u0103ng \u1edf c\u00f9ng c\u00e1c l\u0129nh v\u1ef1c nh\u01b0 khuy\u1ebft t\u1eadt \u0111\u00e1ng k\u1ec3 (giao ti\u1ebfp, h\u1ecdc t\u1eadp, t\u1ef1 ch\u0103m s\u00f3c, v\u1eadn \u0111\u1ed9ng, t\u1ef1 ch\u1ee7, s\u1ed1ng \u0111\u1ed9c l\u1eadp v\u00e0 t\u1ef1 t\u00fac kinh t\u1ebf). H\u01b0\u1edbng d\u1eabn n\u00e0y cho bi\u1ebft c\u1ea7n xem x\u00e9t \u0111i\u1ec3m s\u1ed1 c\u1ee7a qu\u00fd v\u1ecb trong c\u00e1c b\u00e0i ki\u1ec3m tra h\u00e0nh vi th\u00edch \u1ee9ng. H\u01b0\u1edbng d\u1eabn c\u0169ng ch\u1ec9 ra r\u1eb1ng nh\u1eefng ng\u01b0\u1eddi b\u1ecb khuy\u1ebft t\u1eadt tr\u00ed tu\u1ec7 g\u1eb7p c\u00e1c v\u1ea5n \u0111\u1ec1 h\u00e0nh vi th\u00edch \u1ee9ng kh\u00f4ng b\u1eaft ngu\u1ed3n t\u1eeb nh\u1eefng t\u00ecnh tr\u1ea1ng s\u1ee9c kh\u1ecfe th\u1ec3 ch\u1ea5t ho\u1eb7c t\u00e2m th\u1ea7n, c\u00e1c v\u1ea5n \u0111\u1ec1 v\u0103n h\u00f3a x\u00e3 h\u1ed9i, \u0111\u1ed9ng l\u1ef1c k\u00e9m, l\u1ea1m d\u1ee5ng ch\u1ea5t ho\u1eb7c kinh nghi\u1ec7m c\u00f3 h\u1ea1n. <span class=\"footnote_referrer\"><a role=\"button\" tabindex=\"0\" onclick=\"footnote_moveToReference_938_1('footnote_plugin_reference_938_1_8');\" onkeypress=\"footnote_moveToReference_938_1('footnote_plugin_reference_938_1_8');\" ><sup id=\"footnote_plugin_tooltip_938_1_8\" class=\"footnote_plugin_tooltip_text\">[8]<\/sup><\/a><span id=\"footnote_plugin_tooltip_text_938_1_8\" class=\"footnote_tooltip\">M\u1ee5c 4512(l)(1).<\/span><\/span><script type=\"text\/javascript\"> jQuery('#footnote_plugin_tooltip_938_1_8').tooltip({ tip: '#footnote_plugin_tooltip_text_938_1_8', tipClass: 'footnote_tooltip', effect: 'fade', predelay: 0, fadeInSpeed: 200, delay: 400, fadeOutSpeed: 200, position: 'top center', relative: true, offset: [-7, 0], });<\/script>\u00a0<a href=\"https:\/\/rula.disabilityrightsca.org\/vi\/supplements\/supplement-e-cognitive-disabilitiesefn_notethe-state-law-says-intellectual-disability-but-we-use-cognitive-disability-here-to-include-similar-conditions-use-t\/\">Ph\u1ee5 L\u1ee5c E<\/a>\u00a0c\u1ee7a c\u1ea9m nang n\u00e0y c\u00f3 danh s\u00e1ch c\u00e1c \u0111\u1eb7c \u0111i\u1ec3m c\u1ee7a khuy\u1ebft t\u1eadt tr\u00ed tu\u1ec7. M\u1ed9t s\u1ed1 \u0111\u1eb7c \u0111i\u1ec3m trong danh s\u00e1ch n\u00e0y \u0111\u00e3 \u0111\u01b0\u1ee3c c\u00e1c trung t\u00e2m khu v\u1ef1c, H\u01b0\u1edbng D\u1eabn ARCA, th\u1ea9m ph\u00e1n lu\u1eadt h\u00e0nh ch\u00ednh v\u00e0 t\u00f2a \u00e1n th\u1eeba nh\u1eadn l\u00e0 \u0111\u1eb7c \u0111i\u1ec3m c\u1ee7a khuy\u1ebft t\u1eadt tr\u00ed tu\u1ec7. Tuy nhi\u00ean, nhi\u1ec1u \u0111\u1eb7c \u0111i\u1ec3m trong \u0111\u00f3 kh\u00f4ng \u0111\u01b0\u1ee3c th\u1eeba nh\u1eadn. Cho d\u00f9 qu\u00fd v\u1ecb c\u00f3 \u0111\u1eb7c \u0111i\u1ec3m khuy\u1ebft t\u1eadt tr\u00ed tu\u1ec7 n\u00e0o th\u00ec nguy\u00ean nh\u00e2n g\u00e2y ra c\u00e1c \u0111\u1eb7c \u0111i\u1ec3m \u0111\u00f3 c\u0169ng ph\u1ea3i l\u00e0 c\u00e1c khuy\u1ebft t\u1eadt tr\u00ed tu\u1ec7 c\u1ee7a qu\u00fd v\u1ecb m\u00e0 kh\u00f4ng ph\u1ea3i do khuy\u1ebft t\u1eadt ho\u1eb7c t\u00ecnh tr\u1ea1ng n\u00e0o kh\u00e1c.<\/p>\n<div class=\"speaker-mute footnotes_reference_container\"> <div class=\"footnote_container_prepare\"><p><span role=\"button\" tabindex=\"0\" class=\"footnote_reference_container_label pointer\" onclick=\"footnote_expand_collapse_reference_container_938_1();\">&#x202F;<\/span><span role=\"button\" tabindex=\"0\" class=\"footnote_reference_container_collapse_button\" style=\"display: none;\" onclick=\"footnote_expand_collapse_reference_container_938_1();\">[<a id=\"footnote_reference_container_collapse_button_938_1\">+<\/a>]<\/span><\/p><\/div> <div id=\"footnote_references_container_938_1\" style=\"\"><table class=\"footnotes_table footnote-reference-container\"><caption class=\"accessibility\">References<\/caption> <tbody> \r\n\r\n<tr class=\"footnotes_plugin_reference_row\"> <th scope=\"row\" class=\"footnote_plugin_index_combi pointer\"  onclick=\"footnote_moveToAnchor_938_1('footnote_plugin_tooltip_938_1_1');\"><a id=\"footnote_plugin_reference_938_1_1\" class=\"footnote_backlink\"><span class=\"footnote_index_arrow\">&#8593;<\/span>1<\/a><\/th> <td class=\"footnote_plugin_text\">DSM-5, Khuy\u1ebft T\u1eadt Tr\u00ed Tu\u1ec7, B\u1ea3ng 1.<\/td><\/tr>\r\n\r\n<tr class=\"footnotes_plugin_reference_row\"> <th scope=\"row\" class=\"footnote_plugin_index_combi pointer\"  onclick=\"footnote_moveToAnchor_938_1('footnote_plugin_tooltip_938_1_2');\"><a id=\"footnote_plugin_reference_938_1_2\" class=\"footnote_backlink\"><span class=\"footnote_index_arrow\">&#8593;<\/span>2<\/a><\/th> <td class=\"footnote_plugin_text\">89 B\u00e1o C\u00e1o Ph\u00fac Th\u1ea9m C\u1ee7a California s\u1ed1 4 1119 (2001).<\/td><\/tr>\r\n\r\n<tr class=\"footnotes_plugin_reference_row\"> <th scope=\"row\" class=\"footnote_plugin_index_combi pointer\"  onclick=\"footnote_moveToAnchor_938_1('footnote_plugin_tooltip_938_1_3');\"><a id=\"footnote_plugin_reference_938_1_3\" class=\"footnote_backlink\"><span class=\"footnote_index_arrow\">&#8593;<\/span>3<\/a><\/th> <td class=\"footnote_plugin_text\"><em>Mason<\/em>&nbsp;\u1edf trang 1129.<\/td><\/tr>\r\n\r\n<tr class=\"footnotes_plugin_reference_row\"> <th scope=\"row\" class=\"footnote_plugin_index_combi pointer\"  onclick=\"footnote_moveToAnchor_938_1('footnote_plugin_tooltip_938_1_4');\"><a id=\"footnote_plugin_reference_938_1_4\" class=\"footnote_backlink\"><span class=\"footnote_index_arrow\">&#8593;<\/span>4<\/a><\/th> <td class=\"footnote_plugin_text\">185 B\u00e1o C\u00e1o Ph\u00fac Th\u1ea9m C\u1ee7a California s\u1ed1 4&nbsp;1462 t\u1ea1i 1486 (2010).<\/td><\/tr>\r\n\r\n<tr class=\"footnotes_plugin_reference_row\"> <th scope=\"row\" class=\"footnote_plugin_index_combi pointer\"  onclick=\"footnote_moveToAnchor_938_1('footnote_plugin_tooltip_938_1_5');\"><a id=\"footnote_plugin_reference_938_1_5\" class=\"footnote_backlink\"><span class=\"footnote_index_arrow\">&#8593;<\/span>5<\/a><\/th> <td class=\"footnote_plugin_text\"><em>Samantha C. ki\u1ec7n S\u1edf D\u1ecbch V\u1ee5 Ph\u00e1t Tri\u1ec3n Ti\u1ec3u Bang<\/em>&nbsp;(2010) 185 B\u00e1o C\u00e1o Ph\u00fac Th\u1ea9m C\u1ee7a California s\u1ed1 4&nbsp;1462, 1477;&nbsp;<em>Ronald F. ki\u1ec7n S\u1edf D\u1ecbch V\u1ee5 Ph\u00e1t Tri\u1ec3n&nbsp;<\/em>(2017) 8 B\u00e1o C\u00e1o Ph\u00fac Th\u1ea9m C\u1ee7a California s\u1ed1 5&nbsp;84, 95; Nguy\u00ean \u0110\u01a1n ki\u1ec7n Trung T\u00e2m Khu V\u1ef1c Inland (2021) OAH V\u1ee5 ki\u1ec7n s\u1ed1 2018061194.1, trang 19.<\/td><\/tr>\r\n\r\n<tr class=\"footnotes_plugin_reference_row\"> <th scope=\"row\" class=\"footnote_plugin_index_combi pointer\"  onclick=\"footnote_moveToAnchor_938_1('footnote_plugin_tooltip_938_1_6');\"><a id=\"footnote_plugin_reference_938_1_6\" class=\"footnote_backlink\"><span class=\"footnote_index_arrow\">&#8593;<\/span>6<\/a><\/th> <td class=\"footnote_plugin_text\">Xem Ti\u00eau \u0110\u1ec1 17, B\u1ed9 Lu\u1eadt C\u00e1c Quy \u0110\u1ecbnh California, m\u1ee5c 54002.<\/td><\/tr>\r\n\r\n<tr class=\"footnotes_plugin_reference_row\"> <th scope=\"row\" class=\"footnote_plugin_index_combi pointer\"  onclick=\"footnote_moveToAnchor_938_1('footnote_plugin_tooltip_938_1_7');\"><a id=\"footnote_plugin_reference_938_1_7\" class=\"footnote_backlink\"><span class=\"footnote_index_arrow\">&#8593;<\/span>7<\/a><\/th> <td class=\"footnote_plugin_text\">Nguy\u00ean \u0110\u01a1n ki\u1ec7n Trung T\u00e2m Khu V\u1ef1c Inland (2021) OAH V\u1ee5 ki\u1ec7n s\u1ed1 2018061194.1, \u1edf c\u00e1c trang 44-46.<\/td><\/tr>\r\n\r\n<tr class=\"footnotes_plugin_reference_row\"> <th scope=\"row\" class=\"footnote_plugin_index_combi pointer\"  onclick=\"footnote_moveToAnchor_938_1('footnote_plugin_tooltip_938_1_8');\"><a id=\"footnote_plugin_reference_938_1_8\" class=\"footnote_backlink\"><span class=\"footnote_index_arrow\">&#8593;<\/span>8<\/a><\/th> <td class=\"footnote_plugin_text\">M\u1ee5c 4512(l)(1).<\/td><\/tr>\r\n\r\n <\/tbody> <\/table> <\/div><\/div><script type=\"text\/javascript\"> function footnote_expand_reference_container_938_1() { jQuery('#footnote_references_container_938_1').show(); jQuery('#footnote_reference_container_collapse_button_938_1').text('\u2212'); } function footnote_collapse_reference_container_938_1() { jQuery('#footnote_references_container_938_1').hide(); jQuery('#footnote_reference_container_collapse_button_938_1').text('+'); } function footnote_expand_collapse_reference_container_938_1() { if (jQuery('#footnote_references_container_938_1').is(':hidden')) { footnote_expand_reference_container_938_1(); } else { footnote_collapse_reference_container_938_1(); } } function footnote_moveToReference_938_1(p_str_TargetID) { footnote_expand_reference_container_938_1(); var l_obj_Target = jQuery('#' + p_str_TargetID); if (l_obj_Target.length) { jQuery( 'html, body' ).delay( 0 ); jQuery('html, body').animate({ scrollTop: l_obj_Target.offset().top - window.innerHeight * 0.2 }, 380); } } function footnote_moveToAnchor_938_1(p_str_TargetID) { footnote_expand_reference_container_938_1(); var l_obj_Target = jQuery('#' + p_str_TargetID); if (l_obj_Target.length) { jQuery( 'html, body' ).delay( 0 ); jQuery('html, body').animate({ scrollTop: l_obj_Target.offset().top - window.innerHeight * 0.2 }, 380); } }<\/script>","protected":false},"excerpt":{"rendered":"<p>C\u00e1c ph\u1ea7n ch\u00ednh c\u1ee7a khuy\u1ebft t\u1eadt tr\u00ed tu\u1ec7 l\u00e0 nh\u1eefng v\u1ea5n \u0111\u1ec1 v\u1edbi ch\u1ee9c n\u0103ng t\u00e2m th\u1ea7n v\u00e0 h\u00e0nh vi th\u00edch \u1ee9ng.&nbsp;N\u1ebfu qu\u00fd v\u1ecb \u0111\u0103ng&hellip;<\/p>\n","protected":false},"author":1,"featured_media":0,"parent":37,"menu_order":13,"comment_status":"closed","ping_status":"closed","template":"","meta":{"footnotes":""},"class_list":["post-938","page","type-page","status-publish","hentry"],"_links":{"self":[{"href":"https:\/\/rula.disabilityrightsca.org\/vi\/wp-json\/wp\/v2\/pages\/938","targetHints":{"allow":["GET"]}}],"collection":[{"href":"https:\/\/rula.disabilityrightsca.org\/vi\/wp-json\/wp\/v2\/pages"}],"about":[{"href":"https:\/\/rula.disabilityrightsca.org\/vi\/wp-json\/wp\/v2\/types\/page"}],"author":[{"embeddable":true,"href":"https:\/\/rula.disabilityrightsca.org\/vi\/wp-json\/wp\/v2\/users\/1"}],"replies":[{"embeddable":true,"href":"https:\/\/rula.disabilityrightsca.org\/vi\/wp-json\/wp\/v2\/comments?post=938"}],"version-history":[{"count":13,"href":"https:\/\/rula.disabilityrightsca.org\/vi\/wp-json\/wp\/v2\/pages\/938\/revisions"}],"predecessor-version":[{"id":2863,"href":"https:\/\/rula.disabilityrightsca.org\/vi\/wp-json\/wp\/v2\/pages\/938\/revisions\/2863"}],"up":[{"embeddable":true,"href":"https:\/\/rula.disabilityrightsca.org\/vi\/wp-json\/wp\/v2\/pages\/37"}],"wp:attachment":[{"href":"https:\/\/rula.disabilityrightsca.org\/vi\/wp-json\/wp\/v2\/media?parent=938"}],"curies":[{"name":"wp","href":"https:\/\/api.w.org\/{rel}","templated":true}]}}