{"id":936,"date":"2021-05-05T19:11:38","date_gmt":"2021-05-05T19:11:38","guid":{"rendered":"http:\/\/www.rula.disabilityrightsca.org\/vi\/?page_id=936"},"modified":"2022-04-19T16:37:30","modified_gmt":"2022-04-19T16:37:30","slug":"what-are-conditions-closely-related-to-intellectual-disability-or-that-require-similar-treatment-as-an-intellectual-disability","status":"publish","type":"page","link":"https:\/\/rula.disabilityrightsca.org\/vi\/rula-book\/chapter-2-eligibility-for-regional-center-services\/what-are-conditions-closely-related-to-intellectual-disability-or-that-require-similar-treatment-as-an-intellectual-disability\/","title":{"rendered":"(2.12) C\u00e1c t\u00ecnh tr\u1ea1ng li\u00ean quan ch\u1eb7t ch\u1ebd \u0111\u1ebfn khuy\u1ebft t\u1eadt tr\u00ed tu\u1ec7 ho\u1eb7c y\u00eau c\u1ea7u \u0111i\u1ec1u tr\u1ecb t\u01b0\u01a1ng t\u1ef1 nh\u01b0 v\u1edbi khuy\u1ebft t\u1eadt tr\u00ed tu\u1ec7 l\u00e0 g\u00ec?"},"content":{"rendered":"\n<p>K\u1ec3 c\u1ea3 khi qu\u00fd v\u1ecb kh\u00f4ng m\u1eafc t\u1ef1 k\u1ef7, b\u1ea1i n\u00e3o, \u0111\u1ed9ng kinh ho\u1eb7c khuy\u1ebft t\u1eadt tr\u00ed tu\u1ec7, qu\u00fd v\u1ecb v\u1eabn c\u00f3 th\u1ec3 b\u1ecb khuy\u1ebft t\u1eadt v\u1ec1 ph\u00e1t tri\u1ec3n n\u1ebfu \u0111\u00e1p \u1ee9ng \u201cdanh m\u1ee5c th\u1ee9 n\u0103m\u201d. Danh m\u1ee5c th\u1ee9 n\u0103m th\u1ef1c t\u1ebf g\u1ed3m hai danh m\u1ee5c, y\u00eau c\u1ea7u&nbsp;<em>m\u1ed9t trong hai y\u1ebfu t\u1ed1:<\/em><\/p>\n\n\n\n<ul class=\"wp-block-list\"><li>Qu\u00fd v\u1ecb g\u1eb7p ph\u1ea3i t\u00ecnh tr\u1ea1ng \u201cli\u00ean quan ch\u1eb7t ch\u1ebd\u201d \u0111\u1ebfn khuy\u1ebft t\u1eadt tr\u00ed tu\u1ec7,&nbsp;<strong><em>ho\u1eb7c<\/em><\/strong><\/li><li>Qu\u00fd v\u1ecb c\u1ea7n \u0111i\u1ec1u tr\u1ecb \u201ct\u01b0\u01a1ng t\u1ef1\u201d \u0111i\u1ec1u tr\u1ecb cho khuy\u1ebft t\u1eadt tr\u00ed tu\u1ec7.<\/li><\/ul>\n\n\n\n<p>Lu\u1eadt n\u00e0y kh\u00f4ng n\u00eau r\u00f5 \u0111\u1ecbnh ngh\u0129a v\u1ec1 \u201cli\u00ean quan ch\u1eb7t ch\u1ebd \u0111\u1ebfn\u201d khuy\u1ebft t\u1eadt tr\u00ed tu\u1ec7 ho\u1eb7c \u201c\u0111i\u1ec1u tr\u1ecb t\u01b0\u01a1ng t\u1ef1\u201d m\u00e0 \u0111\u01b0\u1ee3c s\u1eed d\u1ee5ng cho nh\u1eefng ng\u01b0\u1eddi b\u1ecb khuy\u1ebft t\u1eadt tr\u00ed tu\u1ec7. Lu\u1eadt kh\u00f4ng quy \u0111\u1ecbnh nh\u1eefng lo\u1ea1i t\u00ecnh tr\u1ea1ng n\u00e0o thu\u1ed9c danh m\u1ee5c th\u1ee9 n\u0103m n\u00e0y. B\u1edfi v\u00ec lu\u1eadt kh\u00f4ng r\u00f5 r\u00e0ng, m\u1ed9t s\u1ed1 trung t\u00e2m khu v\u1ef1c hi\u1ebfm khi t\u00ecm \u0111\u01b0\u1ee3c ng\u01b0\u1eddi h\u1ed9i \u0111\u1ee7 \u0111i\u1ec1u ki\u1ec7n theo danh m\u1ee5c th\u1ee9 n\u0103m.<\/p>\n","protected":false},"excerpt":{"rendered":"<p>K\u1ec3 c\u1ea3 khi qu\u00fd v\u1ecb kh\u00f4ng m\u1eafc t\u1ef1 k\u1ef7, b\u1ea1i n\u00e3o, \u0111\u1ed9ng kinh ho\u1eb7c khuy\u1ebft t\u1eadt tr\u00ed tu\u1ec7, qu\u00fd v\u1ecb v\u1eabn c\u00f3 th\u1ec3 b\u1ecb khuy\u1ebft&hellip;<\/p>\n","protected":false},"author":1,"featured_media":0,"parent":37,"menu_order":12,"comment_status":"closed","ping_status":"closed","template":"","meta":{"footnotes":""},"class_list":["post-936","page","type-page","status-publish","hentry"],"_links":{"self":[{"href":"https:\/\/rula.disabilityrightsca.org\/vi\/wp-json\/wp\/v2\/pages\/936","targetHints":{"allow":["GET"]}}],"collection":[{"href":"https:\/\/rula.disabilityrightsca.org\/vi\/wp-json\/wp\/v2\/pages"}],"about":[{"href":"https:\/\/rula.disabilityrightsca.org\/vi\/wp-json\/wp\/v2\/types\/page"}],"author":[{"embeddable":true,"href":"https:\/\/rula.disabilityrightsca.org\/vi\/wp-json\/wp\/v2\/users\/1"}],"replies":[{"embeddable":true,"href":"https:\/\/rula.disabilityrightsca.org\/vi\/wp-json\/wp\/v2\/comments?post=936"}],"version-history":[{"count":4,"href":"https:\/\/rula.disabilityrightsca.org\/vi\/wp-json\/wp\/v2\/pages\/936\/revisions"}],"predecessor-version":[{"id":2811,"href":"https:\/\/rula.disabilityrightsca.org\/vi\/wp-json\/wp\/v2\/pages\/936\/revisions\/2811"}],"up":[{"embeddable":true,"href":"https:\/\/rula.disabilityrightsca.org\/vi\/wp-json\/wp\/v2\/pages\/37"}],"wp:attachment":[{"href":"https:\/\/rula.disabilityrightsca.org\/vi\/wp-json\/wp\/v2\/media?parent=936"}],"curies":[{"name":"wp","href":"https:\/\/api.w.org\/{rel}","templated":true}]}}