{"id":934,"date":"2021-05-05T19:07:52","date_gmt":"2021-05-05T19:07:52","guid":{"rendered":"http:\/\/www.rula.disabilityrightsca.org\/vi\/?page_id=934"},"modified":"2022-04-19T16:36:53","modified_gmt":"2022-04-19T16:36:53","slug":"what-is-epilepsy","status":"publish","type":"page","link":"https:\/\/rula.disabilityrightsca.org\/vi\/rula-book\/chapter-2-eligibility-for-regional-center-services\/what-is-epilepsy\/","title":{"rendered":"(2.11) \u0110\u1ed9ng kinh l\u00e0 g\u00ec?"},"content":{"rendered":"\n<p>\u0110\u1ed9ng kinh l\u00e0 t\u00ecnh tr\u1ea1ng trong n\u00e3o khi\u1ebfn ng\u01b0\u1eddi m\u1eafc ph\u1ea3i b\u1ecb&nbsp;<em>co gi\u1eadt<\/em>. Co gi\u1eadt l\u00e0 s\u1ef1 thay \u0111\u1ed5i trong c\u1ea3m gi\u00e1c, nh\u1eadn th\u1ee9c ho\u1eb7c h\u00e0nh vi do hi\u1ec7n t\u01b0\u1ee3ng nhi\u1ec5u lo\u1ea1n xung \u0111i\u1ec7n ng\u1eafn h\u1ea1n trong n\u00e3o g\u00e2y ra. C\u00e1c c\u01a1n co gi\u1eadt c\u00f3 c\u01b0\u1eddng \u0111\u1ed9 kh\u00e1c nhau. M\u1ed9t s\u1ed1 c\u01a1n co gi\u1eadt g\u00e2y ra r\u1ed1i lo\u1ea1n gi\u00e1c quan trong c\u00e1c kho\u1ea3ng th\u1eddi gian ng\u1eafn. Nh\u1eefng c\u01a1n co gi\u1eadt kh\u00e1c d\u1eabn \u0111\u1ebfn m\u1ea5t \u00fd th\u1ee9c ng\u1eafn h\u1ea1n, nh\u00ecn ch\u1eb1m ch\u1eb1m v\u00e0 run r\u1ea9y. M\u1ed9t s\u1ed1 ng\u01b0\u1eddi ch\u1ec9 b\u1ecb m\u1ed9t lo\u1ea1i co gi\u1eadt. Nh\u1eefng ng\u01b0\u1eddi kh\u00e1c b\u1ecb nhi\u1ec1u lo\u1ea1i co gi\u1eadt. M\u1eb7c d\u00f9 c\u00f3 bi\u1ec3u hi\u1ec7n b\u00ean ngo\u00e0i kh\u00e1c nhau, t\u1ea5t c\u1ea3 c\u00e1c c\u01a1n co gi\u1eadt \u0111\u1ec1u xu\u1ea5t ph\u00e1t t\u1eeb c\u00f9ng m\u1ed9t nguy\u00ean nh\u00e2n: s\u1ef1 thay \u0111\u1ed5i \u0111\u1ed9t ng\u1ed9t trong c\u00e1ch t\u1ebf b\u00e0o n\u00e3o g\u1eedi c\u00e1c t\u00edn hi\u1ec7u \u0111i\u1ec7n.<\/p>\n\n\n\n<p>N\u1ebfu qu\u00fd v\u1ecb b\u1ecb \u0111\u1ed9ng kinh, c\u00f3 th\u1ec3 qu\u00fd v\u1ecb \u0111\u00e3 bi\u1ebft t\u00ecnh tr\u1ea1ng n\u00e0y&nbsp;<em>kh\u00f4ng<\/em>&nbsp;ph\u1ea3i r\u1ed1i lo\u1ea1n t\u00e2m th\u1ea7n. Nguy\u00ean nh\u00e2n c\u00f3 th\u1ec3 l\u00e0 do b\u1ea5t k\u1ef3 \u0111i\u1ec1u g\u00ec \u1ea3nh h\u01b0\u1edfng \u0111\u1ebfn n\u00e3o b\u1ed9, k\u1ec3 c\u1ea3 kh\u1ed1i u v\u00e0 c\u00e1c c\u01a1n \u0111\u1ed9t qu\u1ef5. \u0110\u00f4i khi \u0111\u1ed9ng kinh l\u00e0 do di truy\u1ec1n. \u0110\u00f4i khi nguy\u00ean nh\u00e2n kh\u00f4ng \u0111\u01b0\u1ee3c x\u00e1c \u0111\u1ecbnh.<\/p>\n\n\n\n<p>B\u00e1c s\u0129 \u0111i\u1ec1u tr\u1ecb b\u1ec7nh n\u00e0y b\u1eb1ng thu\u1ed1c ph\u00f2ng \u0111\u1ed9ng kinh, ph\u1eabu thu\u1eadt, ch\u1ebf \u0111\u1ed9 \u0103n ho\u1eb7c k\u00edch th\u00edch b\u1eb1ng xung \u0111i\u1ec7n. N\u1ebfu vi\u1ec7c \u0111i\u1ec1u tr\u1ecb c\u00f3 t\u00e1c d\u1ee5ng v\u00e0 c\u00e1c c\u01a1n \u0111\u1ed9ng kinh c\u1ee7a qu\u00fd v\u1ecb \u0111\u01b0\u1ee3c ki\u1ec3m so\u00e1t, qu\u00fd v\u1ecb c\u00f3 th\u1ec3 s\u1ebd kh\u00f4ng h\u1ed9i \u0111\u1ee7 \u0111i\u1ec1u ki\u1ec7n nh\u1eadn c\u00e1c d\u1ecbch v\u1ee5 c\u1ee7a trung t\u00e2m khu v\u1ef1c.<\/p>\n\n\n\n<p>\u0110\u1ec3 bi\u1ebft th\u00eam th\u00f4ng tin v\u1ec1 \u0111\u1ed9ng kinh,&nbsp;<a href=\"https:\/\/medlineplus.gov\/epilepsy.html\">nh\u1ea5p v\u00e0o \u0111\u00e2y<\/a>&nbsp;v\u00e0&nbsp;<a href=\"https:\/\/www.epilepsy.com\/\">\u0111\u00e2y<\/a>.<\/p>\n","protected":false},"excerpt":{"rendered":"<p>\u0110\u1ed9ng kinh l\u00e0 t\u00ecnh tr\u1ea1ng trong n\u00e3o khi\u1ebfn ng\u01b0\u1eddi m\u1eafc ph\u1ea3i b\u1ecb&nbsp;co gi\u1eadt. Co gi\u1eadt l\u00e0 s\u1ef1 thay \u0111\u1ed5i trong c\u1ea3m gi\u00e1c, nh\u1eadn th\u1ee9c ho\u1eb7c&hellip;<\/p>\n","protected":false},"author":1,"featured_media":0,"parent":37,"menu_order":11,"comment_status":"closed","ping_status":"closed","template":"","meta":{"footnotes":""},"class_list":["post-934","page","type-page","status-publish","hentry"],"_links":{"self":[{"href":"https:\/\/rula.disabilityrightsca.org\/vi\/wp-json\/wp\/v2\/pages\/934","targetHints":{"allow":["GET"]}}],"collection":[{"href":"https:\/\/rula.disabilityrightsca.org\/vi\/wp-json\/wp\/v2\/pages"}],"about":[{"href":"https:\/\/rula.disabilityrightsca.org\/vi\/wp-json\/wp\/v2\/types\/page"}],"author":[{"embeddable":true,"href":"https:\/\/rula.disabilityrightsca.org\/vi\/wp-json\/wp\/v2\/users\/1"}],"replies":[{"embeddable":true,"href":"https:\/\/rula.disabilityrightsca.org\/vi\/wp-json\/wp\/v2\/comments?post=934"}],"version-history":[{"count":4,"href":"https:\/\/rula.disabilityrightsca.org\/vi\/wp-json\/wp\/v2\/pages\/934\/revisions"}],"predecessor-version":[{"id":2810,"href":"https:\/\/rula.disabilityrightsca.org\/vi\/wp-json\/wp\/v2\/pages\/934\/revisions\/2810"}],"up":[{"embeddable":true,"href":"https:\/\/rula.disabilityrightsca.org\/vi\/wp-json\/wp\/v2\/pages\/37"}],"wp:attachment":[{"href":"https:\/\/rula.disabilityrightsca.org\/vi\/wp-json\/wp\/v2\/media?parent=934"}],"curies":[{"name":"wp","href":"https:\/\/api.w.org\/{rel}","templated":true}]}}