{"id":931,"date":"2021-05-05T19:06:10","date_gmt":"2021-05-05T19:06:10","guid":{"rendered":"http:\/\/www.rula.disabilityrightsca.org\/vi\/?page_id=931"},"modified":"2022-04-19T16:36:37","modified_gmt":"2022-04-19T16:36:37","slug":"what-is-autism","status":"publish","type":"page","link":"https:\/\/rula.disabilityrightsca.org\/vi\/rula-book\/chapter-2-eligibility-for-regional-center-services\/what-is-autism\/","title":{"rendered":"(2.10) T\u1ef1 k\u1ef7 l\u00e0 g\u00ec?"},"content":{"rendered":"\n<p>Ng\u01b0\u1eddi m\u1eafc b\u1ec7nh t\u1ef1 k\u1ef7 ph\u1ea3i c\u00f3:<\/p>\n\n\n\n<ul class=\"wp-block-list\"><li>C\u00e1c v\u1ea5n \u0111\u1ec1 dai d\u1eb3ng v\u1edbi vi\u1ec7c giao ti\u1ebfp v\u00e0 t\u01b0\u01a1ng t\u00e1c x\u00e3 h\u1ed9i trong nhi\u1ec1u m\u00f4i tr\u01b0\u1eddng. Nh\u1eefng v\u1ea5n \u0111\u1ec1 n\u00e0y bao g\u1ed3m v\u1ea5n \u0111\u1ec1 v\u1edbi kh\u1ea3 n\u0103ng t\u01b0\u01a1ng t\u00e1c x\u00e3 h\u1ed9i t\u00ecnh c\u1ea3m, giao ti\u1ebfp phi ng\u00f4n ng\u1eef \u0111\u01b0\u1ee3c s\u1eed d\u1ee5ng cho t\u01b0\u01a1ng t\u00e1c x\u00e3 h\u1ed9i, v\u00e0 ph\u00e1t tri\u1ec3n, duy tr\u00ec v\u00e0 hi\u1ec3u r\u00f5 c\u00e1c m\u1ed1i quan h\u1ec7<\/li><li>C\u00e1c ki\u1ec3u h\u00e0nh vi, s\u1edf th\u00edch ho\u1eb7c ho\u1ea1t \u0111\u1ed9ng h\u1ea1n ch\u1ebf, l\u1eb7p l\u1ea1i. Nh\u1eefng ki\u1ec3u n\u00e0y bao g\u1ed3m: c\u00e1c chuy\u1ec3n \u0111\u1ed9ng v\u1eadn \u0111\u1ed9ng ho\u1eb7c s\u1eed d\u1ee5ng \u0111\u1ed3 v\u1eadt r\u1eadp khu\u00f4n ho\u1eb7c l\u1eb7p \u0111i l\u1eb7p l\u1ea1i, c\u1ed1 ch\u1ea5p duy tr\u00ec s\u1ef1 quen thu\u1ed9c, s\u1edf th\u00edch h\u1ea1n ch\u1ebf cao, c\u1ed1 \u0111\u1ecbnh, v\u00e0 t\u0103ng ho\u1eb7c gi\u1ea3m ph\u1ea3n \u1ee9ng v\u1edbi k\u00edch th\u00edch qua gi\u00e1c quan.<\/li><\/ul>\n\n\n\n<p>C\u00e1c tri\u1ec7u ch\u1ee9ng t\u1ef1 k\u1ef7 ph\u1ea3i xu\u1ea5t hi\u1ec7n trong th\u1eddi k\u1ef3 ph\u00e1t tri\u1ec3n \u0111\u1ea7u \u0111\u1eddi nh\u01b0ng c\u00f3 th\u1ec3 kh\u00f4ng r\u00f5 r\u00e0ng cho \u0111\u1ebfn khi nhu c\u1ea7u x\u00e3 h\u1ed9i gia t\u0103ng v\u1ec1 sau. C\u00e1c tri\u1ec7u ch\u1ee9ng t\u1ef1 k\u1ef7 ph\u1ea3i g\u00e2y ra nh\u1eefng khi\u1ebfm khuy\u1ebft nghi\u00eam tr\u1ecdng trong c\u00e1c l\u0129nh v\u1ef1c ch\u1ee9c n\u0103ng x\u00e3 h\u1ed9i, v\u1eadn \u0111\u1ed9ng ho\u1eb7c c\u00e1c l\u0129nh v\u1ef1c ch\u1ee9c n\u0103ng quan tr\u1ecdng kh\u00e1c. <span class=\"footnote_referrer\"><a role=\"button\" tabindex=\"0\" onclick=\"footnote_moveToReference_931_1('footnote_plugin_reference_931_1_1');\" onkeypress=\"footnote_moveToReference_931_1('footnote_plugin_reference_931_1_1');\" ><sup id=\"footnote_plugin_tooltip_931_1_1\" class=\"footnote_plugin_tooltip_text\">[1]<\/sup><\/a><span id=\"footnote_plugin_tooltip_text_931_1_1\" class=\"footnote_tooltip\">DSM-5, R\u1ed1i Lo\u1ea1n Ph\u1ed5 T\u1ef1 K\u1ef7, C\u00e1c Ti\u00eau Ch\u00ed Ch\u1ea9n \u0110o\u00e1n. M\u1eb7c d\u00f9 \u0110\u1ea1o Lu\u1eadt Lanterman s\u1eed d\u1ee5ng thu\u1eadt ng\u1eef \u201ct\u1ef1 k\u1ef7\u201d v\u00e0 DSM-5 s\u1eed d\u1ee5ng thu\u1eadt ng\u1eef \u201cR\u1ed1i Lo\u1ea1n&nbsp;&#x2026; <span class=\"footnote_tooltip_continue\"  onclick=\"footnote_moveToReference_931_1('footnote_plugin_reference_931_1_1');\">Continue reading<\/span><\/span><\/span><script type=\"text\/javascript\"> jQuery('#footnote_plugin_tooltip_931_1_1').tooltip({ tip: '#footnote_plugin_tooltip_text_931_1_1', tipClass: 'footnote_tooltip', effect: 'fade', predelay: 0, fadeInSpeed: 200, delay: 400, fadeOutSpeed: 200, position: 'top center', relative: true, offset: [-7, 0], });<\/script> M\u1ee9c \u0111\u1ed9 nghi\u00eam tr\u1ecdng c\u1ee7a t\u1ef1 k\u1ef7 \u1edf m\u1ed7i ng\u01b0\u1eddi kh\u00f4ng gi\u1ed1ng nhau. \u0110\u1ec3 bi\u1ebft th\u00eam th\u00f4ng tin v\u1ec1 b\u1ec7nh t\u1ef1 k\u1ef7,&nbsp;<a href=\"https:\/\/medlineplus.gov\/autismspectrumdisorder.html\">nh\u1ea5p v\u00e0o \u0111\u00e2y<\/a><\/p>\n<div class=\"speaker-mute footnotes_reference_container\"> <div class=\"footnote_container_prepare\"><p><span role=\"button\" tabindex=\"0\" class=\"footnote_reference_container_label pointer\" onclick=\"footnote_expand_collapse_reference_container_931_1();\">&#x202F;<\/span><span role=\"button\" tabindex=\"0\" class=\"footnote_reference_container_collapse_button\" style=\"display: none;\" onclick=\"footnote_expand_collapse_reference_container_931_1();\">[<a id=\"footnote_reference_container_collapse_button_931_1\">+<\/a>]<\/span><\/p><\/div> <div id=\"footnote_references_container_931_1\" style=\"\"><table class=\"footnotes_table footnote-reference-container\"><caption class=\"accessibility\">References<\/caption> <tbody> \r\n\r\n<tr class=\"footnotes_plugin_reference_row\"> <th scope=\"row\" class=\"footnote_plugin_index_combi pointer\"  onclick=\"footnote_moveToAnchor_931_1('footnote_plugin_tooltip_931_1_1');\"><a id=\"footnote_plugin_reference_931_1_1\" class=\"footnote_backlink\"><span class=\"footnote_index_arrow\">&#8593;<\/span>1<\/a><\/th> <td class=\"footnote_plugin_text\">DSM-5, R\u1ed1i Lo\u1ea1n Ph\u1ed5 T\u1ef1 K\u1ef7, C\u00e1c Ti\u00eau Ch\u00ed Ch\u1ea9n \u0110o\u00e1n. M\u1eb7c d\u00f9 \u0110\u1ea1o Lu\u1eadt Lanterman s\u1eed d\u1ee5ng thu\u1eadt ng\u1eef \u201ct\u1ef1 k\u1ef7\u201d v\u00e0 DSM-5 s\u1eed d\u1ee5ng thu\u1eadt ng\u1eef \u201cR\u1ed1i Lo\u1ea1n Ph\u1ed5 T\u1ef1 K\u1ef7\u201d, th\u1ea9m ph\u00e1n lu\u1eadt h\u00e0nh ch\u00ednh t\u1eeb V\u0103n Ph\u00f2ng \u0110i\u1ec1u Tr\u1ea7n H\u00e0nh Ch\u00ednh, ng\u01b0\u1eddi gi\u1ea3i quy\u1ebft tranh ch\u1ea5p trong vi\u1ec7c m\u1ed9t ng\u01b0\u1eddi c\u00f3 b\u1ecb khuy\u1ebft t\u1eadt v\u1ec1 ph\u00e1t tri\u1ec3n kh\u00f4ng, \u0111\u00e3 x\u00e1c \u0111\u1ecbnh r\u1eb1ng m\u1ed9t ng\u01b0\u1eddi \u0111\u01b0\u1ee3c ch\u1ea9n \u0111o\u00e1n b\u1ecb R\u1ed1i Lo\u1ea1n Ph\u1ed5 T\u1ef1 K\u1ef7 s\u1ebd \u0111\u01b0\u1ee3c coi l\u00e0 ng\u01b0\u1eddi b\u1ecb t\u1ef1 k\u1ef7 theo \u0110\u1ea1o Lu\u1eadt Lanterman. Nguy\u00ean \u0110\u01a1n ki\u1ec7n Trung T\u00e2m Khu V\u1ef1c South Central Los Angeles, OAH V\u1ee5 ki\u1ec7n s\u1ed1 2020100386; Nguy\u00ean \u0110\u01a1n ki\u1ec7n Trung T\u00e2m Khu V\u1ef1c Westside, OAH V\u1ee5 ki\u1ec7n s\u1ed1 2020040133.<\/td><\/tr>\r\n\r\n <\/tbody> <\/table> <\/div><\/div><script type=\"text\/javascript\"> function footnote_expand_reference_container_931_1() { jQuery('#footnote_references_container_931_1').show(); jQuery('#footnote_reference_container_collapse_button_931_1').text('\u2212'); } function footnote_collapse_reference_container_931_1() { jQuery('#footnote_references_container_931_1').hide(); jQuery('#footnote_reference_container_collapse_button_931_1').text('+'); } function footnote_expand_collapse_reference_container_931_1() { if (jQuery('#footnote_references_container_931_1').is(':hidden')) { footnote_expand_reference_container_931_1(); } else { footnote_collapse_reference_container_931_1(); } } function footnote_moveToReference_931_1(p_str_TargetID) { footnote_expand_reference_container_931_1(); var l_obj_Target = jQuery('#' + p_str_TargetID); if (l_obj_Target.length) { jQuery( 'html, body' ).delay( 0 ); jQuery('html, body').animate({ scrollTop: l_obj_Target.offset().top - window.innerHeight * 0.2 }, 380); } } function footnote_moveToAnchor_931_1(p_str_TargetID) { footnote_expand_reference_container_931_1(); var l_obj_Target = jQuery('#' + p_str_TargetID); if (l_obj_Target.length) { jQuery( 'html, body' ).delay( 0 ); jQuery('html, body').animate({ scrollTop: l_obj_Target.offset().top - window.innerHeight * 0.2 }, 380); } }<\/script>","protected":false},"excerpt":{"rendered":"<p>Ng\u01b0\u1eddi m\u1eafc b\u1ec7nh t\u1ef1 k\u1ef7 ph\u1ea3i c\u00f3: C\u00e1c v\u1ea5n \u0111\u1ec1 dai d\u1eb3ng v\u1edbi vi\u1ec7c giao ti\u1ebfp v\u00e0 t\u01b0\u01a1ng t\u00e1c x\u00e3 h\u1ed9i trong nhi\u1ec1u m\u00f4i tr\u01b0\u1eddng.&hellip;<\/p>\n","protected":false},"author":1,"featured_media":0,"parent":37,"menu_order":10,"comment_status":"closed","ping_status":"closed","template":"","meta":{"footnotes":""},"class_list":["post-931","page","type-page","status-publish","hentry"],"_links":{"self":[{"href":"https:\/\/rula.disabilityrightsca.org\/vi\/wp-json\/wp\/v2\/pages\/931","targetHints":{"allow":["GET"]}}],"collection":[{"href":"https:\/\/rula.disabilityrightsca.org\/vi\/wp-json\/wp\/v2\/pages"}],"about":[{"href":"https:\/\/rula.disabilityrightsca.org\/vi\/wp-json\/wp\/v2\/types\/page"}],"author":[{"embeddable":true,"href":"https:\/\/rula.disabilityrightsca.org\/vi\/wp-json\/wp\/v2\/users\/1"}],"replies":[{"embeddable":true,"href":"https:\/\/rula.disabilityrightsca.org\/vi\/wp-json\/wp\/v2\/comments?post=931"}],"version-history":[{"count":6,"href":"https:\/\/rula.disabilityrightsca.org\/vi\/wp-json\/wp\/v2\/pages\/931\/revisions"}],"predecessor-version":[{"id":2809,"href":"https:\/\/rula.disabilityrightsca.org\/vi\/wp-json\/wp\/v2\/pages\/931\/revisions\/2809"}],"up":[{"embeddable":true,"href":"https:\/\/rula.disabilityrightsca.org\/vi\/wp-json\/wp\/v2\/pages\/37"}],"wp:attachment":[{"href":"https:\/\/rula.disabilityrightsca.org\/vi\/wp-json\/wp\/v2\/media?parent=931"}],"curies":[{"name":"wp","href":"https:\/\/api.w.org\/{rel}","templated":true}]}}