{"id":930,"date":"2021-05-05T19:04:29","date_gmt":"2021-05-05T19:04:29","guid":{"rendered":"http:\/\/www.rula.disabilityrightsca.org\/vi\/?page_id=930"},"modified":"2022-04-19T16:35:52","modified_gmt":"2022-04-19T16:35:52","slug":"what-is-cerebral-palsy","status":"publish","type":"page","link":"https:\/\/rula.disabilityrightsca.org\/vi\/rula-book\/chapter-2-eligibility-for-regional-center-services\/what-is-cerebral-palsy\/","title":{"rendered":"(2.9) B\u1ea1i n\u00e3o l\u00e0 g\u00ec?"},"content":{"rendered":"\n<p>B\u1ea1i n\u00e3o \u1ea3nh h\u01b0\u1edfng \u0111\u1ebfn kh\u1ea3 n\u0103ng qu\u00fd v\u1ecb ki\u1ec3m so\u00e1t c\u00e1c chuy\u1ec3n \u0111\u1ed9ng, t\u01b0 th\u1ebf ho\u1eb7c l\u1eddi n\u00f3i c\u1ee7a m\u00ecnh. Nguy\u00ean nh\u00e2n g\u00e2y ra b\u1ec7nh n\u00e0y l\u00e0 do c\u00e1c v\u1ea5n \u0111\u1ec1 trong qu\u00e1 tr\u00ecnh ph\u00e1t tri\u1ec3n ho\u1eb7c t\u1ed5n h\u1ea1i \u0111\u1ed1i v\u1edbi c\u00e1c ph\u1ea7n n\u00e3o ki\u1ec3m so\u00e1t c\u00e1c chuy\u1ec3n \u0111\u1ed9ng, t\u01b0 th\u1ebf ho\u1eb7c l\u1eddi n\u00f3i. B\u1ea1i n\u00e3o th\u01b0\u1eddng b\u1eaft \u0111\u1ea7u t\u1eeb l\u00fac sinh ra ho\u1eb7c trong v\u00e0i n\u0103m \u0111\u1ea7u \u0111\u1eddi. C\u00e1c d\u1ea5u hi\u1ec7u s\u1edbm xu\u1ea5t hi\u1ec7n tr\u01b0\u1edbc 3 tu\u1ed5i. Tr\u1ebb s\u01a1 sinh m\u1eafc b\u1ec7nh b\u1ea1i n\u00e3o th\u01b0\u1eddng ch\u1eadm \u0111\u1ea1t \u0111\u01b0\u1ee3c c\u00e1c c\u1ed9t m\u1ed1c ph\u00e1t tri\u1ec3n, ch\u1eb3ng h\u1ea1n nh\u01b0 h\u1ecdc l\u1eaby, ng\u1ed3i, b\u00f2, m\u1ec9m c\u01b0\u1eddi ho\u1eb7c \u0111i.<\/p>\n\n\n\n<p>C\u00e1c tri\u1ec7u ch\u1ee9ng c\u00f3 th\u1ec3 thay \u0111\u1ed5i theo th\u1eddi gian nh\u01b0ng b\u1ec7nh b\u1ea1i n\u00e3o s\u1ebd kh\u00f4ng ti\u1ebfn tri\u1ec3n. \u0110i\u1ec1u n\u00e0y ngh\u0129a l\u00e0 c\u0103n b\u1ec7nh kh\u00f4ng tr\u1edf n\u00ean t\u1ed3i t\u1ec7 h\u01a1n. N\u1ebfu c\u00e1c tri\u1ec7u ch\u1ee9ng c\u1ee7a qu\u00fd v\u1ecb tr\u1edf n\u00ean t\u1ed3i t\u1ec7 h\u01a1n, qu\u00fd v\u1ecb c\u00f3 th\u1ec3 c\u00f2n g\u1eb7p v\u1ea5n \u0111\u1ec1 kh\u00e1c ngo\u00e0i b\u1ec7nh b\u1ea1i n\u00e3o. Tri\u1ec7u ch\u1ee9ng c\u1ee7a m\u1ed7i ng\u01b0\u1eddi kh\u00f4ng gi\u1ed1ng nhau. Nh\u00ecn chung, c\u00e1c tri\u1ec7u ch\u1ee9ng g\u1ed3m c\u00f3:<\/p>\n\n\n\n<ul class=\"wp-block-list\"><li>kh\u00f3 th\u1ef1c hi\u1ec7n c\u00e1c vi\u1ec7c v\u1eadn \u0111\u1ed9ng tinh nh\u01b0 vi\u1ebft ho\u1eb7c d\u00f9ng k\u00e9o,<\/li><li>kh\u00f3 duy tr\u00ec th\u0103ng b\u1eb1ng ho\u1eb7c \u0111i b\u1ed9, v\u00e0<\/li><li>chuy\u1ec3n \u0111\u1ed9ng kh\u00f4ng t\u1ef1 ch\u1ee7.<\/li><\/ul>\n\n\n\n<p>M\u1ed9t s\u1ed1 ng\u01b0\u1eddi m\u1eafc b\u1ec7nh b\u1ea1i n\u00e3o c\u00f3 th\u1ec3 c\u00f3 c\u00e1c khuy\u1ebft t\u1eadt kh\u00e1c, bao g\u1ed3m co gi\u1eadt ho\u1eb7c khi\u1ebfm khuy\u1ebft t\u00e2m th\u1ea7n, tuy nhi\u00ean ch\u1ec9 ri\u00eang b\u1ec7nh b\u1ea1i n\u00e3o kh\u00f4ng ph\u1ea3i l\u00fac n\u00e0o c\u0169ng d\u1eabn \u0111\u1ebfn khuy\u1ebft t\u1eadt \u0111\u00e1ng k\u1ec3. \u0110\u1ec3 \u0111\u1ee7 \u0111i\u1ec1u ki\u1ec7n nh\u1eadn c\u00e1c d\u1ecbch v\u1ee5 c\u1ee7a trung t\u00e2m khu v\u1ef1c do b\u1ec7nh b\u1ea1i n\u00e3o c\u1ee7a qu\u00fd v\u1ecb, b\u1ec7nh n\u00e0y ph\u1ea3i l\u00e0 m\u1ed9t khuy\u1ebft t\u1eadt \u0111\u00e1ng k\u1ec3 \u0111\u1ed1i v\u1edbi qu\u00fd v\u1ecb. \u0110\u1ec3 bi\u1ebft th\u00eam th\u00f4ng tin v\u1ec1 b\u1ec7nh b\u1ea1i n\u00e3o,&nbsp;<a href=\"https:\/\/medlineplus.gov\/cerebralpalsy.html\">nh\u1ea5p v\u00e0o \u0111\u00e2y<\/a>.<\/p>\n","protected":false},"excerpt":{"rendered":"<p>B\u1ea1i n\u00e3o \u1ea3nh h\u01b0\u1edfng \u0111\u1ebfn kh\u1ea3 n\u0103ng qu\u00fd v\u1ecb ki\u1ec3m so\u00e1t c\u00e1c chuy\u1ec3n \u0111\u1ed9ng, t\u01b0 th\u1ebf ho\u1eb7c l\u1eddi n\u00f3i c\u1ee7a m\u00ecnh. Nguy\u00ean nh\u00e2n g\u00e2y ra&hellip;<\/p>\n","protected":false},"author":1,"featured_media":0,"parent":37,"menu_order":9,"comment_status":"closed","ping_status":"closed","template":"","meta":{"footnotes":""},"class_list":["post-930","page","type-page","status-publish","hentry"],"_links":{"self":[{"href":"https:\/\/rula.disabilityrightsca.org\/vi\/wp-json\/wp\/v2\/pages\/930","targetHints":{"allow":["GET"]}}],"collection":[{"href":"https:\/\/rula.disabilityrightsca.org\/vi\/wp-json\/wp\/v2\/pages"}],"about":[{"href":"https:\/\/rula.disabilityrightsca.org\/vi\/wp-json\/wp\/v2\/types\/page"}],"author":[{"embeddable":true,"href":"https:\/\/rula.disabilityrightsca.org\/vi\/wp-json\/wp\/v2\/users\/1"}],"replies":[{"embeddable":true,"href":"https:\/\/rula.disabilityrightsca.org\/vi\/wp-json\/wp\/v2\/comments?post=930"}],"version-history":[{"count":6,"href":"https:\/\/rula.disabilityrightsca.org\/vi\/wp-json\/wp\/v2\/pages\/930\/revisions"}],"predecessor-version":[{"id":2808,"href":"https:\/\/rula.disabilityrightsca.org\/vi\/wp-json\/wp\/v2\/pages\/930\/revisions\/2808"}],"up":[{"embeddable":true,"href":"https:\/\/rula.disabilityrightsca.org\/vi\/wp-json\/wp\/v2\/pages\/37"}],"wp:attachment":[{"href":"https:\/\/rula.disabilityrightsca.org\/vi\/wp-json\/wp\/v2\/media?parent=930"}],"curies":[{"name":"wp","href":"https:\/\/api.w.org\/{rel}","templated":true}]}}