{"id":925,"date":"2021-05-03T16:17:59","date_gmt":"2021-05-03T16:17:59","guid":{"rendered":"http:\/\/www.rula.disabilityrightsca.org\/vi\/?page_id=925"},"modified":"2022-04-19T16:34:44","modified_gmt":"2022-04-19T16:34:44","slug":"how-does-the-regional-center-decide-if-my-condition-is-covered-by-the-lanterman-act","status":"publish","type":"page","link":"https:\/\/rula.disabilityrightsca.org\/vi\/rula-book\/chapter-2-eligibility-for-regional-center-services\/how-does-the-regional-center-decide-if-my-condition-is-covered-by-the-lanterman-act\/","title":{"rendered":"(2.7) Trung t\u00e2m khu v\u1ef1c quy\u1ebft \u0111\u1ecbnh xem t\u00ecnh tr\u1ea1ng c\u1ee7a t\u00f4i c\u00f3 thu\u1ed9c ph\u1ea1m vi c\u1ee7a \u0110\u1ea1o Lu\u1eadt Lanterman kh\u00f4ng b\u1eb1ng c\u00e1ch n\u00e0o?"},"content":{"rendered":"\n<p>Trung t\u00e2m khu v\u1ef1c s\u1ebd xem x\u00e9t l\u1ecbch s\u1eed, h\u1ed3 s\u01a1, ch\u1ea9n \u0111o\u00e1n v\u00e0 c\u00e1c d\u1ecbch v\u1ee5 tr\u01b0\u1edbc \u0111\u00e2y c\u1ee7a qu\u00fd v\u1ecb. Qu\u00e1 tr\u00ecnh n\u00e0y \u0111\u01b0\u1ee3c g\u1ecdi l\u00e0 \u0111\u00e1nh gi\u00e1.&nbsp;H\u1ecd c\u0169ng c\u00f3 th\u1ec3 y\u00eau c\u1ea7u b\u00e1c s\u0129 ho\u1eb7c nh\u00e0 t\u00e2m l\u00fd h\u1ecdc cho qu\u00fd v\u1ecb l\u00e0m ki\u1ec3m tra.&nbsp;Qu\u00fd v\u1ecb c\u00f9ng gia \u0111\u00ecnh c\u1ea7n tham gia quy tr\u00ecnh \u0111\u00e1nh gi\u00e1 n\u00e0y. Quy tr\u00ecnh n\u00e0y s\u1ebd gi\u00fap trung t\u00e2m khu v\u1ef1c hi\u1ec3u c\u00e1c gi\u00e1 tr\u1ecb v\u0103n h\u00f3a, c\u00e1c v\u1ea5n \u0111\u1ec1 v\u1ec1 ng\u00f4n ng\u1eef, t\u00f4n gi\u00e1o, gi\u00e1o d\u1ee5c, x\u00e3 h\u1ed9i v\u00e0 t\u00e0i ch\u00ednh c\u1ee7a qu\u00fd v\u1ecb. Trung t\u00e2m khu v\u1ef1c ph\u1ea3i c\u00e2n nh\u1eafc nh\u1eefng \u0111i\u1ec1u qu\u00fd v\u1ecb n\u00f3i \u0111\u1ec3 \u0111\u00e1nh gi\u00e1 c\u00f3 th\u1ec3 to\u00e0n di\u1ec7n v\u00e0 th\u1ec3 hi\u1ec7n s\u1ef1 quan t\u00e2m \u0111\u1ebfn v\u0103n h\u00f3a, gia \u0111\u00ecnh v\u00e0 c\u1ed9ng \u0111\u1ed3ng c\u1ee7a qu\u00fd v\u1ecb.<\/p>\n","protected":false},"excerpt":{"rendered":"<p>Trung t\u00e2m khu v\u1ef1c s\u1ebd xem x\u00e9t l\u1ecbch s\u1eed, h\u1ed3 s\u01a1, ch\u1ea9n \u0111o\u00e1n v\u00e0 c\u00e1c d\u1ecbch v\u1ee5 tr\u01b0\u1edbc \u0111\u00e2y c\u1ee7a qu\u00fd v\u1ecb. Qu\u00e1 tr\u00ecnh n\u00e0y&hellip;<\/p>\n","protected":false},"author":1,"featured_media":0,"parent":37,"menu_order":7,"comment_status":"closed","ping_status":"closed","template":"","meta":{"footnotes":""},"class_list":["post-925","page","type-page","status-publish","hentry"],"_links":{"self":[{"href":"https:\/\/rula.disabilityrightsca.org\/vi\/wp-json\/wp\/v2\/pages\/925","targetHints":{"allow":["GET"]}}],"collection":[{"href":"https:\/\/rula.disabilityrightsca.org\/vi\/wp-json\/wp\/v2\/pages"}],"about":[{"href":"https:\/\/rula.disabilityrightsca.org\/vi\/wp-json\/wp\/v2\/types\/page"}],"author":[{"embeddable":true,"href":"https:\/\/rula.disabilityrightsca.org\/vi\/wp-json\/wp\/v2\/users\/1"}],"replies":[{"embeddable":true,"href":"https:\/\/rula.disabilityrightsca.org\/vi\/wp-json\/wp\/v2\/comments?post=925"}],"version-history":[{"count":5,"href":"https:\/\/rula.disabilityrightsca.org\/vi\/wp-json\/wp\/v2\/pages\/925\/revisions"}],"predecessor-version":[{"id":2806,"href":"https:\/\/rula.disabilityrightsca.org\/vi\/wp-json\/wp\/v2\/pages\/925\/revisions\/2806"}],"up":[{"embeddable":true,"href":"https:\/\/rula.disabilityrightsca.org\/vi\/wp-json\/wp\/v2\/pages\/37"}],"wp:attachment":[{"href":"https:\/\/rula.disabilityrightsca.org\/vi\/wp-json\/wp\/v2\/media?parent=925"}],"curies":[{"name":"wp","href":"https:\/\/api.w.org\/{rel}","templated":true}]}}