{"id":921,"date":"2021-05-03T16:14:16","date_gmt":"2021-05-03T16:14:16","guid":{"rendered":"http:\/\/www.rula.disabilityrightsca.org\/vi\/?page_id=921"},"modified":"2022-04-19T19:12:41","modified_gmt":"2022-04-19T19:12:41","slug":"how-do-i-apply-for-regional-center-services","status":"publish","type":"page","link":"https:\/\/rula.disabilityrightsca.org\/vi\/rula-book\/chapter-2-eligibility-for-regional-center-services\/how-do-i-apply-for-regional-center-services\/","title":{"rendered":"(2.6)  L\u00e0m th\u1ebf n\u00e0o \u0111\u1ec3 \u0111\u0103ng k\u00fd nh\u1eadn c\u00e1c d\u1ecbch v\u1ee5 c\u1ee7a trung t\u00e2m khu v\u1ef1c?"},"content":{"rendered":"\n<p>C\u00f3 21 trung t\u00e2m khu v\u1ef1c \u1edf California. M\u1ed7i trung t\u00e2m ph\u1ee5 tr\u00e1ch m\u1ed9t khu v\u1ef1c nh\u1ea5t \u0111\u1ecbnh. Qu\u00fd v\u1ecb ph\u1ea3i \u0111\u0103ng k\u00fd trung t\u00e2m \u1edf khu v\u1ef1c c\u1ee7a qu\u00fd v\u1ecb. Xem&nbsp;<a href=\"https:\/\/www.dds.ca.gov\/rc\/listings\/\">Danh S\u00e1ch Trung T\u00e2m Khu V\u1ef1c<\/a>&nbsp;ho\u1eb7c g\u1ecdi \u0111\u1ebfn:<\/p>\n\n\n\n<p>OCRA: <strong><a href=\"tel:8003907032\">(800) 390-7032<\/a><\/strong><\/p>\n\n\n\n<p>S\u1edf D\u1ecbch V\u1ee5 Ph\u00e1t Tri\u1ec3n:&nbsp;<strong><a href=\"tel:9166541958\">(916) 654-1958<\/a><\/strong><\/p>\n\n\n\n<p>M\u1ed7i trung t\u00e2m khu v\u1ef1c c\u00f3 quy tr\u00ecnh \u0111\u0103ng k\u00fd ri\u00eang. H\u1ecd c\u1ea7n \u0111\u1ecba ch\u1ec9 nh\u00e0 c\u1ee7a qu\u00fd v\u1ecb \u0111\u1ec3 \u0111\u1ea3m b\u1ea3o qu\u00fd v\u1ecb \u0111ang \u0111\u0103ng k\u00fd \u0111\u00fang trung t\u00e2m. H\u1ecd c\u00f3 th\u1ec3 y\u00eau c\u1ea7u qu\u00fd v\u1ecb cung c\u1ea5p th\u00f4ng tin c\u00e1 nh\u00e2n kh\u00e1c, \u0111\u1ec1 ngh\u1ecb qu\u00fd v\u1ecb \u0111i\u1ec1n v\u00e0o m\u1eabu \u0111\u01a1n ho\u1eb7c t\u1ed5 ch\u1ee9c cu\u1ed9c g\u1eb7p gi\u1eefa qu\u00fd v\u1ecb v\u00e0 ng\u01b0\u1eddi c\u1ee7a trung t\u00e2m khu v\u1ef1c. H\u00e3y thu th\u1eadp th\u00f4ng tin \u0111\u1ec3 cung c\u1ea5p cho h\u1ecd, v\u00ed d\u1ee5 nh\u01b0:<\/p>\n\n\n\n<ul class=\"wp-block-list\"><li>H\u1ecdc b\u1ea1, h\u1ed3 s\u01a1 y t\u1ebf, l\u1ecbch s\u1eed l\u00e0m vi\u1ec7c c\u1ee7a qu\u00fd v\u1ecb v\u00e0<\/li><li>C\u00e1c th\u1ea9m \u0111\u1ecbnh, \u0111\u00e1nh gi\u00e1 v\u00e0 m\u1ecdi th\u00f4ng tin kh\u00e1c m\u00f4 t\u1ea3 ch\u00ednh x\u00e1c nh\u1eefng kh\u1ea3 n\u0103ng v\u00e0 khuy\u1ebft t\u1eadt c\u1ee7a qu\u00fd v\u1ecb.<\/li><\/ul>\n\n\n\n<p>Trung t\u00e2m khu v\u1ef1c s\u1ebd sao ch\u00e9p c\u00e1c t\u00e0i li\u1ec7u c\u1ee7a qu\u00fd v\u1ecb. H\u1ecd c\u0169ng s\u1ebd y\u00eau c\u1ea7u qu\u00fd v\u1ecb cung c\u1ea5p v\u0103n b\u1ea3n ch\u1ea5p thu\u1eadn \u0111\u1ec3 li\u00ean h\u1ec7 v\u1edbi b\u00e1c s\u0129, tr\u01b0\u1eddng h\u1ecdc, ch\u1ee7 lao \u0111\u1ed9ng v\u00e0 nh\u1eefng ng\u01b0\u1eddi kh\u00e1c c\u00f3 th\u1ec3 c\u00f3 th\u00f4ng tin v\u1ec1 qu\u00fd v\u1ecb. Khi kh\u00f4ng c\u00f3 s\u1ef1 ch\u1ea5p thu\u1eadn c\u1ee7a qu\u00fd v\u1ecb, h\u1ecd kh\u00f4ng th\u1ec3 sao ch\u00e9p h\u1ed3 s\u01a1 c\u1ee7a qu\u00fd v\u1ecb.<\/p>\n\n\n\n<p><strong><strong>Quan tr\u1ecdng!<\/strong>\u00a0<\/strong>H\u00e3y vi\u1ebft ghi ch\u00fa. H\u00e3y ghi l\u1ea1i ng\u00e0y li\u00ean h\u1ec7 \u0111\u1ea7u ti\u00ean v\u00e0 ng\u00e0y g\u1eb7p \u0111\u1ea7u ti\u00ean c\u1ee7a qu\u00fd v\u1ecb v\u1edbi nh\u00e2n vi\u00ean. Cu\u1ed9c g\u1eb7p n\u00e0y \u0111\u01b0\u1ee3c g\u1ecdi l\u00e0\u00a0<em>cu\u1ed9c h\u1ecdp ti\u1ebfp nh\u1eadn<\/em>. \u0110\u1ec3 bi\u1ebft th\u00eam th\u00f4ng tin v\u1ec1 quy tr\u00ecnh \u0111\u0103ng k\u00fd, m\u1eddi xem\u00a0<a href=\"https:\/\/rula.disabilityrightsca.org\/vi\/rula-book\/chapter-3-regional-centers\/\">Ch\u01b0\u01a1ng 3<\/a>.<\/p>\n","protected":false},"excerpt":{"rendered":"<p>C\u00f3 21 trung t\u00e2m khu v\u1ef1c \u1edf California. M\u1ed7i trung t\u00e2m ph\u1ee5 tr\u00e1ch m\u1ed9t khu v\u1ef1c nh\u1ea5t \u0111\u1ecbnh. Qu\u00fd v\u1ecb ph\u1ea3i \u0111\u0103ng k\u00fd trung t\u00e2m&hellip;<\/p>\n","protected":false},"author":1,"featured_media":0,"parent":37,"menu_order":6,"comment_status":"closed","ping_status":"closed","template":"","meta":{"footnotes":""},"class_list":["post-921","page","type-page","status-publish","hentry"],"_links":{"self":[{"href":"https:\/\/rula.disabilityrightsca.org\/vi\/wp-json\/wp\/v2\/pages\/921","targetHints":{"allow":["GET"]}}],"collection":[{"href":"https:\/\/rula.disabilityrightsca.org\/vi\/wp-json\/wp\/v2\/pages"}],"about":[{"href":"https:\/\/rula.disabilityrightsca.org\/vi\/wp-json\/wp\/v2\/types\/page"}],"author":[{"embeddable":true,"href":"https:\/\/rula.disabilityrightsca.org\/vi\/wp-json\/wp\/v2\/users\/1"}],"replies":[{"embeddable":true,"href":"https:\/\/rula.disabilityrightsca.org\/vi\/wp-json\/wp\/v2\/comments?post=921"}],"version-history":[{"count":7,"href":"https:\/\/rula.disabilityrightsca.org\/vi\/wp-json\/wp\/v2\/pages\/921\/revisions"}],"predecessor-version":[{"id":2862,"href":"https:\/\/rula.disabilityrightsca.org\/vi\/wp-json\/wp\/v2\/pages\/921\/revisions\/2862"}],"up":[{"embeddable":true,"href":"https:\/\/rula.disabilityrightsca.org\/vi\/wp-json\/wp\/v2\/pages\/37"}],"wp:attachment":[{"href":"https:\/\/rula.disabilityrightsca.org\/vi\/wp-json\/wp\/v2\/media?parent=921"}],"curies":[{"name":"wp","href":"https:\/\/api.w.org\/{rel}","templated":true}]}}