{"id":919,"date":"2021-05-03T16:09:42","date_gmt":"2021-05-03T16:09:42","guid":{"rendered":"http:\/\/www.rula.disabilityrightsca.org\/vi\/?page_id=919"},"modified":"2022-04-19T16:32:30","modified_gmt":"2022-04-19T16:32:30","slug":"does-a-high-risk-child-who-received-preventive-services-from-the-regional-center-become-permanently-eligible-for-services-from-the-regional-center","status":"publish","type":"page","link":"https:\/\/rula.disabilityrightsca.org\/vi\/rula-book\/chapter-2-eligibility-for-regional-center-services\/does-a-high-risk-child-who-received-preventive-services-from-the-regional-center-become-permanently-eligible-for-services-from-the-regional-center\/","title":{"rendered":"(2.4) Tr\u1ebb c\u00f3 nguy c\u01a1 cao \u0111\u00e3 nh\u1eadn c\u00e1c d\u1ecbch v\u1ee5 ph\u00f2ng ng\u1eeba t\u1eeb trung t\u00e2m khu v\u1ef1c s\u1ebd v\u0129nh vi\u1ec5n h\u1ed9i \u0111\u1ee7 \u0111i\u1ec1u ki\u1ec7n nh\u1eadn c\u00e1c d\u1ecbch v\u1ee5 t\u1eeb trung t\u00e2m khu v\u1ef1c ph\u1ea3i kh\u00f4ng?"},"content":{"rendered":"\n<p>Tr\u1ebb d\u01b0\u1edbi 3 tu\u1ed5i c\u00f3 th\u1ec3 nh\u1eadn c\u00e1c d\u1ecbch v\u1ee5 can thi\u1ec7p s\u1edbm cho \u0111\u1ebfn khi 3 tu\u1ed5i n\u1ebfu tr\u1ebb b\u1ecb ch\u1eadm ph\u00e1t tri\u1ec3n, g\u1eb7p t\u00ecnh tr\u1ea1ng nguy c\u01a1 \u0111\u00e3 x\u00e1c \u0111\u1ecbnh ho\u1eb7c c\u00f3 nguy c\u01a1 cao b\u1ecb khuy\u1ebft t\u1eadt v\u1ec1 ph\u00e1t tri\u1ec3n. <span class=\"footnote_referrer\"><a role=\"button\" tabindex=\"0\" onclick=\"footnote_moveToReference_919_1('footnote_plugin_reference_919_1_1');\" onkeypress=\"footnote_moveToReference_919_1('footnote_plugin_reference_919_1_1');\" ><sup id=\"footnote_plugin_tooltip_919_1_1\" class=\"footnote_plugin_tooltip_text\">[1]<\/sup><\/a><span id=\"footnote_plugin_tooltip_text_919_1_1\" class=\"footnote_tooltip\">Ti\u00eau \u0110\u1ec1 17, B\u1ed9 Lu\u1eadt C\u00e1c Quy \u0110\u1ecbnh California, m\u1ee5c 52022.<\/span><\/span><script type=\"text\/javascript\"> jQuery('#footnote_plugin_tooltip_919_1_1').tooltip({ tip: '#footnote_plugin_tooltip_text_919_1_1', tipClass: 'footnote_tooltip', effect: 'fade', predelay: 0, fadeInSpeed: 200, delay: 400, fadeOutSpeed: 200, position: 'top center', relative: true, offset: [-7, 0], });<\/script> C\u00e1c d\u1ecbch v\u1ee5 can thi\u1ec7p s\u1edbm s\u1ebd to\u00e0n di\u1ec7n h\u01a1n nhi\u1ec1u so v\u1edbi c\u00e1c d\u1ecbch v\u1ee5 ph\u00f2ng ng\u1eeba. N\u1ebfu trung t\u00e2m khu v\u1ef1c b\u00e1o v\u1edbi qu\u00fd v\u1ecb r\u1eb1ng con c\u1ee7a qu\u00fd v\u1ecb kh\u00f4ng h\u1ed9i \u0111\u1ee7 \u0111i\u1ec1u ki\u1ec7n nh\u1eadn c\u00e1c d\u1ecbch v\u1ee5 can thi\u1ec7p s\u1edbm, qu\u00fd v\u1ecb c\u00f3 th\u1ec3 kh\u00e1ng c\u00e1o. <span class=\"footnote_referrer\"><a role=\"button\" tabindex=\"0\" onclick=\"footnote_moveToReference_919_1('footnote_plugin_reference_919_1_2');\" onkeypress=\"footnote_moveToReference_919_1('footnote_plugin_reference_919_1_2');\" ><sup id=\"footnote_plugin_tooltip_919_1_2\" class=\"footnote_plugin_tooltip_text\">[2]<\/sup><\/a><span id=\"footnote_plugin_tooltip_text_919_1_2\" class=\"footnote_tooltip\">Ti\u00eau \u0110\u1ec1 17, B\u1ed9 Lu\u1eadt C\u00e1c Quy \u0110\u1ecbnh California, m\u1ee5c 52172.<\/span><\/span><script type=\"text\/javascript\"> jQuery('#footnote_plugin_tooltip_919_1_2').tooltip({ tip: '#footnote_plugin_tooltip_text_919_1_2', tipClass: 'footnote_tooltip', effect: 'fade', predelay: 0, fadeInSpeed: 200, delay: 400, fadeOutSpeed: 200, position: 'top center', relative: true, offset: [-7, 0], });<\/script> C\u00e1c d\u1ecbch v\u1ee5 can thi\u1ec7p s\u1edbm kh\u00f4ng thu\u1ed9c \u0110\u1ea1o Lu\u1eadt Lanterman, m\u1eb7c d\u00f9 \u0111\u01b0\u1ee3c trung t\u00e2m khu v\u1ef1c cung c\u1ea5p. <span class=\"footnote_referrer\"><a role=\"button\" tabindex=\"0\" onclick=\"footnote_moveToReference_919_1('footnote_plugin_reference_919_1_3');\" onkeypress=\"footnote_moveToReference_919_1('footnote_plugin_reference_919_1_3');\" ><sup id=\"footnote_plugin_tooltip_919_1_3\" class=\"footnote_plugin_tooltip_text\">[3]<\/sup><\/a><span id=\"footnote_plugin_tooltip_text_919_1_3\" class=\"footnote_tooltip\">B\u1ed9 Lu\u1eadt Ch\u00ednh Quy\u1ec1n California m\u1ee5c 95000 v\u00e0 c\u00e1c m\u1ee5c sau, v\u00e0 Ti\u00eau \u0110\u1ec1 17, B\u1ed9 Lu\u1eadt C\u00e1c Quy \u0110\u1ecbnh California, m\u1ee5c 52000 v\u00e0 c\u00e1c m\u1ee5c sau.<\/span><\/span><script type=\"text\/javascript\"> jQuery('#footnote_plugin_tooltip_919_1_3').tooltip({ tip: '#footnote_plugin_tooltip_text_919_1_3', tipClass: 'footnote_tooltip', effect: 'fade', predelay: 0, fadeInSpeed: 200, delay: 400, fadeOutSpeed: 200, position: 'top center', relative: true, offset: [-7, 0], });<\/script> \u1ea4n ph\u1ea9m n\u00e0y c\u00f3 m\u00f4 t\u1ea3 v\u1ec1 c\u00e1c d\u1ecbch v\u1ee5 can thi\u1ec7p s\u1edbm:&nbsp;<a href=\"https:\/\/serr.disabilityrightsca.org\/serr-manual\/chapter-12-information-on-early-intervention-services\/\">Quy\u1ec1n v\u00e0 Tr\u00e1ch Nhi\u1ec7m v\u1ec1 Gi\u00e1o D\u1ee5c \u0110\u1eb7c Bi\u1ec7t, Ch\u01b0\u01a1ng 12<\/a><\/p>\n\n\n\n<p>\u0110\u1ec3 tr\u1ebb t\u1eeb 3 tu\u1ed5i tr\u1edf l\u00ean h\u1ed9i \u0111\u1ee7 \u0111i\u1ec1u ki\u1ec7n nh\u1eadn c\u00e1c d\u1ecbch v\u1ee5 c\u1ee7a trung t\u00e2m khu v\u1ef1c, tr\u1ebb ph\u1ea3i b\u1ecb khuy\u1ebft t\u1eadt v\u1ec1 ph\u00e1t tri\u1ec3n nh\u01b0 \u0111\u1ecbnh ngh\u0129a trong lu\u1eadt ti\u1ec3u bang.<\/p>\n<div class=\"speaker-mute footnotes_reference_container\"> <div class=\"footnote_container_prepare\"><p><span role=\"button\" tabindex=\"0\" class=\"footnote_reference_container_label pointer\" onclick=\"footnote_expand_collapse_reference_container_919_1();\">&#x202F;<\/span><span role=\"button\" tabindex=\"0\" class=\"footnote_reference_container_collapse_button\" style=\"display: none;\" onclick=\"footnote_expand_collapse_reference_container_919_1();\">[<a id=\"footnote_reference_container_collapse_button_919_1\">+<\/a>]<\/span><\/p><\/div> <div id=\"footnote_references_container_919_1\" style=\"\"><table class=\"footnotes_table footnote-reference-container\"><caption class=\"accessibility\">References<\/caption> <tbody> \r\n\r\n<tr class=\"footnotes_plugin_reference_row\"> <th scope=\"row\" class=\"footnote_plugin_index_combi pointer\"  onclick=\"footnote_moveToAnchor_919_1('footnote_plugin_tooltip_919_1_1');\"><a id=\"footnote_plugin_reference_919_1_1\" class=\"footnote_backlink\"><span class=\"footnote_index_arrow\">&#8593;<\/span>1<\/a><\/th> <td class=\"footnote_plugin_text\">Ti\u00eau \u0110\u1ec1 17, B\u1ed9 Lu\u1eadt C\u00e1c Quy \u0110\u1ecbnh California, m\u1ee5c 52022.<\/td><\/tr>\r\n\r\n<tr class=\"footnotes_plugin_reference_row\"> <th scope=\"row\" class=\"footnote_plugin_index_combi pointer\"  onclick=\"footnote_moveToAnchor_919_1('footnote_plugin_tooltip_919_1_2');\"><a id=\"footnote_plugin_reference_919_1_2\" class=\"footnote_backlink\"><span class=\"footnote_index_arrow\">&#8593;<\/span>2<\/a><\/th> <td class=\"footnote_plugin_text\">Ti\u00eau \u0110\u1ec1 17, B\u1ed9 Lu\u1eadt C\u00e1c Quy \u0110\u1ecbnh California, m\u1ee5c 52172.<\/td><\/tr>\r\n\r\n<tr class=\"footnotes_plugin_reference_row\"> <th scope=\"row\" class=\"footnote_plugin_index_combi pointer\"  onclick=\"footnote_moveToAnchor_919_1('footnote_plugin_tooltip_919_1_3');\"><a id=\"footnote_plugin_reference_919_1_3\" class=\"footnote_backlink\"><span class=\"footnote_index_arrow\">&#8593;<\/span>3<\/a><\/th> <td class=\"footnote_plugin_text\">B\u1ed9 Lu\u1eadt Ch\u00ednh Quy\u1ec1n California m\u1ee5c 95000 v\u00e0 c\u00e1c m\u1ee5c sau, v\u00e0 Ti\u00eau \u0110\u1ec1 17, B\u1ed9 Lu\u1eadt C\u00e1c Quy \u0110\u1ecbnh California, m\u1ee5c 52000 v\u00e0 c\u00e1c m\u1ee5c sau.<\/td><\/tr>\r\n\r\n <\/tbody> <\/table> <\/div><\/div><script type=\"text\/javascript\"> function footnote_expand_reference_container_919_1() { jQuery('#footnote_references_container_919_1').show(); jQuery('#footnote_reference_container_collapse_button_919_1').text('\u2212'); } function footnote_collapse_reference_container_919_1() { jQuery('#footnote_references_container_919_1').hide(); jQuery('#footnote_reference_container_collapse_button_919_1').text('+'); } function footnote_expand_collapse_reference_container_919_1() { if (jQuery('#footnote_references_container_919_1').is(':hidden')) { footnote_expand_reference_container_919_1(); } else { footnote_collapse_reference_container_919_1(); } } function footnote_moveToReference_919_1(p_str_TargetID) { footnote_expand_reference_container_919_1(); var l_obj_Target = jQuery('#' + p_str_TargetID); if (l_obj_Target.length) { jQuery( 'html, body' ).delay( 0 ); jQuery('html, body').animate({ scrollTop: l_obj_Target.offset().top - window.innerHeight * 0.2 }, 380); } } function footnote_moveToAnchor_919_1(p_str_TargetID) { footnote_expand_reference_container_919_1(); var l_obj_Target = jQuery('#' + p_str_TargetID); if (l_obj_Target.length) { jQuery( 'html, body' ).delay( 0 ); jQuery('html, body').animate({ scrollTop: l_obj_Target.offset().top - window.innerHeight * 0.2 }, 380); } }<\/script>","protected":false},"excerpt":{"rendered":"<p>Tr\u1ebb d\u01b0\u1edbi 3 tu\u1ed5i c\u00f3 th\u1ec3 nh\u1eadn c\u00e1c d\u1ecbch v\u1ee5 can thi\u1ec7p s\u1edbm cho \u0111\u1ebfn khi 3 tu\u1ed5i n\u1ebfu tr\u1ebb b\u1ecb ch\u1eadm ph\u00e1t tri\u1ec3n, g\u1eb7p&hellip;<\/p>\n","protected":false},"author":1,"featured_media":0,"parent":37,"menu_order":4,"comment_status":"closed","ping_status":"closed","template":"","meta":{"footnotes":""},"class_list":["post-919","page","type-page","status-publish","hentry"],"_links":{"self":[{"href":"https:\/\/rula.disabilityrightsca.org\/vi\/wp-json\/wp\/v2\/pages\/919","targetHints":{"allow":["GET"]}}],"collection":[{"href":"https:\/\/rula.disabilityrightsca.org\/vi\/wp-json\/wp\/v2\/pages"}],"about":[{"href":"https:\/\/rula.disabilityrightsca.org\/vi\/wp-json\/wp\/v2\/types\/page"}],"author":[{"embeddable":true,"href":"https:\/\/rula.disabilityrightsca.org\/vi\/wp-json\/wp\/v2\/users\/1"}],"replies":[{"embeddable":true,"href":"https:\/\/rula.disabilityrightsca.org\/vi\/wp-json\/wp\/v2\/comments?post=919"}],"version-history":[{"count":6,"href":"https:\/\/rula.disabilityrightsca.org\/vi\/wp-json\/wp\/v2\/pages\/919\/revisions"}],"predecessor-version":[{"id":2804,"href":"https:\/\/rula.disabilityrightsca.org\/vi\/wp-json\/wp\/v2\/pages\/919\/revisions\/2804"}],"up":[{"embeddable":true,"href":"https:\/\/rula.disabilityrightsca.org\/vi\/wp-json\/wp\/v2\/pages\/37"}],"wp:attachment":[{"href":"https:\/\/rula.disabilityrightsca.org\/vi\/wp-json\/wp\/v2\/media?parent=919"}],"curies":[{"name":"wp","href":"https:\/\/api.w.org\/{rel}","templated":true}]}}