{"id":911,"date":"2021-04-30T17:07:07","date_gmt":"2021-04-30T17:07:07","guid":{"rendered":"http:\/\/www.rula.disabilityrightsca.org\/vi\/?page_id=911"},"modified":"2022-04-19T16:32:16","modified_gmt":"2022-04-19T16:32:16","slug":"how-does-a-parent-know-if-their-infant-is-at-high-risk-for-a-developmental-disability","status":"publish","type":"page","link":"https:\/\/rula.disabilityrightsca.org\/vi\/rula-book\/chapter-2-eligibility-for-regional-center-services\/how-does-a-parent-know-if-their-infant-is-at-high-risk-for-a-developmental-disability\/","title":{"rendered":"(2.3) L\u00e0m th\u1ebf n\u00e0o \u0111\u1ec3 cha\/m\u1eb9 bi\u1ebft \u0111\u1ee9a con s\u01a1 sinh c\u1ee7a h\u1ecd c\u00f3 nguy c\u01a1 cao b\u1ecb khuy\u1ebft t\u1eadt v\u1ec1 ph\u00e1t tri\u1ec3n?"},"content":{"rendered":"\n<p>C\u00e1c d\u1ea5u hi\u1ec7u c\u1ee7a khuy\u1ebft t\u1eadt v\u1ec1 ph\u00e1t tri\u1ec3n th\u01b0\u1eddng d\u1ec5 ph\u00e1t hi\u1ec7n s\u1edbm trong cu\u1ed9c s\u1ed1ng tr\u1ebb. C\u00e1c chuy\u00ean gia y t\u1ebf g\u1ecdi t\u00ecnh tr\u1ea1ng n\u00e0y l\u00e0 \u201cch\u1eadm\u201d ph\u00e1t tri\u1ec3n. N\u1ebfu con c\u1ee7a qu\u00fd v\u1ecb b\u1ecb ch\u1eadm ho\u1eb7c qu\u00fd v\u1ecb c\u00f3 nguy c\u01a1 cao trong vi\u1ec7c c\u00f3 con b\u1ecb khuy\u1ebft t\u1eadt v\u1ec1 ph\u00e1t tri\u1ec3n, h\u00e3y th\u1ef1c hi\u1ec7n \u0111\u00e1nh gi\u00e1 v\u00e0 nh\u1eadn c\u00e1c d\u1ecbch v\u1ee5.<\/p>\n\n\n\n<p>C\u00e1c chuy\u00ean gia y t\u1ebf hi\u1ec3u bi\u1ebft v\u1ec1 s\u1ef1 ph\u00e1t tri\u1ec3n c\u1ee7a tr\u1ebb c\u00f3 th\u1ec3 gi\u1ea3ng gi\u1ea3i cho cha m\u1eb9 v\u00e0 tr\u1ebb v\u1ec1 t\u00ecnh tr\u1ea1ng ch\u1eadm ph\u00e1t tri\u1ec3n s\u1edbm. Cha m\u1eb9 c\u00f3 th\u1ec3 t\u00ecm hi\u1ec3u c\u00e1ch thay \u0111\u1ed5i ch\u1ebf \u0111\u1ed9 \u0103n c\u1ee7a h\u1ecd trong thai k\u1ef3 \u0111\u1ec3 ph\u00f2ng ng\u1eeba ch\u1eadm ph\u00e1t tri\u1ec3n, c\u00e1ch ph\u00e1t tri\u1ec3n t\u00e2m tr\u00ed v\u00e0 c\u01a1 th\u1ec3 c\u1ee7a tr\u1ebb s\u01a1 sinh v\u00e0 c\u00e1ch k\u00edch th\u00edch con h\u1ecd ph\u00e1t tri\u1ec3n.<\/p>\n\n\n\n<p>Tr\u1ebb s\u01a1 sinh d\u01b0\u1edbi 3 tu\u1ed5i c\u00f3 nguy c\u01a1 cao v\u00e0 cha m\u1eb9 c\u00f3 nguy c\u01a1 cao sinh con b\u1ecb khuy\u1ebft t\u1eadt v\u1ec1 ph\u00e1t tri\u1ec3n c\u00f3 th\u1ec3 nh\u1eadn c\u00e1c d\u1ecbch v\u1ee5 ph\u00f2ng ng\u1eeba t\u1eeb trung t\u00e2m khu v\u1ef1c. <span class=\"footnote_referrer\"><a role=\"button\" tabindex=\"0\" onclick=\"footnote_moveToReference_911_1('footnote_plugin_reference_911_1_1');\" onkeypress=\"footnote_moveToReference_911_1('footnote_plugin_reference_911_1_1');\" ><sup id=\"footnote_plugin_tooltip_911_1_1\" class=\"footnote_plugin_tooltip_text\">[1]<\/sup><\/a><span id=\"footnote_plugin_tooltip_text_911_1_1\" class=\"footnote_tooltip\">C\u00e1c M\u1ee5c 4642 v\u00e0 4644.<\/span><\/span><script type=\"text\/javascript\"> jQuery('#footnote_plugin_tooltip_911_1_1').tooltip({ tip: '#footnote_plugin_tooltip_text_911_1_1', tipClass: 'footnote_tooltip', effect: 'fade', predelay: 0, fadeInSpeed: 200, delay: 400, fadeOutSpeed: 200, position: 'top center', relative: true, offset: [-7, 0], });<\/script> Trung t\u00e2m khu v\u1ef1c ph\u1ea3i cung c\u1ea5p c\u00e1c d\u1ecbch v\u1ee5 ph\u00f2ng ng\u1eeba v\u1edbi c\u00f9ng m\u1ee9c \u01b0u ti\u00ean nh\u01b0 c\u00e1c d\u1ecbch v\u1ee5 cho nh\u1eefng ng\u01b0\u1eddi b\u1ecb khuy\u1ebft t\u1eadt v\u1ec1 ph\u00e1t tri\u1ec3n v\u00e0 gia \u0111\u00ecnh c\u1ee7a h\u1ecd. <span class=\"footnote_referrer\"><a role=\"button\" tabindex=\"0\" onclick=\"footnote_moveToReference_911_1('footnote_plugin_reference_911_1_2');\" onkeypress=\"footnote_moveToReference_911_1('footnote_plugin_reference_911_1_2');\" ><sup id=\"footnote_plugin_tooltip_911_1_2\" class=\"footnote_plugin_tooltip_text\">[2]<\/sup><\/a><span id=\"footnote_plugin_tooltip_text_911_1_2\" class=\"footnote_tooltip\">M\u1ee5c 4644.<\/span><\/span><script type=\"text\/javascript\"> jQuery('#footnote_plugin_tooltip_911_1_2').tooltip({ tip: '#footnote_plugin_tooltip_text_911_1_2', tipClass: 'footnote_tooltip', effect: 'fade', predelay: 0, fadeInSpeed: 200, delay: 400, fadeOutSpeed: 200, position: 'top center', relative: true, offset: [-7, 0], });<\/script><\/p>\n<div class=\"speaker-mute footnotes_reference_container\"> <div class=\"footnote_container_prepare\"><p><span role=\"button\" tabindex=\"0\" class=\"footnote_reference_container_label pointer\" onclick=\"footnote_expand_collapse_reference_container_911_1();\">&#x202F;<\/span><span role=\"button\" tabindex=\"0\" class=\"footnote_reference_container_collapse_button\" style=\"display: none;\" onclick=\"footnote_expand_collapse_reference_container_911_1();\">[<a id=\"footnote_reference_container_collapse_button_911_1\">+<\/a>]<\/span><\/p><\/div> <div id=\"footnote_references_container_911_1\" style=\"\"><table class=\"footnotes_table footnote-reference-container\"><caption class=\"accessibility\">References<\/caption> <tbody> \r\n\r\n<tr class=\"footnotes_plugin_reference_row\"> <th scope=\"row\" class=\"footnote_plugin_index_combi pointer\"  onclick=\"footnote_moveToAnchor_911_1('footnote_plugin_tooltip_911_1_1');\"><a id=\"footnote_plugin_reference_911_1_1\" class=\"footnote_backlink\"><span class=\"footnote_index_arrow\">&#8593;<\/span>1<\/a><\/th> <td class=\"footnote_plugin_text\">C\u00e1c M\u1ee5c 4642 v\u00e0 4644.<\/td><\/tr>\r\n\r\n<tr class=\"footnotes_plugin_reference_row\"> <th scope=\"row\" class=\"footnote_plugin_index_combi pointer\"  onclick=\"footnote_moveToAnchor_911_1('footnote_plugin_tooltip_911_1_2');\"><a id=\"footnote_plugin_reference_911_1_2\" class=\"footnote_backlink\"><span class=\"footnote_index_arrow\">&#8593;<\/span>2<\/a><\/th> <td class=\"footnote_plugin_text\">M\u1ee5c 4644.<\/td><\/tr>\r\n\r\n <\/tbody> <\/table> <\/div><\/div><script type=\"text\/javascript\"> function footnote_expand_reference_container_911_1() { jQuery('#footnote_references_container_911_1').show(); jQuery('#footnote_reference_container_collapse_button_911_1').text('\u2212'); } function footnote_collapse_reference_container_911_1() { jQuery('#footnote_references_container_911_1').hide(); jQuery('#footnote_reference_container_collapse_button_911_1').text('+'); } function footnote_expand_collapse_reference_container_911_1() { if (jQuery('#footnote_references_container_911_1').is(':hidden')) { footnote_expand_reference_container_911_1(); } else { footnote_collapse_reference_container_911_1(); } } function footnote_moveToReference_911_1(p_str_TargetID) { footnote_expand_reference_container_911_1(); var l_obj_Target = jQuery('#' + p_str_TargetID); if (l_obj_Target.length) { jQuery( 'html, body' ).delay( 0 ); jQuery('html, body').animate({ scrollTop: l_obj_Target.offset().top - window.innerHeight * 0.2 }, 380); } } function footnote_moveToAnchor_911_1(p_str_TargetID) { footnote_expand_reference_container_911_1(); var l_obj_Target = jQuery('#' + p_str_TargetID); if (l_obj_Target.length) { jQuery( 'html, body' ).delay( 0 ); jQuery('html, body').animate({ scrollTop: l_obj_Target.offset().top - window.innerHeight * 0.2 }, 380); } }<\/script>","protected":false},"excerpt":{"rendered":"<p>C\u00e1c d\u1ea5u hi\u1ec7u c\u1ee7a khuy\u1ebft t\u1eadt v\u1ec1 ph\u00e1t tri\u1ec3n th\u01b0\u1eddng d\u1ec5 ph\u00e1t hi\u1ec7n s\u1edbm trong cu\u1ed9c s\u1ed1ng tr\u1ebb. C\u00e1c chuy\u00ean gia y t\u1ebf g\u1ecdi t\u00ecnh&hellip;<\/p>\n","protected":false},"author":1,"featured_media":0,"parent":37,"menu_order":3,"comment_status":"closed","ping_status":"closed","template":"","meta":{"footnotes":""},"class_list":["post-911","page","type-page","status-publish","hentry"],"_links":{"self":[{"href":"https:\/\/rula.disabilityrightsca.org\/vi\/wp-json\/wp\/v2\/pages\/911","targetHints":{"allow":["GET"]}}],"collection":[{"href":"https:\/\/rula.disabilityrightsca.org\/vi\/wp-json\/wp\/v2\/pages"}],"about":[{"href":"https:\/\/rula.disabilityrightsca.org\/vi\/wp-json\/wp\/v2\/types\/page"}],"author":[{"embeddable":true,"href":"https:\/\/rula.disabilityrightsca.org\/vi\/wp-json\/wp\/v2\/users\/1"}],"replies":[{"embeddable":true,"href":"https:\/\/rula.disabilityrightsca.org\/vi\/wp-json\/wp\/v2\/comments?post=911"}],"version-history":[{"count":5,"href":"https:\/\/rula.disabilityrightsca.org\/vi\/wp-json\/wp\/v2\/pages\/911\/revisions"}],"predecessor-version":[{"id":2771,"href":"https:\/\/rula.disabilityrightsca.org\/vi\/wp-json\/wp\/v2\/pages\/911\/revisions\/2771"}],"up":[{"embeddable":true,"href":"https:\/\/rula.disabilityrightsca.org\/vi\/wp-json\/wp\/v2\/pages\/37"}],"wp:attachment":[{"href":"https:\/\/rula.disabilityrightsca.org\/vi\/wp-json\/wp\/v2\/media?parent=911"}],"curies":[{"name":"wp","href":"https:\/\/api.w.org\/{rel}","templated":true}]}}