{"id":842,"date":"2021-04-14T22:18:59","date_gmt":"2021-04-14T22:18:59","guid":{"rendered":"http:\/\/www.rula.disabilityrightsca.org\/vi\/?page_id=842"},"modified":"2022-04-18T21:43:49","modified_gmt":"2022-04-18T21:43:49","slug":"are-there-any-income-limitations-to-be-eligible-for-regional-center-services-or-costs-for-these-services","status":"publish","type":"page","link":"https:\/\/rula.disabilityrightsca.org\/vi\/rula-book\/chapter-1-the-lanterman-act\/are-there-any-income-limitations-to-be-eligible-for-regional-center-services-or-costs-for-these-services\/","title":{"rendered":"(1.15) C\u00f3 gi\u1edbi h\u1ea1n thu nh\u1eadp n\u00e0o \u0111\u1ed1i v\u1edbi vi\u1ec7c h\u1ed9i \u0111\u1ee7 \u0111i\u1ec1u ki\u1ec7n nh\u1eadn c\u00e1c d\u1ecbch v\u1ee5 c\u1ee7a Trung T\u00e2m Khu V\u1ef1c ho\u1eb7c chi ph\u00ed c\u1ee7a c\u00e1c d\u1ecbch v\u1ee5 n\u00e0y kh\u00f4ng?"},"content":{"rendered":"\n<p>Trung t\u00e2m khu v\u1ef1c s\u1ebd cung c\u1ea5p cho qu\u00fd v\u1ecb c\u00e1c d\u1ecbch v\u1ee5 v\u00e0 s\u1ef1 h\u1ed7 tr\u1ee3 m\u00e0 qu\u00fd v\u1ecb c\u1ea7n do t\u00ecnh tr\u1ea1ng khuy\u1ebft t\u1eadt v\u1ec1 ph\u00e1t tri\u1ec3n c\u1ee7a qu\u00fd v\u1ecb. Thu nh\u1eadp c\u1ee7a qu\u00fd v\u1ecb kh\u00f4ng quan tr\u1ecdng. \u0110\u1ea1o Lu\u1eadt Lanterman kh\u00f4ng quy \u0111\u1ecbnh r\u1eb1ng qu\u00fd v\u1ecb ph\u1ea3i thanh to\u00e1n cho c\u00e1c d\u1ecbch v\u1ee5 v\u00e0 s\u1ef1 h\u1ed7 tr\u1ee3 trong IPP c\u1ee7a qu\u00fd v\u1ecb. Tuy nhi\u00ean, trong m\u1ed9t s\u1ed1 tr\u01b0\u1eddng h\u1ee3p, \u0110\u1ea1o Lu\u1eadt Lanterman s\u1ebd y\u00eau c\u1ea7u c\u00e1c gia \u0111\u00ecnh thanh to\u00e1n cho m\u1ed9t s\u1ed1 d\u1ecbch v\u1ee5 trong IPP c\u1ee7a tr\u1ebb.<\/p>\n","protected":false},"excerpt":{"rendered":"<p>Trung t\u00e2m khu v\u1ef1c s\u1ebd cung c\u1ea5p cho qu\u00fd v\u1ecb c\u00e1c d\u1ecbch v\u1ee5 v\u00e0 s\u1ef1 h\u1ed7 tr\u1ee3 m\u00e0 qu\u00fd v\u1ecb c\u1ea7n do t\u00ecnh tr\u1ea1ng khuy\u1ebft&hellip;<\/p>\n","protected":false},"author":1,"featured_media":0,"parent":35,"menu_order":16,"comment_status":"closed","ping_status":"closed","template":"","meta":{"footnotes":""},"class_list":["post-842","page","type-page","status-publish","hentry"],"_links":{"self":[{"href":"https:\/\/rula.disabilityrightsca.org\/vi\/wp-json\/wp\/v2\/pages\/842","targetHints":{"allow":["GET"]}}],"collection":[{"href":"https:\/\/rula.disabilityrightsca.org\/vi\/wp-json\/wp\/v2\/pages"}],"about":[{"href":"https:\/\/rula.disabilityrightsca.org\/vi\/wp-json\/wp\/v2\/types\/page"}],"author":[{"embeddable":true,"href":"https:\/\/rula.disabilityrightsca.org\/vi\/wp-json\/wp\/v2\/users\/1"}],"replies":[{"embeddable":true,"href":"https:\/\/rula.disabilityrightsca.org\/vi\/wp-json\/wp\/v2\/comments?post=842"}],"version-history":[{"count":4,"href":"https:\/\/rula.disabilityrightsca.org\/vi\/wp-json\/wp\/v2\/pages\/842\/revisions"}],"predecessor-version":[{"id":2757,"href":"https:\/\/rula.disabilityrightsca.org\/vi\/wp-json\/wp\/v2\/pages\/842\/revisions\/2757"}],"up":[{"embeddable":true,"href":"https:\/\/rula.disabilityrightsca.org\/vi\/wp-json\/wp\/v2\/pages\/35"}],"wp:attachment":[{"href":"https:\/\/rula.disabilityrightsca.org\/vi\/wp-json\/wp\/v2\/media?parent=842"}],"curies":[{"name":"wp","href":"https:\/\/api.w.org\/{rel}","templated":true}]}}