{"id":840,"date":"2021-04-14T22:16:33","date_gmt":"2021-04-14T22:16:33","guid":{"rendered":"http:\/\/www.rula.disabilityrightsca.org\/vi\/?page_id=840"},"modified":"2022-04-18T21:44:03","modified_gmt":"2022-04-18T21:44:03","slug":"is-information-about-me-kept-confidential-by-the-regional-center","status":"publish","type":"page","link":"https:\/\/rula.disabilityrightsca.org\/vi\/rula-book\/chapter-1-the-lanterman-act\/is-information-about-me-kept-confidential-by-the-regional-center\/","title":{"rendered":"(1.14) Th\u00f4ng tin c\u1ee7a t\u00f4i c\u00f3 \u0111\u01b0\u1ee3c trung t\u00e2m khu v\u1ef1c gi\u1eef b\u00ed m\u1eadt kh\u00f4ng?"},"content":{"rendered":"\n<p>T\u1ea5t c\u1ea3 th\u00f4ng tin v\u00e0 h\u1ed3 s\u01a1 v\u1ec1 qu\u00fd v\u1ecb t\u1ea1i trung t\u00e2m khu v\u1ef1c \u0111\u1ec1u \u0111\u01b0\u1ee3c b\u1ea3o m\u1eadt. ((M\u1ee5c 4514)).&nbsp;Tr\u01b0\u1edbc khi b\u1ea5t k\u1ef3 ai c\u00f3 th\u1ec3 xem th\u00f4ng tin c\u1ee7a qu\u00fd v\u1ecb, trung t\u00e2m khu v\u1ef1c ph\u1ea3i nh\u1eadn \u0111\u01b0\u1ee3c s\u1ef1 cho ph\u00e9p c\u1ee7a qu\u00fd v\u1ecb, ng\u01b0\u1eddi b\u1ea3o h\u1ed9 c\u1ee7a qu\u00fd v\u1ecb, ho\u1eb7c ai \u0111\u00f3 m\u00e0 qu\u00fd v\u1ecb tuy\u00ean b\u1ed1 \u0111\u1ea1i di\u1ec7n cho m\u00ecnh. N\u1ebfu qu\u00fd v\u1ecb d\u01b0\u1edbi 18 tu\u1ed5i, ph\u1ee5 huynh ho\u1eb7c ng\u01b0\u1eddi gi\u00e1m h\u1ed9 h\u1ee3p ph\u00e1p c\u1ee7a qu\u00fd v\u1ecb ph\u1ea3i cho ph\u00e9p. C\u00f3 m\u1ed9t s\u1ed1 ngo\u1ea1i l\u1ec7 \u0111\u1ed1i v\u1edbi quy t\u1eafc n\u00e0y. T\u00f2a \u00e1n v\u00e0 c\u00e1c c\u01a1 quan th\u1ef1c thi ph\u00e1p lu\u1eadt c\u00f3 th\u1ec3 xem h\u1ed3 s\u01a1 c\u1ee7a qu\u00fd v\u1ecb trong m\u1ed9t s\u1ed1 tr\u01b0\u1eddng h\u1ee3p nh\u1ea5t \u0111\u1ecbnh. Nh\u00e0 \u0111i\u1ec1u tra c\u1ea5p ph\u00e9p c\u00f3 th\u1ec3 xem h\u1ed3 s\u01a1 c\u1ee7a qu\u00fd v\u1ecb n\u1ebfu h\u1ecd c\u1ea7n \u0111\u1ebfn \u0111\u1ec3 \u0111\u1ea3m b\u1ea3o c\u00e1c c\u01a1 s\u1edf y t\u1ebf v\u00e0 c\u01a1 s\u1edf ch\u0103m s\u00f3c c\u1ed9ng \u0111\u1ed3ng \u0111ang cung c\u1ea5p d\u1ecbch v\u1ee5 ch\u0103m s\u00f3c t\u1ed1t. ((M\u1ee5c 4514(a)-(p)). Qu\u00fd v\u1ecb c\u00f3 quy\u1ec1n xem l\u1ea1i v\u00e0 sao ch\u00e9p h\u1ed3 s\u01a1 c\u1ee7a m\u00ecnh trong h\u1ed3 s\u01a1 c\u1ee7a qu\u00fd v\u1ecb \u1edf trung t\u00e2m khu v\u1ef1c. ((C\u00e1c M\u1ee5c 4725 v\u00e0 4726)).&nbsp;N\u1ebfu qu\u00fd v\u1ecb y\u00eau c\u1ea7u xem h\u1ed3 s\u01a1 c\u1ee7a m\u00ecnh, trung t\u00e2m khu v\u1ef1c c\u00f3 ba ng\u00e0y l\u00e0m vi\u1ec7c \u0111\u1ec3 cho qu\u00fd v\u1ecb xem h\u1ed3 s\u01a1 \u0111\u00f3. ((M\u1ee5c 4728)). Qu\u00fd v\u1ecb c\u0169ng c\u00f3 th\u1ec3 cho ph\u00e9p ai \u0111\u00f3 xem h\u1ed3 s\u01a1 c\u1ee7a m\u00ecnh.<\/p>\n","protected":false},"excerpt":{"rendered":"<p>T\u1ea5t c\u1ea3 th\u00f4ng tin v\u00e0 h\u1ed3 s\u01a1 v\u1ec1 qu\u00fd v\u1ecb t\u1ea1i trung t\u00e2m khu v\u1ef1c \u0111\u1ec1u \u0111\u01b0\u1ee3c b\u1ea3o m\u1eadt. ((M\u1ee5c 4514)).&nbsp;Tr\u01b0\u1edbc khi b\u1ea5t k\u1ef3 ai&hellip;<\/p>\n","protected":false},"author":1,"featured_media":0,"parent":35,"menu_order":15,"comment_status":"closed","ping_status":"closed","template":"","meta":{"footnotes":""},"class_list":["post-840","page","type-page","status-publish","hentry"],"_links":{"self":[{"href":"https:\/\/rula.disabilityrightsca.org\/vi\/wp-json\/wp\/v2\/pages\/840","targetHints":{"allow":["GET"]}}],"collection":[{"href":"https:\/\/rula.disabilityrightsca.org\/vi\/wp-json\/wp\/v2\/pages"}],"about":[{"href":"https:\/\/rula.disabilityrightsca.org\/vi\/wp-json\/wp\/v2\/types\/page"}],"author":[{"embeddable":true,"href":"https:\/\/rula.disabilityrightsca.org\/vi\/wp-json\/wp\/v2\/users\/1"}],"replies":[{"embeddable":true,"href":"https:\/\/rula.disabilityrightsca.org\/vi\/wp-json\/wp\/v2\/comments?post=840"}],"version-history":[{"count":6,"href":"https:\/\/rula.disabilityrightsca.org\/vi\/wp-json\/wp\/v2\/pages\/840\/revisions"}],"predecessor-version":[{"id":2758,"href":"https:\/\/rula.disabilityrightsca.org\/vi\/wp-json\/wp\/v2\/pages\/840\/revisions\/2758"}],"up":[{"embeddable":true,"href":"https:\/\/rula.disabilityrightsca.org\/vi\/wp-json\/wp\/v2\/pages\/35"}],"wp:attachment":[{"href":"https:\/\/rula.disabilityrightsca.org\/vi\/wp-json\/wp\/v2\/media?parent=840"}],"curies":[{"name":"wp","href":"https:\/\/api.w.org\/{rel}","templated":true}]}}