{"id":838,"date":"2021-04-14T22:12:27","date_gmt":"2021-04-14T22:12:27","guid":{"rendered":"http:\/\/www.rula.disabilityrightsca.org\/vi\/?page_id=838"},"modified":"2022-04-18T22:29:17","modified_gmt":"2022-04-18T22:29:17","slug":"does-the-regional-center-have-any-residency-requirements","status":"publish","type":"page","link":"https:\/\/rula.disabilityrightsca.org\/vi\/rula-book\/chapter-1-the-lanterman-act\/does-the-regional-center-have-any-residency-requirements\/","title":{"rendered":"(1.13) Trung T\u00e2m Khu V\u1ef1c c\u00f3 c\u00e1c y\u00eau c\u1ea7u v\u1ec1 c\u01b0 tr\u00fa kh\u00f4ng?"},"content":{"rendered":"\n<p>T\u00ecnh tr\u1ea1ng nh\u1eadp c\u01b0 c\u1ee7a qu\u00fd v\u1ecb kh\u00f4ng quan tr\u1ecdng khi x\u00e9t t\u00ednh \u0111\u1ee7 \u0111i\u1ec1u ki\u1ec7n c\u1ee7a trung t\u00e2m khu v\u1ef1c. Tuy nhi\u00ean, \u0110\u1ea1o Lu\u1eadt Lanterman quy \u0111\u1ecbnh qu\u00fd v\u1ecb ph\u1ea3i l\u00e0 c\u01b0 d\u00e2n California. ((B\u1ed9 Lu\u1eadt Ch\u00ednh Quy\u1ec1n California, m\u1ee5c 244 li\u1ec7t k\u00ea c\u00e1c quy t\u1eafc c\u1ea7n c\u00e2n nh\u1eafc khi x\u00e1c \u0111\u1ecbnh v\u1ecb tr\u00ed n\u01a1i c\u01b0 tr\u00fa c\u1ee7a qu\u00fd v\u1ecb)).&nbsp;N\u00f3i chung, qu\u00fd v\u1ecb l\u00e0 c\u01b0 d\u00e2n California n\u1ebfu qu\u00fd v\u1ecb s\u1ed1ng t\u1ea1i California v\u00e0 c\u00f3 k\u1ebf ho\u1ea1ch \u0111\u1ecbnh c\u01b0. Qu\u00fd v\u1ecb ch\u1ec9 c\u00f3 th\u1ec3 s\u1ed1ng \u1edf m\u1ed9t n\u01a1i t\u1ea1i m\u1ed9t th\u1eddi \u0111i\u1ec3m. Qu\u00fd v\u1ecb c\u00f3 th\u1ec3 r\u1eddi kh\u1ecfi California trong m\u1ed9t th\u1eddi gian ng\u1eafn, mi\u1ec5n l\u00e0 qu\u00fd v\u1ecb c\u00f3 k\u1ebf ho\u1ea1ch quay tr\u1edf l\u1ea1i. \u0110\u1ed1i v\u1edbi tr\u1ebb d\u01b0\u1edbi 18 tu\u1ed5i ch\u01b0a l\u1eadp gia \u0111\u00ecnh, n\u01a1i c\u01b0 tr\u00fa th\u01b0\u1eddng l\u00e0 n\u01a1i c\u01b0 tr\u00fa c\u1ee7a cha m\u1eb9 h\u1ecd.<\/p>\n\n\n\n<p>N\u1ebfu qu\u00fd v\u1ecb \u0111ang s\u1ed1ng \u1edf California v\u1edbi th\u1ecb th\u1ef1c t\u1ea1m th\u1eddi, kh\u00f3 m\u00e0 ch\u1ee9ng minh \u0111\u01b0\u1ee3c r\u1eb1ng qu\u00fd v\u1ecb l\u00e0 c\u01b0 d\u00e2n California. Th\u1ecb th\u1ef1c t\u1ea1m th\u1eddi cho bi\u1ebft qu\u00fd v\u1ecb \u0111ang c\u01b0 tr\u00fa t\u1ea1m th\u1eddi t\u1ea1i qu\u1ed1c gia v\u00e0 kh\u00f4ng ph\u1ea3i th\u01b0\u1eddng tr\u00fa. Trung t\u00e2m khu v\u1ef1c c\u00f3 th\u1ec3 tin qu\u00fd v\u1ecb n\u1ebfu qu\u00fd v\u1ecb n\u00f3i r\u1eb1ng qu\u00fd v\u1ecb c\u00f3 k\u1ebf ho\u1ea1ch \u0111\u1ecbnh c\u01b0 \u1edf \u0111\u00e2y v\u1edbi th\u1ecb th\u1ef1c t\u1ea1m th\u1eddi. H\u00e3y n\u00f3i chuy\u1ec7n v\u1edbi m\u1ed9t lu\u1eadt s\u01b0 di tr\u00fa tr\u01b0\u1edbc khi qu\u00fd v\u1ecb l\u00e0m \u0111i\u1ec1u n\u00e0y.&nbsp;\u0110i\u1ec1u n\u00e0y c\u00f3 th\u1ec3 \u1ea3nh h\u01b0\u1edfng t\u00ecnh tr\u1ea1ng di d\u00e2n c\u1ee7a qu\u00fd v\u1ecb.<\/p>\n","protected":false},"excerpt":{"rendered":"<p>T\u00ecnh tr\u1ea1ng nh\u1eadp c\u01b0 c\u1ee7a qu\u00fd v\u1ecb kh\u00f4ng quan tr\u1ecdng khi x\u00e9t t\u00ednh \u0111\u1ee7 \u0111i\u1ec1u ki\u1ec7n c\u1ee7a trung t\u00e2m khu v\u1ef1c. Tuy nhi\u00ean, \u0110\u1ea1o Lu\u1eadt&hellip;<\/p>\n","protected":false},"author":1,"featured_media":0,"parent":35,"menu_order":14,"comment_status":"closed","ping_status":"closed","template":"","meta":{"footnotes":""},"class_list":["post-838","page","type-page","status-publish","hentry"],"_links":{"self":[{"href":"https:\/\/rula.disabilityrightsca.org\/vi\/wp-json\/wp\/v2\/pages\/838","targetHints":{"allow":["GET"]}}],"collection":[{"href":"https:\/\/rula.disabilityrightsca.org\/vi\/wp-json\/wp\/v2\/pages"}],"about":[{"href":"https:\/\/rula.disabilityrightsca.org\/vi\/wp-json\/wp\/v2\/types\/page"}],"author":[{"embeddable":true,"href":"https:\/\/rula.disabilityrightsca.org\/vi\/wp-json\/wp\/v2\/users\/1"}],"replies":[{"embeddable":true,"href":"https:\/\/rula.disabilityrightsca.org\/vi\/wp-json\/wp\/v2\/comments?post=838"}],"version-history":[{"count":6,"href":"https:\/\/rula.disabilityrightsca.org\/vi\/wp-json\/wp\/v2\/pages\/838\/revisions"}],"predecessor-version":[{"id":2766,"href":"https:\/\/rula.disabilityrightsca.org\/vi\/wp-json\/wp\/v2\/pages\/838\/revisions\/2766"}],"up":[{"embeddable":true,"href":"https:\/\/rula.disabilityrightsca.org\/vi\/wp-json\/wp\/v2\/pages\/35"}],"wp:attachment":[{"href":"https:\/\/rula.disabilityrightsca.org\/vi\/wp-json\/wp\/v2\/media?parent=838"}],"curies":[{"name":"wp","href":"https:\/\/api.w.org\/{rel}","templated":true}]}}