{"id":834,"date":"2021-04-14T21:57:11","date_gmt":"2021-04-14T21:57:11","guid":{"rendered":"http:\/\/www.rula.disabilityrightsca.org\/vi\/?page_id=834"},"modified":"2022-04-18T22:29:00","modified_gmt":"2022-04-18T22:29:00","slug":"do-i-have-to-be-a-u-s-citizen-to-get-medi-cal-services","status":"publish","type":"page","link":"https:\/\/rula.disabilityrightsca.org\/vi\/rula-book\/chapter-1-the-lanterman-act\/do-i-have-to-be-a-u-s-citizen-to-get-medi-cal-services\/","title":{"rendered":"(1.12) T\u00f4i c\u00f3 c\u1ea7n ph\u1ea3i l\u00e0 c\u00f4ng d\u00e2n Hoa K\u1ef3 \u0111\u1ec3 nh\u1eadn \u0111\u01b0\u1ee3c c\u00e1c d\u1ecbch v\u1ee5 Medi-Cal kh\u00f4ng?"},"content":{"rendered":"\n<p>Kh\u00f4ng. Qu\u00fd v\u1ecb kh\u00f4ng c\u1ea7n ph\u1ea3i l\u00e0 c\u00f4ng d\u00e2n Hoa K\u1ef3 \u0111\u1ec3 \u0111\u01b0\u1ee3c nh\u1eadn Medi-Cal. Nhi\u1ec1u ng\u01b0\u1eddi nh\u1eadp c\u01b0 c\u0169ng h\u1ed9i \u0111\u1ee7 \u0111i\u1ec1u ki\u1ec7n \u0111\u1ec3 nh\u1eadn b\u1ea3o hi\u1ec3m Medi-Cal \u201cto\u00e0n di\u1ec7n\u201d bao g\u1ed3m t\u1ea5t c\u1ea3 c\u00e1c d\u1ecbch v\u1ee5 m\u00e0 Medi-Cal th\u01b0\u1eddng \u0111\u00e0i th\u1ecd. M\u1ed9t s\u1ed1 ng\u01b0\u1eddi nh\u1eadp c\u01b0 kh\u00f4ng h\u1ed9i \u0111\u1ee7 \u0111i\u1ec1u ki\u1ec7n h\u01b0\u1edfng Medi-Cal to\u00e0n di\u1ec7n, nh\u01b0ng c\u00f3 th\u1ec3 nh\u1eadn m\u1ed9t s\u1ed1 d\u1ecbch v\u1ee5 Medi-Cal, ch\u1eb3ng h\u1ea1n nh\u01b0 d\u1ecbch v\u1ee5 y t\u1ebf kh\u1ea9n c\u1ea5p, d\u1ecbch v\u1ee5 thai s\u1ea3n v\u00e0 m\u1ed9t s\u1ed1 d\u1ecbch v\u1ee5 c\u01a1 s\u1edf \u0111i\u1ec1u d\u01b0\u1ee1ng.&nbsp;N\u1ebfu qu\u00fd v\u1ecb nh\u1eadn c\u00e1c d\u1ecbch v\u1ee5 t\u1eeb trung t\u00e2m khu v\u1ef1c nh\u01b0ng kh\u00f4ng ph\u1ea3i t\u1eeb Medi-Cal, trung t\u00e2m khu v\u1ef1c ph\u1ea3i thanh to\u00e1n cho c\u00e1c d\u1ecbch v\u1ee5 v\u00e0 thi\u1ebft b\u1ecb qu\u00fd v\u1ecb c\u1ea7n trong IPP nh\u01b0ng \u0111\u00f3 l\u00e0 c\u00e1c d\u1ecbch v\u1ee5 v\u00e0 thi\u1ebft b\u1ecb qu\u00fd v\u1ecb kh\u00f4ng th\u1ec3 nh\u1eadn t\u1eeb Medi-Cal.<\/p>\n","protected":false},"excerpt":{"rendered":"<p>Kh\u00f4ng. Qu\u00fd v\u1ecb kh\u00f4ng c\u1ea7n ph\u1ea3i l\u00e0 c\u00f4ng d\u00e2n Hoa K\u1ef3 \u0111\u1ec3 \u0111\u01b0\u1ee3c nh\u1eadn Medi-Cal. Nhi\u1ec1u ng\u01b0\u1eddi nh\u1eadp c\u01b0 c\u0169ng h\u1ed9i \u0111\u1ee7 \u0111i\u1ec1u ki\u1ec7n \u0111\u1ec3&hellip;<\/p>\n","protected":false},"author":1,"featured_media":0,"parent":35,"menu_order":13,"comment_status":"closed","ping_status":"closed","template":"","meta":{"footnotes":""},"class_list":["post-834","page","type-page","status-publish","hentry"],"_links":{"self":[{"href":"https:\/\/rula.disabilityrightsca.org\/vi\/wp-json\/wp\/v2\/pages\/834","targetHints":{"allow":["GET"]}}],"collection":[{"href":"https:\/\/rula.disabilityrightsca.org\/vi\/wp-json\/wp\/v2\/pages"}],"about":[{"href":"https:\/\/rula.disabilityrightsca.org\/vi\/wp-json\/wp\/v2\/types\/page"}],"author":[{"embeddable":true,"href":"https:\/\/rula.disabilityrightsca.org\/vi\/wp-json\/wp\/v2\/users\/1"}],"replies":[{"embeddable":true,"href":"https:\/\/rula.disabilityrightsca.org\/vi\/wp-json\/wp\/v2\/comments?post=834"}],"version-history":[{"count":5,"href":"https:\/\/rula.disabilityrightsca.org\/vi\/wp-json\/wp\/v2\/pages\/834\/revisions"}],"predecessor-version":[{"id":2765,"href":"https:\/\/rula.disabilityrightsca.org\/vi\/wp-json\/wp\/v2\/pages\/834\/revisions\/2765"}],"up":[{"embeddable":true,"href":"https:\/\/rula.disabilityrightsca.org\/vi\/wp-json\/wp\/v2\/pages\/35"}],"wp:attachment":[{"href":"https:\/\/rula.disabilityrightsca.org\/vi\/wp-json\/wp\/v2\/media?parent=834"}],"curies":[{"name":"wp","href":"https:\/\/api.w.org\/{rel}","templated":true}]}}