{"id":830,"date":"2021-04-14T21:36:47","date_gmt":"2021-04-14T21:36:47","guid":{"rendered":"http:\/\/www.rula.disabilityrightsca.org\/vi\/?page_id=830"},"modified":"2022-04-18T22:27:36","modified_gmt":"2022-04-18T22:27:36","slug":"what-services-and-supports-are-available-through-medi-cal","status":"publish","type":"page","link":"https:\/\/rula.disabilityrightsca.org\/vi\/rula-book\/chapter-1-the-lanterman-act\/what-services-and-supports-are-available-through-medi-cal\/","title":{"rendered":"(1.11) C\u00e1c d\u1ecbch v\u1ee5 v\u00e0 s\u1ef1 h\u1ed7 tr\u1ee3 n\u00e0o \u0111\u01b0\u1ee3c cung c\u1ea5p qua Medi-Cal?"},"content":{"rendered":"\n<p>Medi-Cal thanh to\u00e1n cho c\u00e1c d\u1ecbch v\u1ee5 ch\u0103m s\u00f3c s\u1ee9c kh\u1ecfe cho ng\u01b0\u1eddi c\u00f3 thu nh\u1eadp th\u1ea5p v\u00e0 ng\u01b0\u1eddi khuy\u1ebft t\u1eadt. Nhi\u1ec1u kh\u00e1ch h\u00e0ng c\u1ee7a trung t\u00e2m khu v\u1ef1c h\u1ed9i \u0111\u1ee7 \u0111i\u1ec1u ki\u1ec7n \u0111\u1ec3 nh\u1eadn Medi-Cal.&nbsp;Ch\u01b0\u01a1ng tr\u00ecnh Medi-Cal ph\u1ea3i tu\u00e2n theo lu\u1eadt v\u00e0 c\u00e1c quy \u0111\u1ecbnh c\u1ee7a li\u00ean bang v\u00e0 ti\u1ec3u bang.<\/p>\n\n\n\n<p>N\u1ebfu qu\u00fd v\u1ecb l\u00e0 ng\u01b0\u1eddi th\u1ee5 h\u01b0\u1edfng Medi-Cal, Medi-Cal c\u00f3 th\u1ec3 thanh to\u00e1n m\u1ed9t ph\u1ea7n cho c\u00e1c d\u1ecbch v\u1ee5, thi\u1ebft b\u1ecb v\u00e0 vi\u1ec7c qu\u1ea3n l\u00fd tr\u01b0\u1eddng h\u1ee3p t\u1eeb trung t\u00e2m khu v\u1ef1c c\u1ee7a qu\u00fd v\u1ecb. Qu\u00fd v\u1ecb c\u00f3 th\u1ec3 kh\u00f4ng bi\u1ebft vi\u1ec7c Medi-Cal thanh to\u00e1n, v\u00ec qu\u00e1 tr\u00ecnh n\u00e0y v\u1eabn th\u00f4ng qua trung t\u00e2m khu v\u1ef1c.<\/p>\n\n\n\n<p>N\u1ebfu IPP c\u1ee7a qu\u00fd v\u1ecb bao g\u1ed3m c\u00e1c d\u1ecbch v\u1ee5 ho\u1eb7c thi\u1ebft b\u1ecb th\u01b0\u1eddng kh\u00f4ng \u0111\u01b0\u1ee3c Medi-Cal bao tr\u1ea3, ch\u1eb3ng h\u1ea1n nh\u01b0 d\u1ecbch v\u1ee5 ch\u0103m s\u00f3c t\u1ea1m th\u1eddi ho\u1eb7c d\u1ecbch v\u1ee5 h\u1ed7 tr\u1ee3 \u0111\u1eddi s\u1ed1ng, Medi-Cal c\u00f3 th\u1ec3 thanh to\u00e1n cho c\u00e1c d\u1ecbch v\u1ee5 n\u00e0y th\u00f4ng qua ch\u01b0\u01a1ng tr\u00ecnh Mi\u1ec5n Tr\u1eeb C\u00e1c D\u1ecbch V\u1ee5 T\u1ea1i Gia v\u00e0 C\u1ed9ng \u0110\u1ed3ng. D\u1ecbch v\u1ee5 mi\u1ec5n tr\u1eeb l\u00e0 c\u00e1c d\u1ecbch v\u1ee5 m\u00e0 Medi-Cal th\u01b0\u1eddng ch\u1ec9 cung c\u1ea5p cho nh\u1eefng ng\u01b0\u1eddi s\u1ed1ng trong c\u00e1c c\u01a1 s\u1edf v\u00e0 kh\u00f4ng cung c\u1ea5p cho nh\u1eefng ng\u01b0\u1eddi s\u1ed1ng trong nh\u00e0 ri\u00eang c\u1ee7a h\u1ecd. Ch\u01b0\u01a1ng tr\u00ecnh mi\u1ec5n tr\u1eeb n\u00e0y mi\u1ec5n tr\u1eeb y\u00eau c\u1ea7u r\u1eb1ng ch\u1ec9 nh\u1eefng ng\u01b0\u1eddi s\u1ed1ng trong c\u00e1c c\u01a1 s\u1edf m\u1edbi c\u00f3 th\u1ec3 nh\u1eadn c\u00e1c d\u1ecbch v\u1ee5 n\u00e0y.<\/p>\n\n\n\n<p>M\u1ed9t s\u1ed1 kh\u00e1ch h\u00e0ng c\u1ee7a trung t\u00e2m khu v\u1ef1c c\u00f3 th\u1ec3 nh\u1eadn c\u00e1c d\u1ecbch v\u1ee5 Medi-Cal th\u00f4ng qua ch\u01b0\u01a1ng tr\u00ecnh Mi\u1ec5n Tr\u1eeb C\u00e1c D\u1ecbch V\u1ee5 T\u1ea1i Gia v\u00e0 C\u1ed9ng \u0110\u1ed3ng d\u00e0nh cho Ng\u01b0\u1eddi Khuy\u1ebft T\u1eadt v\u1ec1 Ph\u00e1t Tri\u1ec3n hay \u201cMi\u1ec5n Tr\u1eeb DD\u201d. \u0110\u00e2y l\u00e0 m\u1ed9t s\u1ed1 (kh\u00f4ng ph\u1ea3i t\u1ea5t c\u1ea3) d\u1ecbch v\u1ee5 \u0111\u01b0\u1ee3c cung c\u1ea5p qua ch\u01b0\u01a1ng tr\u00ecnh mi\u1ec5n tr\u1eeb n\u00e0y:<\/p>\n\n\n\n<ol class=\"wp-block-list\" type=\"1\"><li>Qu\u1ea3n L\u00fd H\u1ed3 S\u01a1<\/li><li>Gi\u00fap Vi\u1ec7c Gia \u0110\u00ecnh<\/li><li>D\u1ecbch V\u1ee5 H\u1ed7 Tr\u1ee3 S\u1ee9c Kho\u1ebb T\u1ea1i Gia<\/li><li>Ch\u0103m S\u00f3c Gi\u00fap Ngh\u1ec9 Ng\u01a1i<\/li><li>H\u1ed7 Tr\u1ee3 Ph\u1ee5c H\u1ed3i<\/li><li>Th\u00edch Nghi Kh\u1ea3 N\u0103ng Ti\u1ebfp C\u1eadn V\u1edbi M\u00f4i Tr\u01b0\u1eddng<\/li><li>\u0110i\u1ec1u D\u01b0\u1ee1ng L\u00e0nh Ngh\u1ec1<\/li><li>D\u1ecbch V\u1ee5 Chuy\u00ean Ch\u1edf<\/li><li>Thi\u1ebft B\u1ecb Y T\u1ebf Chuy\u00ean D\u1ee5ng V\u00e0 \u0110\u1ed3 D\u00f9ng<\/li><li>C\u00e1c D\u1ecbch V\u1ee5 Gi\u00fap Vi\u1ec7c<\/li><li>C\u00e1c H\u1ec7 Th\u1ed1ng Ph\u1ea3n \u1ee8ng Kh\u1ea9n C\u1ea5p C\u00e1 Nh\u00e2n (PERS)<\/li><li>\u0110\u00e0o T\u1ea1o Gia \u0110\u00ecnh<\/li><li>Ch\u0103m S\u00f3c Gia \u0110\u00ecnh Ng\u01b0\u1eddi L\u1edbn<\/li><li>C\u00e1c d\u1ecbch v\u1ee5 mi\u1ec5n tr\u1eeb kh\u00e1c ti\u1ebft ki\u1ec7m chi ph\u00ed v\u00e0 c\u1ea7n thi\u1ebft \u0111\u1ec3 tr\u00e1nh ph\u1ea3i v\u00e0o c\u01a1 s\u1edf t\u1eeb thi\u1ec7n:<ul><li>Th\u00edch Nghi v\u1edbi Ph\u01b0\u01a1ng Ti\u1ec7n \u0110i L\u1ea1i<\/li><\/ul><ul><li>Can thi\u1ec7p kh\u1ee7ng ho\u1ea3ng<\/li><\/ul><ul><li>Can Thi\u1ec7p Kh\u1ee7ng Ho\u1ea3ng Linh \u0110\u1ed9ng<\/li><\/ul><ul><li>C\u00e1c D\u1ecbch V\u1ee5 C\u01a1 S\u1edf Can Thi\u1ec7p Kh\u1ee7ng Ho\u1ea3ng<\/li><\/ul><ul><li>T\u01b0 V\u1ea5n Dinh D\u01b0\u1ee1ng<\/li><\/ul><ul><li>C\u00e1c D\u1ecbch V\u1ee5 Can Thi\u1ec7p H\u00e0nh Vi bao g\u1ed3m vi\u1ec7c ph\u00e1t tri\u1ec3n, ph\u00e2n t\u00edch v\u00e0 theo d\u00f5i c\u00e1c ch\u01b0\u01a1ng tr\u00ecnh<\/li><\/ul><ul><li>C\u00e1c D\u1ecbch V\u1ee5 Tr\u1ecb Li\u1ec7u Ri\u00eang<\/li><\/ul><\/li><\/ol>\n\n\n\n<p>Kh\u00f4ng ph\u1ea3i t\u1ea5t c\u1ea3 kh\u00e1ch h\u00e0ng c\u1ee7a trung t\u00e2m khu v\u1ef1c ho\u1eb7c d\u1ecbch v\u1ee5 c\u1ee7a trung t\u00e2m khu v\u1ef1c \u0111\u1ec1u \u0111\u01b0\u1ee3c Medi-Cal bao tr\u1ea3. M\u1ed9t s\u1ed1 kh\u00e1ch h\u00e0ng c\u1ee7a trung t\u00e2m khu v\u1ef1c kh\u00f4ng h\u1ed9i \u0111\u1ee7 \u0111i\u1ec1u ki\u1ec7n h\u01b0\u1edfng Medi-Cal do thu nh\u1eadp, t\u00ecnh tr\u1ea1ng nh\u1eadp c\u01b0 ho\u1eb7c m\u1ed9t s\u1ed1 l\u00fd do kh\u00e1c. IPP c\u1ee7a qu\u00fd v\u1ecb ph\u1ea3i li\u1ec7t k\u00ea t\u1ea5t c\u1ea3 c\u00e1c d\u1ecbch v\u1ee5 qu\u00fd v\u1ecb c\u1ea7n, k\u1ec3 c\u1ea3 khi trung t\u00e2m khu v\u1ef1c kh\u00f4ng thanh to\u00e1n cho nh\u1eefng d\u1ecbch v\u1ee5 \u0111\u00f3. N\u1ebfu Medi-Cal ho\u1eb7c tr\u01b0\u1eddng h\u1ecdc thanh to\u00e1n cho c\u00e1c d\u1ecbch v\u1ee5 c\u1ee7a qu\u00fd v\u1ecb, c\u00e1c d\u1ecbch v\u1ee5 n\u00e0y v\u1eabn ph\u1ea3i \u0111\u01b0\u1ee3c li\u1ec7t k\u00ea trong IPP c\u1ee7a qu\u00fd v\u1ecb. Tuy nhi\u00ean, theo nh\u1eefng thay \u0111\u1ed5i trong \u0110\u1ea1o Lu\u1eadt Lanterman, c\u00e1c trung t\u00e2m khu v\u1ef1c c\u00f3 th\u1ec3 gi\u1ea3m b\u1edbt ho\u1eb7c d\u1eebng m\u1ed9t s\u1ed1 d\u1ecbch v\u1ee5. N\u1ebfu qu\u00fd v\u1ecb \u0111ang tham gia ch\u01b0\u01a1ng tr\u00ecnh Mi\u1ec5n Tr\u1eeb DD v\u00e0 trung t\u00e2m khu v\u1ef1c c\u1ee7a qu\u00fd v\u1ecb c\u1ed1 g\u1eafng gi\u1ea3m b\u1edbt ho\u1eb7c d\u1eebng m\u1ed9t d\u1ecbch v\u1ee5 \u0111\u00e3 \u0111\u01b0\u1ee3c ph\u00ea duy\u1ec7t ho\u1eb7c li\u1ec7t k\u00ea trong IPP c\u1ee7a qu\u00fd v\u1ecb, h\u00e3y li\u00ean h\u1ec7 v\u1edbi Disability Rights California.<\/p>\n","protected":false},"excerpt":{"rendered":"<p>Medi-Cal thanh to\u00e1n cho c\u00e1c d\u1ecbch v\u1ee5 ch\u0103m s\u00f3c s\u1ee9c kh\u1ecfe cho ng\u01b0\u1eddi c\u00f3 thu nh\u1eadp th\u1ea5p v\u00e0 ng\u01b0\u1eddi khuy\u1ebft t\u1eadt. Nhi\u1ec1u kh\u00e1ch h\u00e0ng c\u1ee7a&hellip;<\/p>\n","protected":false},"author":1,"featured_media":0,"parent":35,"menu_order":12,"comment_status":"closed","ping_status":"closed","template":"","meta":{"footnotes":""},"class_list":["post-830","page","type-page","status-publish","hentry"],"_links":{"self":[{"href":"https:\/\/rula.disabilityrightsca.org\/vi\/wp-json\/wp\/v2\/pages\/830","targetHints":{"allow":["GET"]}}],"collection":[{"href":"https:\/\/rula.disabilityrightsca.org\/vi\/wp-json\/wp\/v2\/pages"}],"about":[{"href":"https:\/\/rula.disabilityrightsca.org\/vi\/wp-json\/wp\/v2\/types\/page"}],"author":[{"embeddable":true,"href":"https:\/\/rula.disabilityrightsca.org\/vi\/wp-json\/wp\/v2\/users\/1"}],"replies":[{"embeddable":true,"href":"https:\/\/rula.disabilityrightsca.org\/vi\/wp-json\/wp\/v2\/comments?post=830"}],"version-history":[{"count":7,"href":"https:\/\/rula.disabilityrightsca.org\/vi\/wp-json\/wp\/v2\/pages\/830\/revisions"}],"predecessor-version":[{"id":2764,"href":"https:\/\/rula.disabilityrightsca.org\/vi\/wp-json\/wp\/v2\/pages\/830\/revisions\/2764"}],"up":[{"embeddable":true,"href":"https:\/\/rula.disabilityrightsca.org\/vi\/wp-json\/wp\/v2\/pages\/35"}],"wp:attachment":[{"href":"https:\/\/rula.disabilityrightsca.org\/vi\/wp-json\/wp\/v2\/media?parent=830"}],"curies":[{"name":"wp","href":"https:\/\/api.w.org\/{rel}","templated":true}]}}