{"id":822,"date":"2021-04-14T20:42:51","date_gmt":"2021-04-14T20:42:51","guid":{"rendered":"http:\/\/www.rula.disabilityrightsca.org\/vi\/?page_id=822"},"modified":"2022-04-18T22:00:48","modified_gmt":"2022-04-18T22:00:48","slug":"1-10-are-there-differences-between-services-and-supports-for-children-over-age-three-and-adults-with-developmental-disabilities","status":"publish","type":"page","link":"https:\/\/rula.disabilityrightsca.org\/vi\/rula-book\/chapter-1-the-lanterman-act\/1-10-are-there-differences-between-services-and-supports-for-children-over-age-three-and-adults-with-developmental-disabilities\/","title":{"rendered":"(1.10) C\u00e1c d\u1ecbch v\u1ee5 v\u00e0 s\u1ef1 h\u1ed7 tr\u1ee3 d\u00e0nh cho tr\u1ebb em tr\u00ean hai tu\u1ed5i (t\u1eeb ba tu\u1ed5i tr\u1edf l\u00ean) v\u00e0 ng\u01b0\u1eddi l\u1edbn b\u1ecb khuy\u1ebft t\u1eadt v\u1ec1 ph\u00e1t tri\u1ec3n c\u00f3 kh\u00e1c nhau kh\u00f4ng?"},"content":{"rendered":"\n<p>Danh s\u00e1ch c\u00e1c d\u1ecbch v\u1ee5 v\u00e0 s\u1ef1 h\u1ed7 tr\u1ee3 d\u00e0nh cho nh\u1eefng ng\u01b0\u1eddi b\u1ecb khuy\u1ebft t\u1eadt v\u1ec1 ph\u00e1t tri\u1ec3n \u00e1p d\u1ee5ng cho c\u1ea3 tr\u1ebb em v\u00e0 ng\u01b0\u1eddi l\u1edbn. <span class=\"footnote_referrer\"><a role=\"button\" tabindex=\"0\" onclick=\"footnote_moveToReference_822_1('footnote_plugin_reference_822_1_1');\" onkeypress=\"footnote_moveToReference_822_1('footnote_plugin_reference_822_1_1');\" ><sup id=\"footnote_plugin_tooltip_822_1_1\" class=\"footnote_plugin_tooltip_text\">[1]<\/sup><\/a><span id=\"footnote_plugin_tooltip_text_822_1_1\" class=\"footnote_tooltip\">M\u1ee5c 4512(b).<\/span><\/span><script type=\"text\/javascript\"> jQuery('#footnote_plugin_tooltip_822_1_1').tooltip({ tip: '#footnote_plugin_tooltip_text_822_1_1', tipClass: 'footnote_tooltip', effect: 'fade', predelay: 0, fadeInSpeed: 200, delay: 400, fadeOutSpeed: 200, position: 'top center', relative: true, offset: [-7, 0], });<\/script> Tuy nhi\u00ean, m\u1ed9t s\u1ed1 d\u1ecbch v\u1ee5 ch\u1ee7 y\u1ebfu d\u00e0nh cho tr\u1ebb em thay v\u00ec ng\u01b0\u1eddi l\u1edbn v\u00e0 m\u1ed9t s\u1ed1 d\u1ecbch v\u1ee5 kh\u00e1c ch\u1ec9 d\u00e0nh cho ng\u01b0\u1eddi l\u1edbn. H\u1ecdc sinh gi\u00e1o d\u1ee5c \u0111\u1eb7c bi\u1ec7t t\u1eeb 3 \u0111\u1ebfn 22 tu\u1ed5i \u0111\u1ee7 \u0111i\u1ec1u ki\u1ec7n nh\u1eadn d\u1ecbch v\u1ee5 h\u1ecdc khu \u0111\u1ec3 \u0111\u01b0\u1ee3c tr\u1ee3 gi\u00fap t\u00ecnh tr\u1ea1ng khuy\u1ebft t\u1eadt v\u1ec1 ph\u00e1t tri\u1ec3n c\u1ee7a h\u1ecd. H\u1ecd nh\u1eadn h\u1ea7u h\u1ebft c\u00e1c d\u1ecbch v\u1ee5 th\u00f4ng qua tr\u01b0\u1eddng h\u1ecdc cho \u0111\u1ebfn khi h\u1ecd r\u1eddi kh\u1ecfi h\u1ec7 th\u1ed1ng tr\u01b0\u1eddng h\u1ecdc. Tuy nhi\u00ean, tr\u1ebb em v\u00e0 thanh thi\u1ebfu ni\u00ean \u0111ang ghi danh trong c\u00e1c ch\u01b0\u01a1ng tr\u00ecnh gi\u00e1o d\u1ee5c \u0111\u1eb7c bi\u1ec7t, v\u00e0 gia \u0111\u00ecnh c\u1ee7a h\u1ecd, c\u00f3 th\u1ec3 nh\u1eadn c\u00e1c d\u1ecbch v\u1ee5 t\u1eeb trung t\u00e2m khu v\u1ef1c. H\u1ecd c\u00f3 th\u1ec3 nh\u1eadn \u0111\u01b0\u1ee3c c\u00e1c d\u1ecbch v\u1ee5 \u0111i\u1ec1u ph\u1ed1i tr\u01b0\u1eddng h\u1ee3p, c\u00e1c d\u1ecbch v\u1ee5 h\u1ecd c\u1ea7n khi \u1edf nh\u00e0 (nh\u01b0 ch\u0103m s\u00f3c t\u1ea1m th\u1eddi ho\u1eb7c ch\u0103m s\u00f3c ban ng\u00e0y) v\u00e0 c\u00e1c d\u1ecbch v\u1ee5 kh\u00e1c m\u00e0 h\u1ecd kh\u00f4ng th\u1ec3 nh\u1eadn t\u1eeb tr\u01b0\u1eddng h\u1ecdc ho\u1eb7c Medi-Cal. C\u00e1c d\u1ecbch v\u1ee5 gi\u00e1o d\u1ee5c \u0111\u1eb7c bi\u1ec7t \u0111\u01b0\u1ee3c coi l\u00e0 c\u00e1c d\u1ecbch v\u1ee5 chung, trung t\u00e2m khu v\u1ef1c tr\u01b0\u1edbc ti\u00ean ph\u1ea3i s\u1eed d\u1ee5ng c\u00e1c d\u1ecbch v\u1ee5 n\u00e0y r\u1ed3i m\u1edbi s\u1eed d\u1ee5ng c\u00e1c ngu\u1ed3n l\u1ef1c ri\u00eang c\u1ee7a h\u1ecd \u0111\u1ec3 cung c\u1ea5p c\u00e1c d\u1ecbch v\u1ee5 \u0111\u00f3.<\/p>\n\n\n\n<p>N\u1ebfu qu\u00fd v\u1ecb l\u00e0 ng\u01b0\u1eddi l\u1edbn v\u00e0 c\u00f3 th\u1ec3 nh\u1eadn m\u1ed9t s\u1ed1 d\u1ecbch v\u1ee5 trong IPP t\u1eeb S\u1edf Ph\u1ee5c H\u1ed3i Ch\u1ee9c N\u0103ng ho\u1eb7c Medi-Cal, trung t\u00e2m khu v\u1ef1c s\u1ebd gi\u00fap qu\u00fd v\u1ecb nh\u1eadn c\u00e1c d\u1ecbch v\u1ee5 \u0111\u00f3 t\u1eeb h\u1ecd.<\/p>\n<div class=\"speaker-mute footnotes_reference_container\"> <div class=\"footnote_container_prepare\"><p><span role=\"button\" tabindex=\"0\" class=\"footnote_reference_container_label pointer\" onclick=\"footnote_expand_collapse_reference_container_822_1();\">&#x202F;<\/span><span role=\"button\" tabindex=\"0\" class=\"footnote_reference_container_collapse_button\" style=\"display: none;\" onclick=\"footnote_expand_collapse_reference_container_822_1();\">[<a id=\"footnote_reference_container_collapse_button_822_1\">+<\/a>]<\/span><\/p><\/div> <div id=\"footnote_references_container_822_1\" style=\"\"><table class=\"footnotes_table footnote-reference-container\"><caption class=\"accessibility\">References<\/caption> <tbody> \r\n\r\n<tr class=\"footnotes_plugin_reference_row\"> <th scope=\"row\" class=\"footnote_plugin_index_combi pointer\"  onclick=\"footnote_moveToAnchor_822_1('footnote_plugin_tooltip_822_1_1');\"><a id=\"footnote_plugin_reference_822_1_1\" class=\"footnote_backlink\"><span class=\"footnote_index_arrow\">&#8593;<\/span>1<\/a><\/th> <td class=\"footnote_plugin_text\">M\u1ee5c 4512(b).<\/td><\/tr>\r\n\r\n <\/tbody> <\/table> <\/div><\/div><script type=\"text\/javascript\"> function footnote_expand_reference_container_822_1() { jQuery('#footnote_references_container_822_1').show(); jQuery('#footnote_reference_container_collapse_button_822_1').text('\u2212'); } function footnote_collapse_reference_container_822_1() { jQuery('#footnote_references_container_822_1').hide(); jQuery('#footnote_reference_container_collapse_button_822_1').text('+'); } function footnote_expand_collapse_reference_container_822_1() { if (jQuery('#footnote_references_container_822_1').is(':hidden')) { footnote_expand_reference_container_822_1(); } else { footnote_collapse_reference_container_822_1(); } } function footnote_moveToReference_822_1(p_str_TargetID) { footnote_expand_reference_container_822_1(); var l_obj_Target = jQuery('#' + p_str_TargetID); if (l_obj_Target.length) { jQuery( 'html, body' ).delay( 0 ); jQuery('html, body').animate({ scrollTop: l_obj_Target.offset().top - window.innerHeight * 0.2 }, 380); } } function footnote_moveToAnchor_822_1(p_str_TargetID) { footnote_expand_reference_container_822_1(); var l_obj_Target = jQuery('#' + p_str_TargetID); if (l_obj_Target.length) { jQuery( 'html, body' ).delay( 0 ); jQuery('html, body').animate({ scrollTop: l_obj_Target.offset().top - window.innerHeight * 0.2 }, 380); } }<\/script>","protected":false},"excerpt":{"rendered":"<p>Danh s\u00e1ch c\u00e1c d\u1ecbch v\u1ee5 v\u00e0 s\u1ef1 h\u1ed7 tr\u1ee3 d\u00e0nh cho nh\u1eefng ng\u01b0\u1eddi b\u1ecb khuy\u1ebft t\u1eadt v\u1ec1 ph\u00e1t tri\u1ec3n \u00e1p d\u1ee5ng cho c\u1ea3 tr\u1ebb em&hellip;<\/p>\n","protected":false},"author":1,"featured_media":0,"parent":35,"menu_order":10,"comment_status":"closed","ping_status":"closed","template":"","meta":{"footnotes":""},"class_list":["post-822","page","type-page","status-publish","hentry"],"_links":{"self":[{"href":"https:\/\/rula.disabilityrightsca.org\/vi\/wp-json\/wp\/v2\/pages\/822","targetHints":{"allow":["GET"]}}],"collection":[{"href":"https:\/\/rula.disabilityrightsca.org\/vi\/wp-json\/wp\/v2\/pages"}],"about":[{"href":"https:\/\/rula.disabilityrightsca.org\/vi\/wp-json\/wp\/v2\/types\/page"}],"author":[{"embeddable":true,"href":"https:\/\/rula.disabilityrightsca.org\/vi\/wp-json\/wp\/v2\/users\/1"}],"replies":[{"embeddable":true,"href":"https:\/\/rula.disabilityrightsca.org\/vi\/wp-json\/wp\/v2\/comments?post=822"}],"version-history":[{"count":8,"href":"https:\/\/rula.disabilityrightsca.org\/vi\/wp-json\/wp\/v2\/pages\/822\/revisions"}],"predecessor-version":[{"id":2750,"href":"https:\/\/rula.disabilityrightsca.org\/vi\/wp-json\/wp\/v2\/pages\/822\/revisions\/2750"}],"up":[{"embeddable":true,"href":"https:\/\/rula.disabilityrightsca.org\/vi\/wp-json\/wp\/v2\/pages\/35"}],"wp:attachment":[{"href":"https:\/\/rula.disabilityrightsca.org\/vi\/wp-json\/wp\/v2\/media?parent=822"}],"curies":[{"name":"wp","href":"https:\/\/api.w.org\/{rel}","templated":true}]}}