{"id":820,"date":"2021-04-14T20:40:39","date_gmt":"2021-04-14T20:40:39","guid":{"rendered":"http:\/\/www.rula.disabilityrightsca.org\/vi\/?page_id=820"},"modified":"2022-04-18T21:47:10","modified_gmt":"2022-04-18T21:47:10","slug":"where-can-i-find-out-about-services-for-infants-and-toddlers-under-three-years-old","status":"publish","type":"page","link":"https:\/\/rula.disabilityrightsca.org\/vi\/rula-book\/chapter-1-the-lanterman-act\/where-can-i-find-out-about-services-for-infants-and-toddlers-under-three-years-old\/","title":{"rendered":"(1.9) T\u00f4i c\u00f3 th\u1ec3 t\u00ecm hi\u1ec3u v\u1ec1 c\u00e1c d\u1ecbch v\u1ee5 cho tr\u1ebb s\u01a1 sinh v\u00e0 tr\u1ebb m\u1edbi bi\u1ebft \u0111i d\u01b0\u1edbi ba tu\u1ed5i \u1edf \u0111\u00e2u?"},"content":{"rendered":"\n<p>H\u1ea7u h\u1ebft c\u00e1c d\u1ecbch v\u1ee5 cho tr\u1ebb em d\u01b0\u1edbi 3 tu\u1ed5i \u0111\u01b0\u1ee3c quy \u0111\u1ecbnh trong Ph\u1ea7n C c\u1ee7a \u0110\u1ea1o Lu\u1eadt Gi\u00e1o D\u1ee5c Ng\u01b0\u1eddi Khuy\u1ebft T\u1eadt (Individuals with Disabilities Education Act, IDEA) li\u00ean bang. <span class=\"footnote_referrer\"><a role=\"button\" tabindex=\"0\" onclick=\"footnote_moveToReference_820_1('footnote_plugin_reference_820_1_1');\" onkeypress=\"footnote_moveToReference_820_1('footnote_plugin_reference_820_1_1');\" ><sup id=\"footnote_plugin_tooltip_820_1_1\" class=\"footnote_plugin_tooltip_text\">[1]<\/sup><\/a><span id=\"footnote_plugin_tooltip_text_820_1_1\" class=\"footnote_tooltip\">B\u1ed9 Lu\u1eadt Hoa K\u1ef3 Ti\u00eau \u0110\u1ec1 20 M\u1ee5c 1431 v\u00e0 c\u00e1c m\u1ee5c sau.<\/span><\/span><script type=\"text\/javascript\"> jQuery('#footnote_plugin_tooltip_820_1_1').tooltip({ tip: '#footnote_plugin_tooltip_text_820_1_1', tipClass: 'footnote_tooltip', effect: 'fade', predelay: 0, fadeInSpeed: 200, delay: 400, fadeOutSpeed: 200, position: 'top center', relative: true, offset: [-7, 0], });<\/script> C\u1ea9m nang n\u00e0y kh\u00f4ng \u0111\u1ec1 c\u1eadp \u0111\u1ebfn c\u00e1c d\u1ecbch v\u1ee5 Ph\u1ea7n C. \u0110\u1ec3 bi\u1ebft th\u00f4ng tin v\u1ec1 c\u00e1c d\u1ecbch v\u1ee5 Ph\u1ea7n C, h\u00e3y xem Ch\u01b0\u01a1ng 12, Quy\u1ec1n v\u00e0 Tr\u00e1ch Nhi\u1ec7m v\u1ec1 Gi\u00e1o D\u1ee5c \u0110\u1eb7c Bi\u1ec7t b\u1eb1ng c\u00e1ch nh\u1ea5p v\u00e0o&nbsp;<a href=\"http:\/\/serr.disabilityrightsca.org\/serr-manual\/chapter-12-information-on-early-intervention-services\/\">\u0111\u00e2y<\/a>.<\/p>\n<div class=\"speaker-mute footnotes_reference_container\"> <div class=\"footnote_container_prepare\"><p><span role=\"button\" tabindex=\"0\" class=\"footnote_reference_container_label pointer\" onclick=\"footnote_expand_collapse_reference_container_820_1();\">&#x202F;<\/span><span role=\"button\" tabindex=\"0\" class=\"footnote_reference_container_collapse_button\" style=\"display: none;\" onclick=\"footnote_expand_collapse_reference_container_820_1();\">[<a id=\"footnote_reference_container_collapse_button_820_1\">+<\/a>]<\/span><\/p><\/div> <div id=\"footnote_references_container_820_1\" style=\"\"><table class=\"footnotes_table footnote-reference-container\"><caption class=\"accessibility\">References<\/caption> <tbody> \r\n\r\n<tr class=\"footnotes_plugin_reference_row\"> <th scope=\"row\" class=\"footnote_plugin_index_combi pointer\"  onclick=\"footnote_moveToAnchor_820_1('footnote_plugin_tooltip_820_1_1');\"><a id=\"footnote_plugin_reference_820_1_1\" class=\"footnote_backlink\"><span class=\"footnote_index_arrow\">&#8593;<\/span>1<\/a><\/th> <td class=\"footnote_plugin_text\">B\u1ed9 Lu\u1eadt Hoa K\u1ef3 Ti\u00eau \u0110\u1ec1 20 M\u1ee5c 1431 v\u00e0 c\u00e1c m\u1ee5c sau.<\/td><\/tr>\r\n\r\n <\/tbody> <\/table> <\/div><\/div><script type=\"text\/javascript\"> function footnote_expand_reference_container_820_1() { jQuery('#footnote_references_container_820_1').show(); jQuery('#footnote_reference_container_collapse_button_820_1').text('\u2212'); } function footnote_collapse_reference_container_820_1() { jQuery('#footnote_references_container_820_1').hide(); jQuery('#footnote_reference_container_collapse_button_820_1').text('+'); } function footnote_expand_collapse_reference_container_820_1() { if (jQuery('#footnote_references_container_820_1').is(':hidden')) { footnote_expand_reference_container_820_1(); } else { footnote_collapse_reference_container_820_1(); } } function footnote_moveToReference_820_1(p_str_TargetID) { footnote_expand_reference_container_820_1(); var l_obj_Target = jQuery('#' + p_str_TargetID); if (l_obj_Target.length) { jQuery( 'html, body' ).delay( 0 ); jQuery('html, body').animate({ scrollTop: l_obj_Target.offset().top - window.innerHeight * 0.2 }, 380); } } function footnote_moveToAnchor_820_1(p_str_TargetID) { footnote_expand_reference_container_820_1(); var l_obj_Target = jQuery('#' + p_str_TargetID); if (l_obj_Target.length) { jQuery( 'html, body' ).delay( 0 ); jQuery('html, body').animate({ scrollTop: l_obj_Target.offset().top - window.innerHeight * 0.2 }, 380); } }<\/script>","protected":false},"excerpt":{"rendered":"<p>H\u1ea7u h\u1ebft c\u00e1c d\u1ecbch v\u1ee5 cho tr\u1ebb em d\u01b0\u1edbi 3 tu\u1ed5i \u0111\u01b0\u1ee3c quy \u0111\u1ecbnh trong Ph\u1ea7n C c\u1ee7a \u0110\u1ea1o Lu\u1eadt Gi\u00e1o D\u1ee5c Ng\u01b0\u1eddi Khuy\u1ebft T\u1eadt&hellip;<\/p>\n","protected":false},"author":1,"featured_media":0,"parent":35,"menu_order":9,"comment_status":"closed","ping_status":"closed","template":"","meta":{"footnotes":""},"class_list":["post-820","page","type-page","status-publish","hentry"],"_links":{"self":[{"href":"https:\/\/rula.disabilityrightsca.org\/vi\/wp-json\/wp\/v2\/pages\/820","targetHints":{"allow":["GET"]}}],"collection":[{"href":"https:\/\/rula.disabilityrightsca.org\/vi\/wp-json\/wp\/v2\/pages"}],"about":[{"href":"https:\/\/rula.disabilityrightsca.org\/vi\/wp-json\/wp\/v2\/types\/page"}],"author":[{"embeddable":true,"href":"https:\/\/rula.disabilityrightsca.org\/vi\/wp-json\/wp\/v2\/users\/1"}],"replies":[{"embeddable":true,"href":"https:\/\/rula.disabilityrightsca.org\/vi\/wp-json\/wp\/v2\/comments?post=820"}],"version-history":[{"count":6,"href":"https:\/\/rula.disabilityrightsca.org\/vi\/wp-json\/wp\/v2\/pages\/820\/revisions"}],"predecessor-version":[{"id":2763,"href":"https:\/\/rula.disabilityrightsca.org\/vi\/wp-json\/wp\/v2\/pages\/820\/revisions\/2763"}],"up":[{"embeddable":true,"href":"https:\/\/rula.disabilityrightsca.org\/vi\/wp-json\/wp\/v2\/pages\/35"}],"wp:attachment":[{"href":"https:\/\/rula.disabilityrightsca.org\/vi\/wp-json\/wp\/v2\/media?parent=820"}],"curies":[{"name":"wp","href":"https:\/\/api.w.org\/{rel}","templated":true}]}}