{"id":818,"date":"2021-04-14T20:34:21","date_gmt":"2021-04-14T20:34:21","guid":{"rendered":"http:\/\/www.rula.disabilityrightsca.org\/vi\/?page_id=818"},"modified":"2022-04-18T21:46:15","modified_gmt":"2022-04-18T21:46:15","slug":"does-anyone-make-sure-that-services-and-supports-people-need-are-available-to-them-in-their-communities","status":"publish","type":"page","link":"https:\/\/rula.disabilityrightsca.org\/vi\/rula-book\/chapter-1-the-lanterman-act\/does-anyone-make-sure-that-services-and-supports-people-need-are-available-to-them-in-their-communities\/","title":{"rendered":"(1.8) C\u00f3 ai \u0111\u1ea3m b\u1ea3o r\u1eb1ng c\u00e1c d\u1ecbch v\u1ee5 v\u00e0 s\u1ef1 h\u1ed7 tr\u1ee3 m\u00e0 m\u1ecdi ng\u01b0\u1eddi c\u1ea7n c\u00f3 s\u1eb5n cho h\u1ecd trong c\u1ed9ng \u0111\u1ed3ng kh\u00f4ng?"},"content":{"rendered":"\n<p>M\u1ed7i 5 n\u0103m, H\u1ed9i \u0110\u1ed3ng Ti\u1ec3u Bang v\u1ec1 Khuy\u1ebft T\u1eadt Ph\u00e1t Tri\u1ec3n (State Council on Developmental Disabilities) th\u1ef1c hi\u1ec7n \u201c\u0111\u00e1nh gi\u00e1 nhu c\u1ea7u\u201d \u0111\u1ec3 xem x\u00e9t c\u00e1c lo\u1ea1i v\u00e0 s\u1ed1 l\u01b0\u1ee3ng d\u1ecbch v\u1ee5 v\u00e0 h\u1ed7 tr\u1ee3 c\u1ea7n thi\u1ebft, nh\u01b0ng hi\u1ec7n t\u1ea1i kh\u00f4ng c\u00f3 s\u1eb5n. \u0110\u00e1nh gi\u00e1 nhu c\u1ea7u n\u00e0y ph\u1ea3i b\u00e1o c\u00e1o v\u1ec1 nhu c\u1ea7u \u0111\u1ed1i v\u1edbi c\u00e1c d\u1ecbch v\u1ee5 v\u00e0 s\u1ef1 h\u1ed7 tr\u1ee3 c\u1ed9ng \u0111\u1ed3ng m\u1edbi ho\u1eb7c t\u1ed1t h\u01a1n. \u0110\u00e1nh gi\u00e1 n\u00e0y ph\u1ea3i xem x\u00e9t m\u1ee9c \u0111\u1ed9 \u1ea3nh h\u01b0\u1edfng c\u1ee7a m\u1ecdi thi\u1ebfu s\u00f3t trong c\u00e1c d\u1ecbch v\u1ee5 s\u1eb5n c\u00f3 \u0111\u1ed1i v\u1edbi kh\u00e1ch h\u00e0ng trong m\u1ed9t s\u1ed1 nh\u00f3m. C\u00e1c nh\u00f3m n\u00e0y bao g\u1ed3m nh\u1eefng ng\u01b0\u1eddi b\u1ecb khuy\u1ebft t\u1eadt, c\u00f3 \u0111\u1ed9 tu\u1ed5i, d\u00e2n t\u1ed9c, th\u00e1ch th\u1ee9c ho\u1eb7c \u1edf khu v\u1ef1c nh\u1ea5t \u0111\u1ecbnh. \u0110\u00e1nh gi\u00e1 n\u00e0y c\u0169ng ph\u1ea3i n\u00eau b\u1eadt c\u00e1c m\u00f4 h\u00ecnh cung c\u1ea5p d\u1ecbch v\u1ee5 thay th\u1ebf v\u00e0 s\u00e1ng t\u1ea1o \u0111\u1ec3 \u0111\u00e1p \u1ee9ng \u0111\u01b0\u1ee3c nhu c\u1ea7u c\u1ee7a kh\u00e1ch h\u00e0ng. \u0110\u00e1nh gi\u00e1 nhu c\u1ea7u ph\u1ea3i \u0111\u01b0\u1ee3c c\u1eadp nh\u1eadt h\u00e0ng n\u0103m. <span class=\"footnote_referrer\"><a role=\"button\" tabindex=\"0\" onclick=\"footnote_moveToReference_818_1('footnote_plugin_reference_818_1_1');\" onkeypress=\"footnote_moveToReference_818_1('footnote_plugin_reference_818_1_1');\" ><sup id=\"footnote_plugin_tooltip_818_1_1\" class=\"footnote_plugin_tooltip_text\">[1]<\/sup><\/a><span id=\"footnote_plugin_tooltip_text_818_1_1\" class=\"footnote_tooltip\">M\u1ee5c 4677.<\/span><\/span><script type=\"text\/javascript\"> jQuery('#footnote_plugin_tooltip_818_1_1').tooltip({ tip: '#footnote_plugin_tooltip_text_818_1_1', tipClass: 'footnote_tooltip', effect: 'fade', predelay: 0, fadeInSpeed: 200, delay: 400, fadeOutSpeed: 200, position: 'top center', relative: true, offset: [-7, 0], });<\/script><\/p>\n\n\n\n<p>\u0110\u00e1nh gi\u00e1 nhu c\u1ea7u c\u1ee7a H\u1ed9i \u0110\u1ed3ng Ti\u1ec3u Bang d\u1ef1a tr\u00ean th\u00f4ng tin do t\u1ea5t c\u1ea3 c\u00e1c trung t\u00e2m khu v\u1ef1c cung c\u1ea5p. \u0110\u00e1nh gi\u00e1 n\u00e0y c\u0169ng c\u00f3 th\u1ec3 bao g\u1ed3m th\u00f4ng tin t\u1eeb:<\/p>\n\n\n\n<ul class=\"wp-block-list\"><li>C\u00e1c phi\u00ean \u0111i\u1ec1u tr\u1ea7n c\u00f4ng<\/li><li>\u0110\u00e1nh gi\u00e1 Ch\u1ec9 S\u1ed1 C\u1ed1t L\u00f5i Qu\u1ed1c Gia (National Core Indicators) (theo quy \u0111\u1ecbnh trong M\u1ee5c 4571) <span class=\"footnote_referrer\"><a role=\"button\" tabindex=\"0\" onclick=\"footnote_moveToReference_818_1('footnote_plugin_reference_818_1_2');\" onkeypress=\"footnote_moveToReference_818_1('footnote_plugin_reference_818_1_2');\" ><sup id=\"footnote_plugin_tooltip_818_1_2\" class=\"footnote_plugin_tooltip_text\">[2]<\/sup><\/a><span id=\"footnote_plugin_tooltip_text_818_1_2\" class=\"footnote_tooltip\">H\u1ec7 Th\u1ed1ng \u0110\u1ea3m B\u1ea3o Ch\u1ea5t L\u01b0\u1ee3ng \u0111\u00e3 \u0111\u01b0\u1ee3c ph\u00e1t tri\u1ec3n \u0111\u1ec3 thu th\u1eadp th\u00f4ng tin v\u1ec1 s\u1ef1 h\u00e0i l\u00f2ng c\u1ee7a kh\u00e1ch h\u00e0ng v\u00e0 gia \u0111\u00ecnh, vi\u1ec7c cung c\u1ea5p c\u00e1c d\u1ecbch v\u1ee5 v\u00e0 c\u00e1c&nbsp;&#x2026; <span class=\"footnote_tooltip_continue\"  onclick=\"footnote_moveToReference_818_1('footnote_plugin_reference_818_1_2');\">Continue reading<\/span><\/span><\/span><script type=\"text\/javascript\"> jQuery('#footnote_plugin_tooltip_818_1_2').tooltip({ tip: '#footnote_plugin_tooltip_text_818_1_2', tipClass: 'footnote_tooltip', effect: 'fade', predelay: 0, fadeInSpeed: 200, delay: 400, fadeOutSpeed: 200, position: 'top center', relative: true, offset: [-7, 0], });<\/script><\/li><li>B\u00e1o c\u00e1o c\u1ee7a trung t\u00e2m khu v\u1ef1c v\u1ec1 vi\u1ec7c cung c\u1ea5p d\u1ecbch v\u1ee5 thay th\u1ebf \u0111\u01b0\u1ee3c g\u1eedi t\u1edbi DDS theo quy \u0111\u1ecbnh trong M\u1ee5c 4669.2(c)<\/li><li>B\u00e1o c\u00e1o t\u1eeb trung t\u00e2m khu v\u1ef1c v\u1ec1 c\u00e1c lo\u1ea1i v\u00e0 s\u1ed1 l\u01b0\u1ee3ng d\u1ecbch v\u1ee5 c\u00f9ng s\u1ef1 h\u1ed7 tr\u1ee3 c\u1ea7n thi\u1ebft nh\u01b0ng kh\u00f4ng c\u00f3 s\u1eb5n (theo quy \u0111\u1ecbnh trong M\u1ee5c 4677(b)(1))<\/li><li>B\u00e1o c\u00e1o h\u00e0ng n\u0103m v\u1ec1 c\u00e1c d\u1ecbch v\u1ee5 t\u1ef1 \u0111\u1ecbnh h\u01b0\u1edbng (theo quy \u0111\u1ecbnh trong M\u1ee5c 4685.7(v))<\/li><\/ul>\n\n\n\n<p>Nh\u1eefng \u0111\u00e1nh gi\u00e1 v\u00e0 b\u00e1o c\u00e1o n\u00e0y \u0111\u01b0\u1ee3c \u0111\u01b0a v\u00e0o k\u1ebf ho\u1ea1ch ti\u1ec3u bang c\u1ee7a H\u1ed9i \u0110\u1ed3ng v\u00e0 \u0111\u01b0\u1ee3c g\u1eedi t\u1edbi DDS c\u00f9ng v\u1edbi C\u01a1 Quan L\u1eadp Ph\u00e1p. H\u1ed9i \u0110\u1ed3ng n\u00e0y trao \u0111\u1ed5i v\u1edbi DDS v\u00e0 \u0111\u1ec1 xu\u1ea5t vi\u1ec7c t\u00e0i tr\u1ee3 v\u1edbi S\u1edf T\u00e0i Ch\u00ednh. Ph\u1ea7n t\u00e0i tr\u1ee3 \u0111\u01b0\u1ee3c \u0111\u01b0a v\u00e0o Ng\u00e2n S\u00e1ch c\u1ee7a Th\u1ed1ng \u0110\u1ed1c cho ch\u01b0\u01a1ng tr\u00ecnh ph\u00e1t tri\u1ec3n, d\u1ef1a tr\u00ean \u0111\u00e1nh gi\u00e1. <span class=\"footnote_referrer\"><a role=\"button\" tabindex=\"0\" onclick=\"footnote_moveToReference_818_1('footnote_plugin_reference_818_1_3');\" onkeypress=\"footnote_moveToReference_818_1('footnote_plugin_reference_818_1_3');\" ><sup id=\"footnote_plugin_tooltip_818_1_3\" class=\"footnote_plugin_tooltip_text\">[3]<\/sup><\/a><span id=\"footnote_plugin_tooltip_text_818_1_3\" class=\"footnote_tooltip\">M\u1ee5c 4677(b)(6).<\/span><\/span><script type=\"text\/javascript\"> jQuery('#footnote_plugin_tooltip_818_1_3').tooltip({ tip: '#footnote_plugin_tooltip_text_818_1_3', tipClass: 'footnote_tooltip', effect: 'fade', predelay: 0, fadeInSpeed: 200, delay: 400, fadeOutSpeed: 200, position: 'top center', relative: true, offset: [-7, 0], });<\/script> Nh\u1eefng t\u00e0i li\u1ec7u n\u00e0y \u0111\u1ec1u c\u00f3 s\u1eb5n c\u00f3 c\u00f4ng ch\u00fang. M\u1ed9t qu\u1ef9 \u0111\u1eb7c bi\u1ec7t (Qu\u1ef9 Ph\u00e1t Tri\u1ec3n Ch\u01b0\u01a1ng Tr\u00ecnh d\u00e0nh cho Ng\u01b0\u1eddi Khuy\u1ebft T\u1eadt v\u1ec1 Ph\u00e1t Tri\u1ec3n) cung c\u1ea5p c\u00e1c ngu\u1ed3n l\u1ef1c \u0111\u1ec3 kh\u1edfi \u0111\u1ed9ng nh\u1eefng ch\u01b0\u01a1ng tr\u00ecnh m\u1edbi v\u00e0 m\u1edf r\u1ed9ng ho\u1eb7c chuy\u1ec3n \u0111\u1ed5i c\u00e1c ch\u01b0\u01a1ng tr\u00ecnh hi\u1ec7n c\u00f3. <span class=\"footnote_referrer\"><a role=\"button\" tabindex=\"0\" onclick=\"footnote_moveToReference_818_1('footnote_plugin_reference_818_1_4');\" onkeypress=\"footnote_moveToReference_818_1('footnote_plugin_reference_818_1_4');\" ><sup id=\"footnote_plugin_tooltip_818_1_4\" class=\"footnote_plugin_tooltip_text\">[4]<\/sup><\/a><span id=\"footnote_plugin_tooltip_text_818_1_4\" class=\"footnote_tooltip\">*M\u1ee5c 4677.<\/span><\/span><script type=\"text\/javascript\"> jQuery('#footnote_plugin_tooltip_818_1_4').tooltip({ tip: '#footnote_plugin_tooltip_text_818_1_4', tipClass: 'footnote_tooltip', effect: 'fade', predelay: 0, fadeInSpeed: 200, delay: 400, fadeOutSpeed: 200, position: 'top center', relative: true, offset: [-7, 0], });<\/script> Ti\u1ec1n c\u1ee7a qu\u1ef9 n\u00e0y l\u00e0 l\u1ec7 ph\u00ed \u0111\u01b0\u1ee3c thu t\u1eeb c\u00e1c gia \u0111\u00ecnh c\u00f3 con c\u01b0 tr\u00fa b\u00ean ngo\u00e0i gia \u0111\u00ecnh. <span class=\"footnote_referrer\"><a role=\"button\" tabindex=\"0\" onclick=\"footnote_moveToReference_818_1('footnote_plugin_reference_818_1_5');\" onkeypress=\"footnote_moveToReference_818_1('footnote_plugin_reference_818_1_5');\" ><sup id=\"footnote_plugin_tooltip_818_1_5\" class=\"footnote_plugin_tooltip_text\">[5]<\/sup><\/a><span id=\"footnote_plugin_tooltip_text_818_1_5\" class=\"footnote_tooltip\">M\u1ee5c 4784.<\/span><\/span><script type=\"text\/javascript\"> jQuery('#footnote_plugin_tooltip_818_1_5').tooltip({ tip: '#footnote_plugin_tooltip_text_818_1_5', tipClass: 'footnote_tooltip', effect: 'fade', predelay: 0, fadeInSpeed: 200, delay: 400, fadeOutSpeed: 200, position: 'top center', relative: true, offset: [-7, 0], });<\/script>&nbsp;Qu\u1ef9 n\u00e0y h\u1ed7 tr\u1ee3 nh\u1eefng ch\u01b0\u01a1ng tr\u00ecnh c\u00f3 c\u00e1c d\u1ecbch v\u1ee5 h\u00f2a nh\u1eadp \u1edf n\u01a1i m\u1ecdi ng\u01b0\u1eddi s\u1ed1ng, l\u00e0m vi\u1ec7c, vui ch\u01a1i, h\u1ecdc t\u1eadp, giao l\u01b0u v\u00e0 l\u00e0m t\u00ecnh nguy\u1ec7n. Nh\u1eefng ho\u1ea1t \u0111\u1ed9ng n\u00e0y s\u1ebd t\u0103ng t\u00ednh t\u1ef1 ch\u1ee7 v\u00e0 \u0111\u1ed9c l\u1eadp \u1edf nh\u1eefng ng\u01b0\u1eddi khuy\u1ebft t\u1eadt v\u1ec1 ph\u00e1t tri\u1ec3n. <span class=\"footnote_referrer\"><a role=\"button\" tabindex=\"0\" onclick=\"footnote_moveToReference_818_1('footnote_plugin_reference_818_1_6');\" onkeypress=\"footnote_moveToReference_818_1('footnote_plugin_reference_818_1_6');\" ><sup id=\"footnote_plugin_tooltip_818_1_6\" class=\"footnote_plugin_tooltip_text\">[6]<\/sup><\/a><span id=\"footnote_plugin_tooltip_text_818_1_6\" class=\"footnote_tooltip\">M\u1ee5c 4677(a).<\/span><\/span><script type=\"text\/javascript\"> jQuery('#footnote_plugin_tooltip_818_1_6').tooltip({ tip: '#footnote_plugin_tooltip_text_818_1_6', tipClass: 'footnote_tooltip', effect: 'fade', predelay: 0, fadeInSpeed: 200, delay: 400, fadeOutSpeed: 200, position: 'top center', relative: true, offset: [-7, 0], });<\/script>&nbsp;\u0110i\u1ec1u n\u00e0y ph\u00f9 h\u1ee3p v\u1edbi c\u00e1c \u01b0u ti\u00ean \u0111\u00e3 \u0111\u01b0\u1ee3c ph\u00ea duy\u1ec7t cho vi\u1ec7c ph\u00e1t tri\u1ec3n ch\u01b0\u01a1ng tr\u00ecnh trong K\u1ebf Ho\u1ea1ch Ti\u1ec3u Bang c\u1ee7a H\u1ed9i \u0110\u1ed3ng.<\/p>\n<div class=\"speaker-mute footnotes_reference_container\"> <div class=\"footnote_container_prepare\"><p><span role=\"button\" tabindex=\"0\" class=\"footnote_reference_container_label pointer\" onclick=\"footnote_expand_collapse_reference_container_818_1();\">&#x202F;<\/span><span role=\"button\" tabindex=\"0\" class=\"footnote_reference_container_collapse_button\" style=\"display: none;\" onclick=\"footnote_expand_collapse_reference_container_818_1();\">[<a id=\"footnote_reference_container_collapse_button_818_1\">+<\/a>]<\/span><\/p><\/div> <div id=\"footnote_references_container_818_1\" style=\"\"><table class=\"footnotes_table footnote-reference-container\"><caption class=\"accessibility\">References<\/caption> <tbody> \r\n\r\n<tr class=\"footnotes_plugin_reference_row\"> <th scope=\"row\" class=\"footnote_plugin_index_combi pointer\"  onclick=\"footnote_moveToAnchor_818_1('footnote_plugin_tooltip_818_1_1');\"><a id=\"footnote_plugin_reference_818_1_1\" class=\"footnote_backlink\"><span class=\"footnote_index_arrow\">&#8593;<\/span>1<\/a><\/th> <td class=\"footnote_plugin_text\">M\u1ee5c 4677.<\/td><\/tr>\r\n\r\n<tr class=\"footnotes_plugin_reference_row\"> <th scope=\"row\" class=\"footnote_plugin_index_combi pointer\"  onclick=\"footnote_moveToAnchor_818_1('footnote_plugin_tooltip_818_1_2');\"><a id=\"footnote_plugin_reference_818_1_2\" class=\"footnote_backlink\"><span class=\"footnote_index_arrow\">&#8593;<\/span>2<\/a><\/th> <td class=\"footnote_plugin_text\">H\u1ec7 Th\u1ed1ng \u0110\u1ea3m B\u1ea3o Ch\u1ea5t L\u01b0\u1ee3ng \u0111\u00e3 \u0111\u01b0\u1ee3c ph\u00e1t tri\u1ec3n \u0111\u1ec3 thu th\u1eadp th\u00f4ng tin v\u1ec1 s\u1ef1 h\u00e0i l\u00f2ng c\u1ee7a kh\u00e1ch h\u00e0ng v\u00e0 gia \u0111\u00ecnh, vi\u1ec7c cung c\u1ea5p c\u00e1c d\u1ecbch v\u1ee5 v\u00e0 c\u00e1c k\u1ebft qu\u1ea3 c\u00e1 nh\u00e2n. DDS \u0111\u00e3 trao h\u1ee3p \u0111\u1ed3ng n\u00e0y cho Vi\u1ec7n Nghi\u00ean C\u1ee9u D\u1ecbch V\u1ee5 Nh\u00e2n Sinh (Human Services Research Institute, HSRI). HSRI th\u1ef1c hi\u1ec7n \u0111\u00e1nh gi\u00e1 Ch\u1ec9 S\u1ed1 C\u1ed1t L\u00f5i Qu\u1ed1c Gia (National Core Indicators, NCI) cho kh\u00e1ch h\u00e0ng c\u1ee7a trung t\u00e2m khu v\u1ef1c. \u0110i\u1ec1u n\u00e0y gi\u00fap so s\u00e1nh th\u00f4ng tin d\u1ecbch v\u1ee5 \u1edf California v\u1edbi th\u00f4ng tin \u0111\u01b0\u1ee3c thu th\u1eadp \u1edf c\u00e1c ti\u1ec3u bang kh\u00e1c.<\/td><\/tr>\r\n\r\n<tr class=\"footnotes_plugin_reference_row\"> <th scope=\"row\" class=\"footnote_plugin_index_combi pointer\"  onclick=\"footnote_moveToAnchor_818_1('footnote_plugin_tooltip_818_1_3');\"><a id=\"footnote_plugin_reference_818_1_3\" class=\"footnote_backlink\"><span class=\"footnote_index_arrow\">&#8593;<\/span>3<\/a><\/th> <td class=\"footnote_plugin_text\">M\u1ee5c 4677(b)(6).<\/td><\/tr>\r\n\r\n<tr class=\"footnotes_plugin_reference_row\"> <th scope=\"row\" class=\"footnote_plugin_index_combi pointer\"  onclick=\"footnote_moveToAnchor_818_1('footnote_plugin_tooltip_818_1_4');\"><a id=\"footnote_plugin_reference_818_1_4\" class=\"footnote_backlink\"><span class=\"footnote_index_arrow\">&#8593;<\/span>4<\/a><\/th> <td class=\"footnote_plugin_text\">*M\u1ee5c 4677.<\/td><\/tr>\r\n\r\n<tr class=\"footnotes_plugin_reference_row\"> <th scope=\"row\" class=\"footnote_plugin_index_combi pointer\"  onclick=\"footnote_moveToAnchor_818_1('footnote_plugin_tooltip_818_1_5');\"><a id=\"footnote_plugin_reference_818_1_5\" class=\"footnote_backlink\"><span class=\"footnote_index_arrow\">&#8593;<\/span>5<\/a><\/th> <td class=\"footnote_plugin_text\">M\u1ee5c 4784.<\/td><\/tr>\r\n\r\n<tr class=\"footnotes_plugin_reference_row\"> <th scope=\"row\" class=\"footnote_plugin_index_combi pointer\"  onclick=\"footnote_moveToAnchor_818_1('footnote_plugin_tooltip_818_1_6');\"><a id=\"footnote_plugin_reference_818_1_6\" class=\"footnote_backlink\"><span class=\"footnote_index_arrow\">&#8593;<\/span>6<\/a><\/th> <td class=\"footnote_plugin_text\">M\u1ee5c 4677(a).<\/td><\/tr>\r\n\r\n <\/tbody> <\/table> <\/div><\/div><script type=\"text\/javascript\"> function footnote_expand_reference_container_818_1() { jQuery('#footnote_references_container_818_1').show(); jQuery('#footnote_reference_container_collapse_button_818_1').text('\u2212'); } function footnote_collapse_reference_container_818_1() { jQuery('#footnote_references_container_818_1').hide(); jQuery('#footnote_reference_container_collapse_button_818_1').text('+'); } function footnote_expand_collapse_reference_container_818_1() { if (jQuery('#footnote_references_container_818_1').is(':hidden')) { footnote_expand_reference_container_818_1(); } else { footnote_collapse_reference_container_818_1(); } } function footnote_moveToReference_818_1(p_str_TargetID) { footnote_expand_reference_container_818_1(); var l_obj_Target = jQuery('#' + p_str_TargetID); if (l_obj_Target.length) { jQuery( 'html, body' ).delay( 0 ); jQuery('html, body').animate({ scrollTop: l_obj_Target.offset().top - window.innerHeight * 0.2 }, 380); } } function footnote_moveToAnchor_818_1(p_str_TargetID) { footnote_expand_reference_container_818_1(); var l_obj_Target = jQuery('#' + p_str_TargetID); if (l_obj_Target.length) { jQuery( 'html, body' ).delay( 0 ); jQuery('html, body').animate({ scrollTop: l_obj_Target.offset().top - window.innerHeight * 0.2 }, 380); } }<\/script>","protected":false},"excerpt":{"rendered":"<p>M\u1ed7i 5 n\u0103m, H\u1ed9i \u0110\u1ed3ng Ti\u1ec3u Bang v\u1ec1 Khuy\u1ebft T\u1eadt Ph\u00e1t Tri\u1ec3n (State Council on Developmental Disabilities) th\u1ef1c hi\u1ec7n \u201c\u0111\u00e1nh gi\u00e1 nhu c\u1ea7u\u201d \u0111\u1ec3 xem&hellip;<\/p>\n","protected":false},"author":1,"featured_media":0,"parent":35,"menu_order":8,"comment_status":"closed","ping_status":"closed","template":"","meta":{"footnotes":""},"class_list":["post-818","page","type-page","status-publish","hentry"],"_links":{"self":[{"href":"https:\/\/rula.disabilityrightsca.org\/vi\/wp-json\/wp\/v2\/pages\/818","targetHints":{"allow":["GET"]}}],"collection":[{"href":"https:\/\/rula.disabilityrightsca.org\/vi\/wp-json\/wp\/v2\/pages"}],"about":[{"href":"https:\/\/rula.disabilityrightsca.org\/vi\/wp-json\/wp\/v2\/types\/page"}],"author":[{"embeddable":true,"href":"https:\/\/rula.disabilityrightsca.org\/vi\/wp-json\/wp\/v2\/users\/1"}],"replies":[{"embeddable":true,"href":"https:\/\/rula.disabilityrightsca.org\/vi\/wp-json\/wp\/v2\/comments?post=818"}],"version-history":[{"count":7,"href":"https:\/\/rula.disabilityrightsca.org\/vi\/wp-json\/wp\/v2\/pages\/818\/revisions"}],"predecessor-version":[{"id":2762,"href":"https:\/\/rula.disabilityrightsca.org\/vi\/wp-json\/wp\/v2\/pages\/818\/revisions\/2762"}],"up":[{"embeddable":true,"href":"https:\/\/rula.disabilityrightsca.org\/vi\/wp-json\/wp\/v2\/pages\/35"}],"wp:attachment":[{"href":"https:\/\/rula.disabilityrightsca.org\/vi\/wp-json\/wp\/v2\/media?parent=818"}],"curies":[{"name":"wp","href":"https:\/\/api.w.org\/{rel}","templated":true}]}}