{"id":816,"date":"2021-04-14T20:30:34","date_gmt":"2021-04-14T20:30:34","guid":{"rendered":"http:\/\/www.rula.disabilityrightsca.org\/vi\/?page_id=816"},"modified":"2022-04-18T21:45:54","modified_gmt":"2022-04-18T21:45:54","slug":"what-other-agencies-provide-services-and-supports","status":"publish","type":"page","link":"https:\/\/rula.disabilityrightsca.org\/vi\/rula-book\/chapter-1-the-lanterman-act\/what-other-agencies-provide-services-and-supports\/","title":{"rendered":"(1.7) Nh\u1eefng c\u01a1 quan kh\u00e1c n\u00e0o cung c\u1ea5p c\u00e1c d\u1ecbch v\u1ee5 v\u00e0 s\u1ef1 h\u1ed7 tr\u1ee3?"},"content":{"rendered":"\n<p>DDS thanh to\u00e1n cho h\u1ea7u h\u1ebft c\u00e1c d\u1ecbch v\u1ee5 v\u00e0 s\u1ef1 h\u1ed7 tr\u1ee3 th\u00f4ng qua h\u1ee3p \u0111\u1ed3ng v\u1edbi trung t\u00e2m khu v\u1ef1c.&nbsp;<\/p>\n\n\n\n<p>\u0110\u00f4i khi nh\u1eefng c\u01a1 quan kh\u00e1c, thay v\u00ec trung t\u00e2m khu v\u1ef1c, thanh to\u00e1n cho c\u00e1c d\u1ecbch v\u1ee5 v\u00e0 s\u1ef1 h\u1ed7 tr\u1ee3. Theo \u0110\u1ea1o Lu\u1eadt Lanterman, c\u00e1c d\u1ecbch v\u1ee5 do nh\u1eefng c\u01a1 quan kh\u00e1c cung c\u1ea5p l\u00e0 c\u00e1c ngu\u1ed3n l\u1ef1c ho\u1eb7c d\u1ecbch v\u1ee5 \u201cchung\u201d. \u201cC\u00e1c d\u1ecbch v\u1ee5 chung l\u00e0 nh\u1eefng d\u1ecbch v\u1ee5 \u0111\u01b0\u1ee3c cung c\u1ea5p cho c\u00f4ng ch\u00fang th\u00f4ng qua c\u00e1c c\u01a1 quan \u0111\u01b0\u1ee3c t\u00e0i tr\u1ee3 c\u00f4ng khai. <span class=\"footnote_referrer\"><a role=\"button\" tabindex=\"0\" onclick=\"footnote_moveToReference_816_1('footnote_plugin_reference_816_1_1');\" onkeypress=\"footnote_moveToReference_816_1('footnote_plugin_reference_816_1_1');\" ><sup id=\"footnote_plugin_tooltip_816_1_1\" class=\"footnote_plugin_tooltip_text\">[1]<\/sup><\/a><span id=\"footnote_plugin_tooltip_text_816_1_1\" class=\"footnote_tooltip\">M\u1ee5c 4648(a)(8).<\/span><\/span><script type=\"text\/javascript\"> jQuery('#footnote_plugin_tooltip_816_1_1').tooltip({ tip: '#footnote_plugin_tooltip_text_816_1_1', tipClass: 'footnote_tooltip', effect: 'fade', predelay: 0, fadeInSpeed: 200, delay: 400, fadeOutSpeed: 200, position: 'top center', relative: true, offset: [-7, 0], });<\/script> Qu\u00fd v\u1ecb c\u00f3 th\u1ec3 c\u1ea7n trung t\u00e2m khu v\u1ef1c gi\u00fap \u0111i\u1ec1u ph\u1ed1i c\u00e1c d\u1ecbch v\u1ee5 ho\u1eb7c b\u00eanh v\u1ef1c quy\u1ec1n l\u1ee3i \u0111\u1ec3 gi\u00fap qu\u00fd v\u1ecb nh\u1eadn c\u00e1c d\u1ecbch v\u1ee5 chung t\u1eeb nh\u1eefng c\u01a1 quan nh\u01b0:<\/p>\n\n\n\n<ul class=\"wp-block-list\"><li>H\u1ecdc khu<\/li><li>S\u1edf Ph\u1ee5c H\u1ed3i Ch\u1ee9c N\u0103ng<\/li><li>Medi-Cal ho\u1eb7c Medicare<\/li><li>D\u1ecbch V\u1ee5 Tr\u1ebb Em California (California Children\u2019s Services, CCS)<\/li><li>D\u1ecbch V\u1ee5 H\u1ed7 Tr\u1ee3 T\u1ea1i Nh\u00e0 (In-Home Supportive Services &#8211; IHSS) v\u00e0 nh\u1eefng c\u01a1 quan kh\u00e1c&nbsp;<\/li><\/ul>\n\n\n\n<p>S\u1ef1 h\u1ed7 tr\u1ee3 \u201ct\u1ef1 nhi\u00ean\u201d l\u00e0 s\u1ef1 tr\u1ee3 gi\u00fap qu\u00fd v\u1ecb nh\u1eadn \u0111\u01b0\u1ee3c mi\u1ec5n ph\u00ed t\u1eeb gia \u0111\u00ecnh, b\u1ea1n b\u00e8, h\u00e0ng x\u00f3m v\u00e0 nh\u1eefng ng\u01b0\u1eddi kh\u00e1c trong c\u1ed9ng \u0111\u1ed3ng. <span class=\"footnote_referrer\"><a role=\"button\" tabindex=\"0\" onclick=\"footnote_moveToReference_816_1('footnote_plugin_reference_816_1_2');\" onkeypress=\"footnote_moveToReference_816_1('footnote_plugin_reference_816_1_2');\" ><sup id=\"footnote_plugin_tooltip_816_1_2\" class=\"footnote_plugin_tooltip_text\">[2]<\/sup><\/a><span id=\"footnote_plugin_tooltip_text_816_1_2\" class=\"footnote_tooltip\">M\u1ee5c 4512(e).<\/span><\/span><script type=\"text\/javascript\"> jQuery('#footnote_plugin_tooltip_816_1_2').tooltip({ tip: '#footnote_plugin_tooltip_text_816_1_2', tipClass: 'footnote_tooltip', effect: 'fade', predelay: 0, fadeInSpeed: 200, delay: 400, fadeOutSpeed: 200, position: 'top center', relative: true, offset: [-7, 0], });<\/script> C\u00e1c d\u1ecbch v\u1ee5 do trung t\u00e2m khu v\u1ef1c thanh to\u00e1n &#8211; nh\u01b0 c\u00e1c d\u1ecbch v\u1ee5 tr\u1ee3 gi\u00fap \u0111\u1eddi s\u1ed1ng v\u00e0 tr\u1ee3 gi\u00fap s\u1ed1ng \u0111\u1ed9c l\u1eadp &#8211; c\u00f3 th\u1ec3 gi\u00fap qu\u00fd v\u1ecb ph\u00e1t tri\u1ec3n, c\u1ee7ng c\u1ed1 ho\u1eb7c m\u1edf r\u1ed9ng c\u00e1c h\u1ed7 tr\u1ee3 t\u1ef1 nhi\u00ean c\u1ee7a qu\u00fd v\u1ecb.<\/p>\n<div class=\"speaker-mute footnotes_reference_container\"> <div class=\"footnote_container_prepare\"><p><span role=\"button\" tabindex=\"0\" class=\"footnote_reference_container_label pointer\" onclick=\"footnote_expand_collapse_reference_container_816_1();\">&#x202F;<\/span><span role=\"button\" tabindex=\"0\" class=\"footnote_reference_container_collapse_button\" style=\"display: none;\" onclick=\"footnote_expand_collapse_reference_container_816_1();\">[<a id=\"footnote_reference_container_collapse_button_816_1\">+<\/a>]<\/span><\/p><\/div> <div id=\"footnote_references_container_816_1\" style=\"\"><table class=\"footnotes_table footnote-reference-container\"><caption class=\"accessibility\">References<\/caption> <tbody> \r\n\r\n<tr class=\"footnotes_plugin_reference_row\"> <th scope=\"row\" class=\"footnote_plugin_index_combi pointer\"  onclick=\"footnote_moveToAnchor_816_1('footnote_plugin_tooltip_816_1_1');\"><a id=\"footnote_plugin_reference_816_1_1\" class=\"footnote_backlink\"><span class=\"footnote_index_arrow\">&#8593;<\/span>1<\/a><\/th> <td class=\"footnote_plugin_text\">M\u1ee5c 4648(a)(8).<\/td><\/tr>\r\n\r\n<tr class=\"footnotes_plugin_reference_row\"> <th scope=\"row\" class=\"footnote_plugin_index_combi pointer\"  onclick=\"footnote_moveToAnchor_816_1('footnote_plugin_tooltip_816_1_2');\"><a id=\"footnote_plugin_reference_816_1_2\" class=\"footnote_backlink\"><span class=\"footnote_index_arrow\">&#8593;<\/span>2<\/a><\/th> <td class=\"footnote_plugin_text\">M\u1ee5c 4512(e).<\/td><\/tr>\r\n\r\n <\/tbody> <\/table> <\/div><\/div><script type=\"text\/javascript\"> function footnote_expand_reference_container_816_1() { jQuery('#footnote_references_container_816_1').show(); jQuery('#footnote_reference_container_collapse_button_816_1').text('\u2212'); } function footnote_collapse_reference_container_816_1() { jQuery('#footnote_references_container_816_1').hide(); jQuery('#footnote_reference_container_collapse_button_816_1').text('+'); } function footnote_expand_collapse_reference_container_816_1() { if (jQuery('#footnote_references_container_816_1').is(':hidden')) { footnote_expand_reference_container_816_1(); } else { footnote_collapse_reference_container_816_1(); } } function footnote_moveToReference_816_1(p_str_TargetID) { footnote_expand_reference_container_816_1(); var l_obj_Target = jQuery('#' + p_str_TargetID); if (l_obj_Target.length) { jQuery( 'html, body' ).delay( 0 ); jQuery('html, body').animate({ scrollTop: l_obj_Target.offset().top - window.innerHeight * 0.2 }, 380); } } function footnote_moveToAnchor_816_1(p_str_TargetID) { footnote_expand_reference_container_816_1(); var l_obj_Target = jQuery('#' + p_str_TargetID); if (l_obj_Target.length) { jQuery( 'html, body' ).delay( 0 ); jQuery('html, body').animate({ scrollTop: l_obj_Target.offset().top - window.innerHeight * 0.2 }, 380); } }<\/script>","protected":false},"excerpt":{"rendered":"<p>DDS thanh to\u00e1n cho h\u1ea7u h\u1ebft c\u00e1c d\u1ecbch v\u1ee5 v\u00e0 s\u1ef1 h\u1ed7 tr\u1ee3 th\u00f4ng qua h\u1ee3p \u0111\u1ed3ng v\u1edbi trung t\u00e2m khu v\u1ef1c.&nbsp; \u0110\u00f4i khi nh\u1eefng&hellip;<\/p>\n","protected":false},"author":1,"featured_media":0,"parent":35,"menu_order":7,"comment_status":"closed","ping_status":"closed","template":"","meta":{"footnotes":""},"class_list":["post-816","page","type-page","status-publish","hentry"],"_links":{"self":[{"href":"https:\/\/rula.disabilityrightsca.org\/vi\/wp-json\/wp\/v2\/pages\/816","targetHints":{"allow":["GET"]}}],"collection":[{"href":"https:\/\/rula.disabilityrightsca.org\/vi\/wp-json\/wp\/v2\/pages"}],"about":[{"href":"https:\/\/rula.disabilityrightsca.org\/vi\/wp-json\/wp\/v2\/types\/page"}],"author":[{"embeddable":true,"href":"https:\/\/rula.disabilityrightsca.org\/vi\/wp-json\/wp\/v2\/users\/1"}],"replies":[{"embeddable":true,"href":"https:\/\/rula.disabilityrightsca.org\/vi\/wp-json\/wp\/v2\/comments?post=816"}],"version-history":[{"count":6,"href":"https:\/\/rula.disabilityrightsca.org\/vi\/wp-json\/wp\/v2\/pages\/816\/revisions"}],"predecessor-version":[{"id":2761,"href":"https:\/\/rula.disabilityrightsca.org\/vi\/wp-json\/wp\/v2\/pages\/816\/revisions\/2761"}],"up":[{"embeddable":true,"href":"https:\/\/rula.disabilityrightsca.org\/vi\/wp-json\/wp\/v2\/pages\/35"}],"wp:attachment":[{"href":"https:\/\/rula.disabilityrightsca.org\/vi\/wp-json\/wp\/v2\/media?parent=816"}],"curies":[{"name":"wp","href":"https:\/\/api.w.org\/{rel}","templated":true}]}}