{"id":813,"date":"2021-04-14T20:26:38","date_gmt":"2021-04-14T20:26:38","guid":{"rendered":"http:\/\/www.rula.disabilityrightsca.org\/vi\/?page_id=813"},"modified":"2022-04-18T21:45:36","modified_gmt":"2022-04-18T21:45:36","slug":"what-is-my-point-of-contact-in-my-community-to-get-services-and-supports","status":"publish","type":"page","link":"https:\/\/rula.disabilityrightsca.org\/vi\/rula-book\/chapter-1-the-lanterman-act\/what-is-my-point-of-contact-in-my-community-to-get-services-and-supports\/","title":{"rendered":"(1.6)  \u0110\u00e2u s\u1ebd l\u00e0 \u0111i\u1ec3m li\u00ean l\u1ea1c trong c\u1ed9ng \u0111\u1ed3ng \u0111\u1ec3 t\u00f4i nh\u1eadn c\u00e1c d\u1ecbch v\u1ee5 v\u00e0 s\u1ef1 h\u1ed7 tr\u1ee3?"},"content":{"rendered":"\n<p>Trung t\u00e2m khu v\u1ef1c l\u00e0 \u0111i\u1ec3m li\u00ean l\u1ea1c trong c\u1ed9ng \u0111\u1ed3ng \u0111\u1ec3 qu\u00fd v\u1ecb nh\u1eadn c\u00e1c d\u1ecbch v\u1ee5 v\u00e0 s\u1ef1 h\u1ed7 tr\u1ee3 m\u00e0 qu\u00fd v\u1ecb mu\u1ed1n v\u00e0 c\u1ea7n. V\u1edbi s\u1ef1 gi\u00fap \u0111\u1ee1 c\u1ee7a qu\u00fd v\u1ecb, trung t\u00e2m khu v\u1ef1c s\u1ebd ph\u00e1t tri\u1ec3n m\u1ed9t IPP v\u00e0 thanh to\u00e1n cho m\u1ed9t s\u1ed1 d\u1ecbch v\u1ee5 trong IPP c\u1ee7a qu\u00fd v\u1ecb.<\/p>\n\n\n\n<p>M\u1ed7i kh\u00e1ch h\u00e0ng c\u1ee7a trung t\u00e2m khu v\u1ef1c \u0111\u1ec1u c\u00f3 m\u1ed9t \u0111i\u1ec1u ph\u1ed1i vi\u00ean d\u1ecbch v\u1ee5, c\u00f2n \u0111\u01b0\u1ee3c g\u1ecdi l\u00e0 ng\u01b0\u1eddi qu\u1ea3n l\u00fd h\u1ed3 s\u01a1 hay nh\u00e2n vi\u00ean x\u00e3 h\u1ed9i. \u0110i\u1ec1u ph\u1ed1i vi\u00ean d\u1ecbch v\u1ee5 s\u1ebd gi\u00fap qu\u00fd v\u1ecb nh\u1eadn c\u00e1c d\u1ecbch v\u1ee5 \u0111\u01b0\u1ee3c li\u1ec7t k\u00ea trong IPP, bao g\u1ed3m c\u00e1c d\u1ecbch v\u1ee5 t\u1eeb nh\u1eefng c\u01a1 quan kh\u00e1c, nh\u01b0 Medi-Cal ho\u1eb7c h\u1ecdc khu. N\u1ebfu b\u1ea5t k\u1ef3 d\u1ecbch v\u1ee5 n\u00e0o \u0111\u01b0\u1ee3c li\u1ec7t k\u00ea trong IPP c\u1ee7a qu\u00fd v\u1ecb kh\u00f4ng \u0111\u01b0\u1ee3c \u00e1p d\u1ee5ng \u1edf c\u01a1 quan n\u00e0o kh\u00e1c, trung t\u00e2m khu v\u1ef1c s\u1ebd thanh to\u00e1n cho d\u1ecbch v\u1ee5 \u0111\u00f3.<\/p>\n\n\n\n<p>C\u00f3 21 trung t\u00e2m khu v\u1ef1c \u1edf California. M\u1ed7i trung t\u00e2m khu v\u1ef1c ph\u1ee5c v\u1ee5 m\u1ed9t khu v\u1ef1c kh\u00e1c nhau c\u1ee7a ti\u1ec3u bang. \u0110\u1ec3 t\u00ecm trung t\u00e2m khu v\u1ef1c cho khu v\u1ef1c c\u1ee7a qu\u00fd v\u1ecb trong ti\u1ec3u bang,&nbsp;<a href=\"https:\/\/www.dds.ca.gov\/rc\/listings\/\">nh\u1ea5p v\u00e0o \u0111\u00e2y<\/a>. S\u1edf D\u1ecbch V\u1ee5 Ph\u00e1t Tri\u1ec3n, \u0111\u01b0\u1ee3c g\u1ecdi l\u00e0 DDS, gi\u00e1m s\u00e1t c\u00e1c trung t\u00e2m khu v\u1ef1c v\u00e0 \u0111\u1ea3m b\u1ea3o r\u1eb1ng h\u1ecd th\u1ef1c hi\u1ec7n \u0110\u1ea1o Lu\u1eadt Lanterman. <span class=\"footnote_referrer\"><a role=\"button\" tabindex=\"0\" onclick=\"footnote_moveToReference_813_1('footnote_plugin_reference_813_1_1');\" onkeypress=\"footnote_moveToReference_813_1('footnote_plugin_reference_813_1_1');\" ><sup id=\"footnote_plugin_tooltip_813_1_1\" class=\"footnote_plugin_tooltip_text\">[1]<\/sup><\/a><span id=\"footnote_plugin_tooltip_text_813_1_1\" class=\"footnote_tooltip\">C\u00e1c M\u1ee5c 4416, 4434.<\/span><\/span><script type=\"text\/javascript\"> jQuery('#footnote_plugin_tooltip_813_1_1').tooltip({ tip: '#footnote_plugin_tooltip_text_813_1_1', tipClass: 'footnote_tooltip', effect: 'fade', predelay: 0, fadeInSpeed: 200, delay: 400, fadeOutSpeed: 200, position: 'top center', relative: true, offset: [-7, 0], });<\/script><\/p>\n\n\n\n<p>DDS l\u00e0 m\u1ed9t c\u01a1 quan c\u1ee7a ti\u1ec3u bang. Trung t\u00e2m khu v\u1ef1c l\u00e0 c\u00e1c c\u01a1 quan t\u01b0 nh\u00e2n, phi l\u1ee3i nhu\u1eadn k\u00fd h\u1ee3p \u0111\u1ed3ng v\u1edbi DDS. Trung t\u00e2m khu v\u1ef1c cung c\u1ea5p m\u1ed9t s\u1ed1 d\u1ecbch v\u1ee5 cho nh\u1eefng ng\u01b0\u1eddi b\u1ecb khuy\u1ebft t\u1eadt v\u1ec1 ph\u00e1t tri\u1ec3n v\u00e0 s\u1eafp x\u1ebfp nh\u1eefng ng\u01b0\u1eddi kh\u00e1c cung c\u1ea5p c\u00e1c d\u1ecbch v\u1ee5. DDS kh\u00f4ng tr\u1ef1c ti\u1ebfp cung c\u1ea5p d\u1ecbch v\u1ee5. <span class=\"footnote_referrer\"><a role=\"button\" tabindex=\"0\" onclick=\"footnote_moveToReference_813_1('footnote_plugin_reference_813_1_2');\" onkeypress=\"footnote_moveToReference_813_1('footnote_plugin_reference_813_1_2');\" ><sup id=\"footnote_plugin_tooltip_813_1_2\" class=\"footnote_plugin_tooltip_text\">[2]<\/sup><\/a><span id=\"footnote_plugin_tooltip_text_813_1_2\" class=\"footnote_tooltip\">ARC ki\u1ec7n DDS (1985) 38 B\u00e1o C\u00e1o C\u1ee7a California s\u1ed1 3 384, 388-389 (tr\u00edch d\u1eabn v\u00e0 ch\u00fa th\u00edch \u0111\u01b0\u1ee3c b\u1ecf qua).<\/span><\/span><script type=\"text\/javascript\"> jQuery('#footnote_plugin_tooltip_813_1_2').tooltip({ tip: '#footnote_plugin_tooltip_text_813_1_2', tipClass: 'footnote_tooltip', effect: 'fade', predelay: 0, fadeInSpeed: 200, delay: 400, fadeOutSpeed: 200, position: 'top center', relative: true, offset: [-7, 0], });<\/script><\/p>\n\n\n\n<p>C\u01a1 Quan L\u1eadp Ph\u00e1p quy \u0111\u1ecbnh DDS \u201cc\u00f3 th\u1ea9m quy\u1ec1n \u0111\u1ed1i v\u1edbi vi\u1ec7c x\u1eed l\u00fd c\u00e1c tr\u01b0\u1eddng h\u1ee3p ph\u00e1p l\u00fd li\u00ean quan \u0111\u1ebfn vi\u1ec7c ch\u0103m s\u00f3c, gi\u00e1m h\u1ed9 v\u00e0 \u0111i\u1ec1u tr\u1ecb cho nh\u1eefng ng\u01b0\u1eddi b\u1ecb khuy\u1ebft t\u1eadt v\u1ec1 ph\u00e1t tri\u1ec3n\u201d. <span class=\"footnote_referrer\"><a role=\"button\" tabindex=\"0\" onclick=\"footnote_moveToReference_813_1('footnote_plugin_reference_813_1_3');\" onkeypress=\"footnote_moveToReference_813_1('footnote_plugin_reference_813_1_3');\" ><sup id=\"footnote_plugin_tooltip_813_1_3\" class=\"footnote_plugin_tooltip_text\">[3]<\/sup><\/a><span id=\"footnote_plugin_tooltip_text_813_1_3\" class=\"footnote_tooltip\">M\u1ee5c 4011.<\/span><\/span><script type=\"text\/javascript\"> jQuery('#footnote_plugin_tooltip_813_1_3').tooltip({ tip: '#footnote_plugin_tooltip_text_813_1_3', tipClass: 'footnote_tooltip', effect: 'fade', predelay: 0, fadeInSpeed: 200, delay: 400, fadeOutSpeed: 200, position: 'top center', relative: true, offset: [-7, 0], });<\/script>&nbsp;Trung t\u00e2m khu v\u1ef1c cung c\u1ea5p cho nh\u1eefng ng\u01b0\u1eddi b\u1ecb khuy\u1ebft t\u1eadt v\u1ec1 ph\u00e1t tri\u1ec3n \u201ckh\u1ea3 n\u0103ng ti\u1ebfp c\u1eadn v\u1edbi c\u00e1c c\u01a1 s\u1edf v\u00e0 d\u1ecbch v\u1ee5 ph\u00f9 h\u1ee3p v\u1edbi h\u1ecd nh\u1ea5t trong su\u1ed1t cu\u1ed9c \u0111\u1eddi\u201d. <span class=\"footnote_referrer\"><a role=\"button\" tabindex=\"0\" onclick=\"footnote_moveToReference_813_1('footnote_plugin_reference_813_1_4');\" onkeypress=\"footnote_moveToReference_813_1('footnote_plugin_reference_813_1_4');\" ><sup id=\"footnote_plugin_tooltip_813_1_4\" class=\"footnote_plugin_tooltip_text\">[4]<\/sup><\/a><span id=\"footnote_plugin_tooltip_text_813_1_4\" class=\"footnote_tooltip\">M\u1ee5c 4620(a).<\/span><\/span><script type=\"text\/javascript\"> jQuery('#footnote_plugin_tooltip_813_1_4').tooltip({ tip: '#footnote_plugin_tooltip_text_813_1_4', tipClass: 'footnote_tooltip', effect: 'fade', predelay: 0, fadeInSpeed: 200, delay: 400, fadeOutSpeed: 200, position: 'top center', relative: true, offset: [-7, 0], });<\/script><\/p>\n<div class=\"speaker-mute footnotes_reference_container\"> <div class=\"footnote_container_prepare\"><p><span role=\"button\" tabindex=\"0\" class=\"footnote_reference_container_label pointer\" onclick=\"footnote_expand_collapse_reference_container_813_1();\">&#x202F;<\/span><span role=\"button\" tabindex=\"0\" class=\"footnote_reference_container_collapse_button\" style=\"display: none;\" onclick=\"footnote_expand_collapse_reference_container_813_1();\">[<a id=\"footnote_reference_container_collapse_button_813_1\">+<\/a>]<\/span><\/p><\/div> <div id=\"footnote_references_container_813_1\" style=\"\"><table class=\"footnotes_table footnote-reference-container\"><caption class=\"accessibility\">References<\/caption> <tbody> \r\n\r\n<tr class=\"footnotes_plugin_reference_row\"> <th scope=\"row\" class=\"footnote_plugin_index_combi pointer\"  onclick=\"footnote_moveToAnchor_813_1('footnote_plugin_tooltip_813_1_1');\"><a id=\"footnote_plugin_reference_813_1_1\" class=\"footnote_backlink\"><span class=\"footnote_index_arrow\">&#8593;<\/span>1<\/a><\/th> <td class=\"footnote_plugin_text\">C\u00e1c M\u1ee5c 4416, 4434.<\/td><\/tr>\r\n\r\n<tr class=\"footnotes_plugin_reference_row\"> <th scope=\"row\" class=\"footnote_plugin_index_combi pointer\"  onclick=\"footnote_moveToAnchor_813_1('footnote_plugin_tooltip_813_1_2');\"><a id=\"footnote_plugin_reference_813_1_2\" class=\"footnote_backlink\"><span class=\"footnote_index_arrow\">&#8593;<\/span>2<\/a><\/th> <td class=\"footnote_plugin_text\">ARC ki\u1ec7n DDS (1985) 38 B\u00e1o C\u00e1o C\u1ee7a California s\u1ed1 3 384, 388-389 (tr\u00edch d\u1eabn v\u00e0 ch\u00fa th\u00edch \u0111\u01b0\u1ee3c b\u1ecf qua).<\/td><\/tr>\r\n\r\n<tr class=\"footnotes_plugin_reference_row\"> <th scope=\"row\" class=\"footnote_plugin_index_combi pointer\"  onclick=\"footnote_moveToAnchor_813_1('footnote_plugin_tooltip_813_1_3');\"><a id=\"footnote_plugin_reference_813_1_3\" class=\"footnote_backlink\"><span class=\"footnote_index_arrow\">&#8593;<\/span>3<\/a><\/th> <td class=\"footnote_plugin_text\">M\u1ee5c 4011.<\/td><\/tr>\r\n\r\n<tr class=\"footnotes_plugin_reference_row\"> <th scope=\"row\" class=\"footnote_plugin_index_combi pointer\"  onclick=\"footnote_moveToAnchor_813_1('footnote_plugin_tooltip_813_1_4');\"><a id=\"footnote_plugin_reference_813_1_4\" class=\"footnote_backlink\"><span class=\"footnote_index_arrow\">&#8593;<\/span>4<\/a><\/th> <td class=\"footnote_plugin_text\">M\u1ee5c 4620(a).<\/td><\/tr>\r\n\r\n <\/tbody> <\/table> <\/div><\/div><script type=\"text\/javascript\"> function footnote_expand_reference_container_813_1() { jQuery('#footnote_references_container_813_1').show(); jQuery('#footnote_reference_container_collapse_button_813_1').text('\u2212'); } function footnote_collapse_reference_container_813_1() { jQuery('#footnote_references_container_813_1').hide(); jQuery('#footnote_reference_container_collapse_button_813_1').text('+'); } function footnote_expand_collapse_reference_container_813_1() { if (jQuery('#footnote_references_container_813_1').is(':hidden')) { footnote_expand_reference_container_813_1(); } else { footnote_collapse_reference_container_813_1(); } } function footnote_moveToReference_813_1(p_str_TargetID) { footnote_expand_reference_container_813_1(); var l_obj_Target = jQuery('#' + p_str_TargetID); if (l_obj_Target.length) { jQuery( 'html, body' ).delay( 0 ); jQuery('html, body').animate({ scrollTop: l_obj_Target.offset().top - window.innerHeight * 0.2 }, 380); } } function footnote_moveToAnchor_813_1(p_str_TargetID) { footnote_expand_reference_container_813_1(); var l_obj_Target = jQuery('#' + p_str_TargetID); if (l_obj_Target.length) { jQuery( 'html, body' ).delay( 0 ); jQuery('html, body').animate({ scrollTop: l_obj_Target.offset().top - window.innerHeight * 0.2 }, 380); } }<\/script>","protected":false},"excerpt":{"rendered":"<p>Trung t\u00e2m khu v\u1ef1c l\u00e0 \u0111i\u1ec3m li\u00ean l\u1ea1c trong c\u1ed9ng \u0111\u1ed3ng \u0111\u1ec3 qu\u00fd v\u1ecb nh\u1eadn c\u00e1c d\u1ecbch v\u1ee5 v\u00e0 s\u1ef1 h\u1ed7 tr\u1ee3 m\u00e0 qu\u00fd v\u1ecb&hellip;<\/p>\n","protected":false},"author":1,"featured_media":0,"parent":35,"menu_order":6,"comment_status":"closed","ping_status":"closed","template":"","meta":{"footnotes":""},"class_list":["post-813","page","type-page","status-publish","hentry"],"_links":{"self":[{"href":"https:\/\/rula.disabilityrightsca.org\/vi\/wp-json\/wp\/v2\/pages\/813","targetHints":{"allow":["GET"]}}],"collection":[{"href":"https:\/\/rula.disabilityrightsca.org\/vi\/wp-json\/wp\/v2\/pages"}],"about":[{"href":"https:\/\/rula.disabilityrightsca.org\/vi\/wp-json\/wp\/v2\/types\/page"}],"author":[{"embeddable":true,"href":"https:\/\/rula.disabilityrightsca.org\/vi\/wp-json\/wp\/v2\/users\/1"}],"replies":[{"embeddable":true,"href":"https:\/\/rula.disabilityrightsca.org\/vi\/wp-json\/wp\/v2\/comments?post=813"}],"version-history":[{"count":9,"href":"https:\/\/rula.disabilityrightsca.org\/vi\/wp-json\/wp\/v2\/pages\/813\/revisions"}],"predecessor-version":[{"id":2745,"href":"https:\/\/rula.disabilityrightsca.org\/vi\/wp-json\/wp\/v2\/pages\/813\/revisions\/2745"}],"up":[{"embeddable":true,"href":"https:\/\/rula.disabilityrightsca.org\/vi\/wp-json\/wp\/v2\/pages\/35"}],"wp:attachment":[{"href":"https:\/\/rula.disabilityrightsca.org\/vi\/wp-json\/wp\/v2\/media?parent=813"}],"curies":[{"name":"wp","href":"https:\/\/api.w.org\/{rel}","templated":true}]}}