{"id":810,"date":"2021-04-14T20:04:57","date_gmt":"2021-04-14T20:04:57","guid":{"rendered":"http:\/\/www.rula.disabilityrightsca.org\/vi\/?page_id=810"},"modified":"2022-04-18T21:45:22","modified_gmt":"2022-04-18T21:45:22","slug":"1-5-who-can-receive-services-and-supports-under-the-lanterman-act","status":"publish","type":"page","link":"https:\/\/rula.disabilityrightsca.org\/vi\/rula-book\/chapter-1-the-lanterman-act\/1-5-who-can-receive-services-and-supports-under-the-lanterman-act\/","title":{"rendered":"(1.5) Nh\u1eefng ai c\u00f3 th\u1ec3 nh\u1eadn \u0111\u01b0\u1ee3c c\u00e1c d\u1ecbch v\u1ee5 v\u00e0 s\u1ef1 h\u1ed7 tr\u1ee3 theo \u0110\u1ea1o Lu\u1eadt Lanterman?"},"content":{"rendered":"\n<p>B\u1ed1n nh\u00f3m ng\u01b0\u1eddi c\u00f3 th\u1ec3 nh\u1eadn c\u00e1c d\u1ecbch v\u1ee5 theo \u0110\u1ea1o Lu\u1eadt Lanterman:<\/p>\n\n\n\n<ol class=\"wp-block-list\" type=\"1\"><li>Nh\u1eefng ng\u01b0\u1eddi \u0111\u00e1p \u1ee9ng \u0111\u1ecbnh ngh\u0129a khuy\u1ebft t\u1eadt v\u1ec1 ph\u00e1t tri\u1ec3n c\u1ee7a \u0110\u1ea1o Lu\u1eadt Lanterman. <span class=\"footnote_referrer\"><a role=\"button\" tabindex=\"0\" onclick=\"footnote_moveToReference_810_1('footnote_plugin_reference_810_1_1');\" onkeypress=\"footnote_moveToReference_810_1('footnote_plugin_reference_810_1_1');\" ><sup id=\"footnote_plugin_tooltip_810_1_1\" class=\"footnote_plugin_tooltip_text\">[1]<\/sup><\/a><span id=\"footnote_plugin_tooltip_text_810_1_1\" class=\"footnote_tooltip\">M\u1ee5c 4512(a) v\u00e0 (l).<\/span><\/span><script type=\"text\/javascript\"> jQuery('#footnote_plugin_tooltip_810_1_1').tooltip({ tip: '#footnote_plugin_tooltip_text_810_1_1', tipClass: 'footnote_tooltip', effect: 'fade', predelay: 0, fadeInSpeed: 200, delay: 400, fadeOutSpeed: 200, position: 'top center', relative: true, offset: [-7, 0], });<\/script> \u0110\u00e2y l\u00e0 nh\u1eefng ng\u01b0\u1eddi b\u1ecb khuy\u1ebft t\u1eadt \u0111\u00e1ng k\u1ec3 do b\u1ea1i n\u00e3o, \u0111\u1ed9ng kinh, t\u1ef1 k\u1ef7, khuy\u1ebft t\u1eadt tr\u00ed tu\u1ec7 v\u00e0 nh\u1eefng t\u00ecnh tr\u1ea1ng kh\u00e1c li\u00ean quan ch\u1eb7t ch\u1ebd \u0111\u1ebfn khuy\u1ebft t\u1eadt tr\u00ed tu\u1ec7 ho\u1eb7c y\u00eau c\u1ea7u \u0111i\u1ec1u tr\u1ecb t\u01b0\u01a1ng t\u1ef1. \u201cKhuy\u1ebft t\u1eadt \u0111\u00e1ng k\u1ec3\u201d \u0111\u01b0\u1ee3c th\u1ea3o lu\u1eadn chi ti\u1ebft h\u01a1n trong&nbsp;<a href=\"https:\/\/rula.disabilityrightsca.org\/rula-book\/chapter-2-eligibility-for-regional-center-services\/\">Ch\u01b0\u01a1ng 2<\/a>&nbsp;c\u1ee7a c\u1ea9m nang n\u00e0y.<\/li><li>Nh\u1eefng ng\u01b0\u1eddi c\u00f3 nguy c\u01a1 cao s\u1ebd l\u00e0m cha\/m\u1eb9 c\u1ee7a tr\u1ebb s\u01a1 sinh b\u1ecb khuy\u1ebft t\u1eadt v\u1ec1 ph\u00e1t tri\u1ec3n. Cha m\u1eb9 v\u00e0 tr\u1ebb s\u01a1 sinh thu\u1ed9c nh\u00f3m n\u00e0y c\u00f3 th\u1ec3 nh\u1eadn d\u1ecbch v\u1ee5 \u0111\u00e1nh gi\u00e1 v\u00e0 d\u1ecbch v\u1ee5 ph\u00f2ng ng\u1eeba. <span class=\"footnote_referrer\"><a role=\"button\" tabindex=\"0\" onclick=\"footnote_moveToReference_810_1('footnote_plugin_reference_810_1_2');\" onkeypress=\"footnote_moveToReference_810_1('footnote_plugin_reference_810_1_2');\" ><sup id=\"footnote_plugin_tooltip_810_1_2\" class=\"footnote_plugin_tooltip_text\">[2]<\/sup><\/a><span id=\"footnote_plugin_tooltip_text_810_1_2\" class=\"footnote_tooltip\">C\u00e1c M\u1ee5c 4642 v\u00e0 4644.<\/span><\/span><script type=\"text\/javascript\"> jQuery('#footnote_plugin_tooltip_810_1_2').tooltip({ tip: '#footnote_plugin_tooltip_text_810_1_2', tipClass: 'footnote_tooltip', effect: 'fade', predelay: 0, fadeInSpeed: 200, delay: 400, fadeOutSpeed: 200, position: 'top center', relative: true, offset: [-7, 0], });<\/script><\/li><li>Tr\u1ebb s\u01a1 sinh d\u01b0\u1edbi 3 tu\u1ed5i v\u00e0 c\u00f3 nguy c\u01a1 cao b\u1ecb khuy\u1ebft t\u1eadt v\u1ec1 ph\u00e1t tri\u1ec3n. Cha m\u1eb9 v\u00e0 tr\u1ebb s\u01a1 sinh thu\u1ed9c nh\u00f3m n\u00e0y c\u00f3 th\u1ec3 nh\u1eadn d\u1ecbch v\u1ee5 \u0111\u00e1nh gi\u00e1 v\u00e0 d\u1ecbch v\u1ee5 ph\u00f2ng ng\u1eeba. <span class=\"footnote_referrer\"><a role=\"button\" tabindex=\"0\" onclick=\"footnote_moveToReference_810_1('footnote_plugin_reference_810_1_3');\" onkeypress=\"footnote_moveToReference_810_1('footnote_plugin_reference_810_1_3');\" ><sup id=\"footnote_plugin_tooltip_810_1_3\" class=\"footnote_plugin_tooltip_text\">[3]<\/sup><\/a><span id=\"footnote_plugin_tooltip_text_810_1_3\" class=\"footnote_tooltip\">C\u00e1c M\u1ee5c 4642 v\u00e0 4644.<\/span><\/span><script type=\"text\/javascript\"> jQuery('#footnote_plugin_tooltip_810_1_3').tooltip({ tip: '#footnote_plugin_tooltip_text_810_1_3', tipClass: 'footnote_tooltip', effect: 'fade', predelay: 0, fadeInSpeed: 200, delay: 400, fadeOutSpeed: 200, position: 'top center', relative: true, offset: [-7, 0], });<\/script><\/li><li>Tr\u1ebb em 3 ho\u1eb7c 4 tu\u1ed5i v\u00e0 c\u00f3 th\u1ec3 \u201ct\u1ea1m th\u1eddi h\u1ed9i \u0111\u1ee7 \u0111i\u1ec1u ki\u1ec7n\u201d. \u0110i\u1ec1u n\u00e0y c\u00f3 ngh\u0129a tr\u1ebb kh\u00f4ng h\u1ed9i \u0111\u1ee7 \u0111i\u1ec1u ki\u1ec7n l\u00e0 b\u1ecb \u201ckhuy\u1ebft t\u1eadt v\u1ec1 ph\u00e1t tri\u1ec3n\u201d. Tuy nhi\u00ean, v\u1edbi kh\u1ea3 n\u0103ng h\u1ed9i \u0111\u1ee7 \u0111i\u1ec1u ki\u1ec7n t\u1ea1m th\u1eddi, tr\u1ebb c\u00f3 th\u1ec3 nh\u1eadn \u0111\u1ea7y \u0111\u1ee7 c\u00e1c d\u1ecbch v\u1ee5 c\u1ee7a trung t\u00e2m khu v\u1ef1c khi 3 v\u00e0 4 tu\u1ed5i. <span class=\"footnote_referrer\"><a role=\"button\" tabindex=\"0\" onclick=\"footnote_moveToReference_810_1('footnote_plugin_reference_810_1_4');\" onkeypress=\"footnote_moveToReference_810_1('footnote_plugin_reference_810_1_4');\" ><sup id=\"footnote_plugin_tooltip_810_1_4\" class=\"footnote_plugin_tooltip_text\">[4]<\/sup><\/a><span id=\"footnote_plugin_tooltip_text_810_1_4\" class=\"footnote_tooltip\">M\u1ee5c 4512(a)(2).<\/span><\/span><script type=\"text\/javascript\"> jQuery('#footnote_plugin_tooltip_810_1_4').tooltip({ tip: '#footnote_plugin_tooltip_text_810_1_4', tipClass: 'footnote_tooltip', effect: 'fade', predelay: 0, fadeInSpeed: 200, delay: 400, fadeOutSpeed: 200, position: 'top center', relative: true, offset: [-7, 0], });<\/script> Xem&nbsp;<a href=\"https:\/\/rula.disabilityrightsca.org\/rula-book\/chapter-2-eligibility-for-regional-center-services\/\">Ch\u01b0\u01a1ng 2<\/a>&nbsp;\u0111\u1ec3 bi\u1ebft th\u00eam th\u00f4ng tin v\u1ec1 kh\u1ea3 n\u0103ng h\u1ed9i \u0111\u1ee7 \u0111i\u1ec1u ki\u1ec7n t\u1ea1i trung t\u00e2m khu v\u1ef1c.<\/li><\/ol>\n\n\n\n<p>Nh\u1eefng ng\u01b0\u1eddi thu\u1ed9c danh m\u1ee5c th\u1ee9 hai v\u00e0 th\u1ee9 ba b\u00ean tr\u00ean c\u00f3 th\u1ec3 nh\u1eadn d\u1ecbch v\u1ee5 \u0111\u00e1nh gi\u00e1 v\u00e0 d\u1ecbch v\u1ee5 ph\u00f2ng ng\u1eeba.<\/p>\n<div class=\"speaker-mute footnotes_reference_container\"> <div class=\"footnote_container_prepare\"><p><span role=\"button\" tabindex=\"0\" class=\"footnote_reference_container_label pointer\" onclick=\"footnote_expand_collapse_reference_container_810_1();\">&#x202F;<\/span><span role=\"button\" tabindex=\"0\" class=\"footnote_reference_container_collapse_button\" style=\"display: none;\" onclick=\"footnote_expand_collapse_reference_container_810_1();\">[<a id=\"footnote_reference_container_collapse_button_810_1\">+<\/a>]<\/span><\/p><\/div> <div id=\"footnote_references_container_810_1\" style=\"\"><table class=\"footnotes_table footnote-reference-container\"><caption class=\"accessibility\">References<\/caption> <tbody> \r\n\r\n<tr class=\"footnotes_plugin_reference_row\"> <th scope=\"row\" class=\"footnote_plugin_index_combi pointer\"  onclick=\"footnote_moveToAnchor_810_1('footnote_plugin_tooltip_810_1_1');\"><a id=\"footnote_plugin_reference_810_1_1\" class=\"footnote_backlink\"><span class=\"footnote_index_arrow\">&#8593;<\/span>1<\/a><\/th> <td class=\"footnote_plugin_text\">M\u1ee5c 4512(a) v\u00e0 (l).<\/td><\/tr>\r\n\r\n<tr class=\"footnotes_plugin_reference_row\"> <th scope=\"row\" class=\"footnote_plugin_index_combi\" ><a id=\"footnote_plugin_reference_810_1_2\" class=\"footnote_backlink\" onclick=\"footnote_moveToAnchor_810_1('footnote_plugin_tooltip_810_1_2');\"><span class=\"footnote_index_arrow\">&#8593;<\/span>2,<\/a> <a id=\"footnote_plugin_reference_810_1_3\" class=\"footnote_backlink\" onclick=\"footnote_moveToAnchor_810_1('footnote_plugin_tooltip_810_1_3');\"><span class=\"footnote_index_arrow\">&#8593;<\/span>3<\/a><\/th> <td class=\"footnote_plugin_text\">C\u00e1c M\u1ee5c 4642 v\u00e0 4644.<\/td><\/tr>\r\n\r\n<tr class=\"footnotes_plugin_reference_row\"> <th scope=\"row\" class=\"footnote_plugin_index_combi pointer\"  onclick=\"footnote_moveToAnchor_810_1('footnote_plugin_tooltip_810_1_4');\"><a id=\"footnote_plugin_reference_810_1_4\" class=\"footnote_backlink\"><span class=\"footnote_index_arrow\">&#8593;<\/span>4<\/a><\/th> <td class=\"footnote_plugin_text\">M\u1ee5c 4512(a)(2).<\/td><\/tr>\r\n\r\n <\/tbody> <\/table> <\/div><\/div><script type=\"text\/javascript\"> function footnote_expand_reference_container_810_1() { jQuery('#footnote_references_container_810_1').show(); jQuery('#footnote_reference_container_collapse_button_810_1').text('\u2212'); } function footnote_collapse_reference_container_810_1() { jQuery('#footnote_references_container_810_1').hide(); jQuery('#footnote_reference_container_collapse_button_810_1').text('+'); } function footnote_expand_collapse_reference_container_810_1() { if (jQuery('#footnote_references_container_810_1').is(':hidden')) { footnote_expand_reference_container_810_1(); } else { footnote_collapse_reference_container_810_1(); } } function footnote_moveToReference_810_1(p_str_TargetID) { footnote_expand_reference_container_810_1(); var l_obj_Target = jQuery('#' + p_str_TargetID); if (l_obj_Target.length) { jQuery( 'html, body' ).delay( 0 ); jQuery('html, body').animate({ scrollTop: l_obj_Target.offset().top - window.innerHeight * 0.2 }, 380); } } function footnote_moveToAnchor_810_1(p_str_TargetID) { footnote_expand_reference_container_810_1(); var l_obj_Target = jQuery('#' + p_str_TargetID); if (l_obj_Target.length) { jQuery( 'html, body' ).delay( 0 ); jQuery('html, body').animate({ scrollTop: l_obj_Target.offset().top - window.innerHeight * 0.2 }, 380); } }<\/script>","protected":false},"excerpt":{"rendered":"<p>B\u1ed1n nh\u00f3m ng\u01b0\u1eddi c\u00f3 th\u1ec3 nh\u1eadn c\u00e1c d\u1ecbch v\u1ee5 theo \u0110\u1ea1o Lu\u1eadt Lanterman: Nh\u1eefng ng\u01b0\u1eddi \u0111\u00e1p \u1ee9ng \u0111\u1ecbnh ngh\u0129a khuy\u1ebft t\u1eadt v\u1ec1 ph\u00e1t tri\u1ec3n c\u1ee7a&hellip;<\/p>\n","protected":false},"author":1,"featured_media":0,"parent":35,"menu_order":5,"comment_status":"closed","ping_status":"closed","template":"","meta":{"footnotes":""},"class_list":["post-810","page","type-page","status-publish","hentry"],"_links":{"self":[{"href":"https:\/\/rula.disabilityrightsca.org\/vi\/wp-json\/wp\/v2\/pages\/810","targetHints":{"allow":["GET"]}}],"collection":[{"href":"https:\/\/rula.disabilityrightsca.org\/vi\/wp-json\/wp\/v2\/pages"}],"about":[{"href":"https:\/\/rula.disabilityrightsca.org\/vi\/wp-json\/wp\/v2\/types\/page"}],"author":[{"embeddable":true,"href":"https:\/\/rula.disabilityrightsca.org\/vi\/wp-json\/wp\/v2\/users\/1"}],"replies":[{"embeddable":true,"href":"https:\/\/rula.disabilityrightsca.org\/vi\/wp-json\/wp\/v2\/comments?post=810"}],"version-history":[{"count":7,"href":"https:\/\/rula.disabilityrightsca.org\/vi\/wp-json\/wp\/v2\/pages\/810\/revisions"}],"predecessor-version":[{"id":2743,"href":"https:\/\/rula.disabilityrightsca.org\/vi\/wp-json\/wp\/v2\/pages\/810\/revisions\/2743"}],"up":[{"embeddable":true,"href":"https:\/\/rula.disabilityrightsca.org\/vi\/wp-json\/wp\/v2\/pages\/35"}],"wp:attachment":[{"href":"https:\/\/rula.disabilityrightsca.org\/vi\/wp-json\/wp\/v2\/media?parent=810"}],"curies":[{"name":"wp","href":"https:\/\/api.w.org\/{rel}","templated":true}]}}