{"id":808,"date":"2021-04-14T19:59:52","date_gmt":"2021-04-14T19:59:52","guid":{"rendered":"http:\/\/www.rula.disabilityrightsca.org\/vi\/?page_id=808"},"modified":"2022-04-18T21:45:08","modified_gmt":"2022-04-18T21:45:08","slug":"how-does-the-lanterman-act-define-services-and-supports-for-people-with-developmental-disabilities","status":"publish","type":"page","link":"https:\/\/rula.disabilityrightsca.org\/vi\/rula-book\/chapter-1-the-lanterman-act\/how-does-the-lanterman-act-define-services-and-supports-for-people-with-developmental-disabilities\/","title":{"rendered":"(1.4) \u0110a\u0323o Lu\u00e2\u0323t Lanterman x\u00e1c \u0111\u1ecbnh \u201cc\u00e1c di\u0323ch vu\u0323 va\u0300 s\u1ef1 h\u00f4\u0303 tr\u01a1\u0323\u201d cho nh\u01b0\u0303ng ng\u01b0\u01a1\u0300i khuy\u00ea\u0301t t\u00e2\u0323t v\u00ea\u0300 pha\u0301t tri\u00ea\u0309n nh\u01b0 th\u1ebf n\u00e0o?"},"content":{"rendered":"\n<p>\u201cC\u00e1c d\u1ecbch v\u1ee5 v\u00e0 s\u1ef1 h\u1ed7 tr\u1ee3\u201d l\u00e0 s\u1ef1 tr\u1ee3 gi\u00fap m\u00e0 qu\u00fd v\u1ecb ch\u1ecdn v\u00e0 c\u1ea7n cho t\u00ecnh tr\u1ea1ng khuy\u1ebft t\u1eadt v\u1ec1 ph\u00e1t tri\u1ec3n c\u1ee7a m\u00ecnh \u0111\u1ec3 gi\u00fap qu\u00fd v\u1ecb s\u1ed1ng m\u1ed9t cu\u1ed9c s\u1ed1ng c\u00f3 \u00edch v\u00e0 tr\u1ecdn v\u1eb9n trong c\u1ed9ng \u0111\u1ed3ng. C\u00e1c d\u1ecbch v\u1ee5 v\u00e0 s\u1ef1 h\u1ed7 tr\u1ee3 c\u00f3 th\u1ec3 tr\u1ee3 gi\u00fap qu\u00fd v\u1ecb h\u1ecdc c\u00e1c k\u1ef9 n\u0103ng m\u1edbi, c\u1ea3i thi\u1ec7n kh\u1ea3 n\u0103ng ho\u1ea1t \u0111\u1ed9ng v\u00e0 gi\u00fap qu\u00fd v\u1ecb s\u1ed1ng m\u1ed9t cu\u1ed9c s\u1ed1ng \u0111\u1ed9c l\u1eadp v\u00e0 b\u00ecnh th\u01b0\u1eddng. <a href=\"file:\/\/\/U:\/LPI\/SHARED\/STAFF\/TonyR\/RULA\/chapter-1-print.html#_ftn1\"><span class=\"footnote_referrer\"><a role=\"button\" tabindex=\"0\" onclick=\"footnote_moveToReference_808_1('footnote_plugin_reference_808_1_1');\" onkeypress=\"footnote_moveToReference_808_1('footnote_plugin_reference_808_1_1');\" ><sup id=\"footnote_plugin_tooltip_808_1_1\" class=\"footnote_plugin_tooltip_text\">[1]<\/sup><\/a><span id=\"footnote_plugin_tooltip_text_808_1_1\" class=\"footnote_tooltip\">M\u1ee5c 4512(b).<\/a><\/span><\/span><script type=\"text\/javascript\"> jQuery('#footnote_plugin_tooltip_808_1_1').tooltip({ tip: '#footnote_plugin_tooltip_text_808_1_1', tipClass: 'footnote_tooltip', effect: 'fade', predelay: 0, fadeInSpeed: 200, delay: 400, fadeOutSpeed: 200, position: 'top center', relative: true, offset: [-7, 0], });<\/script> V\u00ed d\u1ee5: qu\u00fd v\u1ecb c\u00f3 th\u1ec3 c\u1ea7n li\u1ec7u ph\u00e1p ho\u1ea1t \u0111\u1ed9ng gi\u00fap qu\u00fd v\u1ecb c\u00f3 th\u1ec3 nu\u1ed1t \u0111\u1ec3 \u00edt ph\u1ee5 thu\u1ed9c h\u01a1n v\u00e0o vi\u1ec7c \u0103n b\u1eb1ng \u1ed1ng truy\u1ec1n th\u1ee9c \u0103n. Ho\u1eb7c, qu\u00fd v\u1ecb c\u00f3 th\u1ec3 c\u1ea7n \u0111\u01b0\u1ee3c \u0111\u00e0o t\u1ea1o v\u1ec1 c\u00e1ch s\u1eed d\u1ee5ng h\u1ec7 th\u1ed1ng xe bu\u00fdt \u0111\u1ecba ph\u01b0\u01a1ng.<\/p>\n\n\n\n<p>C\u00e1c trung t\u00e2m khu v\u1ef1c v\u00e0 nh\u1eefng c\u01a1 quan kh\u00e1c cung c\u1ea5p c\u00e1c d\u1ecbch v\u1ee5 v\u00e0 s\u1ef1 h\u1ed7 tr\u1ee3 d\u1ef1a tr\u00ean IPP c\u1ee7a qu\u00fd v\u1ecb. C\u00e1c trung t\u00e2m khu v\u1ef1c thanh to\u00e1n cho m\u1ed9t s\u1ed1 d\u1ecbch v\u1ee5 v\u00e0 tr\u1ee3 gi\u00fap qu\u00fd v\u1ecb nh\u1eadn m\u1ed9t s\u1ed1 t\u1eeb nh\u1eefng c\u01a1 quan kh\u00e1c. K\u1ec3 c\u1ea3 khi m\u1ed9t d\u1ecbch v\u1ee5 ho\u1eb7c s\u1ef1 h\u1ed7 tr\u1ee3 kh\u00f4ng \u0111\u01b0\u1ee3c li\u1ec7t k\u00ea c\u1ee5 th\u1ec3 trong \u0110\u1ea1o Lu\u1eadt Lanterman, qu\u00fd v\u1ecb v\u1eabn c\u00f3 th\u1ec3 nh\u1eadn n\u1ebfu ch\u1ee9ng minh \u0111\u01b0\u1ee3c qu\u00fd v\u1ecb c\u1ea7n d\u1ecbch v\u1ee5 ho\u1eb7c s\u1ef1 h\u1ed7 tr\u1ee3 \u0111\u00f3.<\/p>\n<div class=\"speaker-mute footnotes_reference_container\"> <div class=\"footnote_container_prepare\"><p><span role=\"button\" tabindex=\"0\" class=\"footnote_reference_container_label pointer\" onclick=\"footnote_expand_collapse_reference_container_808_1();\">&#x202F;<\/span><span role=\"button\" tabindex=\"0\" class=\"footnote_reference_container_collapse_button\" style=\"display: none;\" onclick=\"footnote_expand_collapse_reference_container_808_1();\">[<a id=\"footnote_reference_container_collapse_button_808_1\">+<\/a>]<\/span><\/p><\/div> <div id=\"footnote_references_container_808_1\" style=\"\"><table class=\"footnotes_table footnote-reference-container\"><caption class=\"accessibility\">References<\/caption> <tbody> \r\n\r\n<tr class=\"footnotes_plugin_reference_row\"> <th scope=\"row\" class=\"footnote_plugin_index_combi pointer\"  onclick=\"footnote_moveToAnchor_808_1('footnote_plugin_tooltip_808_1_1');\"><a id=\"footnote_plugin_reference_808_1_1\" class=\"footnote_backlink\"><span class=\"footnote_index_arrow\">&#8593;<\/span>1<\/a><\/th> <td class=\"footnote_plugin_text\">M\u1ee5c 4512(b).<\/a><\/td><\/tr>\r\n\r\n <\/tbody> <\/table> <\/div><\/div><script type=\"text\/javascript\"> function footnote_expand_reference_container_808_1() { jQuery('#footnote_references_container_808_1').show(); jQuery('#footnote_reference_container_collapse_button_808_1').text('\u2212'); } function footnote_collapse_reference_container_808_1() { jQuery('#footnote_references_container_808_1').hide(); jQuery('#footnote_reference_container_collapse_button_808_1').text('+'); } function footnote_expand_collapse_reference_container_808_1() { if (jQuery('#footnote_references_container_808_1').is(':hidden')) { footnote_expand_reference_container_808_1(); } else { footnote_collapse_reference_container_808_1(); } } function footnote_moveToReference_808_1(p_str_TargetID) { footnote_expand_reference_container_808_1(); var l_obj_Target = jQuery('#' + p_str_TargetID); if (l_obj_Target.length) { jQuery( 'html, body' ).delay( 0 ); jQuery('html, body').animate({ scrollTop: l_obj_Target.offset().top - window.innerHeight * 0.2 }, 380); } } function footnote_moveToAnchor_808_1(p_str_TargetID) { footnote_expand_reference_container_808_1(); var l_obj_Target = jQuery('#' + p_str_TargetID); if (l_obj_Target.length) { jQuery( 'html, body' ).delay( 0 ); jQuery('html, body').animate({ scrollTop: l_obj_Target.offset().top - window.innerHeight * 0.2 }, 380); } }<\/script>","protected":false},"excerpt":{"rendered":"<p>\u201cC\u00e1c d\u1ecbch v\u1ee5 v\u00e0 s\u1ef1 h\u1ed7 tr\u1ee3\u201d l\u00e0 s\u1ef1 tr\u1ee3 gi\u00fap m\u00e0 qu\u00fd v\u1ecb ch\u1ecdn v\u00e0 c\u1ea7n cho t\u00ecnh tr\u1ea1ng khuy\u1ebft t\u1eadt v\u1ec1 ph\u00e1t tri\u1ec3n&hellip;<\/p>\n","protected":false},"author":1,"featured_media":0,"parent":35,"menu_order":4,"comment_status":"closed","ping_status":"closed","template":"","meta":{"footnotes":""},"class_list":["post-808","page","type-page","status-publish","hentry"],"_links":{"self":[{"href":"https:\/\/rula.disabilityrightsca.org\/vi\/wp-json\/wp\/v2\/pages\/808","targetHints":{"allow":["GET"]}}],"collection":[{"href":"https:\/\/rula.disabilityrightsca.org\/vi\/wp-json\/wp\/v2\/pages"}],"about":[{"href":"https:\/\/rula.disabilityrightsca.org\/vi\/wp-json\/wp\/v2\/types\/page"}],"author":[{"embeddable":true,"href":"https:\/\/rula.disabilityrightsca.org\/vi\/wp-json\/wp\/v2\/users\/1"}],"replies":[{"embeddable":true,"href":"https:\/\/rula.disabilityrightsca.org\/vi\/wp-json\/wp\/v2\/comments?post=808"}],"version-history":[{"count":5,"href":"https:\/\/rula.disabilityrightsca.org\/vi\/wp-json\/wp\/v2\/pages\/808\/revisions"}],"predecessor-version":[{"id":2742,"href":"https:\/\/rula.disabilityrightsca.org\/vi\/wp-json\/wp\/v2\/pages\/808\/revisions\/2742"}],"up":[{"embeddable":true,"href":"https:\/\/rula.disabilityrightsca.org\/vi\/wp-json\/wp\/v2\/pages\/35"}],"wp:attachment":[{"href":"https:\/\/rula.disabilityrightsca.org\/vi\/wp-json\/wp\/v2\/media?parent=808"}],"curies":[{"name":"wp","href":"https:\/\/api.w.org\/{rel}","templated":true}]}}