{"id":790,"date":"2021-04-13T22:34:43","date_gmt":"2021-04-13T22:34:43","guid":{"rendered":"http:\/\/www.rula.disabilityrightsca.org\/vi\/?page_id=790"},"modified":"2022-04-18T21:44:49","modified_gmt":"2022-04-18T21:44:49","slug":"1-3-how-does-the-lanterman-act-serve-and-protect-the-rights-of-people-with-developmental-disabilities","status":"publish","type":"page","link":"https:\/\/rula.disabilityrightsca.org\/vi\/rula-book\/chapter-1-the-lanterman-act\/1-3-how-does-the-lanterman-act-serve-and-protect-the-rights-of-people-with-developmental-disabilities\/","title":{"rendered":"(1.3) \u0110\u1ea1o lu\u1eadt Lanterman \u0111\u00e1p \u1ee9ng v\u00e0 b\u1ea3o v\u1ec7 quy\u1ec1n c\u1ee7a nh\u1eefng ng\u01b0\u1eddi b\u1ecb khuy\u1ebft t\u1eadt v\u1ec1 ph\u00e1t tri\u1ec3n nh\u01b0 th\u1ebf n\u00e0o?"},"content":{"rendered":"\n<p>Lu\u1eadt n\u00e0y quy \u0111\u1ecbnh nh\u1eefng ng\u01b0\u1eddi b\u1ecb khuy\u1ebft t\u1eadt v\u1ec1 ph\u00e1t tri\u1ec3n \u0111\u01b0\u1ee3c h\u01b0\u1edfng c\u00e1c quy\u1ec1n gi\u1ed1ng nh\u01b0 nh\u1eefng c\u01b0 d\u00e2n California kh\u00e1c. <a href=\"file:\/\/\/U:\/LPI\/SHARED\/STAFF\/TonyR\/RULA\/chapter-1-print.html#_ftn1\"><span class=\"footnote_referrer\"><a role=\"button\" tabindex=\"0\" onclick=\"footnote_moveToReference_790_1('footnote_plugin_reference_790_1_1');\" onkeypress=\"footnote_moveToReference_790_1('footnote_plugin_reference_790_1_1');\" ><sup id=\"footnote_plugin_tooltip_790_1_1\" class=\"footnote_plugin_tooltip_text\">[1]<\/sup><\/a><span id=\"footnote_plugin_tooltip_text_790_1_1\" class=\"footnote_tooltip\">M\u1ee5c 4502(a).<\/a><\/span><\/span><script type=\"text\/javascript\"> jQuery('#footnote_plugin_tooltip_790_1_1').tooltip({ tip: '#footnote_plugin_tooltip_text_790_1_1', tipClass: 'footnote_tooltip', effect: 'fade', predelay: 0, fadeInSpeed: 200, delay: 400, fadeOutSpeed: 200, position: 'top center', relative: true, offset: [-7, 0], });<\/script><\/p>\n\n\n\n<p>Lu\u1eadt n\u00e0y c\u0169ng b\u1ea3o \u0111\u1ea3m c\u00e1c quy\u1ec1n kh\u00e1c, bao g\u1ed3m c\u00e1c quy\u1ec1n:<\/p>\n\n\n\n<ul class=\"wp-block-list\"><li>\u0111\u01b0a ra quy\u1ebft \u0111\u1ecbnh v\u1ec1 cu\u1ed9c s\u1ed1ng c\u1ee7a ch\u00ednh m\u00ecnh, <a href=\"file:\/\/\/U:\/LPI\/SHARED\/STAFF\/TonyR\/RULA\/chapter-1-print.html#_ftn2\"><span class=\"footnote_referrer\"><a role=\"button\" tabindex=\"0\" onclick=\"footnote_moveToReference_790_1('footnote_plugin_reference_790_1_2');\" onkeypress=\"footnote_moveToReference_790_1('footnote_plugin_reference_790_1_2');\" ><sup id=\"footnote_plugin_tooltip_790_1_2\" class=\"footnote_plugin_tooltip_text\">[2]<\/sup><\/a><span id=\"footnote_plugin_tooltip_text_790_1_2\" class=\"footnote_tooltip\">M\u1ee5c 4502.1.<\/a><\/span><\/span><script type=\"text\/javascript\"> jQuery('#footnote_plugin_tooltip_790_1_2').tooltip({ tip: '#footnote_plugin_tooltip_text_790_1_2', tipClass: 'footnote_tooltip', effect: 'fade', predelay: 0, fadeInSpeed: 200, delay: 400, fadeOutSpeed: 200, position: 'top center', relative: true, offset: [-7, 0], });<\/script><\/li><li>c\u00f3 \u0111\u01b0\u1ee3c th\u00f4ng tin m\u00e0 qu\u00fd v\u1ecb c\u00f3 th\u1ec3 hi\u1ec3u \u0111\u1ec3 gi\u00fap qu\u00fd v\u1ecb \u0111\u01b0a ra quy\u1ebft \u0111\u1ecbnh, <span class=\"footnote_referrer\"><a role=\"button\" tabindex=\"0\" onclick=\"footnote_moveToReference_790_1('footnote_plugin_reference_790_1_3');\" onkeypress=\"footnote_moveToReference_790_1('footnote_plugin_reference_790_1_3');\" ><sup id=\"footnote_plugin_tooltip_790_1_3\" class=\"footnote_plugin_tooltip_text\">[3]<\/sup><\/a><span id=\"footnote_plugin_tooltip_text_790_1_3\" class=\"footnote_tooltip\">M\u1ee5c 4502.1.<\/span><\/span><script type=\"text\/javascript\"> jQuery('#footnote_plugin_tooltip_790_1_3').tooltip({ tip: '#footnote_plugin_tooltip_text_790_1_3', tipClass: 'footnote_tooltip', effect: 'fade', predelay: 0, fadeInSpeed: 200, delay: 400, fadeOutSpeed: 200, position: 'top center', relative: true, offset: [-7, 0], });<\/script><\/li><li>nh\u1eadn \u0111\u01b0\u1ee3c c\u00e1c d\u1ecbch v\u1ee5 v\u00e0 s\u1ef1 h\u1ed7 tr\u1ee3 theo c\u00e1ch \u00edt h\u1ea1n ch\u1ebf nh\u1ea5t \u0111\u1ec3 gi\u00fap qu\u00fd v\u1ecb t\u1eadn d\u1ee5ng t\u1ed1i \u0111a ti\u1ec1m n\u0103ng c\u1ee7a m\u00ecnh. <a href=\"file:\/\/\/U:\/LPI\/SHARED\/STAFF\/TonyR\/RULA\/chapter-1-print.html#_ftn4\"><span class=\"footnote_referrer\"><a role=\"button\" tabindex=\"0\" onclick=\"footnote_moveToReference_790_1('footnote_plugin_reference_790_1_4');\" onkeypress=\"footnote_moveToReference_790_1('footnote_plugin_reference_790_1_4');\" ><sup id=\"footnote_plugin_tooltip_790_1_4\" class=\"footnote_plugin_tooltip_text\">[4]<\/sup><\/a><span id=\"footnote_plugin_tooltip_text_790_1_4\" class=\"footnote_tooltip\">M\u1ee5c 4502(b)(1).<\/a><\/span><\/span><script type=\"text\/javascript\"> jQuery('#footnote_plugin_tooltip_790_1_4').tooltip({ tip: '#footnote_plugin_tooltip_text_790_1_4', tipClass: 'footnote_tooltip', effect: 'fade', predelay: 0, fadeInSpeed: 200, delay: 400, fadeOutSpeed: 200, position: 'top center', relative: true, offset: [-7, 0], });<\/script><\/li><\/ul>\n\n\n\n<p>Trong \u0110\u1ea1o Lu\u1eadt, C\u01a1 Quan L\u1eadp Ph\u00e1p quy\u1ebft \u0111\u1ecbnh c\u00e1c d\u1ecbch v\u1ee5 m\u00e0 ng\u01b0\u1eddi b\u1ecb khuy\u1ebft t\u1eadt v\u1ec1 ph\u00e1t tri\u1ec3n c\u1ea7n l\u00e0 \u0111\u1eb7c bi\u1ec7t v\u00e0 duy nh\u1ea5t.&nbsp;Lu\u1eadt n\u00e0y quy \u0111\u1ecbnh r\u1eb1ng c\u00e1c c\u01a1 quan c\u1ee7a ch\u00ednh quy\u1ec1n ti\u1ec3u bang kh\u00f4ng th\u1ec3 cung c\u1ea5p t\u1ed1t c\u00e1c d\u1ecbch v\u1ee5 n\u00e0y, v\u00ec v\u1eady c\u00e1c c\u01a1 quan c\u1ed9ng \u0111\u1ed3ng t\u01b0 nh\u00e2n, phi l\u1ee3i nhu\u1eadn c\u1ea7n cung c\u1ea5p c\u00e1c d\u1ecbch v\u1ee5 n\u00e0y. <a href=\"file:\/\/\/U:\/LPI\/SHARED\/STAFF\/TonyR\/RULA\/chapter-1-print.html#_ftn5\"><span class=\"footnote_referrer\"><a role=\"button\" tabindex=\"0\" onclick=\"footnote_moveToReference_790_1('footnote_plugin_reference_790_1_5');\" onkeypress=\"footnote_moveToReference_790_1('footnote_plugin_reference_790_1_5');\" ><sup id=\"footnote_plugin_tooltip_790_1_5\" class=\"footnote_plugin_tooltip_text\">[5]<\/sup><\/a><span id=\"footnote_plugin_tooltip_text_790_1_5\" class=\"footnote_tooltip\">M\u1ee5c 4620(b).<\/a><\/span><\/span><script type=\"text\/javascript\"> jQuery('#footnote_plugin_tooltip_790_1_5').tooltip({ tip: '#footnote_plugin_tooltip_text_790_1_5', tipClass: 'footnote_tooltip', effect: 'fade', predelay: 0, fadeInSpeed: 200, delay: 400, fadeOutSpeed: 200, position: 'top center', relative: true, offset: [-7, 0], });<\/script>&nbsp;\u0110\u1ea1o Lu\u1eadt l\u1eadp ra m\u1ed9t h\u1ec7 th\u1ed1ng g\u1ed3m 21 trung t\u00e2m khu v\u1ef1c t\u01b0 nh\u00e2n, phi l\u1ee3i nhu\u1eadn tr\u00ean kh\u1eafp California. M\u1ed7i trung t\u00e2m khu v\u1ef1c l\u00e0 c\u01a1 quan \u0111\u1ecba ph\u01b0\u01a1ng gi\u00fap \u0111\u1ea3m b\u1ea3o nh\u1eefng ng\u01b0\u1eddi b\u1ecb khuy\u1ebft t\u1eadt v\u1ec1 ph\u00e1t tri\u1ec3n s\u1ed1ng trong khu v\u1ef1c tr\u00e1ch nhi\u1ec7m c\u1ee7a trung t\u00e2m khu v\u1ef1c \u0111\u00f3 nh\u1eadn \u0111\u01b0\u1ee3c c\u00e1c d\u1ecbch v\u1ee5 v\u00e0 s\u1ef1 h\u1ed7 tr\u1ee3 h\u1ecd c\u1ea7n. \u0110\u1ea1o Lu\u1eadt c\u0169ng y\u00eau c\u1ea7u S\u1edf D\u1ecbch V\u1ee5 Ph\u00e1t Tri\u1ec3n California (California Department of Developmental Services, DDS) gi\u00e1m s\u00e1t c\u00e1c trung t\u00e2m khu v\u1ef1c nh\u1eb1m \u0111\u1ea3m b\u1ea3o h\u1ecd th\u1ef1c hi\u1ec7n \u0110\u1ea1o Lu\u1eadt trong t\u1eebng khu v\u1ef1c c\u1ee7a California. <a href=\"file:\/\/\/U:\/LPI\/SHARED\/STAFF\/TonyR\/RULA\/chapter-1-print.html#_ftn6\"><span class=\"footnote_referrer\"><a role=\"button\" tabindex=\"0\" onclick=\"footnote_moveToReference_790_1('footnote_plugin_reference_790_1_6');\" onkeypress=\"footnote_moveToReference_790_1('footnote_plugin_reference_790_1_6');\" ><sup id=\"footnote_plugin_tooltip_790_1_6\" class=\"footnote_plugin_tooltip_text\">[6]<\/sup><\/a><span id=\"footnote_plugin_tooltip_text_790_1_6\" class=\"footnote_tooltip\">M\u1ee5c 4620.<\/a><\/span><\/span><script type=\"text\/javascript\"> jQuery('#footnote_plugin_tooltip_790_1_6').tooltip({ tip: '#footnote_plugin_tooltip_text_790_1_6', tipClass: 'footnote_tooltip', effect: 'fade', predelay: 0, fadeInSpeed: 200, delay: 400, fadeOutSpeed: 200, position: 'top center', relative: true, offset: [-7, 0], });<\/script><\/p>\n\n\n\n<p>\u0110\u1ea1o Lu\u1eadt y\u00eau c\u1ea7u trung t\u00e2m khu v\u1ef1c ph\u1ea3i ph\u00e1t tri\u1ec3n K\u1ebf Ho\u1ea1ch Ch\u01b0\u01a1ng Tr\u00ecnh C\u00e1 Nh\u00e2n (Individual Program Plan, IPP) d\u1ef1a tr\u00ean nhu c\u1ea7u c\u1ee7a qu\u00fd v\u1ecb. <a href=\"file:\/\/\/U:\/LPI\/SHARED\/STAFF\/TonyR\/RULA\/chapter-1-print.html#_ftn7\"><span class=\"footnote_referrer\"><a role=\"button\" tabindex=\"0\" onclick=\"footnote_moveToReference_790_1('footnote_plugin_reference_790_1_7');\" onkeypress=\"footnote_moveToReference_790_1('footnote_plugin_reference_790_1_7');\" ><sup id=\"footnote_plugin_tooltip_790_1_7\" class=\"footnote_plugin_tooltip_text\">[7]<\/sup><\/a><span id=\"footnote_plugin_tooltip_text_790_1_7\" class=\"footnote_tooltip\">M\u1ee5c 4646.<\/a><\/span><\/span><script type=\"text\/javascript\"> jQuery('#footnote_plugin_tooltip_790_1_7').tooltip({ tip: '#footnote_plugin_tooltip_text_790_1_7', tipClass: 'footnote_tooltip', effect: 'fade', predelay: 0, fadeInSpeed: 200, delay: 400, fadeOutSpeed: 200, position: 'top center', relative: true, offset: [-7, 0], });<\/script>&nbsp;IPP li\u1ec7t k\u00ea c\u00e1c d\u1ecbch v\u1ee5 v\u00e0 s\u1ef1 h\u1ed7 tr\u1ee3 m\u00e0 qu\u00fd v\u1ecb v\u00e0 trung t\u00e2m khu v\u1ef1c nh\u1ea5t tr\u00ed r\u1eb1ng qu\u00fd v\u1ecb c\u1ea7n v\u00e0 ch\u1ecdn. Trung t\u00e2m khu v\u1ef1c thanh to\u00e1n cho m\u1ed9t s\u1ed1 d\u1ecbch v\u1ee5 IPP. Trung t\u00e2m khu v\u1ef1c s\u1ebd ch\u1ec9 \u0111\u1ecbnh m\u1ed9t \u0111i\u1ec1u ph\u1ed1i vi\u00ean d\u1ecbch v\u1ee5 cho qu\u00fd v\u1ecb. Ng\u01b0\u1eddi ng\u00e0y s\u1ebd gi\u00fap qu\u00fd v\u1ecb nh\u1eadn \u0111\u01b0\u1ee3c c\u00e1c d\u1ecbch v\u1ee5 \u0111\u01b0\u1ee3c li\u1ec7t k\u00ea trong IPP c\u1ee7a qu\u00fd v\u1ecb. Lu\u1eadt n\u00e0y cung c\u1ea5p cho qu\u00fd v\u1ecb c\u00e1c c\u00e1ch \u0111\u1ec3 th\u1ef1c hi\u1ec7n c\u00e1c quy\u1ec1n c\u1ee7a m\u00ecnh, bao g\u1ed3m quy\u1ec1n nh\u1eadn c\u00e1c d\u1ecbch v\u1ee5 v\u00e0 h\u1ed7 tr\u1ee3 m\u00e0 qu\u00fd v\u1ecb c\u1ea7n v\u00e0 ch\u1ecdn. Khi qu\u00fd v\u1ecb y\u00eau c\u1ea7u trung t\u00e2m khu v\u1ef1c thanh to\u00e1n cho m\u1ed9t kho\u1ea3n n\u00e0o \u0111\u00f3, ch\u1eb3ng h\u1ea1n nh\u01b0 th\u00eam s\u1ed1 gi\u1edd ch\u0103m s\u00f3c t\u1ea1m th\u1eddi, ch\u00ednh l\u00e0 qu\u00fd v\u1ecb \u0111ang y\u00eau c\u1ea7u trung t\u00e2m khu v\u1ef1c thay \u0111\u1ed5i IPP c\u1ee7a qu\u00fd v\u1ecb \u0111\u1ec3 th\u00eam s\u1ed1 gi\u1edd m\u1edbi. N\u1ebfu trung t\u00e2m khu v\u1ef1c t\u1eeb ch\u1ed1i y\u00eau c\u1ea7u c\u1ee7a qu\u00fd v\u1ecb v\u00e0 qu\u00fd v\u1ecb ngh\u0129 r\u1eb1ng quy\u1ebft \u0111\u1ecbnh \u0111\u00f3 c\u1ee7a trung t\u00e2m khu v\u1ef1c l\u00e0 sai l\u1ea7m, qu\u00fd v\u1ecb c\u00f3 th\u1ec3 kh\u00e1ng c\u00e1o. Quy tr\u00ecnh kh\u00e1ng c\u00e1o b\u1eaft \u0111\u1ea7u khi qu\u00fd v\u1ecb y\u00eau c\u1ea7u m\u1ed9t phi\u00ean \u0111i\u1ec1u tr\u1ea7n c\u00f4ng b\u1eb1ng. <a href=\"file:\/\/\/U:\/LPI\/SHARED\/STAFF\/TonyR\/RULA\/chapter-1-print.html#_ftn1\"><span class=\"footnote_referrer\"><a role=\"button\" tabindex=\"0\" onclick=\"footnote_moveToReference_790_1('footnote_plugin_reference_790_1_8');\" onkeypress=\"footnote_moveToReference_790_1('footnote_plugin_reference_790_1_8');\" ><sup id=\"footnote_plugin_tooltip_790_1_8\" class=\"footnote_plugin_tooltip_text\">[8]<\/sup><\/a><span id=\"footnote_plugin_tooltip_text_790_1_8\" class=\"footnote_tooltip\">M\u1ee5c 4710 v\u00e0 c\u00e1c m\u1ee5c sau.<\/a><\/span><\/span><script type=\"text\/javascript\"> jQuery('#footnote_plugin_tooltip_790_1_8').tooltip({ tip: '#footnote_plugin_tooltip_text_790_1_8', tipClass: 'footnote_tooltip', effect: 'fade', predelay: 0, fadeInSpeed: 200, delay: 400, fadeOutSpeed: 200, position: 'top center', relative: true, offset: [-7, 0], });<\/script><\/p>\n\n\n\n<p>M\u1ed9t c\u00e1ch kh\u00e1c \u0111\u1ec3 th\u1ef1c hi\u1ec7n c\u00e1c quy\u1ec1n c\u1ee7a qu\u00fd v\u1ecb l\u00e0 th\u00f4ng qua quy tr\u00ecnh khi\u1ebfu n\u1ea1i. Quy tr\u00ecnh n\u00e0y \u0111\u00f4i khi \u0111\u01b0\u1ee3c g\u1ecdi l\u00e0 Khi\u1ebfu N\u1ea1i M\u1ee5c 4731. <span class=\"footnote_referrer\"><a role=\"button\" tabindex=\"0\" onclick=\"footnote_moveToReference_790_1('footnote_plugin_reference_790_1_9');\" onkeypress=\"footnote_moveToReference_790_1('footnote_plugin_reference_790_1_9');\" ><sup id=\"footnote_plugin_tooltip_790_1_9\" class=\"footnote_plugin_tooltip_text\">[9]<\/sup><\/a><span id=\"footnote_plugin_tooltip_text_790_1_9\" class=\"footnote_tooltip\">\u201cKhi\u1ebfu N\u1ea1i M\u1ee5c 4731\u201d \u0111\u01b0\u1ee3c \u0111\u1eb7t t\u00ean theo m\u1ed9t m\u1ee5c trong \u0110\u1ea1o Lu\u1eadt Lanterman, ch\u1ee9a c\u00e1c th\u00f4ng tin v\u1ec1 quy tr\u00ecnh khi\u1ebfu n\u1ea1i.<a href=\"https:\/\/rula.disabilityrightsca.org\/wp-admin\/post.php?post=790&amp;action=edit#_ftn1\"><\/span><\/span><script type=\"text\/javascript\"> jQuery('#footnote_plugin_tooltip_790_1_9').tooltip({ tip: '#footnote_plugin_tooltip_text_790_1_9', tipClass: 'footnote_tooltip', effect: 'fade', predelay: 0, fadeInSpeed: 200, delay: 400, fadeOutSpeed: 200, position: 'top center', relative: true, offset: [-7, 0], });<\/script>&nbsp;<\/a>Qu\u00fd v\u1ecb c\u00f3 th\u1ec3 n\u1ed9p \u0111\u01a1n khi\u1ebfu n\u1ea1i n\u1ebfu qu\u00fd v\u1ecb ngh\u0129 r\u1eb1ng trung t\u00e2m khu v\u1ef1c ho\u1eb7c c\u01a1 quan do trung t\u00e2m khu v\u1ef1c thu\u00ea vi ph\u1ea1m c\u00e1c quy\u1ec1n c\u1ee7a qu\u00fd v\u1ecb. V\u00ed d\u1ee5: n\u1ebfu qu\u00fd v\u1ecb y\u00eau c\u1ea7u m\u1ed9t cu\u1ed9c h\u1ecdp IPP v\u00e0 trung t\u00e2m khu v\u1ef1c t\u1eeb ch\u1ed1i l\u00ean l\u1ecbch cu\u1ed9c h\u1ecdp \u0111\u00f3, qu\u00fd v\u1ecb c\u00f3 th\u1ec3 n\u1ed9p \u0111\u01a1n khi\u1ebfu n\u1ea1i.<\/p>\n\n\n\n<p>Qu\u00fd v\u1ecb c\u00f3 th\u1ec3 s\u1eed d\u1ee5ng c\u00e1c d\u1ecbch v\u1ee5 b\u00eanh v\u1ef1c quy\u1ec1n l\u1ee3i \u0111\u1ed9c l\u1eadp \u0111\u1ec3 \u0111\u01b0\u1ee3c t\u01b0 v\u1ea5n ho\u1eb7c tr\u1ee3 gi\u00fap. C\u00e1c c\u01a1 quan n\u00e0y c\u00f3 th\u1ec3 gi\u00fap qu\u00fd v\u1ecb hi\u1ec3u v\u00e0 th\u1ef1c hi\u1ec7n c\u00e1c quy\u1ec1n c\u1ee7a m\u00ecnh:<\/p>\n\n\n\n<ul class=\"wp-block-list\"><li>V\u0103n Ph\u00f2ng B\u00eanh V\u1ef1c Quy\u1ec1n L\u1ee3i Kh\u00e1ch H\u00e0ng (Office of Clients\u2019 Rights Advocacy &#8211; OCRA):<ul><li>B\u1eafc California 1-800-390-7032 (TTY 877-669-6023)<\/li><\/ul><ul><li>Nam California 1-866-833-6712 (TTY 877-669-6023)<\/li><\/ul><\/li><li>Disability Rights California: 1-800-776-5746<\/li><\/ul>\n<div class=\"speaker-mute footnotes_reference_container\"> <div class=\"footnote_container_prepare\"><p><span role=\"button\" tabindex=\"0\" class=\"footnote_reference_container_label pointer\" onclick=\"footnote_expand_collapse_reference_container_790_1();\">&#x202F;<\/span><span role=\"button\" tabindex=\"0\" class=\"footnote_reference_container_collapse_button\" style=\"display: none;\" onclick=\"footnote_expand_collapse_reference_container_790_1();\">[<a id=\"footnote_reference_container_collapse_button_790_1\">+<\/a>]<\/span><\/p><\/div> <div id=\"footnote_references_container_790_1\" style=\"\"><table class=\"footnotes_table footnote-reference-container\"><caption class=\"accessibility\">References<\/caption> <tbody> \r\n\r\n<tr class=\"footnotes_plugin_reference_row\"> <th scope=\"row\" class=\"footnote_plugin_index_combi pointer\"  onclick=\"footnote_moveToAnchor_790_1('footnote_plugin_tooltip_790_1_1');\"><a id=\"footnote_plugin_reference_790_1_1\" class=\"footnote_backlink\"><span class=\"footnote_index_arrow\">&#8593;<\/span>1<\/a><\/th> <td class=\"footnote_plugin_text\">M\u1ee5c 4502(a).<\/a><\/td><\/tr>\r\n\r\n<tr class=\"footnotes_plugin_reference_row\"> <th scope=\"row\" class=\"footnote_plugin_index_combi pointer\"  onclick=\"footnote_moveToAnchor_790_1('footnote_plugin_tooltip_790_1_2');\"><a id=\"footnote_plugin_reference_790_1_2\" class=\"footnote_backlink\"><span class=\"footnote_index_arrow\">&#8593;<\/span>2<\/a><\/th> <td class=\"footnote_plugin_text\">M\u1ee5c 4502.1.<\/a><\/td><\/tr>\r\n\r\n<tr class=\"footnotes_plugin_reference_row\"> <th scope=\"row\" class=\"footnote_plugin_index_combi pointer\"  onclick=\"footnote_moveToAnchor_790_1('footnote_plugin_tooltip_790_1_3');\"><a id=\"footnote_plugin_reference_790_1_3\" class=\"footnote_backlink\"><span class=\"footnote_index_arrow\">&#8593;<\/span>3<\/a><\/th> <td class=\"footnote_plugin_text\">M\u1ee5c 4502.1.<\/td><\/tr>\r\n\r\n<tr class=\"footnotes_plugin_reference_row\"> <th scope=\"row\" class=\"footnote_plugin_index_combi pointer\"  onclick=\"footnote_moveToAnchor_790_1('footnote_plugin_tooltip_790_1_4');\"><a id=\"footnote_plugin_reference_790_1_4\" class=\"footnote_backlink\"><span class=\"footnote_index_arrow\">&#8593;<\/span>4<\/a><\/th> <td class=\"footnote_plugin_text\">M\u1ee5c 4502(b)(1).<\/a><\/td><\/tr>\r\n\r\n<tr class=\"footnotes_plugin_reference_row\"> <th scope=\"row\" class=\"footnote_plugin_index_combi pointer\"  onclick=\"footnote_moveToAnchor_790_1('footnote_plugin_tooltip_790_1_5');\"><a id=\"footnote_plugin_reference_790_1_5\" class=\"footnote_backlink\"><span class=\"footnote_index_arrow\">&#8593;<\/span>5<\/a><\/th> <td class=\"footnote_plugin_text\">M\u1ee5c 4620(b).<\/a><\/td><\/tr>\r\n\r\n<tr class=\"footnotes_plugin_reference_row\"> <th scope=\"row\" class=\"footnote_plugin_index_combi pointer\"  onclick=\"footnote_moveToAnchor_790_1('footnote_plugin_tooltip_790_1_6');\"><a id=\"footnote_plugin_reference_790_1_6\" class=\"footnote_backlink\"><span class=\"footnote_index_arrow\">&#8593;<\/span>6<\/a><\/th> <td class=\"footnote_plugin_text\">M\u1ee5c 4620.<\/a><\/td><\/tr>\r\n\r\n<tr class=\"footnotes_plugin_reference_row\"> <th scope=\"row\" class=\"footnote_plugin_index_combi pointer\"  onclick=\"footnote_moveToAnchor_790_1('footnote_plugin_tooltip_790_1_7');\"><a id=\"footnote_plugin_reference_790_1_7\" class=\"footnote_backlink\"><span class=\"footnote_index_arrow\">&#8593;<\/span>7<\/a><\/th> <td class=\"footnote_plugin_text\">M\u1ee5c 4646.<\/a><\/td><\/tr>\r\n\r\n<tr class=\"footnotes_plugin_reference_row\"> <th scope=\"row\" class=\"footnote_plugin_index_combi pointer\"  onclick=\"footnote_moveToAnchor_790_1('footnote_plugin_tooltip_790_1_8');\"><a id=\"footnote_plugin_reference_790_1_8\" class=\"footnote_backlink\"><span class=\"footnote_index_arrow\">&#8593;<\/span>8<\/a><\/th> <td class=\"footnote_plugin_text\">M\u1ee5c 4710 v\u00e0 c\u00e1c m\u1ee5c sau.<\/a><\/td><\/tr>\r\n\r\n<tr class=\"footnotes_plugin_reference_row\"> <th scope=\"row\" class=\"footnote_plugin_index_combi pointer\"  onclick=\"footnote_moveToAnchor_790_1('footnote_plugin_tooltip_790_1_9');\"><a id=\"footnote_plugin_reference_790_1_9\" class=\"footnote_backlink\"><span class=\"footnote_index_arrow\">&#8593;<\/span>9<\/a><\/th> <td class=\"footnote_plugin_text\">\u201cKhi\u1ebfu N\u1ea1i M\u1ee5c 4731\u201d \u0111\u01b0\u1ee3c \u0111\u1eb7t t\u00ean theo m\u1ed9t m\u1ee5c trong \u0110\u1ea1o Lu\u1eadt Lanterman, ch\u1ee9a c\u00e1c th\u00f4ng tin v\u1ec1 quy tr\u00ecnh khi\u1ebfu n\u1ea1i.<a href=\"https:\/\/rula.disabilityrightsca.org\/wp-admin\/post.php?post=790&amp;action=edit#_ftn1\"><\/td><\/tr>\r\n\r\n <\/tbody> <\/table> <\/div><\/div><script type=\"text\/javascript\"> function footnote_expand_reference_container_790_1() { jQuery('#footnote_references_container_790_1').show(); jQuery('#footnote_reference_container_collapse_button_790_1').text('\u2212'); } function footnote_collapse_reference_container_790_1() { jQuery('#footnote_references_container_790_1').hide(); jQuery('#footnote_reference_container_collapse_button_790_1').text('+'); } function footnote_expand_collapse_reference_container_790_1() { if (jQuery('#footnote_references_container_790_1').is(':hidden')) { footnote_expand_reference_container_790_1(); } else { footnote_collapse_reference_container_790_1(); } } function footnote_moveToReference_790_1(p_str_TargetID) { footnote_expand_reference_container_790_1(); var l_obj_Target = jQuery('#' + p_str_TargetID); if (l_obj_Target.length) { jQuery( 'html, body' ).delay( 0 ); jQuery('html, body').animate({ scrollTop: l_obj_Target.offset().top - window.innerHeight * 0.2 }, 380); } } function footnote_moveToAnchor_790_1(p_str_TargetID) { footnote_expand_reference_container_790_1(); var l_obj_Target = jQuery('#' + p_str_TargetID); if (l_obj_Target.length) { jQuery( 'html, body' ).delay( 0 ); jQuery('html, body').animate({ scrollTop: l_obj_Target.offset().top - window.innerHeight * 0.2 }, 380); } }<\/script>","protected":false},"excerpt":{"rendered":"<p>Lu\u1eadt n\u00e0y quy \u0111\u1ecbnh nh\u1eefng ng\u01b0\u1eddi b\u1ecb khuy\u1ebft t\u1eadt v\u1ec1 ph\u00e1t tri\u1ec3n \u0111\u01b0\u1ee3c h\u01b0\u1edfng c\u00e1c quy\u1ec1n gi\u1ed1ng nh\u01b0 nh\u1eefng c\u01b0 d\u00e2n California kh\u00e1c. [1]M\u1ee5c 4502(a).&hellip;<\/p>\n","protected":false},"author":1,"featured_media":0,"parent":35,"menu_order":3,"comment_status":"closed","ping_status":"closed","template":"","meta":{"footnotes":""},"class_list":["post-790","page","type-page","status-publish","hentry"],"_links":{"self":[{"href":"https:\/\/rula.disabilityrightsca.org\/vi\/wp-json\/wp\/v2\/pages\/790","targetHints":{"allow":["GET"]}}],"collection":[{"href":"https:\/\/rula.disabilityrightsca.org\/vi\/wp-json\/wp\/v2\/pages"}],"about":[{"href":"https:\/\/rula.disabilityrightsca.org\/vi\/wp-json\/wp\/v2\/types\/page"}],"author":[{"embeddable":true,"href":"https:\/\/rula.disabilityrightsca.org\/vi\/wp-json\/wp\/v2\/users\/1"}],"replies":[{"embeddable":true,"href":"https:\/\/rula.disabilityrightsca.org\/vi\/wp-json\/wp\/v2\/comments?post=790"}],"version-history":[{"count":21,"href":"https:\/\/rula.disabilityrightsca.org\/vi\/wp-json\/wp\/v2\/pages\/790\/revisions"}],"predecessor-version":[{"id":2760,"href":"https:\/\/rula.disabilityrightsca.org\/vi\/wp-json\/wp\/v2\/pages\/790\/revisions\/2760"}],"up":[{"embeddable":true,"href":"https:\/\/rula.disabilityrightsca.org\/vi\/wp-json\/wp\/v2\/pages\/35"}],"wp:attachment":[{"href":"https:\/\/rula.disabilityrightsca.org\/vi\/wp-json\/wp\/v2\/media?parent=790"}],"curies":[{"name":"wp","href":"https:\/\/api.w.org\/{rel}","templated":true}]}}