{"id":509,"date":"2019-07-17T18:38:25","date_gmt":"2019-07-17T18:38:25","guid":{"rendered":"http:\/\/www.rula.disabilityrightsca.org\/vi\/?page_id=509"},"modified":"2022-04-19T16:32:01","modified_gmt":"2022-04-19T16:32:01","slug":"2-2-can-someone-without-a-developmental-disability-apply-for-regional-center-services","status":"publish","type":"page","link":"https:\/\/rula.disabilityrightsca.org\/vi\/rula-book\/chapter-2-eligibility-for-regional-center-services\/2-2-can-someone-without-a-developmental-disability-apply-for-regional-center-services\/","title":{"rendered":"(2.2) Ng\u01b0\u1eddi kh\u00f4ng b\u1ecb khuy\u1ebft t\u1eadt v\u1ec1 ph\u00e1t tri\u1ec3n c\u00f3 th\u1ec3 \u0111\u0103ng k\u00fd nh\u1eadn c\u00e1c d\u1ecbch v\u1ee5 c\u1ee7a trung t\u00e2m khu v\u1ef1c kh\u00f4ng?"},"content":{"rendered":"\n<p>C\u00f3, m\u1ecdi ng\u01b0\u1eddi c\u00f3 th\u1ec3 \u0111\u0103ng k\u00fd nh\u1eadn c\u00e1c d\u1ecbch v\u1ee5 c\u1ee7a trung t\u00e2m khu v\u1ef1c v\u00e0 \u0111\u01b0\u1ee3c \u0111\u00e1nh gi\u00e1 n\u1ebfu:<\/p>\n\n\n\n<ul class=\"wp-block-list\"><li>H\u1ecd b\u1ecb nghi ng\u1edd m\u1eafc khuy\u1ebft t\u1eadt v\u1ec1 ph\u00e1t tri\u1ec3n<\/li><li>H\u1ecd c\u00f3 nguy c\u01a1 cao s\u1ebd l\u00e0m cha\/m\u1eb9 c\u1ee7a tr\u1ebb s\u01a1 sinh b\u1ecb khuy\u1ebft t\u1eadt v\u1ec1 ph\u00e1t tri\u1ec3n. Cha m\u1eb9 v\u00e0 tr\u1ebb s\u01a1 sinh thu\u1ed9c nh\u00f3m n\u00e0y c\u00f3 th\u1ec3 nh\u1eadn d\u1ecbch v\u1ee5 \u0111\u00e1nh gi\u00e1 v\u00e0 d\u1ecbch v\u1ee5 ph\u00f2ng ng\u1eeba. <span class=\"footnote_referrer\"><a role=\"button\" tabindex=\"0\" onclick=\"footnote_moveToReference_509_1('footnote_plugin_reference_509_1_1');\" onkeypress=\"footnote_moveToReference_509_1('footnote_plugin_reference_509_1_1');\" ><sup id=\"footnote_plugin_tooltip_509_1_1\" class=\"footnote_plugin_tooltip_text\">[1]<\/sup><\/a><span id=\"footnote_plugin_tooltip_text_509_1_1\" class=\"footnote_tooltip\">C\u00e1c M\u1ee5c 4642 v\u00e0 4644.<\/span><\/span><script type=\"text\/javascript\"> jQuery('#footnote_plugin_tooltip_509_1_1').tooltip({ tip: '#footnote_plugin_tooltip_text_509_1_1', tipClass: 'footnote_tooltip', effect: 'fade', predelay: 0, fadeInSpeed: 200, delay: 400, fadeOutSpeed: 200, position: 'top center', relative: true, offset: [-7, 0], });<\/script><\/li><li>H\u1ecd d\u01b0\u1edbi 3 tu\u1ed5i v\u00e0 c\u00f3 nguy c\u01a1 cao b\u1ecb khuy\u1ebft t\u1eadt v\u1ec1 ph\u00e1t tri\u1ec3n. Cha m\u1eb9 v\u00e0 tr\u1ebb s\u01a1 sinh thu\u1ed9c nh\u00f3m n\u00e0y c\u00f3 th\u1ec3 nh\u1eadn d\u1ecbch v\u1ee5 \u0111\u00e1nh gi\u00e1 v\u00e0 d\u1ecbch v\u1ee5 ph\u00f2ng ng\u1eeba. <span class=\"footnote_referrer\"><a role=\"button\" tabindex=\"0\" onclick=\"footnote_moveToReference_509_1('footnote_plugin_reference_509_1_2');\" onkeypress=\"footnote_moveToReference_509_1('footnote_plugin_reference_509_1_2');\" ><sup id=\"footnote_plugin_tooltip_509_1_2\" class=\"footnote_plugin_tooltip_text\">[2]<\/sup><\/a><span id=\"footnote_plugin_tooltip_text_509_1_2\" class=\"footnote_tooltip\">C\u00e1c M\u1ee5c 4642 v\u00e0 4644.<\/span><\/span><script type=\"text\/javascript\"> jQuery('#footnote_plugin_tooltip_509_1_2').tooltip({ tip: '#footnote_plugin_tooltip_text_509_1_2', tipClass: 'footnote_tooltip', effect: 'fade', predelay: 0, fadeInSpeed: 200, delay: 400, fadeOutSpeed: 200, position: 'top center', relative: true, offset: [-7, 0], });<\/script><\/li><li>H\u1ecd 3 ho\u1eb7c 4 tu\u1ed5i v\u00e0 c\u00f3 th\u1ec3 \u201ct\u1ea1m th\u1eddi h\u1ed9i \u0111\u1ee7 \u0111i\u1ec1u ki\u1ec7n\u201d. \u0110i\u1ec1u n\u00e0y c\u00f3 ngh\u0129a tr\u1ebb kh\u00f4ng h\u1ed9i \u0111\u1ee7 \u0111i\u1ec1u ki\u1ec7n l\u00e0 b\u1ecb \u201ckhuy\u1ebft t\u1eadt v\u1ec1 ph\u00e1t tri\u1ec3n\u201d. Tuy nhi\u00ean, v\u1edbi kh\u1ea3 n\u0103ng h\u1ed9i \u0111\u1ee7 \u0111i\u1ec1u ki\u1ec7n t\u1ea1m th\u1eddi, tr\u1ebb c\u00f3 th\u1ec3 nh\u1eadn \u0111\u1ea7y \u0111\u1ee7 c\u00e1c d\u1ecbch v\u1ee5 c\u1ee7a trung t\u00e2m khu v\u1ef1c khi 3 v\u00e0 4 tu\u1ed5i. <span class=\"footnote_referrer\"><a role=\"button\" tabindex=\"0\" onclick=\"footnote_moveToReference_509_1('footnote_plugin_reference_509_1_3');\" onkeypress=\"footnote_moveToReference_509_1('footnote_plugin_reference_509_1_3');\" ><sup id=\"footnote_plugin_tooltip_509_1_3\" class=\"footnote_plugin_tooltip_text\">[3]<\/sup><\/a><span id=\"footnote_plugin_tooltip_text_509_1_3\" class=\"footnote_tooltip\">M\u1ee5c 4512(a)(2).<\/span><\/span><script type=\"text\/javascript\"> jQuery('#footnote_plugin_tooltip_509_1_3').tooltip({ tip: '#footnote_plugin_tooltip_text_509_1_3', tipClass: 'footnote_tooltip', effect: 'fade', predelay: 0, fadeInSpeed: 200, delay: 400, fadeOutSpeed: 200, position: 'top center', relative: true, offset: [-7, 0], });<\/script><\/li><\/ul>\n<div class=\"speaker-mute footnotes_reference_container\"> <div class=\"footnote_container_prepare\"><p><span role=\"button\" tabindex=\"0\" class=\"footnote_reference_container_label pointer\" onclick=\"footnote_expand_collapse_reference_container_509_1();\">&#x202F;<\/span><span role=\"button\" tabindex=\"0\" class=\"footnote_reference_container_collapse_button\" style=\"display: none;\" onclick=\"footnote_expand_collapse_reference_container_509_1();\">[<a id=\"footnote_reference_container_collapse_button_509_1\">+<\/a>]<\/span><\/p><\/div> <div id=\"footnote_references_container_509_1\" style=\"\"><table class=\"footnotes_table footnote-reference-container\"><caption class=\"accessibility\">References<\/caption> <tbody> \r\n\r\n<tr class=\"footnotes_plugin_reference_row\"> <th scope=\"row\" class=\"footnote_plugin_index_combi\" ><a id=\"footnote_plugin_reference_509_1_1\" class=\"footnote_backlink\" onclick=\"footnote_moveToAnchor_509_1('footnote_plugin_tooltip_509_1_1');\"><span class=\"footnote_index_arrow\">&#8593;<\/span>1,<\/a> <a id=\"footnote_plugin_reference_509_1_2\" class=\"footnote_backlink\" onclick=\"footnote_moveToAnchor_509_1('footnote_plugin_tooltip_509_1_2');\"><span class=\"footnote_index_arrow\">&#8593;<\/span>2<\/a><\/th> <td class=\"footnote_plugin_text\">C\u00e1c M\u1ee5c 4642 v\u00e0 4644.<\/td><\/tr>\r\n\r\n<tr class=\"footnotes_plugin_reference_row\"> <th scope=\"row\" class=\"footnote_plugin_index_combi pointer\"  onclick=\"footnote_moveToAnchor_509_1('footnote_plugin_tooltip_509_1_3');\"><a id=\"footnote_plugin_reference_509_1_3\" class=\"footnote_backlink\"><span class=\"footnote_index_arrow\">&#8593;<\/span>3<\/a><\/th> <td class=\"footnote_plugin_text\">M\u1ee5c 4512(a)(2).<\/td><\/tr>\r\n\r\n <\/tbody> <\/table> <\/div><\/div><script type=\"text\/javascript\"> function footnote_expand_reference_container_509_1() { jQuery('#footnote_references_container_509_1').show(); jQuery('#footnote_reference_container_collapse_button_509_1').text('\u2212'); } function footnote_collapse_reference_container_509_1() { jQuery('#footnote_references_container_509_1').hide(); jQuery('#footnote_reference_container_collapse_button_509_1').text('+'); } function footnote_expand_collapse_reference_container_509_1() { if (jQuery('#footnote_references_container_509_1').is(':hidden')) { footnote_expand_reference_container_509_1(); } else { footnote_collapse_reference_container_509_1(); } } function footnote_moveToReference_509_1(p_str_TargetID) { footnote_expand_reference_container_509_1(); var l_obj_Target = jQuery('#' + p_str_TargetID); if (l_obj_Target.length) { jQuery( 'html, body' ).delay( 0 ); jQuery('html, body').animate({ scrollTop: l_obj_Target.offset().top - window.innerHeight * 0.2 }, 380); } } function footnote_moveToAnchor_509_1(p_str_TargetID) { footnote_expand_reference_container_509_1(); var l_obj_Target = jQuery('#' + p_str_TargetID); if (l_obj_Target.length) { jQuery( 'html, body' ).delay( 0 ); jQuery('html, body').animate({ scrollTop: l_obj_Target.offset().top - window.innerHeight * 0.2 }, 380); } }<\/script>","protected":false},"excerpt":{"rendered":"<p>C\u00f3, m\u1ecdi ng\u01b0\u1eddi c\u00f3 th\u1ec3 \u0111\u0103ng k\u00fd nh\u1eadn c\u00e1c d\u1ecbch v\u1ee5 c\u1ee7a trung t\u00e2m khu v\u1ef1c v\u00e0 \u0111\u01b0\u1ee3c \u0111\u00e1nh gi\u00e1 n\u1ebfu: H\u1ecd b\u1ecb nghi ng\u1edd&hellip;<\/p>\n","protected":false},"author":1,"featured_media":0,"parent":37,"menu_order":2,"comment_status":"closed","ping_status":"closed","template":"","meta":{"footnotes":""},"class_list":["post-509","page","type-page","status-publish","hentry"],"_links":{"self":[{"href":"https:\/\/rula.disabilityrightsca.org\/vi\/wp-json\/wp\/v2\/pages\/509","targetHints":{"allow":["GET"]}}],"collection":[{"href":"https:\/\/rula.disabilityrightsca.org\/vi\/wp-json\/wp\/v2\/pages"}],"about":[{"href":"https:\/\/rula.disabilityrightsca.org\/vi\/wp-json\/wp\/v2\/types\/page"}],"author":[{"embeddable":true,"href":"https:\/\/rula.disabilityrightsca.org\/vi\/wp-json\/wp\/v2\/users\/1"}],"replies":[{"embeddable":true,"href":"https:\/\/rula.disabilityrightsca.org\/vi\/wp-json\/wp\/v2\/comments?post=509"}],"version-history":[{"count":20,"href":"https:\/\/rula.disabilityrightsca.org\/vi\/wp-json\/wp\/v2\/pages\/509\/revisions"}],"predecessor-version":[{"id":2770,"href":"https:\/\/rula.disabilityrightsca.org\/vi\/wp-json\/wp\/v2\/pages\/509\/revisions\/2770"}],"up":[{"embeddable":true,"href":"https:\/\/rula.disabilityrightsca.org\/vi\/wp-json\/wp\/v2\/pages\/37"}],"wp:attachment":[{"href":"https:\/\/rula.disabilityrightsca.org\/vi\/wp-json\/wp\/v2\/media?parent=509"}],"curies":[{"name":"wp","href":"https:\/\/api.w.org\/{rel}","templated":true}]}}