{"id":3906,"date":"2024-10-09T18:27:44","date_gmt":"2024-10-09T18:27:44","guid":{"rendered":"https:\/\/rula.disabilityrightsca.org\/vi\/?page_id=3906"},"modified":"2024-10-09T18:28:02","modified_gmt":"2024-10-09T18:28:02","slug":"4-16-toi-co-can-phai-gap-truc-tiep-dieu-phoi-vien-dich-vu-trung-tam-khu-vuc-cua-minh-khong","status":"publish","type":"page","link":"https:\/\/rula.disabilityrightsca.org\/vi\/rula-book\/chapter-4-individual-program-plans\/4-16-toi-co-can-phai-gap-truc-tiep-dieu-phoi-vien-dich-vu-trung-tam-khu-vuc-cua-minh-khong\/","title":{"rendered":"(4.16) T\u00f4i c\u00f3 c\u1ea7n ph\u1ea3i g\u1eb7p tr\u1ef1c ti\u1ebfp \u0111i\u1ec1u ph\u1ed1i vi\u00ean d\u1ecbch v\u1ee5 trung t\u00e2m khu v\u1ef1c c\u1ee7a m\u00ecnh kh\u00f4ng?\u00a0"},"content":{"rendered":"\n<p>\u0110i\u1ec1u ph\u1ed1i vi\u00ean d\u1ecbch v\u1ee5 c\u1ee7a qu\u00fd v\u1ecb ho\u1eb7c ng\u01b0\u1eddi \u0111\u1ea1i di\u1ec7n kh\u00e1c c\u1ee7a trung t\u00e2m khu v\u1ef1c ph\u1ea3i g\u1eb7p tr\u1ef1c ti\u1ebfp qu\u00fd v\u1ecb \u00edt nh\u1ea5t 12 th\u00e1ng m\u1ed9t l\u1ea7n.<span class=\"footnote_referrer\"><a role=\"button\" tabindex=\"0\" onclick=\"footnote_moveToReference_3906_1('footnote_plugin_reference_3906_1_1');\" onkeypress=\"footnote_moveToReference_3906_1('footnote_plugin_reference_3906_1_1');\" ><sup id=\"footnote_plugin_tooltip_3906_1_1\" class=\"footnote_plugin_tooltip_text\">[1]<\/sup><\/a><span id=\"footnote_plugin_tooltip_text_3906_1_1\" class=\"footnote_tooltip\">M\u1ee5c 4646(f)(2)(A).<\/span><\/span><script type=\"text\/javascript\"> jQuery('#footnote_plugin_tooltip_3906_1_1').tooltip({ tip: '#footnote_plugin_tooltip_text_3906_1_1', tipClass: 'footnote_tooltip', effect: 'fade', predelay: 0, fadeInSpeed: 200, delay: 400, fadeOutSpeed: 200, position: 'top center', relative: true, offset: [-7, 0], });<\/script> \u00a0<\/p>\n\n\n\n<p>C\u00e1c cu\u1ed9c h\u1ecdp tr\u1ef1c ti\u1ebfp n\u00e0y h\u1ea7u nh\u01b0 lu\u00f4n di\u1ec5n ra trong su\u1ed1t cu\u1ed9c h\u1ecdp IPP v\u00e0 t\u1ea1i \u0111\u00f3 qu\u00fd v\u1ecb s\u1ebd g\u1eb7p m\u1eb7t tr\u1ef1c ti\u1ebfp \u0111i\u1ec1u ph\u1ed1i vi\u00ean d\u1ecbch v\u1ee5. \u0110\u00f4i khi, c\u00e1c cu\u1ed9c h\u1ecdp tr\u1ef1c ti\u1ebfp n\u00e0y di\u1ec5n ra b\u1edfi v\u00ec \u0111i\u1ec1u ph\u1ed1i vi\u00ean d\u1ecbch v\u1ee5 c\u1ee7a qu\u00fd v\u1ecb \u0111\u00e3 \u0111\u1ebfn th\u0103m ch\u01b0\u01a1ng tr\u00ecnh ban ng\u00e0y ho\u1eb7c nh\u00e0 t\u1eadp th\u1ec3 n\u01a1i qu\u00fd v\u1ecb sinh s\u1ed1ng. Tuy nhi\u00ean, n\u1ebfu qu\u00fd v\u1ecb s\u1ed1ng t\u1ea1i nh\u00e0 v\u1edbi gia \u0111\u00ecnh, c\u00f3 kh\u1ea3 n\u0103ng qu\u00fd v\u1ecb kh\u00f4ng g\u1eb7p \u0111\u01b0\u1ee3c \u0111i\u1ec1u ph\u1ed1i vi\u00ean d\u1ecbch v\u1ee5 c\u1ea3 n\u0103m.<\/p>\n\n\n\n<p>N\u1ebfu trung t\u00e2m khu v\u1ef1c cho qu\u00fd v\u1ecb bi\u1ebft h\u1ecd c\u1ea7n g\u1eb7p tr\u1ef1c ti\u1ebfp qu\u00fd v\u1ecb, qu\u00fd v\u1ecb c\u00f3 m\u1ed9t s\u1ed1 quy\u1ec1n.<\/p>\n\n\n\n<ul class=\"wp-block-list\">\n<li>Qu\u00fd v\u1ecb c\u00f3 quy\u1ec1n l\u1ef1a ch\u1ecdn \u0111\u1ecba \u0111i\u1ec3m di\u1ec5n ra cu\u1ed9c h\u1ecdp n\u00e0y. \u0110\u00f3 c\u00f3 th\u1ec3 l\u00e0 t\u1ea1i nh\u00e0, t\u1ea1i trung t\u00e2m khu v\u1ef1c ho\u1eb7c b\u1ea5t k\u1ef3 n\u01a1i n\u00e0o kh\u00e1c d\u1ec5 d\u00e0ng cho qu\u00fd v\u1ecb.<\/li>\n\n\n\n<li>Qu\u00fd v\u1ecb c\u00f3 quy\u1ec1n l\u1ef1a ch\u1ecdn th\u1eddi \u0111i\u1ec3m di\u1ec5n ra cu\u1ed9c h\u1ecdp tr\u1ef1c ti\u1ebfp n\u00e0y. Th\u1eddi \u0111i\u1ec3m h\u1ecdp tr\u1ef1c ti\u1ebfp c\u00f3 th\u1ec3 di\u1ec5n ra trong su\u1ed1t cu\u1ed9c h\u1ecdp IPP n\u1ebfu qu\u00fd v\u1ecb mu\u1ed1n. Tuy nhi\u00ean, qu\u00fd v\u1ecb c\u0169ng c\u00f3 th\u1ec3 y\u00eau c\u1ea7u m\u1ed9t cu\u1ed9c h\u1ecdp ho\u1eb7c chuy\u1ebfn th\u0103m ri\u00eang bi\u1ec7t n\u1ebfu qu\u00fd v\u1ecb mu\u1ed1n tham d\u1ef1 IPP qua ph\u01b0\u01a1ng ti\u1ec7n li\u00ean l\u1ea1c \u0111i\u1ec7n t\u1eed t\u1eeb xa nh\u01b0 \u0111i\u1ec7n tho\u1ea1i ho\u1eb7c Zoom.\u00a0<\/li>\n\n\n\n<li>C\u00e1c d\u1ecbch v\u1ee5 c\u1ee7a qu\u00fd v\u1ecb kh\u00f4ng b\u1ecb gi\u1ea3m ho\u1eb7c tr\u00ec ho\u00e3n n\u1ebfu trung t\u00e2m khu v\u1ef1c kh\u00f4ng th\u1ec3 l\u00ean l\u1ecbch cu\u1ed9c h\u1ecdp n\u00e0y.<sup>\u00a0<\/sup><span class=\"footnote_referrer\"><a role=\"button\" tabindex=\"0\" onclick=\"footnote_moveToReference_3906_1('footnote_plugin_reference_3906_1_2');\" onkeypress=\"footnote_moveToReference_3906_1('footnote_plugin_reference_3906_1_2');\" ><sup id=\"footnote_plugin_tooltip_3906_1_2\" class=\"footnote_plugin_tooltip_text\">[2]<\/sup><\/a><span id=\"footnote_plugin_tooltip_text_3906_1_2\" class=\"footnote_tooltip\">M\u1ee5c 4646(f)(2)(A).<\/span><\/span><script type=\"text\/javascript\"> jQuery('#footnote_plugin_tooltip_3906_1_2').tooltip({ tip: '#footnote_plugin_tooltip_text_3906_1_2', tipClass: 'footnote_tooltip', effect: 'fade', predelay: 0, fadeInSpeed: 200, delay: 400, fadeOutSpeed: 200, position: 'top center', relative: true, offset: [-7, 0], });<\/script>\u00a0\u00a0\u00a0<\/li>\n<\/ul>\n\n\n\n<p>Qu\u00fd v\u1ecb c\u0169ng n\u00ean h\u1ecfi trung t\u00e2m khu v\u1ef1c l\u00fd do h\u1ecd mu\u1ed1n g\u1eb7p tr\u1ef1c ti\u1ebfp qu\u00fd v\u1ecb. Lu\u1eadt quy \u0111\u1ecbnh r\u1eb1ng c\u00e1c cu\u1ed9c h\u1ecdp n\u00e0y ph\u1ea3i nh\u1eb1m m\u1ee5c \u0111\u00edch gi\u00fap qu\u00fd v\u1ecb \u0111\u1ea1t \u0111\u01b0\u1ee3c c\u00e1c m\u1ee5c ti\u00eau trong IPP, gi\u00fap c\u1ea3i thi\u1ec7n kh\u1ea3 n\u0103ng ti\u1ebfp c\u1eadn c\u00e1c d\u1ecbch v\u1ee5 c\u1ee7a qu\u00fd v\u1ecb ho\u1eb7c gi\u00fap t\u1ea1o d\u1ef1ng m\u1ed1i quan h\u1ec7 gi\u1eefa qu\u00fd v\u1ecb v\u00e0 \u0111i\u1ec1u ph\u1ed1i vi\u00ean d\u1ecbch v\u1ee5.<sup>\u00a0<\/sup><span class=\"footnote_referrer\"><a role=\"button\" tabindex=\"0\" onclick=\"footnote_moveToReference_3906_1('footnote_plugin_reference_3906_1_3');\" onkeypress=\"footnote_moveToReference_3906_1('footnote_plugin_reference_3906_1_3');\" ><sup id=\"footnote_plugin_tooltip_3906_1_3\" class=\"footnote_plugin_tooltip_text\">[3]<\/sup><\/a><span id=\"footnote_plugin_tooltip_text_3906_1_3\" class=\"footnote_tooltip\">M\u1ee5c 4646(f)(2)(B).<\/span><\/span><script type=\"text\/javascript\"> jQuery('#footnote_plugin_tooltip_3906_1_3').tooltip({ tip: '#footnote_plugin_tooltip_text_3906_1_3', tipClass: 'footnote_tooltip', effect: 'fade', predelay: 0, fadeInSpeed: 200, delay: 400, fadeOutSpeed: 200, position: 'top center', relative: true, offset: [-7, 0], });<\/script>\u00a0<\/p>\n<div class=\"speaker-mute footnotes_reference_container\"> <div class=\"footnote_container_prepare\"><p><span role=\"button\" tabindex=\"0\" class=\"footnote_reference_container_label pointer\" onclick=\"footnote_expand_collapse_reference_container_3906_1();\">&#x202F;<\/span><span role=\"button\" tabindex=\"0\" class=\"footnote_reference_container_collapse_button\" style=\"display: none;\" onclick=\"footnote_expand_collapse_reference_container_3906_1();\">[<a id=\"footnote_reference_container_collapse_button_3906_1\">+<\/a>]<\/span><\/p><\/div> <div id=\"footnote_references_container_3906_1\" style=\"\"><table class=\"footnotes_table footnote-reference-container\"><caption class=\"accessibility\">References<\/caption> <tbody> \r\n\r\n<tr class=\"footnotes_plugin_reference_row\"> <th scope=\"row\" class=\"footnote_plugin_index_combi\" ><a id=\"footnote_plugin_reference_3906_1_1\" class=\"footnote_backlink\" onclick=\"footnote_moveToAnchor_3906_1('footnote_plugin_tooltip_3906_1_1');\"><span class=\"footnote_index_arrow\">&#8593;<\/span>1,<\/a> <a id=\"footnote_plugin_reference_3906_1_2\" class=\"footnote_backlink\" onclick=\"footnote_moveToAnchor_3906_1('footnote_plugin_tooltip_3906_1_2');\"><span class=\"footnote_index_arrow\">&#8593;<\/span>2<\/a><\/th> <td class=\"footnote_plugin_text\">M\u1ee5c 4646(f)(2)(A).<\/td><\/tr>\r\n\r\n<tr class=\"footnotes_plugin_reference_row\"> <th scope=\"row\" class=\"footnote_plugin_index_combi pointer\"  onclick=\"footnote_moveToAnchor_3906_1('footnote_plugin_tooltip_3906_1_3');\"><a id=\"footnote_plugin_reference_3906_1_3\" class=\"footnote_backlink\"><span class=\"footnote_index_arrow\">&#8593;<\/span>3<\/a><\/th> <td class=\"footnote_plugin_text\">M\u1ee5c 4646(f)(2)(B).<\/td><\/tr>\r\n\r\n <\/tbody> <\/table> <\/div><\/div><script type=\"text\/javascript\"> function footnote_expand_reference_container_3906_1() { jQuery('#footnote_references_container_3906_1').show(); jQuery('#footnote_reference_container_collapse_button_3906_1').text('\u2212'); } function footnote_collapse_reference_container_3906_1() { jQuery('#footnote_references_container_3906_1').hide(); jQuery('#footnote_reference_container_collapse_button_3906_1').text('+'); } function footnote_expand_collapse_reference_container_3906_1() { if (jQuery('#footnote_references_container_3906_1').is(':hidden')) { footnote_expand_reference_container_3906_1(); } else { footnote_collapse_reference_container_3906_1(); } } function footnote_moveToReference_3906_1(p_str_TargetID) { footnote_expand_reference_container_3906_1(); var l_obj_Target = jQuery('#' + p_str_TargetID); if (l_obj_Target.length) { jQuery( 'html, body' ).delay( 0 ); jQuery('html, body').animate({ scrollTop: l_obj_Target.offset().top - window.innerHeight * 0.2 }, 380); } } function footnote_moveToAnchor_3906_1(p_str_TargetID) { footnote_expand_reference_container_3906_1(); var l_obj_Target = jQuery('#' + p_str_TargetID); if (l_obj_Target.length) { jQuery( 'html, body' ).delay( 0 ); jQuery('html, body').animate({ scrollTop: l_obj_Target.offset().top - window.innerHeight * 0.2 }, 380); } }<\/script>","protected":false},"excerpt":{"rendered":"<p>\u0110i\u1ec1u ph\u1ed1i vi\u00ean d\u1ecbch v\u1ee5 c\u1ee7a qu\u00fd v\u1ecb ho\u1eb7c ng\u01b0\u1eddi \u0111\u1ea1i di\u1ec7n kh\u00e1c c\u1ee7a trung t\u00e2m khu v\u1ef1c ph\u1ea3i g\u1eb7p tr\u1ef1c ti\u1ebfp qu\u00fd v\u1ecb \u00edt&hellip;<\/p>\n","protected":false},"author":9,"featured_media":0,"parent":1193,"menu_order":16,"comment_status":"closed","ping_status":"closed","template":"","meta":{"footnotes":""},"class_list":["post-3906","page","type-page","status-publish","hentry"],"_links":{"self":[{"href":"https:\/\/rula.disabilityrightsca.org\/vi\/wp-json\/wp\/v2\/pages\/3906","targetHints":{"allow":["GET"]}}],"collection":[{"href":"https:\/\/rula.disabilityrightsca.org\/vi\/wp-json\/wp\/v2\/pages"}],"about":[{"href":"https:\/\/rula.disabilityrightsca.org\/vi\/wp-json\/wp\/v2\/types\/page"}],"author":[{"embeddable":true,"href":"https:\/\/rula.disabilityrightsca.org\/vi\/wp-json\/wp\/v2\/users\/9"}],"replies":[{"embeddable":true,"href":"https:\/\/rula.disabilityrightsca.org\/vi\/wp-json\/wp\/v2\/comments?post=3906"}],"version-history":[{"count":1,"href":"https:\/\/rula.disabilityrightsca.org\/vi\/wp-json\/wp\/v2\/pages\/3906\/revisions"}],"predecessor-version":[{"id":3907,"href":"https:\/\/rula.disabilityrightsca.org\/vi\/wp-json\/wp\/v2\/pages\/3906\/revisions\/3907"}],"up":[{"embeddable":true,"href":"https:\/\/rula.disabilityrightsca.org\/vi\/wp-json\/wp\/v2\/pages\/1193"}],"wp:attachment":[{"href":"https:\/\/rula.disabilityrightsca.org\/vi\/wp-json\/wp\/v2\/media?parent=3906"}],"curies":[{"name":"wp","href":"https:\/\/api.w.org\/{rel}","templated":true}]}}