{"id":3774,"date":"2023-07-21T22:06:15","date_gmt":"2023-07-21T22:06:15","guid":{"rendered":"https:\/\/rula.disabilityrightsca.org\/vi\/?page_id=3774"},"modified":"2023-07-21T22:06:15","modified_gmt":"2023-07-21T22:06:15","slug":"6-42-con-toi-co-the-tham-gia-chuong-trinh-tu-xac-dinh-khong","status":"publish","type":"page","link":"https:\/\/rula.disabilityrightsca.org\/vi\/rula-book\/chapter-6-keeping-the-family-together-services-and-supports-for-children\/6-42-con-toi-co-the-tham-gia-chuong-trinh-tu-xac-dinh-khong\/","title":{"rendered":"(6.42) Con t\u00f4i c\u00f3 th\u1ec3 tham gia Ch\u01b0\u01a1ng Tr\u00ecnh T\u1ef1 X\u00e1c \u0110\u1ecbnh kh\u00f4ng?"},"content":{"rendered":"\n<p>C\u00f3. Tr\u1ebb em h\u1ed9i \u0111\u1ee7 \u0111i\u1ec1u ki\u1ec7n tham gia Ch\u01b0\u01a1ng Tr\u00ecnh T\u1ef1 X\u00e1c \u0110\u1ecbnh (Self-Determination Program, SDP). \u0110\u1ec3 bi\u1ebft th\u00eam chi ti\u1ebft v\u00e0 xem x\u00e9t vi\u1ec7c ghi danh v\u00e0o SDP, h\u00e3y trao \u0111\u1ed5i v\u1edbi \u0111i\u1ec1u ph\u1ed1i vi\u00ean d\u1ecbch v\u1ee5 c\u1ee7a con qu\u00fd v\u1ecb. \u0110\u1ec3 bi\u1ebft th\u00f4ng tin v\u1ec1 ho\u1ea1t \u0111\u1ed9ng \u0111\u1ecbnh h\u01b0\u1edbng qu\u00fd v\u1ecb ph\u1ea3i tham d\u1ef1, h\u00e3y li\u00ean h\u1ec7 v\u1edbi \u1ee6y Ban C\u1ed1 V\u1ea5n \u0110\u1ecba Ph\u01b0\u01a1ng V\u1ec1 T\u1ef1 X\u00e1c \u0110\u1ecbnh (Self-Determination Local Advisory Committee) c\u1ee7a qu\u00fd v\u1ecb. Xem Ch\u01b0\u01a1ng 3 \u0111\u1ec3 bi\u1ebft th\u00f4ng tin v\u1ec1 SDP.<\/p>\n","protected":false},"excerpt":{"rendered":"<p>C\u00f3. Tr\u1ebb em h\u1ed9i \u0111\u1ee7 \u0111i\u1ec1u ki\u1ec7n tham gia Ch\u01b0\u01a1ng Tr\u00ecnh T\u1ef1 X\u00e1c \u0110\u1ecbnh (Self-Determination Program, SDP). \u0110\u1ec3 bi\u1ebft th\u00eam chi ti\u1ebft v\u00e0 xem x\u00e9t&hellip;<\/p>\n","protected":false},"author":1,"featured_media":0,"parent":219,"menu_order":42,"comment_status":"closed","ping_status":"closed","template":"","meta":{"footnotes":""},"class_list":["post-3774","page","type-page","status-publish","hentry"],"_links":{"self":[{"href":"https:\/\/rula.disabilityrightsca.org\/vi\/wp-json\/wp\/v2\/pages\/3774","targetHints":{"allow":["GET"]}}],"collection":[{"href":"https:\/\/rula.disabilityrightsca.org\/vi\/wp-json\/wp\/v2\/pages"}],"about":[{"href":"https:\/\/rula.disabilityrightsca.org\/vi\/wp-json\/wp\/v2\/types\/page"}],"author":[{"embeddable":true,"href":"https:\/\/rula.disabilityrightsca.org\/vi\/wp-json\/wp\/v2\/users\/1"}],"replies":[{"embeddable":true,"href":"https:\/\/rula.disabilityrightsca.org\/vi\/wp-json\/wp\/v2\/comments?post=3774"}],"version-history":[{"count":1,"href":"https:\/\/rula.disabilityrightsca.org\/vi\/wp-json\/wp\/v2\/pages\/3774\/revisions"}],"predecessor-version":[{"id":3775,"href":"https:\/\/rula.disabilityrightsca.org\/vi\/wp-json\/wp\/v2\/pages\/3774\/revisions\/3775"}],"up":[{"embeddable":true,"href":"https:\/\/rula.disabilityrightsca.org\/vi\/wp-json\/wp\/v2\/pages\/219"}],"wp:attachment":[{"href":"https:\/\/rula.disabilityrightsca.org\/vi\/wp-json\/wp\/v2\/media?parent=3774"}],"curies":[{"name":"wp","href":"https:\/\/api.w.org\/{rel}","templated":true}]}}