{"id":3770,"date":"2023-07-21T21:44:41","date_gmt":"2023-07-21T21:44:41","guid":{"rendered":"https:\/\/rula.disabilityrightsca.org\/vi\/?page_id=3770"},"modified":"2023-07-21T21:45:23","modified_gmt":"2023-07-21T21:45:23","slug":"6-40-chuong-trinh-ho-tro-nhan-nuoi-adoption-assistance-program-aap-va-trung-tam-khu-vuc-phuc-vu-tre-bi-khuyet-tat-ve-phat-trien-nhu-the-nao","status":"publish","type":"page","link":"https:\/\/rula.disabilityrightsca.org\/vi\/rula-book\/chapter-6-keeping-the-family-together-services-and-supports-for-children\/6-40-chuong-trinh-ho-tro-nhan-nuoi-adoption-assistance-program-aap-va-trung-tam-khu-vuc-phuc-vu-tre-bi-khuyet-tat-ve-phat-trien-nhu-the-nao\/","title":{"rendered":"(6.40) Ch\u01b0\u01a1ng Tr\u00ecnh H\u1ed7 Tr\u1ee3 Nh\u1eadn Nu\u00f4i (Adoption Assistance Program, AAP) v\u00e0 trung t\u00e2m khu v\u1ef1c ph\u1ee5c v\u1ee5 tr\u1ebb b\u1ecb khuy\u1ebft t\u1eadt v\u1ec1 ph\u00e1t tri\u1ec3n nh\u01b0 th\u1ebf n\u00e0o?"},"content":{"rendered":"\n<p>AAP l\u00e0 m\u1ed9t ch\u01b0\u01a1ng tr\u00ecnh li\u00ean bang<span class=\"footnote_referrer\"><a role=\"button\" tabindex=\"0\" onclick=\"footnote_moveToReference_3770_1('footnote_plugin_reference_3770_1_1');\" onkeypress=\"footnote_moveToReference_3770_1('footnote_plugin_reference_3770_1_1');\" ><sup id=\"footnote_plugin_tooltip_3770_1_1\" class=\"footnote_plugin_tooltip_text\">[1]<\/sup><\/a><span id=\"footnote_plugin_tooltip_text_3770_1_1\" class=\"footnote_tooltip\">Xem Ti\u00eau \u0110\u1ec1 42 B\u1ed9 Lu\u1eadt Hoa K\u1ef3 m\u1ee5c 670 v\u00e0 c\u00e1c m\u1ee5c sau c\u00f9ng Ti\u00eau \u0110\u1ec1 45 B\u1ed9 Lu\u1eadt C\u00e1c Quy \u0110\u1ecbnh Li\u00ean Bang c\u00e1c m\u1ee5c 1356.40 v\u00e0 1356.41.<\/span><\/span><script type=\"text\/javascript\"> jQuery('#footnote_plugin_tooltip_3770_1_1').tooltip({ tip: '#footnote_plugin_tooltip_text_3770_1_1', tipClass: 'footnote_tooltip', effect: 'fade', predelay: 0, fadeInSpeed: 200, delay: 400, fadeOutSpeed: 200, position: 'top center', relative: true, offset: [-7, 0], });<\/script> do c\u00e1c ti\u1ec3u bang th\u1ef1c hi\u1ec7n<span class=\"footnote_referrer\"><a role=\"button\" tabindex=\"0\" onclick=\"footnote_moveToReference_3770_1('footnote_plugin_reference_3770_1_2');\" onkeypress=\"footnote_moveToReference_3770_1('footnote_plugin_reference_3770_1_2');\" ><sup id=\"footnote_plugin_tooltip_3770_1_2\" class=\"footnote_plugin_tooltip_text\">[2]<\/sup><\/a><span id=\"footnote_plugin_tooltip_text_3770_1_2\" class=\"footnote_tooltip\">Xem B\u1ed9 Lu\u1eadt Ph\u00fac L\u1ee3i v\u00e0 \u0110\u1ecbnh Ch\u1ebf California m\u1ee5c 16115.5 v\u00e0 c\u00e1c m\u1ee5c sau c\u00f9ng Ti\u00eau \u0110\u1ec1 22 B\u1ed9 Lu\u1eadt C\u00e1c Quy \u0110\u1ecbnh California m\u1ee5c 35000 v\u00e0 c\u00e1c m\u1ee5c sau.<\/span><\/span><script type=\"text\/javascript\"> jQuery('#footnote_plugin_tooltip_3770_1_2').tooltip({ tip: '#footnote_plugin_tooltip_text_3770_1_2', tipClass: 'footnote_tooltip', effect: 'fade', predelay: 0, fadeInSpeed: 200, delay: 400, fadeOutSpeed: 200, position: 'top center', relative: true, offset: [-7, 0], });<\/script> \u0111\u1ec3 khuy\u1ebfn kh\u00edch m\u1ecdi ng\u01b0\u1eddi nh\u1eadn nu\u00f4i tr\u1ebb \u0111ang \u0111\u01b0\u1ee3c nh\u1eadn nu\u00f4i t\u1ea1m th\u1eddi ho\u1eb7c tr\u1ebb s\u1eafp \u0111\u01b0\u1ee3c nh\u1eadn nu\u00f4i t\u1ea1m th\u1eddi. Ch\u01b0\u01a1ng tr\u00ecnh n\u00e0y cung c\u1ea5p c\u00e1c kho\u1ea3n khuy\u1ebfn kh\u00edch t\u00e0i ch\u00ednh cho gia \u0111\u00ecnh nh\u1eadn nu\u00f4i.<\/p>\n\n\n\n<p>Qu\u00fd v\u1ecb ph\u1ea3i \u0111\u00e1p \u1ee9ng ba y\u00eau c\u1ea7u \u0111\u1ec3 h\u1ed9i \u0111\u1ee7 \u0111i\u1ec1u ki\u1ec7n tham gia AAP:<\/p>\n\n\n\n<ol class=\"wp-block-list\" type=\"1\"><li>Tr\u1ebb ph\u1ea3i d\u01b0\u1edbi 18 tu\u1ed5i (ho\u1eb7c d\u01b0\u1edbi 21 tu\u1ed5i n\u1ebfu tr\u1ebb b\u1ecb khuy\u1ebft t\u1eadt v\u1ec1 t\u00e2m th\u1ea7n ho\u1eb7c th\u1ec3 ch\u1ea5t v\u00e0 v\u1eabn c\u1ea7n tr\u1ee3 gi\u00fap).<\/li><li>Tr\u1ebb c\u00f3 l\u1ebd kh\u00f4ng \u0111\u01b0\u1ee3c nh\u1eadn nu\u00f4i n\u1ebfu kh\u00f4ng c\u00f3 tr\u1ee3 gi\u00fap t\u00e0i ch\u00ednh do tu\u1ed5i, t\u00ecnh tr\u1ea1ng khuy\u1ebft t\u1eadt, anh ch\u1ecb em c\u1ea7n \u1edf c\u00f9ng nhau, s\u1eafc t\u1ed9c, d\u00e2n t\u1ed9c ho\u1eb7c m\u00e0u da.<\/li><li>T\u00f2a ph\u1ea3i can d\u1ef1 v\u00e0 x\u00e1c \u0111\u1ecbnh xem vi\u1ec7c nh\u1eadn nu\u00f4i c\u00f3 v\u00ec l\u1ee3i \u00edch t\u1ed1t nh\u1ea5t c\u1ee7a tr\u1ebb hay kh\u00f4ng.<span class=\"footnote_referrer\"><a role=\"button\" tabindex=\"0\" onclick=\"footnote_moveToReference_3770_1('footnote_plugin_reference_3770_1_3');\" onkeypress=\"footnote_moveToReference_3770_1('footnote_plugin_reference_3770_1_3');\" ><sup id=\"footnote_plugin_tooltip_3770_1_3\" class=\"footnote_plugin_tooltip_text\">[3]<\/sup><\/a><span id=\"footnote_plugin_tooltip_text_3770_1_3\" class=\"footnote_tooltip\">B\u1ed9 Lu\u1eadt Ph\u00fac L\u1ee3i v\u00e0 \u0110\u1ecbnh Ch\u1ebf m\u1ee5c 16120.<\/span><\/span><script type=\"text\/javascript\"> jQuery('#footnote_plugin_tooltip_3770_1_3').tooltip({ tip: '#footnote_plugin_tooltip_text_3770_1_3', tipClass: 'footnote_tooltip', effect: 'fade', predelay: 0, fadeInSpeed: 200, delay: 400, fadeOutSpeed: 200, position: 'top center', relative: true, offset: [-7, 0], });<\/script><\/li><\/ol>\n\n\n\n<p>Vi\u1ec7c nh\u1eadn nu\u00f4i qu\u1ed1c t\u1ebf v\u00e0 \u0111\u1ed9c l\u1eadp kh\u00f4ng h\u1ed9i \u0111\u1ee7 \u0111i\u1ec1u ki\u1ec7n tham gia AAP. Tr\u1ebb nh\u1eadn c\u00e1c d\u1ecbch v\u1ee5 t\u1eeb trung t\u00e2m khu v\u1ef1c \u0111\u1ed3ng th\u1eddi nh\u1eadn c\u00e1c ph\u00fac l\u1ee3i AAP \u0111\u01b0\u1ee3c g\u1ecdi l\u00e0 \u201ctr\u1ebb thu\u1ed9c hai c\u01a1 quan\u201d. Tr\u1ebb thu\u1ed9c hai c\u01a1 quan c\u1ea7n c\u00f3 s\u1ef1 ch\u0103m s\u00f3c v\u00e0 gi\u00e1m s\u00e1t v\u01b0\u1ee3t qu\u00e1 s\u1ef1 ch\u0103m s\u00f3c v\u00e0 gi\u00e1m s\u00e1t \u0111\u01b0\u1ee3c cung c\u1ea5p cho nh\u1eefng tr\u1ebb kh\u00e1c \u0111ang \u0111\u01b0\u1ee3c nh\u1eadn nu\u00f4i t\u1ea1m th\u1eddi.<span class=\"footnote_referrer\"><a role=\"button\" tabindex=\"0\" onclick=\"footnote_moveToReference_3770_1('footnote_plugin_reference_3770_1_4');\" onkeypress=\"footnote_moveToReference_3770_1('footnote_plugin_reference_3770_1_4');\" ><sup id=\"footnote_plugin_tooltip_3770_1_4\" class=\"footnote_plugin_tooltip_text\">[4]<\/sup><\/a><span id=\"footnote_plugin_tooltip_text_3770_1_4\" class=\"footnote_tooltip\">B\u1ed9 Lu\u1ead\u0323t Ph\u00fac L\u1ee3i v\u00e0 \u0110\u1ecbnh Ch\u1ebf m\u1ee5c 11464(a)(1).<\/span><\/span><script type=\"text\/javascript\"> jQuery('#footnote_plugin_tooltip_3770_1_4').tooltip({ tip: '#footnote_plugin_tooltip_text_3770_1_4', tipClass: 'footnote_tooltip', effect: 'fade', predelay: 0, fadeInSpeed: 200, delay: 400, fadeOutSpeed: 200, position: 'top center', relative: true, offset: [-7, 0], });<\/script> Tr\u1ebb nh\u1eadn c\u00e1c ph\u00fac l\u1ee3i AAP v\u1eabn c\u00f3 quy\u1ec1n nh\u1eadn c\u00e1c d\u1ecbch v\u1ee5 c\u1ee7a trung t\u00e2m khu v\u1ef1c theo \u0110\u1ea1o Lu\u1eadt Lanterman.<span class=\"footnote_referrer\"><a role=\"button\" tabindex=\"0\" onclick=\"footnote_moveToReference_3770_1('footnote_plugin_reference_3770_1_5');\" onkeypress=\"footnote_moveToReference_3770_1('footnote_plugin_reference_3770_1_5');\" ><sup id=\"footnote_plugin_tooltip_3770_1_5\" class=\"footnote_plugin_tooltip_text\">[5]<\/sup><\/a><span id=\"footnote_plugin_tooltip_text_3770_1_5\" class=\"footnote_tooltip\">M\u1ee5c 4684.<\/span><\/span><script type=\"text\/javascript\"> jQuery('#footnote_plugin_tooltip_3770_1_5').tooltip({ tip: '#footnote_plugin_tooltip_text_3770_1_5', tipClass: 'footnote_tooltip', effect: 'fade', predelay: 0, fadeInSpeed: 200, delay: 400, fadeOutSpeed: 200, position: 'top center', relative: true, offset: [-7, 0], });<\/script> \u0110\u00f4i khi trung t\u00e2m khu v\u1ef1c c\u1ed1 g\u1eafng kh\u1eb3ng \u0111\u1ecbnh r\u1eb1ng ti\u1ec1n c\u1ee7a AAP ph\u1ea3i thanh to\u00e1n cho c\u00e1c d\u1ecbch v\u1ee5 nh\u01b0 ch\u0103m s\u00f3c t\u1ea1m th\u1eddi ho\u1eb7c d\u1ecbch v\u1ee5 h\u00e0nh vi. Tuy nhi\u00ean, c\u00e1c phi\u00ean \u0111i\u1ec1u tr\u1ea7n h\u00e0nh ch\u00ednh \u0111\u00e3 nhi\u1ec1u l\u1ea7n l\u1eb7p l\u1ea1i k\u1ebft lu\u1eadn r\u1eb1ng qu\u1ef9 c\u1ee7a AAP kh\u00f4ng ph\u1ea3i l\u00e0 ngu\u1ed3n l\u1ef1c chung v\u00e0 kh\u00f4ng ph\u1ea3i \u0111\u01b0\u1ee3c s\u1eed d\u1ee5ng \u0111\u1ec3 thanh to\u00e1n cho c\u00e1c d\u1ecbch v\u1ee5 c\u1ee7a trung t\u00e2m khu v\u1ef1c.<span class=\"footnote_referrer\"><a role=\"button\" tabindex=\"0\" onclick=\"footnote_moveToReference_3770_1('footnote_plugin_reference_3770_1_6');\" onkeypress=\"footnote_moveToReference_3770_1('footnote_plugin_reference_3770_1_6');\" ><sup id=\"footnote_plugin_tooltip_3770_1_6\" class=\"footnote_plugin_tooltip_text\">[6]<\/sup><\/a><span id=\"footnote_plugin_tooltip_text_3770_1_6\" class=\"footnote_tooltip\">C\u00e1c v\u1ee5 ki\u1ec7n k\u1ebft lu\u1eadn r\u1eb1ng AAP kh\u00f4ng ph\u1ea3i l\u00e0 ngu\u1ed3n l\u1ef1c chung g\u1ed3m c\u00f3: L.H. ki\u1ec7n Trung T\u00e2m Khu V\u1ef1c Valley Mountain, OAH V\u1ee5 ki\u1ec7n s\u1ed1 2002080370, Rebecca K. ki\u1ec7n Trung&nbsp;&#x2026; <span class=\"footnote_tooltip_continue\"  onclick=\"footnote_moveToReference_3770_1('footnote_plugin_reference_3770_1_6');\">Continue reading<\/span><\/span><\/span><script type=\"text\/javascript\"> jQuery('#footnote_plugin_tooltip_3770_1_6').tooltip({ tip: '#footnote_plugin_tooltip_text_3770_1_6', tipClass: 'footnote_tooltip', effect: 'fade', predelay: 0, fadeInSpeed: 200, delay: 400, fadeOutSpeed: 200, position: 'top center', relative: true, offset: [-7, 0], });<\/script><\/p>\n\n\n\n<p>N\u1ebfu qu\u00fd v\u1ecb \u0111ang c\u00e2n nh\u1eafc nh\u1eadn nu\u00f4i tr\u1ebb b\u1ecb khuy\u1ebft t\u1eadt v\u1ec1 ph\u00e1t tri\u1ec3n, h\u00e3y li\u00ean h\u1ec7 v\u1edbi Disability Rights California \u0111\u1ec3 bi\u1ebft th\u00f4ng tin v\u1ec1 c\u00e1ch ti\u1ebfp c\u1eadn ch\u01b0\u01a1ng tr\u00ecnh AAP.<\/p>\n<div class=\"speaker-mute footnotes_reference_container\"> <div class=\"footnote_container_prepare\"><p><span role=\"button\" tabindex=\"0\" class=\"footnote_reference_container_label pointer\" onclick=\"footnote_expand_collapse_reference_container_3770_1();\">&#x202F;<\/span><span role=\"button\" tabindex=\"0\" class=\"footnote_reference_container_collapse_button\" style=\"display: none;\" onclick=\"footnote_expand_collapse_reference_container_3770_1();\">[<a id=\"footnote_reference_container_collapse_button_3770_1\">+<\/a>]<\/span><\/p><\/div> <div id=\"footnote_references_container_3770_1\" style=\"\"><table class=\"footnotes_table footnote-reference-container\"><caption class=\"accessibility\">References<\/caption> <tbody> \r\n\r\n<tr class=\"footnotes_plugin_reference_row\"> <th scope=\"row\" class=\"footnote_plugin_index_combi pointer\"  onclick=\"footnote_moveToAnchor_3770_1('footnote_plugin_tooltip_3770_1_1');\"><a id=\"footnote_plugin_reference_3770_1_1\" class=\"footnote_backlink\"><span class=\"footnote_index_arrow\">&#8593;<\/span>1<\/a><\/th> <td class=\"footnote_plugin_text\">Xem Ti\u00eau \u0110\u1ec1 42 B\u1ed9 Lu\u1eadt Hoa K\u1ef3 m\u1ee5c 670 v\u00e0 c\u00e1c m\u1ee5c sau c\u00f9ng Ti\u00eau \u0110\u1ec1 45 B\u1ed9 Lu\u1eadt C\u00e1c Quy \u0110\u1ecbnh Li\u00ean Bang c\u00e1c m\u1ee5c 1356.40 v\u00e0 1356.41.<\/td><\/tr>\r\n\r\n<tr class=\"footnotes_plugin_reference_row\"> <th scope=\"row\" class=\"footnote_plugin_index_combi pointer\"  onclick=\"footnote_moveToAnchor_3770_1('footnote_plugin_tooltip_3770_1_2');\"><a id=\"footnote_plugin_reference_3770_1_2\" class=\"footnote_backlink\"><span class=\"footnote_index_arrow\">&#8593;<\/span>2<\/a><\/th> <td class=\"footnote_plugin_text\">Xem B\u1ed9 Lu\u1eadt Ph\u00fac L\u1ee3i v\u00e0 \u0110\u1ecbnh Ch\u1ebf California m\u1ee5c 16115.5 v\u00e0 c\u00e1c m\u1ee5c sau c\u00f9ng Ti\u00eau \u0110\u1ec1 22 B\u1ed9 Lu\u1eadt C\u00e1c Quy \u0110\u1ecbnh California m\u1ee5c 35000 v\u00e0 c\u00e1c m\u1ee5c sau.<\/td><\/tr>\r\n\r\n<tr class=\"footnotes_plugin_reference_row\"> <th scope=\"row\" class=\"footnote_plugin_index_combi pointer\"  onclick=\"footnote_moveToAnchor_3770_1('footnote_plugin_tooltip_3770_1_3');\"><a id=\"footnote_plugin_reference_3770_1_3\" class=\"footnote_backlink\"><span class=\"footnote_index_arrow\">&#8593;<\/span>3<\/a><\/th> <td class=\"footnote_plugin_text\">B\u1ed9 Lu\u1eadt Ph\u00fac L\u1ee3i v\u00e0 \u0110\u1ecbnh Ch\u1ebf m\u1ee5c 16120.<\/td><\/tr>\r\n\r\n<tr class=\"footnotes_plugin_reference_row\"> <th scope=\"row\" class=\"footnote_plugin_index_combi pointer\"  onclick=\"footnote_moveToAnchor_3770_1('footnote_plugin_tooltip_3770_1_4');\"><a id=\"footnote_plugin_reference_3770_1_4\" class=\"footnote_backlink\"><span class=\"footnote_index_arrow\">&#8593;<\/span>4<\/a><\/th> <td class=\"footnote_plugin_text\">B\u1ed9 Lu\u1ead\u0323t Ph\u00fac L\u1ee3i v\u00e0 \u0110\u1ecbnh Ch\u1ebf m\u1ee5c 11464(a)(1).<\/td><\/tr>\r\n\r\n<tr class=\"footnotes_plugin_reference_row\"> <th scope=\"row\" class=\"footnote_plugin_index_combi pointer\"  onclick=\"footnote_moveToAnchor_3770_1('footnote_plugin_tooltip_3770_1_5');\"><a id=\"footnote_plugin_reference_3770_1_5\" class=\"footnote_backlink\"><span class=\"footnote_index_arrow\">&#8593;<\/span>5<\/a><\/th> <td class=\"footnote_plugin_text\">M\u1ee5c 4684.<\/td><\/tr>\r\n\r\n<tr class=\"footnotes_plugin_reference_row\"> <th scope=\"row\" class=\"footnote_plugin_index_combi pointer\"  onclick=\"footnote_moveToAnchor_3770_1('footnote_plugin_tooltip_3770_1_6');\"><a id=\"footnote_plugin_reference_3770_1_6\" class=\"footnote_backlink\"><span class=\"footnote_index_arrow\">&#8593;<\/span>6<\/a><\/th> <td class=\"footnote_plugin_text\">C\u00e1c v\u1ee5 ki\u1ec7n k\u1ebft lu\u1eadn r\u1eb1ng AAP kh\u00f4ng ph\u1ea3i l\u00e0 ngu\u1ed3n l\u1ef1c chung g\u1ed3m c\u00f3: L.H. ki\u1ec7n Trung T\u00e2m Khu V\u1ef1c Valley Mountain, OAH V\u1ee5 ki\u1ec7n s\u1ed1 2002080370, Rebecca K. ki\u1ec7n Trung T\u00e2m Khu V\u1ef1c East Bay, OAH V\u1ee5 ki\u1ec7n s\u1ed1 2000030471, Breanna W. ki\u1ec7n Trung T\u00e2m Khu V\u1ef1c San Andreas, OAH V\u1ee5 ki\u1ec7n s\u1ed1 2000120046, T.S., C.S. v\u00e0 J.S. ki\u1ec7n Trung T\u00e2m Khu V\u1ef1c San Gabriel\/Pomona, OAH V\u1ee5 ki\u1ec7n s\u1ed1 2003050412, 2003050413 v\u00e0 2003050414, Jareth S. v\u00e0 Candace S. ki\u1ec7n Trung T\u00e2m Khu V\u1ef1c H\u1ea1t North Los Angeles, OAH V\u1ee5 ki\u1ec7n s\u1ed1 2000010339 v\u00e0 2000010340.<\/td><\/tr>\r\n\r\n <\/tbody> <\/table> <\/div><\/div><script type=\"text\/javascript\"> function footnote_expand_reference_container_3770_1() { jQuery('#footnote_references_container_3770_1').show(); jQuery('#footnote_reference_container_collapse_button_3770_1').text('\u2212'); } function footnote_collapse_reference_container_3770_1() { jQuery('#footnote_references_container_3770_1').hide(); jQuery('#footnote_reference_container_collapse_button_3770_1').text('+'); } function footnote_expand_collapse_reference_container_3770_1() { if (jQuery('#footnote_references_container_3770_1').is(':hidden')) { footnote_expand_reference_container_3770_1(); } else { footnote_collapse_reference_container_3770_1(); } } function footnote_moveToReference_3770_1(p_str_TargetID) { footnote_expand_reference_container_3770_1(); var l_obj_Target = jQuery('#' + p_str_TargetID); if (l_obj_Target.length) { jQuery( 'html, body' ).delay( 0 ); jQuery('html, body').animate({ scrollTop: l_obj_Target.offset().top - window.innerHeight * 0.2 }, 380); } } function footnote_moveToAnchor_3770_1(p_str_TargetID) { footnote_expand_reference_container_3770_1(); var l_obj_Target = jQuery('#' + p_str_TargetID); if (l_obj_Target.length) { jQuery( 'html, body' ).delay( 0 ); jQuery('html, body').animate({ scrollTop: l_obj_Target.offset().top - window.innerHeight * 0.2 }, 380); } }<\/script>","protected":false},"excerpt":{"rendered":"<p>AAP l\u00e0 m\u1ed9t ch\u01b0\u01a1ng tr\u00ecnh li\u00ean bang[1]Xem Ti\u00eau \u0110\u1ec1 42 B\u1ed9 Lu\u1eadt Hoa K\u1ef3 m\u1ee5c 670 v\u00e0 c\u00e1c m\u1ee5c sau c\u00f9ng Ti\u00eau \u0110\u1ec1 45 B\u1ed9&hellip;<\/p>\n","protected":false},"author":1,"featured_media":0,"parent":219,"menu_order":40,"comment_status":"closed","ping_status":"closed","template":"","meta":{"footnotes":""},"class_list":["post-3770","page","type-page","status-publish","hentry"],"_links":{"self":[{"href":"https:\/\/rula.disabilityrightsca.org\/vi\/wp-json\/wp\/v2\/pages\/3770","targetHints":{"allow":["GET"]}}],"collection":[{"href":"https:\/\/rula.disabilityrightsca.org\/vi\/wp-json\/wp\/v2\/pages"}],"about":[{"href":"https:\/\/rula.disabilityrightsca.org\/vi\/wp-json\/wp\/v2\/types\/page"}],"author":[{"embeddable":true,"href":"https:\/\/rula.disabilityrightsca.org\/vi\/wp-json\/wp\/v2\/users\/1"}],"replies":[{"embeddable":true,"href":"https:\/\/rula.disabilityrightsca.org\/vi\/wp-json\/wp\/v2\/comments?post=3770"}],"version-history":[{"count":1,"href":"https:\/\/rula.disabilityrightsca.org\/vi\/wp-json\/wp\/v2\/pages\/3770\/revisions"}],"predecessor-version":[{"id":3771,"href":"https:\/\/rula.disabilityrightsca.org\/vi\/wp-json\/wp\/v2\/pages\/3770\/revisions\/3771"}],"up":[{"embeddable":true,"href":"https:\/\/rula.disabilityrightsca.org\/vi\/wp-json\/wp\/v2\/pages\/219"}],"wp:attachment":[{"href":"https:\/\/rula.disabilityrightsca.org\/vi\/wp-json\/wp\/v2\/media?parent=3770"}],"curies":[{"name":"wp","href":"https:\/\/api.w.org\/{rel}","templated":true}]}}