{"id":3767,"date":"2023-07-21T21:42:01","date_gmt":"2023-07-21T21:42:01","guid":{"rendered":"https:\/\/rula.disabilityrightsca.org\/vi\/?page_id=3767"},"modified":"2023-07-21T21:42:02","modified_gmt":"2023-07-21T21:42:02","slug":"6-39-trung-tam-khu-vuc-co-the-cung-cap-dich-vu-cham-soc-dieu-duong-khong","status":"publish","type":"page","link":"https:\/\/rula.disabilityrightsca.org\/vi\/rula-book\/chapter-6-keeping-the-family-together-services-and-supports-for-children\/6-39-trung-tam-khu-vuc-co-the-cung-cap-dich-vu-cham-soc-dieu-duong-khong\/","title":{"rendered":"(6.39) Trung t\u00e2m khu v\u1ef1c c\u00f3 th\u1ec3 cung c\u1ea5p d\u1ecbch v\u1ee5 ch\u0103m s\u00f3c \u0111i\u1ec1u d\u01b0\u1ee1ng kh\u00f4ng?"},"content":{"rendered":"\n<p>N\u1ebfu con qu\u00fd v\u1ecb c\u1ea7n ch\u0103m s\u00f3c \u0111i\u1ec1u d\u01b0\u1ee1ng t\u1ea1i nh\u00e0 v\u00e0 d\u1ecbch v\u1ee5 n\u00e0y c\u00f3 th\u1ec3 \u0111\u01b0\u1ee3c Medi-Cal, Medicare, CHAMPUS<span class=\"footnote_referrer\"><a role=\"button\" tabindex=\"0\" onclick=\"footnote_moveToReference_3767_1('footnote_plugin_reference_3767_1_1');\" onkeypress=\"footnote_moveToReference_3767_1('footnote_plugin_reference_3767_1_1');\" ><sup id=\"footnote_plugin_tooltip_3767_1_1\" class=\"footnote_plugin_tooltip_text\">[1]<\/sup><\/a><span id=\"footnote_plugin_tooltip_text_3767_1_1\" class=\"footnote_tooltip\">Ch\u01b0\u01a1ng Tr\u00ecnh S\u1ee9c Kho\u1ebb v\u00e0 Y T\u1ebf Cho Ng\u01b0\u1eddi D\u00e2n \u0111\u1ed1i v\u1edbi C\u00e1c D\u1ecbch V\u1ee5 Th\u1ed1ng Nh\u1ea5t<\/span><\/span><script type=\"text\/javascript\"> jQuery('#footnote_plugin_tooltip_3767_1_1').tooltip({ tip: '#footnote_plugin_tooltip_text_3767_1_1', tipClass: 'footnote_tooltip', effect: 'fade', predelay: 0, fadeInSpeed: 200, delay: 400, fadeOutSpeed: 200, position: 'top center', relative: true, offset: [-7, 0], });<\/script>, D\u1ecbch V\u1ee5 H\u1ed7 Tr\u1ee3 T\u1ea1i Nh\u00e0, D\u1ecbch V\u1ee5 Tr\u1ebb Em California ho\u1eb7c b\u1ea3o hi\u1ec3m cung c\u1ea5p, trung t\u00e2m khu v\u1ef1c kh\u00f4ng th\u1ec3 thanh to\u00e1n cho d\u1ecbch v\u1ee5 ch\u0103m s\u00f3c \u0111i\u1ec1u d\u01b0\u1ee1ng n\u1ebfu qu\u00fd v\u1ecb ch\u1ecdn kh\u00f4ng y\u00eau c\u1ea7u kho\u1ea3n bao tr\u1ea3 t\u1eeb c\u00e1c ngu\u1ed3n \u0111\u00f3.<span class=\"footnote_referrer\"><a role=\"button\" tabindex=\"0\" onclick=\"footnote_moveToReference_3767_1('footnote_plugin_reference_3767_1_2');\" onkeypress=\"footnote_moveToReference_3767_1('footnote_plugin_reference_3767_1_2');\" ><sup id=\"footnote_plugin_tooltip_3767_1_2\" class=\"footnote_plugin_tooltip_text\">[2]<\/sup><\/a><span id=\"footnote_plugin_tooltip_text_3767_1_2\" class=\"footnote_tooltip\">M\u1ee5c 4659.<\/span><\/span><script type=\"text\/javascript\"> jQuery('#footnote_plugin_tooltip_3767_1_2').tooltip({ tip: '#footnote_plugin_tooltip_text_3767_1_2', tipClass: 'footnote_tooltip', effect: 'fade', predelay: 0, fadeInSpeed: 200, delay: 400, fadeOutSpeed: 200, position: 'top center', relative: true, offset: [-7, 0], });<\/script> C\u00e1c gia \u0111\u00ecnh c\u00f3 th\u1ec3 th\u00edch nh\u1eadn d\u1ecbch v\u1ee5 ch\u0103m s\u00f3c \u0111i\u1ec1u d\u01b0\u1ee1ng qua trung t\u00e2m khu v\u1ef1c h\u01a1n. Tuy nhi\u00ean, tr\u01b0\u1edbc ti\u00ean h\u1ecd ph\u1ea3i s\u1eed d\u1ee5ng c\u00e1c ngu\u1ed3n l\u1ef1c chung s\u1eb5n c\u00f3. Nhi\u1ec1u gia \u0111\u00ecnh s\u1eed d\u1ee5ng k\u1ebft h\u1ee3p c\u00e1c ngu\u1ed3n \u0111\u1ec3 thanh to\u00e1n cho d\u1ecbch v\u1ee5 ch\u0103m s\u00f3c \u0111i\u1ec1u d\u01b0\u1ee1ng c\u1ee7a con h\u1ecd. H\u1ea7u h\u1ebft c\u00e1c c\u00f4ng ty b\u1ea3o hi\u1ec3m t\u01b0 nh\u00e2n \u0111\u1ec1u c\u00f3 gi\u1edbi h\u1ea1n tr\u1ecdn \u0111\u1eddi \u0111\u1ed1i v\u1edbi c\u00e1c d\u1ecbch v\u1ee5. Ch\u0103m s\u00f3c \u0111i\u1ec1u d\u01b0\u1ee1ng c\u00f3 th\u1ec3 r\u1ea5t t\u1ed1n k\u00e9m v\u00e0 nhanh ch\u00f3ng \u0111\u1ea1t \u0111\u1ebfn gi\u1edbi h\u1ea1n tr\u1ecdn \u0111\u1eddi. N\u1ebfu con qu\u00fd v\u1ecb h\u1ed9i \u0111\u1ee7 \u0111i\u1ec1u ki\u1ec7n nh\u1eadn tr\u1ef1c ti\u1ebfp Medi-Cal ho\u1eb7c qua m\u1ed9t Ch\u01b0\u01a1ng Tr\u00ecnh Mi\u1ec5n Tr\u1eeb, Medi-Cal c\u00f3 th\u1ec3 cung c\u1ea5p d\u1ecbch v\u1ee5 ch\u0103m s\u00f3c \u0111i\u1ec1u d\u01b0\u1ee1ng cho con qu\u00fd v\u1ecb t\u1ea1i nh\u00e0.<\/p>\n<div class=\"speaker-mute footnotes_reference_container\"> <div class=\"footnote_container_prepare\"><p><span role=\"button\" tabindex=\"0\" class=\"footnote_reference_container_label pointer\" onclick=\"footnote_expand_collapse_reference_container_3767_1();\">&#x202F;<\/span><span role=\"button\" tabindex=\"0\" class=\"footnote_reference_container_collapse_button\" style=\"display: none;\" onclick=\"footnote_expand_collapse_reference_container_3767_1();\">[<a id=\"footnote_reference_container_collapse_button_3767_1\">+<\/a>]<\/span><\/p><\/div> <div id=\"footnote_references_container_3767_1\" style=\"\"><table class=\"footnotes_table footnote-reference-container\"><caption class=\"accessibility\">References<\/caption> <tbody> \r\n\r\n<tr class=\"footnotes_plugin_reference_row\"> <th scope=\"row\" class=\"footnote_plugin_index_combi pointer\"  onclick=\"footnote_moveToAnchor_3767_1('footnote_plugin_tooltip_3767_1_1');\"><a id=\"footnote_plugin_reference_3767_1_1\" class=\"footnote_backlink\"><span class=\"footnote_index_arrow\">&#8593;<\/span>1<\/a><\/th> <td class=\"footnote_plugin_text\">Ch\u01b0\u01a1ng Tr\u00ecnh S\u1ee9c Kho\u1ebb v\u00e0 Y T\u1ebf Cho Ng\u01b0\u1eddi D\u00e2n \u0111\u1ed1i v\u1edbi C\u00e1c D\u1ecbch V\u1ee5 Th\u1ed1ng Nh\u1ea5t<\/td><\/tr>\r\n\r\n<tr class=\"footnotes_plugin_reference_row\"> <th scope=\"row\" class=\"footnote_plugin_index_combi pointer\"  onclick=\"footnote_moveToAnchor_3767_1('footnote_plugin_tooltip_3767_1_2');\"><a id=\"footnote_plugin_reference_3767_1_2\" class=\"footnote_backlink\"><span class=\"footnote_index_arrow\">&#8593;<\/span>2<\/a><\/th> <td class=\"footnote_plugin_text\">M\u1ee5c 4659.<\/td><\/tr>\r\n\r\n <\/tbody> <\/table> <\/div><\/div><script type=\"text\/javascript\"> function footnote_expand_reference_container_3767_1() { jQuery('#footnote_references_container_3767_1').show(); jQuery('#footnote_reference_container_collapse_button_3767_1').text('\u2212'); } function footnote_collapse_reference_container_3767_1() { jQuery('#footnote_references_container_3767_1').hide(); jQuery('#footnote_reference_container_collapse_button_3767_1').text('+'); } function footnote_expand_collapse_reference_container_3767_1() { if (jQuery('#footnote_references_container_3767_1').is(':hidden')) { footnote_expand_reference_container_3767_1(); } else { footnote_collapse_reference_container_3767_1(); } } function footnote_moveToReference_3767_1(p_str_TargetID) { footnote_expand_reference_container_3767_1(); var l_obj_Target = jQuery('#' + p_str_TargetID); if (l_obj_Target.length) { jQuery( 'html, body' ).delay( 0 ); jQuery('html, body').animate({ scrollTop: l_obj_Target.offset().top - window.innerHeight * 0.2 }, 380); } } function footnote_moveToAnchor_3767_1(p_str_TargetID) { footnote_expand_reference_container_3767_1(); var l_obj_Target = jQuery('#' + p_str_TargetID); if (l_obj_Target.length) { jQuery( 'html, body' ).delay( 0 ); jQuery('html, body').animate({ scrollTop: l_obj_Target.offset().top - window.innerHeight * 0.2 }, 380); } }<\/script>","protected":false},"excerpt":{"rendered":"<p>N\u1ebfu con qu\u00fd v\u1ecb c\u1ea7n ch\u0103m s\u00f3c \u0111i\u1ec1u d\u01b0\u1ee1ng t\u1ea1i nh\u00e0 v\u00e0 d\u1ecbch v\u1ee5 n\u00e0y c\u00f3 th\u1ec3 \u0111\u01b0\u1ee3c Medi-Cal, Medicare, CHAMPUS[1]Ch\u01b0\u01a1ng Tr\u00ecnh S\u1ee9c Kho\u1ebb v\u00e0&hellip;<\/p>\n","protected":false},"author":1,"featured_media":0,"parent":219,"menu_order":39,"comment_status":"closed","ping_status":"closed","template":"","meta":{"footnotes":""},"class_list":["post-3767","page","type-page","status-publish","hentry"],"_links":{"self":[{"href":"https:\/\/rula.disabilityrightsca.org\/vi\/wp-json\/wp\/v2\/pages\/3767","targetHints":{"allow":["GET"]}}],"collection":[{"href":"https:\/\/rula.disabilityrightsca.org\/vi\/wp-json\/wp\/v2\/pages"}],"about":[{"href":"https:\/\/rula.disabilityrightsca.org\/vi\/wp-json\/wp\/v2\/types\/page"}],"author":[{"embeddable":true,"href":"https:\/\/rula.disabilityrightsca.org\/vi\/wp-json\/wp\/v2\/users\/1"}],"replies":[{"embeddable":true,"href":"https:\/\/rula.disabilityrightsca.org\/vi\/wp-json\/wp\/v2\/comments?post=3767"}],"version-history":[{"count":1,"href":"https:\/\/rula.disabilityrightsca.org\/vi\/wp-json\/wp\/v2\/pages\/3767\/revisions"}],"predecessor-version":[{"id":3768,"href":"https:\/\/rula.disabilityrightsca.org\/vi\/wp-json\/wp\/v2\/pages\/3767\/revisions\/3768"}],"up":[{"embeddable":true,"href":"https:\/\/rula.disabilityrightsca.org\/vi\/wp-json\/wp\/v2\/pages\/219"}],"wp:attachment":[{"href":"https:\/\/rula.disabilityrightsca.org\/vi\/wp-json\/wp\/v2\/media?parent=3767"}],"curies":[{"name":"wp","href":"https:\/\/api.w.org\/{rel}","templated":true}]}}