{"id":3765,"date":"2023-07-21T21:13:13","date_gmt":"2023-07-21T21:13:13","guid":{"rendered":"https:\/\/rula.disabilityrightsca.org\/vi\/?page_id=3765"},"modified":"2023-07-21T21:13:14","modified_gmt":"2023-07-21T21:13:14","slug":"6-38-trung-tam-khu-vuc-co-cung-cap-cac-dich-vu-khan-cap-hoac-can-thiep-khung-hoang-khong","status":"publish","type":"page","link":"https:\/\/rula.disabilityrightsca.org\/vi\/rula-book\/chapter-6-keeping-the-family-together-services-and-supports-for-children\/6-38-trung-tam-khu-vuc-co-cung-cap-cac-dich-vu-khan-cap-hoac-can-thiep-khung-hoang-khong\/","title":{"rendered":"(6.38) Trung t\u00e2m khu v\u1ef1c c\u00f3 cung c\u1ea5p c\u00e1c d\u1ecbch v\u1ee5 kh\u1ea9n c\u1ea5p ho\u1eb7c can thi\u1ec7p kh\u1ee7ng ho\u1ea3ng kh\u00f4ng?"},"content":{"rendered":"\n<p>\u0110\u1ea1o Lu\u1eadt Lanterman quy \u0111\u1ecbnh trung t\u00e2m khu v\u1ef1c c\u00f3 th\u1ec3 cung c\u1ea5p c\u00e1c d\u1ecbch v\u1ee5 kh\u1ea9n c\u1ea5p v\u00e0 can thi\u1ec7p kh\u1ee7ng ho\u1ea3ng \u0111\u1ec3 tr\u1ee3 gi\u00fap m\u1ed9t ng\u01b0\u1eddi \u1edf l\u1ea1i nh\u00e0 c\u1ee7a gia \u0111\u00ecnh.<\/p>\n\n\n\n<p>Nh\u1eefng d\u1ecbch v\u1ee5 n\u00e0y bao g\u1ed3m c\u00e1c d\u1ecbch v\u1ee5 s\u1ee9c kh\u1ecfe t\u00e2m th\u1ea7n v\u00e0 \u0111i\u1ec1u ch\u1ec9nh h\u00e0nh vi \u0111\u01b0\u1ee3c cung c\u1ea5p t\u1ea1i nh\u00e0 c\u1ee7a gia \u0111\u00ecnh. N\u1ebfu c\u00e1c d\u1ecbch v\u1ee5 kh\u00f4ng th\u00e0nh c\u00f4ng, trung t\u00e2m khu v\u1ef1c ph\u1ea3i cung c\u1ea5p nh\u00e0 \u1edf kh\u1ea9n c\u1ea5p trong c\u1ed9ng \u0111\u1ed3ng c\u1ee7a ng\u01b0\u1eddi \u0111\u00f3. N\u1ebfu ng\u01b0\u1eddi \u0111\u00f3 ph\u1ea3i chuy\u1ec3n \u0111\u1ebfn m\u1ed9t c\u1ed9ng \u0111\u1ed3ng kh\u00e1c, trung t\u00e2m khu v\u1ef1c ph\u1ea3i c\u1ed1 g\u1eafng \u0111\u01b0a h\u1ecd tr\u1edf l\u1ea1i nh\u00e0 c\u00f9ng t\u1ea5t c\u1ea3 s\u1ef1 h\u1ed7 tr\u1ee3 c\u1ea7n thi\u1ebft s\u1edbm nh\u1ea5t c\u00f3 th\u1ec3.<span class=\"footnote_referrer\"><a role=\"button\" tabindex=\"0\" onclick=\"footnote_moveToReference_3765_1('footnote_plugin_reference_3765_1_1');\" onkeypress=\"footnote_moveToReference_3765_1('footnote_plugin_reference_3765_1_1');\" ><sup id=\"footnote_plugin_tooltip_3765_1_1\" class=\"footnote_plugin_tooltip_text\">[1]<\/sup><\/a><span id=\"footnote_plugin_tooltip_text_3765_1_1\" class=\"footnote_tooltip\">M\u1ee5c 4648(a)(10).<\/span><\/span><script type=\"text\/javascript\"> jQuery('#footnote_plugin_tooltip_3765_1_1').tooltip({ tip: '#footnote_plugin_tooltip_text_3765_1_1', tipClass: 'footnote_tooltip', effect: 'fade', predelay: 0, fadeInSpeed: 200, delay: 400, fadeOutSpeed: 200, position: 'top center', relative: true, offset: [-7, 0], });<\/script><\/p>\n\n\n\n<p>C\u00f3 m\u1ed9t s\u1ed1 m\u00e1i \u1ea5m cho c\u00e1c tr\u01b0\u1eddng h\u1ee3p kh\u1ee7ng ho\u1ea3ng d\u00e0nh cho tr\u1ebb em \u1edf California cung c\u1ea5p s\u1ef1 h\u1ed7 tr\u1ee3 h\u00e0nh vi chuy\u00ean s\u00e2u. C\u00e1c m\u00e1i \u1ea5m n\u00e0y gi\u00fap tr\u1ebb qu\u1ea3n l\u00fd h\u00e0nh vi \u0111\u1ec3 c\u00f3 th\u1ec3 tr\u1edf v\u1ec1 nh\u00e0 c\u1ee7a tr\u1ebb. D\u1ef1 \u00c1n Ph\u00e1t Tri\u1ec3n Ngu\u1ed3n L\u1ef1c Khu V\u1ef1c (Regional Resource Development Projects, RRDP) th\u01b0\u1eddng gi\u1edbi thi\u1ec7u tr\u1ebb \u0111\u1ebfn c\u00e1c m\u00e1i \u1ea5m n\u00e0y.<\/p>\n\n\n\n<p>N\u1ebfu con qu\u00fd v\u1ecb b\u1ecb khuy\u1ebft t\u1eadt v\u1ec1 t\u00e2m th\u1ea7n v\u00e0 nh\u1eadn Medi-Cal to\u00e0n di\u1ec7n, tr\u1ebb c\u0169ng c\u00f3 th\u1ec3 nh\u1eadn D\u1ecbch V\u1ee5 Tr\u1ecb Li\u1ec7u H\u00e0nh Vi (Therapeutic Behavioral Services, TBS). TBS l\u00e0 c\u00e1c d\u1ecbch v\u1ee5 1:1 gi\u00fap qu\u00fd v\u1ecb v\u00e0 con qu\u00fd v\u1ecb h\u1ecdc \u0111\u01b0\u1ee3c c\u00e1c c\u00e1ch m\u1edbi \u0111\u1ec3 ki\u1ec3m so\u00e1t h\u00e0nh vi c\u00f3 v\u1ea5n \u0111\u1ec1 v\u00e0 t\u0103ng nh\u1eefng h\u00e0nh vi gi\u00fap con qu\u00fd v\u1ecb \u0111\u1ea1t \u0111\u01b0\u1ee3c th\u00e0nh c\u00f4ng.<\/p>\n<div class=\"speaker-mute footnotes_reference_container\"> <div class=\"footnote_container_prepare\"><p><span role=\"button\" tabindex=\"0\" class=\"footnote_reference_container_label pointer\" onclick=\"footnote_expand_collapse_reference_container_3765_1();\">&#x202F;<\/span><span role=\"button\" tabindex=\"0\" class=\"footnote_reference_container_collapse_button\" style=\"display: none;\" onclick=\"footnote_expand_collapse_reference_container_3765_1();\">[<a id=\"footnote_reference_container_collapse_button_3765_1\">+<\/a>]<\/span><\/p><\/div> <div id=\"footnote_references_container_3765_1\" style=\"\"><table class=\"footnotes_table footnote-reference-container\"><caption class=\"accessibility\">References<\/caption> <tbody> \r\n\r\n<tr class=\"footnotes_plugin_reference_row\"> <th scope=\"row\" class=\"footnote_plugin_index_combi pointer\"  onclick=\"footnote_moveToAnchor_3765_1('footnote_plugin_tooltip_3765_1_1');\"><a id=\"footnote_plugin_reference_3765_1_1\" class=\"footnote_backlink\"><span class=\"footnote_index_arrow\">&#8593;<\/span>1<\/a><\/th> <td class=\"footnote_plugin_text\">M\u1ee5c 4648(a)(10).<\/td><\/tr>\r\n\r\n <\/tbody> <\/table> <\/div><\/div><script type=\"text\/javascript\"> function footnote_expand_reference_container_3765_1() { jQuery('#footnote_references_container_3765_1').show(); jQuery('#footnote_reference_container_collapse_button_3765_1').text('\u2212'); } function footnote_collapse_reference_container_3765_1() { jQuery('#footnote_references_container_3765_1').hide(); jQuery('#footnote_reference_container_collapse_button_3765_1').text('+'); } function footnote_expand_collapse_reference_container_3765_1() { if (jQuery('#footnote_references_container_3765_1').is(':hidden')) { footnote_expand_reference_container_3765_1(); } else { footnote_collapse_reference_container_3765_1(); } } function footnote_moveToReference_3765_1(p_str_TargetID) { footnote_expand_reference_container_3765_1(); var l_obj_Target = jQuery('#' + p_str_TargetID); if (l_obj_Target.length) { jQuery( 'html, body' ).delay( 0 ); jQuery('html, body').animate({ scrollTop: l_obj_Target.offset().top - window.innerHeight * 0.2 }, 380); } } function footnote_moveToAnchor_3765_1(p_str_TargetID) { footnote_expand_reference_container_3765_1(); var l_obj_Target = jQuery('#' + p_str_TargetID); if (l_obj_Target.length) { jQuery( 'html, body' ).delay( 0 ); jQuery('html, body').animate({ scrollTop: l_obj_Target.offset().top - window.innerHeight * 0.2 }, 380); } }<\/script>","protected":false},"excerpt":{"rendered":"<p>\u0110\u1ea1o Lu\u1eadt Lanterman quy \u0111\u1ecbnh trung t\u00e2m khu v\u1ef1c c\u00f3 th\u1ec3 cung c\u1ea5p c\u00e1c d\u1ecbch v\u1ee5 kh\u1ea9n c\u1ea5p v\u00e0 can thi\u1ec7p kh\u1ee7ng ho\u1ea3ng \u0111\u1ec3 tr\u1ee3&hellip;<\/p>\n","protected":false},"author":1,"featured_media":0,"parent":219,"menu_order":38,"comment_status":"closed","ping_status":"closed","template":"","meta":{"footnotes":""},"class_list":["post-3765","page","type-page","status-publish","hentry"],"_links":{"self":[{"href":"https:\/\/rula.disabilityrightsca.org\/vi\/wp-json\/wp\/v2\/pages\/3765","targetHints":{"allow":["GET"]}}],"collection":[{"href":"https:\/\/rula.disabilityrightsca.org\/vi\/wp-json\/wp\/v2\/pages"}],"about":[{"href":"https:\/\/rula.disabilityrightsca.org\/vi\/wp-json\/wp\/v2\/types\/page"}],"author":[{"embeddable":true,"href":"https:\/\/rula.disabilityrightsca.org\/vi\/wp-json\/wp\/v2\/users\/1"}],"replies":[{"embeddable":true,"href":"https:\/\/rula.disabilityrightsca.org\/vi\/wp-json\/wp\/v2\/comments?post=3765"}],"version-history":[{"count":1,"href":"https:\/\/rula.disabilityrightsca.org\/vi\/wp-json\/wp\/v2\/pages\/3765\/revisions"}],"predecessor-version":[{"id":3766,"href":"https:\/\/rula.disabilityrightsca.org\/vi\/wp-json\/wp\/v2\/pages\/3765\/revisions\/3766"}],"up":[{"embeddable":true,"href":"https:\/\/rula.disabilityrightsca.org\/vi\/wp-json\/wp\/v2\/pages\/219"}],"wp:attachment":[{"href":"https:\/\/rula.disabilityrightsca.org\/vi\/wp-json\/wp\/v2\/media?parent=3765"}],"curies":[{"name":"wp","href":"https:\/\/api.w.org\/{rel}","templated":true}]}}