{"id":3712,"date":"2023-07-10T20:14:55","date_gmt":"2023-07-10T20:14:55","guid":{"rendered":"https:\/\/rula.disabilityrightsca.org\/vi\/?page_id=3712"},"modified":"2023-07-10T20:14:56","modified_gmt":"2023-07-10T20:14:56","slug":"11-26-neu-toi-muon-ghi-danh-vao-chuong-trinh-pace-toi-van-co-the-la-khach-hang-cua-trung-tam-khu-vuc-va-tham-gia-chuong-trinh-mien-tru-dd-dd-waiver-khong","status":"publish","type":"page","link":"https:\/\/rula.disabilityrightsca.org\/vi\/rula-book\/chapter-11-the-medi-cal-developmental-disability-waiver\/11-26-neu-toi-muon-ghi-danh-vao-chuong-trinh-pace-toi-van-co-the-la-khach-hang-cua-trung-tam-khu-vuc-va-tham-gia-chuong-trinh-mien-tru-dd-dd-waiver-khong\/","title":{"rendered":"(11.26) N\u1ebfu t\u00f4i mu\u1ed1n ghi danh v\u00e0o ch\u01b0\u01a1ng tr\u00ecnh PACE, t\u00f4i v\u1eabn c\u00f3 th\u1ec3 l\u00e0 kh\u00e1ch h\u00e0ng c\u1ee7a trung t\u00e2m khu v\u1ef1c v\u00e0 tham gia ch\u01b0\u01a1ng tr\u00ecnh Mi\u1ec5n Tr\u1eeb DD (DD Waiver) kh\u00f4ng?"},"content":{"rendered":"\n<p>Qu\u00fd v\u1ecb c\u00f3 th\u1ec3 tham gia ch\u01b0\u01a1ng tr\u00ecnh PACE, \u0111\u1ed3ng th\u1eddi v\u1eabn l\u00e0 kh\u00e1ch h\u00e0ng c\u1ee7a trung t\u00e2m khu v\u1ef1c.&nbsp; Qu\u00fd v\u1ecb kh\u00f4ng th\u1ec3 tham gia ch\u01b0\u01a1ng tr\u00ecnh PACE v\u00e0 ch\u01b0\u01a1ng tr\u00ecnh Mi\u1ec5n Tr\u1eeb DD c\u00f9ng l\u00fac.<\/p>\n\n\n\n<p>C\u00e1c Ch\u01b0\u01a1ng Tr\u00ecnh Ch\u0103m S\u00f3c To\u00e0n Di\u1ec7n Cho Ng\u01b0\u1eddi Cao Tu\u1ed5i (Programs of All-Inclusive Care for the Elderly, PACE) cung c\u1ea5p nh\u1eefng d\u1ecbch v\u1ee5 y t\u1ebf v\u00e0 x\u00e3 h\u1ed9i cho ng\u01b0\u1eddi t\u1eeb 55 tu\u1ed5i tr\u1edf l\u00ean \u0111\u1ee7 \u0111i\u1ec1u ki\u1ec7n nh\u1eadn ch\u0103m s\u00f3c t\u1ea1i vi\u1ec7n d\u01b0\u1ee1ng l\u00e3o nh\u01b0ng c\u00f3 th\u1ec3 s\u1ed1ng t\u1ea1i nh\u00e0 khi \u0111\u01b0\u1ee3c h\u1ed7 tr\u1ee3. &nbsp;PACE \u0111\u01b0\u1ee3c \u0111i\u1ec1u h\u00e0nh tr\u00ean kh\u1eafp California b\u1edfi c\u00e1c t\u1ed5 ch\u1ee9c PACE \u0111\u1ecba ph\u01b0\u01a1ng.&nbsp; Kh\u00e1ch h\u00e0ng c\u1ee7a trung t\u00e2m khu v\u1ef1c c\u00f3 th\u1ec3 tham gia ch\u01b0\u01a1ng tr\u00ecnh PACE m\u00e0 kh\u00f4ng b\u1ecb m\u1ea5t kh\u1ea3 n\u0103ng h\u1ed9i \u0111\u1ee7 \u0111i\u1ec1u ki\u1ec7n t\u1ea1i trung t\u00e2m khu v\u1ef1c. &nbsp;M\u1eb7c d\u00f9 qu\u00fd v\u1ecb duy tr\u00ec kh\u1ea3 n\u0103ng h\u1ed9i \u0111\u1ee7 \u0111i\u1ec1u ki\u1ec7n t\u1ea1i trung t\u00e2m khu v\u1ef1c n\u1ebfu ghi danh v\u00e0o PACE nh\u01b0ng qu\u00fd v\u1ecb ph\u1ea3i nh\u1eadn \u0111\u01b0\u1ee3c t\u1ea5t c\u1ea3 c\u00e1c ph\u00fac l\u1ee3i c\u1ee7a Medicare v\u00e0 Medi-Cal ho\u00e0n to\u00e0n th\u00f4ng qua PACE.&nbsp; \u0110i\u1ec1u n\u00e0y c\u00f3 ngh\u0129a r\u1eb1ng n\u1ebfu trung t\u00e2m khu v\u1ef1c \u0111\u00e3 cung c\u1ea5p cho qu\u00fd v\u1ecb b\u1ea5t k\u1ef3 d\u1ecbch v\u1ee5 n\u00e0o c\u00f3 s\u1eb5n th\u00f4ng qua Medicare ho\u1eb7c Medi-Cal th\u00ec qu\u00fd v\u1ecb s\u1ebd ph\u1ea3i nh\u1eadn nh\u1eefng d\u1ecbch v\u1ee5 n\u00e0y t\u1eeb ch\u01b0\u01a1ng tr\u00ecnh PACE sau khi qu\u00fd v\u1ecb ghi danh. \u0110i\u1ec1u ph\u1ed1i vi\u00ean d\u1ecbch v\u1ee5 c\u1ee7a trung t\u00e2m khu v\u1ef1c ph\u1ea3i l\u00e0m vi\u1ec7c v\u1edbi ch\u01b0\u01a1ng tr\u00ecnh PACE \u0111\u1ecba ph\u01b0\u01a1ng \u0111\u1ec3 \u0111\u1ea3m b\u1ea3o kh\u00f4ng c\u00f3 s\u1ef1 tr\u00f9ng l\u1eb7p v\u1ec1 c\u00e1c d\u1ecbch v\u1ee5 m\u00e0 m\u1ed7i c\u01a1 quan cung c\u1ea5p cho qu\u00fd v\u1ecb. &nbsp;Trung t\u00e2m khu v\u1ef1c v\u00e0 ch\u01b0\u01a1ng tr\u00ecnh PACE c\u1ea7n h\u1ee3p t\u00e1c \u0111\u1ec3 t\u1ea1o ra th\u1ecfa thu\u1eadn b\u1eb1ng v\u0103n b\u1ea3n n\u00eau r\u00f5 ng\u01b0\u1eddi ch\u1ecbu tr\u00e1ch nhi\u1ec7m cho vi\u1ec7c cung c\u1ea5p t\u1eebng d\u1ecbch v\u1ee5 c\u1ee7a qu\u00fd v\u1ecb.<\/p>\n\n\n\n<p>N\u1ebfu \u0111ang tham gia ch\u01b0\u01a1ng tr\u00ecnh mi\u1ec5n tr\u1eeb Medi-Cal nh\u01b0 Mi\u1ec5n Tr\u1eeb C\u00e1c D\u1ecbch V\u1ee5 T\u1ea1i Gia v\u00e0 C\u1ed9ng \u0110\u1ed3ng cho Ng\u01b0\u1eddi Khuy\u1ebft T\u1eadt Ph\u00e1t Tri\u1ec3n (Mi\u1ec5n Tr\u1eeb DD) th\u00ec qu\u00fd v\u1ecb s\u1ebd ph\u1ea3i h\u1ee7y ghi danh ch\u01b0\u01a1ng tr\u00ecnh mi\u1ec5n tr\u1eeb tr\u01b0\u1edbc khi tham gia PACE. &nbsp;N\u1ebfu qu\u00fd v\u1ecb tham gia Mi\u1ec5n Tr\u1eeb DD v\u00e0 quy\u1ebft \u0111\u1ecbnh mu\u1ed1n h\u1ee7y ghi danh ch\u01b0\u01a1ng tr\u00ecnh mi\u1ec5n tr\u1eeb \u0111\u1ec3 c\u00f3 th\u1ec3 tham gia PACE th\u00ec qu\u00fd v\u1ecb v\u1eabn c\u00f3 th\u1ec3 nh\u1eadn \u0111\u01b0\u1ee3c c\u00e1c d\u1ecbch v\u1ee5 t\u1eeb trung t\u00e2m khu v\u1ef1c m\u00e0 PACE kh\u00f4ng cung c\u1ea5p nh\u01b0ng ngu\u1ed3n t\u00e0i tr\u1ee3 cho c\u00e1c d\u1ecbch v\u1ee5 c\u1ee7a qu\u00fd v\u1ecb s\u1ebd thay \u0111\u1ed5i.<\/p>\n\n\n\n<p>M\u1ed7i c\u00e1 nh\u00e2n c\u00f3 quy\u1ec1n quy\u1ebft \u0111\u1ecbnh v\u1ec1 vi\u1ec7c tham gia PACE.&nbsp; M\u1eb7c d\u00f9 PACE v\u00e0 c\u00e1c trung t\u00e2m khu v\u1ef1c cung c\u1ea5p m\u1ed9t s\u1ed1 d\u1ecbch v\u1ee5 t\u01b0\u01a1ng t\u1ef1 nh\u01b0ng hai h\u1ec7 th\u1ed1ng d\u1ecbch v\u1ee5 n\u00e0y c\u0169ng c\u00f3 nh\u1eefng l\u0129nh v\u1ef1c kh\u00e1c nhau. &nbsp;Trung t\u00e2m khu v\u1ef1c mang \u0111\u1ebfn c\u00e1c ki\u1ebfn th\u1ee9c chuy\u00ean m\u00f4n, nh\u00e0 cung c\u1ea5p v\u00e0 d\u1ecbch v\u1ee5 d\u00e0nh ri\u00eang cho ng\u01b0\u1eddi khuy\u1ebft t\u1eadt ph\u00e1t tri\u1ec3n. &nbsp;C\u00e1c ch\u01b0\u01a1ng tr\u00ecnh PACE d\u00e0nh cho nh\u1eefng ng\u01b0\u1eddi t\u1eeb 55 tu\u1ed5i tr\u1edf l\u00ean. &nbsp;Qu\u00fd v\u1ecb c\u00f3 th\u1ec3 th\u1ea5y gi\u00e1 tr\u1ecb x\u1ee9ng \u0111\u00e1ng khi nh\u1eadn d\u1ecbch v\u1ee5 t\u1eeb c\u1ea3 hai ch\u01b0\u01a1ng tr\u00ecnh n\u1ebfu qu\u00fd v\u1ecb l\u00e0 ng\u01b0\u1eddi khuy\u1ebft t\u1eadt ph\u00e1t tri\u1ec3n, t\u1eeb 55 tu\u1ed5i tr\u1edf l\u00ean, h\u1ed9i \u0111\u1ee7 \u0111i\u1ec1u ki\u1ec7n cho ch\u0103m s\u00f3c t\u1ea1i vi\u1ec7n d\u01b0\u1ee1ng l\u00e3o v\u00e0 cho r\u1eb1ng qu\u00fd v\u1ecb s\u1ebd \u0111\u01b0\u1ee3c h\u01b0\u1edfng l\u1ee3i t\u1eeb c\u00e1c d\u1ecbch v\u1ee5 ch\u0103m s\u00f3c chuy\u00ean khoa b\u1ed5 sung t\u1eeb hai h\u1ec7 th\u1ed1ng.&nbsp; M\u1eb7t kh\u00e1c, n\u1ebfu qu\u00fd v\u1ecb mu\u1ed1n nh\u1eadn c\u00e1c d\u1ecbch v\u1ee5 c\u1ee7a trung t\u00e2m khu v\u1ef1c v\u00e0 nh\u00e0 cung c\u1ea5p y t\u1ebf hi\u1ec7n t\u1ea1i th\u00ec qu\u00fd v\u1ecb c\u00f3 th\u1ec3 s\u1ebd kh\u00f4ng tham gia PACE. &nbsp;Vi\u1ec7c tham gia PACE y\u00eau c\u1ea7u qu\u00fd v\u1ecb nh\u1eadn d\u1ecbch v\u1ee5 t\u1eeb nh\u1eefng nh\u00e0 cung c\u1ea5p \u0111\u01b0\u1ee3c PACE thu\u00ea v\u00e0 k\u00fd h\u1ee3p \u0111\u1ed3ng.&nbsp; H\u1ea7u h\u1ebft nh\u1eefng nh\u00e0 cung c\u1ea5p n\u00e0y s\u1ebd kh\u00f4ng ph\u1ea3i l\u00e0 nh\u00e0 cung c\u1ea5p hi\u1ec7n t\u1ea1i c\u1ee7a qu\u00fd v\u1ecb.<\/p>\n\n\n\n<p>Qu\u00fd v\u1ecb c\u00f3 th\u1ec3 xem th\u00eam th\u00f4ng tin t\u1ea1i&nbsp;www.calpace.org.<\/p>\n","protected":false},"excerpt":{"rendered":"<p>Qu\u00fd v\u1ecb c\u00f3 th\u1ec3 tham gia ch\u01b0\u01a1ng tr\u00ecnh PACE, \u0111\u1ed3ng th\u1eddi v\u1eabn l\u00e0 kh\u00e1ch h\u00e0ng c\u1ee7a trung t\u00e2m khu v\u1ef1c.&nbsp; Qu\u00fd v\u1ecb kh\u00f4ng th\u1ec3 tham&hellip;<\/p>\n","protected":false},"author":1,"featured_media":0,"parent":2275,"menu_order":26,"comment_status":"closed","ping_status":"closed","template":"","meta":{"footnotes":""},"class_list":["post-3712","page","type-page","status-publish","hentry"],"_links":{"self":[{"href":"https:\/\/rula.disabilityrightsca.org\/vi\/wp-json\/wp\/v2\/pages\/3712","targetHints":{"allow":["GET"]}}],"collection":[{"href":"https:\/\/rula.disabilityrightsca.org\/vi\/wp-json\/wp\/v2\/pages"}],"about":[{"href":"https:\/\/rula.disabilityrightsca.org\/vi\/wp-json\/wp\/v2\/types\/page"}],"author":[{"embeddable":true,"href":"https:\/\/rula.disabilityrightsca.org\/vi\/wp-json\/wp\/v2\/users\/1"}],"replies":[{"embeddable":true,"href":"https:\/\/rula.disabilityrightsca.org\/vi\/wp-json\/wp\/v2\/comments?post=3712"}],"version-history":[{"count":1,"href":"https:\/\/rula.disabilityrightsca.org\/vi\/wp-json\/wp\/v2\/pages\/3712\/revisions"}],"predecessor-version":[{"id":3713,"href":"https:\/\/rula.disabilityrightsca.org\/vi\/wp-json\/wp\/v2\/pages\/3712\/revisions\/3713"}],"up":[{"embeddable":true,"href":"https:\/\/rula.disabilityrightsca.org\/vi\/wp-json\/wp\/v2\/pages\/2275"}],"wp:attachment":[{"href":"https:\/\/rula.disabilityrightsca.org\/vi\/wp-json\/wp\/v2\/media?parent=3712"}],"curies":[{"name":"wp","href":"https:\/\/api.w.org\/{rel}","templated":true}]}}