{"id":3702,"date":"2023-07-10T20:07:11","date_gmt":"2023-07-10T20:07:11","guid":{"rendered":"https:\/\/rula.disabilityrightsca.org\/vi\/?page_id=3702"},"modified":"2024-10-09T17:43:46","modified_gmt":"2024-10-09T17:43:46","slug":"4-71-neu-toi-tham-gia-chuong-trinh-tu-xac-dinh-thi-toi-co-con-phai-trai-qua-quy-trinh-ipp-va-co-ipp-bang-van-ban-khong","status":"publish","type":"page","link":"https:\/\/rula.disabilityrightsca.org\/vi\/rula-book\/chapter-4-individual-program-plans\/4-71-neu-toi-tham-gia-chuong-trinh-tu-xac-dinh-thi-toi-co-con-phai-trai-qua-quy-trinh-ipp-va-co-ipp-bang-van-ban-khong\/","title":{"rendered":"(4.72) N\u1ebfu t\u00f4i tham gia Ch\u01b0\u01a1ng Tr\u00ecnh T\u1ef1 X\u00e1c \u0110\u1ecbnh, th\u00ec t\u00f4i c\u00f3 c\u00f2n ph\u1ea3i tr\u1ea3i qua quy tr\u00ecnh IPP v\u00e0 c\u00f3 IPP b\u1eb1ng v\u0103n b\u1ea3n kh\u00f4ng?"},"content":{"rendered":"\n<p>C\u00f3. Ch\u01b0\u01a1ng Tr\u00ecnh T\u1ef1 X\u00e1c \u0110\u1ecbnh (Self-Determination Program, SDP) l\u00e0 m\u1ed9t c\u00e1ch kh\u00e1c \u0111\u1ec3 qu\u00fd v\u1ecb nh\u1eadn c\u00e1c d\u1ecbch v\u1ee5 c\u1ee7a trung t\u00e2m khu v\u1ef1c, trao cho qu\u00fd v\u1ecb nhi\u1ec1u s\u1ef1 t\u1ef1 do, kh\u1ea3 n\u0103ng ki\u1ec3m so\u00e1t v\u00e0 tr\u00e1ch nhi\u1ec7m h\u01a1n. Tuy nhi\u00ean, qu\u00fd v\u1ecb v\u1eabn tr\u1ea3i qua quy tr\u00ecnh IPP v\u00e0 c\u00f3 m\u1ed9t IPP b\u1eb1ng v\u0103n b\u1ea3n v\u1edbi trung t\u00e2m khu v\u1ef1c. Nh\u00f3m IPP (trong \u0111\u00f3 c\u00f3 qu\u00fd v\u1ecb) x\u00e1c \u0111\u1ecbnh Ng\u00e2n S\u00e1ch C\u00e1 Nh\u00e2n c\u1ee7a qu\u00fd v\u1ecb. Sau \u0111\u00f3, qu\u00fd v\u1ecb s\u1eed d\u1ee5ng Ng\u00e2n S\u00e1ch C\u00e1 Nh\u00e2n n\u00e0y \u0111\u1ec3 mua c\u00e1c d\u1ecbch v\u1ee5 v\u00e0 s\u1ef1 h\u1ed7 tr\u1ee3 d\u00e0nh ri\u00eang cho qu\u00fd v\u1ecb n\u1eb1m trong IPP c\u1ee7a qu\u00fd v\u1ecb. <span class=\"footnote_referrer\"><a role=\"button\" tabindex=\"0\" onclick=\"footnote_moveToReference_3702_1('footnote_plugin_reference_3702_1_1');\" onkeypress=\"footnote_moveToReference_3702_1('footnote_plugin_reference_3702_1_1');\" ><sup id=\"footnote_plugin_tooltip_3702_1_1\" class=\"footnote_plugin_tooltip_text\">[1]<\/sup><\/a><span id=\"footnote_plugin_tooltip_text_3702_1_1\" class=\"footnote_tooltip\">M\u1ee5c 4685.8(d)(3)(C)<\/span><\/span><script type=\"text\/javascript\"> jQuery('#footnote_plugin_tooltip_3702_1_1').tooltip({ tip: '#footnote_plugin_tooltip_text_3702_1_1', tipClass: 'footnote_tooltip', effect: 'fade', predelay: 0, fadeInSpeed: 200, delay: 400, fadeOutSpeed: 200, position: 'top center', relative: true, offset: [-7, 0], });<\/script> Qu\u00fd v\u1ecb c\u00f3 to\u00e0n quy\u1ec1n kh\u00e1ng c\u00e1o gi\u1ed1ng v\u1edbi h\u1ec7 th\u1ed1ng trung t\u00e2m khu v\u1ef1c truy\u1ec1n th\u1ed1ng n\u1ebfu qu\u00fd v\u1ecb kh\u00f4ng \u0111\u1ed3ng \u00fd v\u1edbi IPP c\u1ee7a qu\u00fd v\u1ecb ho\u1eb7c quy\u1ebft \u0111\u1ecbnh c\u1ee7a trung t\u00e2m khu v\u1ef1c.<\/p>\n<div class=\"speaker-mute footnotes_reference_container\"> <div class=\"footnote_container_prepare\"><p><span role=\"button\" tabindex=\"0\" class=\"footnote_reference_container_label pointer\" onclick=\"footnote_expand_collapse_reference_container_3702_1();\">&#x202F;<\/span><span role=\"button\" tabindex=\"0\" class=\"footnote_reference_container_collapse_button\" style=\"display: none;\" onclick=\"footnote_expand_collapse_reference_container_3702_1();\">[<a id=\"footnote_reference_container_collapse_button_3702_1\">+<\/a>]<\/span><\/p><\/div> <div id=\"footnote_references_container_3702_1\" style=\"\"><table class=\"footnotes_table footnote-reference-container\"><caption class=\"accessibility\">References<\/caption> <tbody> \r\n\r\n<tr class=\"footnotes_plugin_reference_row\"> <th scope=\"row\" class=\"footnote_plugin_index_combi pointer\"  onclick=\"footnote_moveToAnchor_3702_1('footnote_plugin_tooltip_3702_1_1');\"><a id=\"footnote_plugin_reference_3702_1_1\" class=\"footnote_backlink\"><span class=\"footnote_index_arrow\">&#8593;<\/span>1<\/a><\/th> <td class=\"footnote_plugin_text\">M\u1ee5c 4685.8(d)(3)(C)<\/td><\/tr>\r\n\r\n <\/tbody> <\/table> <\/div><\/div><script type=\"text\/javascript\"> function footnote_expand_reference_container_3702_1() { jQuery('#footnote_references_container_3702_1').show(); jQuery('#footnote_reference_container_collapse_button_3702_1').text('\u2212'); } function footnote_collapse_reference_container_3702_1() { jQuery('#footnote_references_container_3702_1').hide(); jQuery('#footnote_reference_container_collapse_button_3702_1').text('+'); } function footnote_expand_collapse_reference_container_3702_1() { if (jQuery('#footnote_references_container_3702_1').is(':hidden')) { footnote_expand_reference_container_3702_1(); } else { footnote_collapse_reference_container_3702_1(); } } function footnote_moveToReference_3702_1(p_str_TargetID) { footnote_expand_reference_container_3702_1(); var l_obj_Target = jQuery('#' + p_str_TargetID); if (l_obj_Target.length) { jQuery( 'html, body' ).delay( 0 ); jQuery('html, body').animate({ scrollTop: l_obj_Target.offset().top - window.innerHeight * 0.2 }, 380); } } function footnote_moveToAnchor_3702_1(p_str_TargetID) { footnote_expand_reference_container_3702_1(); var l_obj_Target = jQuery('#' + p_str_TargetID); if (l_obj_Target.length) { jQuery( 'html, body' ).delay( 0 ); jQuery('html, body').animate({ scrollTop: l_obj_Target.offset().top - window.innerHeight * 0.2 }, 380); } }<\/script>","protected":false},"excerpt":{"rendered":"<p>C\u00f3. Ch\u01b0\u01a1ng Tr\u00ecnh T\u1ef1 X\u00e1c \u0110\u1ecbnh (Self-Determination Program, SDP) l\u00e0 m\u1ed9t c\u00e1ch kh\u00e1c \u0111\u1ec3 qu\u00fd v\u1ecb nh\u1eadn c\u00e1c d\u1ecbch v\u1ee5 c\u1ee7a trung t\u00e2m khu v\u1ef1c,&hellip;<\/p>\n","protected":false},"author":1,"featured_media":0,"parent":1193,"menu_order":71,"comment_status":"closed","ping_status":"closed","template":"","meta":{"footnotes":""},"class_list":["post-3702","page","type-page","status-publish","hentry"],"_links":{"self":[{"href":"https:\/\/rula.disabilityrightsca.org\/vi\/wp-json\/wp\/v2\/pages\/3702","targetHints":{"allow":["GET"]}}],"collection":[{"href":"https:\/\/rula.disabilityrightsca.org\/vi\/wp-json\/wp\/v2\/pages"}],"about":[{"href":"https:\/\/rula.disabilityrightsca.org\/vi\/wp-json\/wp\/v2\/types\/page"}],"author":[{"embeddable":true,"href":"https:\/\/rula.disabilityrightsca.org\/vi\/wp-json\/wp\/v2\/users\/1"}],"replies":[{"embeddable":true,"href":"https:\/\/rula.disabilityrightsca.org\/vi\/wp-json\/wp\/v2\/comments?post=3702"}],"version-history":[{"count":2,"href":"https:\/\/rula.disabilityrightsca.org\/vi\/wp-json\/wp\/v2\/pages\/3702\/revisions"}],"predecessor-version":[{"id":3843,"href":"https:\/\/rula.disabilityrightsca.org\/vi\/wp-json\/wp\/v2\/pages\/3702\/revisions\/3843"}],"up":[{"embeddable":true,"href":"https:\/\/rula.disabilityrightsca.org\/vi\/wp-json\/wp\/v2\/pages\/1193"}],"wp:attachment":[{"href":"https:\/\/rula.disabilityrightsca.org\/vi\/wp-json\/wp\/v2\/media?parent=3702"}],"curies":[{"name":"wp","href":"https:\/\/api.w.org\/{rel}","templated":true}]}}