{"id":3700,"date":"2023-07-10T20:05:41","date_gmt":"2023-07-10T20:05:41","guid":{"rendered":"https:\/\/rula.disabilityrightsca.org\/vi\/?page_id=3700"},"modified":"2024-10-09T17:44:44","modified_gmt":"2024-10-09T17:44:44","slug":"4-70-neu-trung-tam-khu-vuc-dong-y-mot-dich-vu-nhung-khong-co-nha-cung-cap-thi-sao","status":"publish","type":"page","link":"https:\/\/rula.disabilityrightsca.org\/vi\/rula-book\/chapter-4-individual-program-plans\/4-70-neu-trung-tam-khu-vuc-dong-y-mot-dich-vu-nhung-khong-co-nha-cung-cap-thi-sao\/","title":{"rendered":"(4.71) N\u1ebfu trung t\u00e2m khu v\u1ef1c \u0111\u1ed3ng \u00fd m\u1ed9t d\u1ecbch v\u1ee5 nh\u01b0ng kh\u00f4ng c\u00f3 nh\u00e0 cung c\u1ea5p th\u00ec sao?"},"content":{"rendered":"\n<p>\u0110\u00f4i khi nh\u00f3m l\u1eadp k\u1ebf ho\u1ea1ch c\u1ee7a qu\u00fd v\u1ecb s\u1ebd nh\u1ea5t tr\u00ed r\u1eb1ng qu\u00fd v\u1ecb c\u1ea7n m\u1ed9t d\u1ecbch v\u1ee5 nh\u01b0ng kh\u00f4ng c\u00f3 nh\u00e0 cung c\u1ea5p cho d\u1ecbch v\u1ee5 \u0111\u00f3. \u0110\u00e2y c\u00f3 th\u1ec3 l\u00e0 m\u1ed9t v\u1ea5n \u0111\u1ec1 nghi\u00eam tr\u1ecdng. M\u1eb7c d\u00f9 \u0111i\u1ec1u n\u00e0y c\u00f3 th\u1ec3 kh\u00f3 kh\u0103n \u0111\u1ed1i v\u1edbi trung t\u00e2m khu v\u1ef1c, h\u1ecd v\u1eabn ph\u1ea3i s\u1eed d\u1ee5ng m\u1ecdi ph\u01b0\u01a1ng th\u1ee9c c\u00f3 th\u1ec3 \u0111\u1ec3 th\u1ef1c hi\u1ec7n IPP c\u1ee7a qu\u00fd v\u1ecb.<span class=\"footnote_referrer\"><a role=\"button\" tabindex=\"0\" onclick=\"footnote_moveToReference_3700_1('footnote_plugin_reference_3700_1_1');\" onkeypress=\"footnote_moveToReference_3700_1('footnote_plugin_reference_3700_1_1');\" ><sup id=\"footnote_plugin_tooltip_3700_1_1\" class=\"footnote_plugin_tooltip_text\">[1]<\/sup><\/a><span id=\"footnote_plugin_tooltip_text_3700_1_1\" class=\"footnote_tooltip\">Hi\u1ec7p H\u1ed9i D\u00e0nh Cho C\u00f4ng D\u00e2n Ch\u1eadm Ph\u00e1t Tri\u1ec3n California ki\u1ec7n S\u1edf D\u1ecbch V\u1ee5 Ph\u00e1t Tri\u1ec3n, 38 B\u00e1o C\u00e1o C\u1ee7a California s\u1ed1 3 384, 388 (1985).<\/span><\/span><script type=\"text\/javascript\"> jQuery('#footnote_plugin_tooltip_3700_1_1').tooltip({ tip: '#footnote_plugin_tooltip_text_3700_1_1', tipClass: 'footnote_tooltip', effect: 'fade', predelay: 0, fadeInSpeed: 200, delay: 400, fadeOutSpeed: 200, position: 'top center', relative: true, offset: [-7, 0], });<\/script> Trung t\u00e2m khu v\u1ef1c kh\u00f4ng c\u00f3 s\u1ef1 l\u1ef1a ch\u1ecdn v\u1ec1 vi\u1ec7c c\u00f3 th\u1ef1c hi\u1ec7n IPP kh\u00f4ng nh\u01b0ng h\u1ecd th\u1ef1c s\u1ef1 c\u00f3 quy\u1ec1n l\u1ef1a ch\u1ecdn v\u1ec1 c\u00e1ch h\u1ecd th\u1ef1c hi\u1ec7n. Trung t\u00e2m khu v\u1ef1c c\u00f3 th\u1ec3 xem x\u00e9t c\u00e1c ph\u01b0\u01a1ng \u00e1n n\u00e0y:<\/p>\n\n\n\n<ul class=\"wp-block-list\"><li>H\u1ecd c\u00f3 th\u1ec3 h\u1ecfi c\u00e1c nh\u00e0 cung c\u1ea5p hi\u1ec7n t\u1ea1i xem h\u1ecd c\u00f3 cung c\u1ea5p d\u1ecbch v\u1ee5 qu\u00fd v\u1ecb c\u1ea7n kh\u00f4ng, k\u1ec3 c\u1ea3 khi d\u1ecbch v\u1ee5 \u0111\u00f3 kh\u00e1c v\u1edbi c\u00e1c d\u1ecbch v\u1ee5 h\u1ecd th\u01b0\u1eddng cung c\u1ea5p.<\/li><li>H\u1ecd c\u00f3 th\u1ec3 k\u00fd h\u1ee3p \u0111\u1ed3ng v\u1edbi c\u00e1c c\u01a1 quan kh\u00e1c \u0111\u1ec3 cung c\u1ea5p d\u1ecbch v\u1ee5 qu\u00fd v\u1ecb c\u1ea7n.<\/li><li>H\u1ecd c\u00f3 th\u1ec3 g\u1eedi m\u1ed9t \u201cY\u00eau C\u1ea7u \u0110\u1ec1 Xu\u1ea5t\u201d (Request for Proposals, RFP) \u0111\u1ebfn c\u00e1c t\u1ed5 ch\u1ee9c nh\u00e0 cung c\u1ea5p trong khu v\u1ef1c \u0111\u1ec3 xem c\u00f3 c\u01a1 quan n\u00e0o s\u1ebd ph\u00e1t tri\u1ec3n d\u1ecbch v\u1ee5 m\u1edbi kh\u00f4ng.<\/li><li>H\u1ecd c\u00f3 th\u1ec3 t\u00ecm hi\u1ec3u xem nh\u00e0 cung c\u1ea5p t\u1eeb khu v\u1ef1c kh\u00e1c c\u00f3 \u0111\u1ebfn khu v\u1ef1c c\u1ee7a qu\u00fd v\u1ecb v\u00e0 cung c\u1ea5p d\u1ecbch v\u1ee5 cho qu\u00fd v\u1ecb kh\u00f4ng.<\/li><li>H\u1ecd c\u00f3 th\u1ec3 y\u00eau c\u1ea7u DDS cung c\u1ea5p ti\u1ec1n \u0111\u1ec3 kh\u1edfi \u0111\u1ed9ng v\u00e0 ph\u00e1t tri\u1ec3n m\u1ed9t ch\u01b0\u01a1ng tr\u00ecnh m\u1edbi g\u1ed3m c\u00e1c d\u1ecbch v\u1ee5 v\u00e0 s\u1ef1 h\u1ed7 tr\u1ee3.<span class=\"footnote_referrer\"><a role=\"button\" tabindex=\"0\" onclick=\"footnote_moveToReference_3700_1('footnote_plugin_reference_3700_1_2');\" onkeypress=\"footnote_moveToReference_3700_1('footnote_plugin_reference_3700_1_2');\" ><sup id=\"footnote_plugin_tooltip_3700_1_2\" class=\"footnote_plugin_tooltip_text\">[2]<\/sup><\/a><span id=\"footnote_plugin_tooltip_text_3700_1_2\" class=\"footnote_tooltip\">M\u1ee5c 4648(e).<\/span><\/span><script type=\"text\/javascript\"> jQuery('#footnote_plugin_tooltip_3700_1_2').tooltip({ tip: '#footnote_plugin_tooltip_text_3700_1_2', tipClass: 'footnote_tooltip', effect: 'fade', predelay: 0, fadeInSpeed: 200, delay: 400, fadeOutSpeed: 200, position: 'top center', relative: true, offset: [-7, 0], });<\/script><\/li><\/ul>\n\n\n\n<p>Xem C\u00e2u H\u1ecfi 47 \u0111\u1ec3 bi\u1ebft nh\u1eefng c\u00e1ch kh\u00e1c nhau m\u00e0 trung t\u00e2m khu v\u1ef1c c\u00f3 th\u1ec3 \u0111\u1ea3m b\u1ea3o qu\u00fd v\u1ecb nh\u1eadn \u0111\u01b0\u1ee3c c\u00e1c d\u1ecbch v\u1ee5 v\u00e0 s\u1ef1 h\u1ed7 tr\u1ee3 \u0111\u01b0\u1ee3c vi\u1ebft v\u00e0o IPP c\u1ee7a qu\u00fd v\u1ecb. Trung t\u00e2m khu v\u1ef1c c\u1ea7n cung c\u1ea5p d\u1ecbch v\u1ee5 trong c\u1ed9ng \u0111\u1ed3ng qu\u00fd v\u1ecb sinh s\u1ed1ng. Tuy nhi\u00ean, vi\u1ec7c ph\u00e1t tri\u1ec3n d\u1ecbch v\u1ee5 c\u00f3 th\u1ec3 c\u1ea7n th\u1eddi gian. \u0110\u00f4i khi, kh\u00f4ng c\u00f3 nh\u00e0 cung c\u1ea5p ph\u00e1t tri\u1ec3n d\u1ecbch v\u1ee5 trong khu v\u1ef1c c\u1ee7a qu\u00fd v\u1ecb.<\/p>\n\n\n\n<p>Trung t\u00e2m khu v\u1ef1c c\u00f3 th\u1ec3 h\u1ecfi xem qu\u00fd v\u1ecb c\u00f3 chuy\u1ec3n \u0111\u1ebfn m\u1ed9t khu v\u1ef1c kh\u00e1c c\u00f3 nh\u00e0 cung c\u1ea5p d\u1ecbch v\u1ee5 qu\u00fd v\u1ecb c\u1ea7n \u0111\u01b0\u1ee3c kh\u00f4ng. \u0110i\u1ec1u \u0111\u00f3 th\u01b0\u1eddng r\u1ea5t kh\u00f3 \u0111\u1ec3 th\u1ef1c hi\u1ec7n. \u0110\u00f4i khi chuy\u1ec7n n\u00e0y x\u1ea3y ra n\u1ebfu qu\u00fd v\u1ecb c\u1ea7n nh\u00e0 t\u1eadp th\u1ec3 v\u00e0 kh\u00f4ng c\u00f3 s\u1eb5n nh\u00e0 t\u1eadp th\u1ec3 trong khu v\u1ef1c c\u1ee7a qu\u00fd v\u1ecb. Trung t\u00e2m khu v\u1ef1c c\u00f3 th\u1ec3 th\u1ef1c hi\u1ec7n \u201ct\u00ecm ki\u1ebfm to\u00e0n ti\u1ec3u bang\u201d \u0111\u1ec3 t\u00ecm c\u01a1 s\u1edf s\u1eb5n c\u00f3 v\u00e0 c\u00f3 th\u1ec3 t\u00ecm \u0111\u01b0\u1ee3c m\u1ed9t n\u01a1i cho qu\u00fd v\u1ecb trong m\u1ed9t khu v\u1ef1c kh\u00e1c c\u1ee7a ti\u1ec3u bang<\/p>\n\n\n\n<p>N\u1ebfu trung t\u00e2m khu v\u1ef1c cho bi\u1ebft h\u1ecd kh\u00f4ng c\u00f3 m\u1ed9t d\u1ecbch v\u1ee5 ho\u1eb7c s\u1ef1 h\u1ed7 tr\u1ee3 c\u1ee5 th\u1ec3 m\u00e0 qu\u00fd v\u1ecb c\u1ea7n v\u00e0 mu\u1ed1n (v\u00e0 kh\u00f4ng \u0111\u01b0\u1ee3c cung c\u1ea5p b\u1edfi m\u1ed9t ngu\u1ed3n \u201cchung\u201d) ho\u1eb7c trung t\u00e2m khu v\u1ef1c s\u1ebd kh\u00f4ng cung c\u1ea5p d\u1ecbch v\u1ee5 ho\u1eb7c s\u1ef1 h\u1ed7 tr\u1ee3 \u0111\u00f3, qu\u00fd v\u1ecb c\u00f3 th\u1ec3 kh\u00e1ng c\u00e1o. <em>(Xem <\/em><a href=\"https:\/\/rula.disabilityrightsca.org\/rula-book\/chapter-10-appeals-and-complaints-disagreements-with-regional-centers-developmental-centers-or-service-providers\/\"><em>Ch\u01b0\u01a1ng 10<\/em><\/a><em>.) <\/em>Tuy nhi\u00ean, tr\u01b0\u1edbc ti\u00ean h\u00e3y c\u00e2n nh\u1eafc l\u00fd do trung t\u00e2m khu v\u1ef1c t\u1eeb ch\u1ed1i y\u00eau c\u1ea7u c\u1ee7a qu\u00fd v\u1ecb v\u00e0 t\u00ecm hi\u1ec3u xem c\u00f3 c\u00e1c l\u1ef1a ch\u1ecdn thay th\u1ebf m\u00e0 qu\u00fd v\u1ecb c\u00f3 th\u1ec3 \u0111\u1ed3ng \u00fd kh\u00f4ng.<\/p>\n<div class=\"speaker-mute footnotes_reference_container\"> <div class=\"footnote_container_prepare\"><p><span role=\"button\" tabindex=\"0\" class=\"footnote_reference_container_label pointer\" onclick=\"footnote_expand_collapse_reference_container_3700_1();\">&#x202F;<\/span><span role=\"button\" tabindex=\"0\" class=\"footnote_reference_container_collapse_button\" style=\"display: none;\" onclick=\"footnote_expand_collapse_reference_container_3700_1();\">[<a id=\"footnote_reference_container_collapse_button_3700_1\">+<\/a>]<\/span><\/p><\/div> <div id=\"footnote_references_container_3700_1\" style=\"\"><table class=\"footnotes_table footnote-reference-container\"><caption class=\"accessibility\">References<\/caption> <tbody> \r\n\r\n<tr class=\"footnotes_plugin_reference_row\"> <th scope=\"row\" class=\"footnote_plugin_index_combi pointer\"  onclick=\"footnote_moveToAnchor_3700_1('footnote_plugin_tooltip_3700_1_1');\"><a id=\"footnote_plugin_reference_3700_1_1\" class=\"footnote_backlink\"><span class=\"footnote_index_arrow\">&#8593;<\/span>1<\/a><\/th> <td class=\"footnote_plugin_text\">Hi\u1ec7p H\u1ed9i D\u00e0nh Cho C\u00f4ng D\u00e2n Ch\u1eadm Ph\u00e1t Tri\u1ec3n California ki\u1ec7n S\u1edf D\u1ecbch V\u1ee5 Ph\u00e1t Tri\u1ec3n, 38 B\u00e1o C\u00e1o C\u1ee7a California s\u1ed1 3 384, 388 (1985).<\/td><\/tr>\r\n\r\n<tr class=\"footnotes_plugin_reference_row\"> <th scope=\"row\" class=\"footnote_plugin_index_combi pointer\"  onclick=\"footnote_moveToAnchor_3700_1('footnote_plugin_tooltip_3700_1_2');\"><a id=\"footnote_plugin_reference_3700_1_2\" class=\"footnote_backlink\"><span class=\"footnote_index_arrow\">&#8593;<\/span>2<\/a><\/th> <td class=\"footnote_plugin_text\">M\u1ee5c 4648(e).<\/td><\/tr>\r\n\r\n <\/tbody> <\/table> <\/div><\/div><script type=\"text\/javascript\"> function footnote_expand_reference_container_3700_1() { jQuery('#footnote_references_container_3700_1').show(); jQuery('#footnote_reference_container_collapse_button_3700_1').text('\u2212'); } function footnote_collapse_reference_container_3700_1() { jQuery('#footnote_references_container_3700_1').hide(); jQuery('#footnote_reference_container_collapse_button_3700_1').text('+'); } function footnote_expand_collapse_reference_container_3700_1() { if (jQuery('#footnote_references_container_3700_1').is(':hidden')) { footnote_expand_reference_container_3700_1(); } else { footnote_collapse_reference_container_3700_1(); } } function footnote_moveToReference_3700_1(p_str_TargetID) { footnote_expand_reference_container_3700_1(); var l_obj_Target = jQuery('#' + p_str_TargetID); if (l_obj_Target.length) { jQuery( 'html, body' ).delay( 0 ); jQuery('html, body').animate({ scrollTop: l_obj_Target.offset().top - window.innerHeight * 0.2 }, 380); } } function footnote_moveToAnchor_3700_1(p_str_TargetID) { footnote_expand_reference_container_3700_1(); var l_obj_Target = jQuery('#' + p_str_TargetID); if (l_obj_Target.length) { jQuery( 'html, body' ).delay( 0 ); jQuery('html, body').animate({ scrollTop: l_obj_Target.offset().top - window.innerHeight * 0.2 }, 380); } }<\/script>","protected":false},"excerpt":{"rendered":"<p>\u0110\u00f4i khi nh\u00f3m l\u1eadp k\u1ebf ho\u1ea1ch c\u1ee7a qu\u00fd v\u1ecb s\u1ebd nh\u1ea5t tr\u00ed r\u1eb1ng qu\u00fd v\u1ecb c\u1ea7n m\u1ed9t d\u1ecbch v\u1ee5 nh\u01b0ng kh\u00f4ng c\u00f3 nh\u00e0 cung c\u1ea5p&hellip;<\/p>\n","protected":false},"author":1,"featured_media":0,"parent":1193,"menu_order":70,"comment_status":"closed","ping_status":"closed","template":"","meta":{"footnotes":""},"class_list":["post-3700","page","type-page","status-publish","hentry"],"_links":{"self":[{"href":"https:\/\/rula.disabilityrightsca.org\/vi\/wp-json\/wp\/v2\/pages\/3700","targetHints":{"allow":["GET"]}}],"collection":[{"href":"https:\/\/rula.disabilityrightsca.org\/vi\/wp-json\/wp\/v2\/pages"}],"about":[{"href":"https:\/\/rula.disabilityrightsca.org\/vi\/wp-json\/wp\/v2\/types\/page"}],"author":[{"embeddable":true,"href":"https:\/\/rula.disabilityrightsca.org\/vi\/wp-json\/wp\/v2\/users\/1"}],"replies":[{"embeddable":true,"href":"https:\/\/rula.disabilityrightsca.org\/vi\/wp-json\/wp\/v2\/comments?post=3700"}],"version-history":[{"count":2,"href":"https:\/\/rula.disabilityrightsca.org\/vi\/wp-json\/wp\/v2\/pages\/3700\/revisions"}],"predecessor-version":[{"id":3844,"href":"https:\/\/rula.disabilityrightsca.org\/vi\/wp-json\/wp\/v2\/pages\/3700\/revisions\/3844"}],"up":[{"embeddable":true,"href":"https:\/\/rula.disabilityrightsca.org\/vi\/wp-json\/wp\/v2\/pages\/1193"}],"wp:attachment":[{"href":"https:\/\/rula.disabilityrightsca.org\/vi\/wp-json\/wp\/v2\/media?parent=3700"}],"curies":[{"name":"wp","href":"https:\/\/api.w.org\/{rel}","templated":true}]}}