{"id":37,"date":"2019-01-28T23:56:11","date_gmt":"2019-01-28T23:56:11","guid":{"rendered":"http:\/\/www.rula.disabilityrightsca.org\/vi\/?page_id=37"},"modified":"2022-06-23T22:04:25","modified_gmt":"2022-06-23T22:04:25","slug":"chapter-2-eligibility-for-regional-center-services","status":"publish","type":"page","link":"https:\/\/rula.disabilityrightsca.org\/vi\/rula-book\/chapter-2-eligibility-for-regional-center-services\/","title":{"rendered":"Ch\u01b0\u01a1ng 2: Kh\u1ea3 N\u0103ng H\u1ed9i \u0110\u1ee7 \u0110i\u1ec1u Ki\u1ec7n Nh\u1eadn D\u1ecbch V\u1ee5 c\u1ee7a Trung T\u00e2m Khu V\u1ef1c"},"content":{"rendered":"\n<p><div class=\"print-fullchapter-wrap\"><div class=\"print-fullchapter\"><a href=\"https:\/\/rula.disabilityrightsca.org\/vi\/chapter-2-print\/\">In to\u00e0n b\u1ed9 ch\u01b0\u01a1ng<\/a><\/div><\/div><\/p>\n\n\n\n<p>Ch\u01b0\u01a1ng n\u00e0y \u0111\u1ec1 c\u1eadp \u0111\u1ebfn khuy\u1ebft t\u1eadt v\u1ec1 ph\u00e1t tri\u1ec3n \u2013 \u0111\u1ecbnh ngh\u0129a v\u1ec1 khuy\u1ebft t\u1eadt n\u00e0y, \u0111\u1ed1i t\u01b0\u1ee3ng h\u1ed9i \u0111\u1ee7 \u0111i\u1ec1u ki\u1ec7n nh\u1eadn c\u00e1c d\u1ecbch v\u1ee5 c\u1ee7a trung t\u00e2m khu v\u1ef1c v\u00e0 c\u00e1ch ch\u1ee9ng minh qu\u00fd v\u1ecb h\u1ed9i \u0111\u1ee7 \u0111i\u1ec1u ki\u1ec7n. Th\u00f4ng tin n\u00e0y ch\u1ee7 y\u1ebfu \u0111\u01b0\u1ee3c d\u1eabn t\u1eeb m\u1ed9t lu\u1eadt ti\u1ec3u bang c\u00f3 t\u00ean l\u00e0 \u0110\u1ea1o Lu\u1eadt Lanterman, b\u1eaft \u0111\u1ea7u t\u1ea1i m\u1ee5c 4500, B\u1ed9 Lu\u1eadt Ph\u00fac L\u1ee3i v\u00e0 \u0110\u1ecbnh Ch\u1ebf California. Ch\u00fang t\u00f4i cung c\u1ea5p cho qu\u00fd v\u1ecb m\u1ee5c trong lu\u1eadt ti\u1ec3u bang n\u00e0y \u0111\u1ec3 qu\u00fd v\u1ecb c\u00f3 th\u1ec3 t\u00ecm th\u00f4ng tin ch\u00fang t\u00f4i \u0111\u1ec1 c\u1eadp trong \u0111\u00e2y. Qu\u00fd v\u1ecb c\u00f3 th\u1ec3 ph\u1ea3i xem x\u00e9t lu\u1eadt n\u00e0y \u0111\u1ec3 nh\u1eadn c\u00e1c d\u1ecbch v\u1ee5 qu\u00fd v\u1ecb c\u1ea7n. Khi qu\u00fd v\u1ecb th\u1ea5y t\u1eeb \u201cSection(s)\u201d (\u201c(C\u00e1c) M\u1ee5c\u201d), theo sau l\u00e0 m\u1ed9t con s\u1ed1 v\u00e0 kh\u00f4ng c\u00f3 th\u00f4ng tin kh\u00e1c, th\u00ec ch\u00ednh l\u00e0 (c\u00e1c) m\u1ee5c c\u1ee7a \u0110\u1ea1o Lu\u1eadt Lanterman.<\/p>\n\n\n\n<p>\u0110\u1ec3 \u0111\u1ecdc \u0110\u1ea1o Lu\u1eadt Lanterman,&nbsp;<a href=\"https:\/\/www.dds.ca.gov\/transparency\/laws-regulations\/lanterman-act-and-related-laws\/\">nh\u1ea5p v\u00e0o \u0111\u00e2y<\/a>.<\/p>\n\n\n<div class=\"menu-chapter-2-container\"><ul id=\"menu-chapter-2\" class=\"menu\"><li id=\"menu-item-334\" class=\"menu-item menu-item-type-post_type menu-item-object-page menu-item-334\"><a href=\"https:\/\/rula.disabilityrightsca.org\/vi\/rula-book\/chapter-2-eligibility-for-regional-center-services\/what-is-a-developmental-disability\/\">(2.1) Khuy\u1ebft t\u1eadt v\u1ec1 ph\u00e1t tri\u1ec3n l\u00e0 g\u00ec?<\/a><\/li>\n<li id=\"menu-item-561\" class=\"menu-item menu-item-type-post_type menu-item-object-page menu-item-561\"><a href=\"https:\/\/rula.disabilityrightsca.org\/vi\/rula-book\/chapter-2-eligibility-for-regional-center-services\/2-2-can-someone-without-a-developmental-disability-apply-for-regional-center-services\/\">(2.2) Ng\u01b0\u1eddi kh\u00f4ng b\u1ecb khuy\u1ebft t\u1eadt v\u1ec1 ph\u00e1t tri\u1ec3n c\u00f3 th\u1ec3 \u0111\u0103ng k\u00fd nh\u1eadn c\u00e1c d\u1ecbch v\u1ee5 c\u1ee7a trung t\u00e2m khu v\u1ef1c kh\u00f4ng?<\/a><\/li>\n<li id=\"menu-item-918\" class=\"menu-item menu-item-type-post_type menu-item-object-page menu-item-918\"><a href=\"https:\/\/rula.disabilityrightsca.org\/vi\/rula-book\/chapter-2-eligibility-for-regional-center-services\/how-does-a-parent-know-if-their-infant-is-at-high-risk-for-a-developmental-disability\/\">(2.3) L\u00e0m th\u1ebf n\u00e0o \u0111\u1ec3 cha\/m\u1eb9 bi\u1ebft \u0111\u1ee9a con s\u01a1 sinh c\u1ee7a h\u1ecd c\u00f3 nguy c\u01a1 cao b\u1ecb khuy\u1ebft t\u1eadt v\u1ec1 ph\u00e1t tri\u1ec3n?<\/a><\/li>\n<li id=\"menu-item-924\" class=\"menu-item menu-item-type-post_type menu-item-object-page menu-item-924\"><a href=\"https:\/\/rula.disabilityrightsca.org\/vi\/rula-book\/chapter-2-eligibility-for-regional-center-services\/does-a-high-risk-child-who-received-preventive-services-from-the-regional-center-become-permanently-eligible-for-services-from-the-regional-center\/\">(2.4) Tr\u1ebb c\u00f3 nguy c\u01a1 cao \u0111\u00e3 nh\u1eadn c\u00e1c d\u1ecbch v\u1ee5 ph\u00f2ng ng\u1eeba t\u1eeb trung t\u00e2m khu v\u1ef1c s\u1ebd v\u0129nh vi\u1ec5n h\u1ed9i \u0111\u1ee7 \u0111i\u1ec1u ki\u1ec7n nh\u1eadn c\u00e1c d\u1ecbch v\u1ee5 t\u1eeb trung t\u00e2m khu v\u1ef1c ph\u1ea3i kh\u00f4ng?<\/a><\/li>\n<li id=\"menu-item-1829\" class=\"menu-item menu-item-type-post_type menu-item-object-page menu-item-1829\"><a href=\"https:\/\/rula.disabilityrightsca.org\/vi\/rula-book\/chapter-2-eligibility-for-regional-center-services\/2-5-what-is-provisional-eligibility\/\">(2.5)  Kh\u1ea3 n\u0103ng h\u1ed9i \u0111\u1ee7 \u0111i\u1ec1u ki\u1ec7n t\u1ea1m th\u1eddi l\u00e0 g\u00ec?<\/a><\/li>\n<li id=\"menu-item-923\" class=\"menu-item menu-item-type-post_type menu-item-object-page menu-item-923\"><a href=\"https:\/\/rula.disabilityrightsca.org\/vi\/rula-book\/chapter-2-eligibility-for-regional-center-services\/how-do-i-apply-for-regional-center-services\/\">(2.6)  L\u00e0m th\u1ebf n\u00e0o \u0111\u1ec3 \u0111\u0103ng k\u00fd nh\u1eadn c\u00e1c d\u1ecbch v\u1ee5 c\u1ee7a trung t\u00e2m khu v\u1ef1c?<\/a><\/li>\n<li id=\"menu-item-991\" class=\"menu-item menu-item-type-post_type menu-item-object-page menu-item-991\"><a href=\"https:\/\/rula.disabilityrightsca.org\/vi\/rula-book\/chapter-2-eligibility-for-regional-center-services\/how-does-the-regional-center-decide-if-my-condition-is-covered-by-the-lanterman-act\/\">(2.7) Trung t\u00e2m khu v\u1ef1c quy\u1ebft \u0111\u1ecbnh xem t\u00ecnh tr\u1ea1ng c\u1ee7a t\u00f4i c\u00f3 thu\u1ed9c ph\u1ea1m vi c\u1ee7a \u0110\u1ea1o Lu\u1eadt Lanterman kh\u00f4ng b\u1eb1ng c\u00e1ch n\u00e0o?<\/a><\/li>\n<li id=\"menu-item-985\" class=\"menu-item menu-item-type-post_type menu-item-object-page menu-item-985\"><a href=\"https:\/\/rula.disabilityrightsca.org\/vi\/rula-book\/chapter-2-eligibility-for-regional-center-services\/what-is-intellectual-disability\/\">(2.8) Khuy\u1ebft t\u1eadt tr\u00ed tu\u1ec7 l\u00e0 g\u00ec?<\/a><\/li>\n<li id=\"menu-item-986\" class=\"menu-item menu-item-type-post_type menu-item-object-page menu-item-986\"><a href=\"https:\/\/rula.disabilityrightsca.org\/vi\/rula-book\/chapter-2-eligibility-for-regional-center-services\/what-is-cerebral-palsy\/\">(2.9) B\u1ea1i n\u00e3o l\u00e0 g\u00ec?<\/a><\/li>\n<li id=\"menu-item-987\" class=\"menu-item menu-item-type-post_type menu-item-object-page menu-item-987\"><a href=\"https:\/\/rula.disabilityrightsca.org\/vi\/rula-book\/chapter-2-eligibility-for-regional-center-services\/what-is-autism\/\">(2.10) T\u1ef1 k\u1ef7 l\u00e0 g\u00ec?<\/a><\/li>\n<li id=\"menu-item-988\" class=\"menu-item menu-item-type-post_type menu-item-object-page menu-item-988\"><a href=\"https:\/\/rula.disabilityrightsca.org\/vi\/rula-book\/chapter-2-eligibility-for-regional-center-services\/what-is-epilepsy\/\">(2.11) \u0110\u1ed9ng kinh l\u00e0 g\u00ec?<\/a><\/li>\n<li id=\"menu-item-989\" class=\"menu-item menu-item-type-post_type menu-item-object-page menu-item-989\"><a href=\"https:\/\/rula.disabilityrightsca.org\/vi\/rula-book\/chapter-2-eligibility-for-regional-center-services\/what-are-conditions-closely-related-to-intellectual-disability-or-that-require-similar-treatment-as-an-intellectual-disability\/\">(2.12) C\u00e1c t\u00ecnh tr\u1ea1ng li\u00ean quan ch\u1eb7t ch\u1ebd \u0111\u1ebfn khuy\u1ebft t\u1eadt tr\u00ed tu\u1ec7 ho\u1eb7c y\u00eau c\u1ea7u \u0111i\u1ec1u tr\u1ecb t\u01b0\u01a1ng t\u1ef1 nh\u01b0 v\u1edbi khuy\u1ebft t\u1eadt tr\u00ed tu\u1ec7 l\u00e0 g\u00ec?<\/a><\/li>\n<li id=\"menu-item-990\" class=\"menu-item menu-item-type-post_type menu-item-object-page menu-item-990\"><a href=\"https:\/\/rula.disabilityrightsca.org\/vi\/rula-book\/chapter-2-eligibility-for-regional-center-services\/what-does-it-mean-to-have-a-condition-closely-related-to-intellectual-disability\/\">(2.13) M\u1eafc ph\u1ea3i t\u00ecnh tr\u1ea1ng li\u00ean quan ch\u1eb7t ch\u1ebd \u0111\u1ebfn khuy\u1ebft t\u1eadt tr\u00ed tu\u1ec7 ngh\u0129a l\u00e0 g\u00ec?<\/a><\/li>\n<li id=\"menu-item-984\" class=\"menu-item menu-item-type-post_type menu-item-object-page menu-item-984\"><a href=\"https:\/\/rula.disabilityrightsca.org\/vi\/rula-book\/chapter-2-eligibility-for-regional-center-services\/what-does-it-mean-to-require-treatment-similar-to-that-required-by-people-with-an-intellectual-disability\/\">(2.14) Y\u00eau c\u1ea7u \u0111i\u1ec1u tr\u1ecb t\u01b0\u01a1ng t\u1ef1 v\u1edbi nhu c\u1ea7u \u0111i\u1ec1u tr\u1ecb c\u1ee7a ng\u01b0\u1eddi b\u1ecb khuy\u1ebft t\u1eadt tr\u00ed tu\u1ec7 ngh\u0129a l\u00e0 g\u00ec?<\/a><\/li>\n<li id=\"menu-item-983\" class=\"menu-item menu-item-type-post_type menu-item-object-page menu-item-983\"><a href=\"https:\/\/rula.disabilityrightsca.org\/vi\/rula-book\/chapter-2-eligibility-for-regional-center-services\/how-can-i-help-someone-applying-to-a-regional-center-because-they-have-treatment-needs-similar-to-those-of-people-with-intellectual-disability\/\">(2.15) L\u00e0m sao \u0111\u1ec3 gi\u00fap m\u1ed9t ng\u01b0\u1eddi \u0111\u0103ng k\u00fd nh\u1eadn d\u1ecbch v\u1ee5 c\u1ee7a trung t\u00e2m khu v\u1ef1c v\u00ec h\u1ecd c\u00f3 nhu c\u1ea7u \u0111i\u1ec1u tr\u1ecb t\u01b0\u01a1ng t\u1ef1 nhu c\u1ea7u \u0111i\u1ec1u tr\u1ecb c\u1ee7a ng\u01b0\u1eddi b\u1ecb khuy\u1ebft t\u1eadt tr\u00ed tu\u1ec7?<\/a><\/li>\n<li id=\"menu-item-982\" class=\"menu-item menu-item-type-post_type menu-item-object-page menu-item-982\"><a href=\"https:\/\/rula.disabilityrightsca.org\/vi\/rula-book\/chapter-2-eligibility-for-regional-center-services\/what-information-should-i-give-my-regional-center-if-i-apply-under-the-fifth-category\/\">(2.16) T\u00f4i ph\u1ea3i cung c\u1ea5p th\u00f4ng tin g\u00ec cho trung t\u00e2m khu v\u1ef1c n\u1ebfu t\u00f4i \u0111\u0103ng k\u00fd theo danh m\u1ee5c th\u1ee9 n\u0103m?<\/a><\/li>\n<li id=\"menu-item-981\" class=\"menu-item menu-item-type-post_type menu-item-object-page menu-item-981\"><a href=\"https:\/\/rula.disabilityrightsca.org\/vi\/rula-book\/chapter-2-eligibility-for-regional-center-services\/if-other-people-with-my-same-disability-are-eligible-under-the-fifth-category-will-i-be-eligible-too\/\">(2.17) N\u1ebfu nh\u1eefng ng\u01b0\u1eddi kh\u00e1c m\u1eafc khuy\u1ebft t\u1eadt gi\u1ed1ng t\u00f4i h\u1ed9i \u0111\u1ee7 \u0111i\u1ec1u ki\u1ec7n theo danh m\u1ee5c th\u1ee9 n\u0103m, t\u00f4i c\u0169ng h\u1ed9i \u0111\u1ee7 \u0111i\u1ec1u ki\u1ec7n ph\u1ea3i kh\u00f4ng?<\/a><\/li>\n<li id=\"menu-item-980\" class=\"menu-item menu-item-type-post_type menu-item-object-page menu-item-980\"><a href=\"https:\/\/rula.disabilityrightsca.org\/vi\/rula-book\/chapter-2-eligibility-for-regional-center-services\/my-evaluation-was-done-by-the-regional-center-psychologist-should-i-get-another-evaluation-by-a-different-psychologist\/\">(2.18) Th\u1ea9m \u0111\u1ecbnh c\u1ee7a t\u00f4i l\u00e0 do nh\u00e0 t\u00e2m l\u00fd h\u1ecdc c\u1ee7a trung t\u00e2m khu v\u1ef1c th\u1ef1c hi\u1ec7n. T\u00f4i c\u00f3 n\u00ean th\u1ef1c hi\u1ec7n th\u00eam th\u1ea9m \u0111\u1ecbnh v\u1edbi nh\u00e0 t\u00e2m l\u00fd h\u1ecdc kh\u00e1c kh\u00f4ng?<\/a><\/li>\n<li id=\"menu-item-979\" class=\"menu-item menu-item-type-post_type menu-item-object-page menu-item-979\"><a href=\"https:\/\/rula.disabilityrightsca.org\/vi\/rula-book\/chapter-2-eligibility-for-regional-center-services\/am-i-eligible-for-regional-center-services-if-my-condition-is-closely-related-to-autism-cerebral-palsy-or-epilepsy\/\">(2.19) N\u1ebfu t\u00ecnh tr\u1ea1ng c\u1ee7a t\u00f4i li\u00ean quan ch\u1eb7t ch\u1ebd \u0111\u1ebfn t\u1ef1 k\u1ef7, b\u1ea1i n\u00e3o ho\u1eb7c \u0111\u1ed9ng kinh th\u00ec t\u00f4i c\u00f3 h\u1ed9i \u0111\u1ee7 \u0111i\u1ec1u ki\u1ec7n nh\u1eadn c\u00e1c d\u1ecbch v\u1ee5 c\u1ee7a trung t\u00e2m khu v\u1ef1c kh\u00f4ng?<\/a><\/li>\n<li id=\"menu-item-978\" class=\"menu-item menu-item-type-post_type menu-item-object-page menu-item-978\"><a href=\"https:\/\/rula.disabilityrightsca.org\/vi\/rula-book\/chapter-2-eligibility-for-regional-center-services\/what-does-substantial-disability-mean\/\">(2.20) \u201cKhuy\u1ebft t\u1eadt \u0111\u00e1ng k\u1ec3\u201d ngh\u0129a l\u00e0 g\u00ec?<\/a><\/li>\n<li id=\"menu-item-977\" class=\"menu-item menu-item-type-post_type menu-item-object-page menu-item-977\"><a href=\"https:\/\/rula.disabilityrightsca.org\/vi\/rula-book\/chapter-2-eligibility-for-regional-center-services\/how-do-i-prove-i-have-a-substantial-disability\/\">(2.21) L\u00e0m c\u00e1ch n\u00e0o \u0111\u1ec3 t\u00f4i ch\u1ee9ng minh b\u1ea3n th\u00e2n b\u1ecb khuy\u1ebft t\u1eadt \u0111\u00e1ng k\u1ec3?<\/a><\/li>\n<li id=\"menu-item-976\" class=\"menu-item menu-item-type-post_type menu-item-object-page menu-item-976\"><a href=\"https:\/\/rula.disabilityrightsca.org\/vi\/rula-book\/chapter-2-eligibility-for-regional-center-services\/what-are-handicapping-conditions-that-are-solely-physical\/\">(2.22) \u201cC\u00e1c t\u00ecnh tr\u1ea1ng t\u00e0n t\u1eadt \u0111\u01a1n thu\u1ea7n thu\u1ed9c v\u1ec1 th\u1ec3 ch\u1ea5t\u201d l\u00e0 g\u00ec?<\/a><\/li>\n<li id=\"menu-item-975\" class=\"menu-item menu-item-type-post_type menu-item-object-page menu-item-975\"><a href=\"https:\/\/rula.disabilityrightsca.org\/vi\/rula-book\/chapter-2-eligibility-for-regional-center-services\/am-i-eligible-for-regional-center-services-if-i-have-only-a-learning-disability-or-a-psychiatric-disorder\/\">(2.23) T\u00f4i c\u00f3 h\u1ed9i \u0111\u1ee7 \u0111i\u1ec1u ki\u1ec7n nh\u1eadn c\u00e1c d\u1ecbch v\u1ee5 c\u1ee7a trung t\u00e2m khu v\u1ef1c n\u1ebfu b\u1ea3n th\u00e2n ch\u1ec9 b\u1ecb khuy\u1ebft t\u1eadt h\u1ecdc t\u1eadp ho\u1eb7c r\u1ed1i lo\u1ea1n t\u00e2m th\u1ea7n kh\u00f4ng?<\/a><\/li>\n<li id=\"menu-item-974\" class=\"menu-item menu-item-type-post_type menu-item-object-page menu-item-974\"><a href=\"https:\/\/rula.disabilityrightsca.org\/vi\/rula-book\/chapter-2-eligibility-for-regional-center-services\/can-i-lose-my-regional-center-eligibility\/\">(2.24) T\u00f4i c\u00f3 th\u1ec3 b\u1ecb m\u1ea5t kh\u1ea3 n\u0103ng h\u1ed9i \u0111\u1ee7 \u0111i\u1ec1u ki\u1ec7n t\u1ea1i trung t\u00e2m khu v\u1ef1c kh\u00f4ng?<\/a><\/li>\n<li id=\"menu-item-973\" class=\"menu-item menu-item-type-post_type menu-item-object-page menu-item-973\"><a href=\"https:\/\/rula.disabilityrightsca.org\/vi\/rula-book\/chapter-2-eligibility-for-regional-center-services\/how-long-does-the-regional-center-take-to-process-my-application\/\">(2.25) Trung t\u00e2m khu v\u1ef1c x\u1eed l\u00fd \u0111\u01a1n \u0111\u0103ng k\u00fd c\u1ee7a t\u00f4i trong bao l\u00e2u?<\/a><\/li>\n<li id=\"menu-item-972\" class=\"menu-item menu-item-type-post_type menu-item-object-page menu-item-972\"><a href=\"https:\/\/rula.disabilityrightsca.org\/vi\/rula-book\/chapter-2-eligibility-for-regional-center-services\/what-does-the-regional-center-do-during-this-60120-days\/\">(2.26)  Trung t\u00e2m khu v\u1ef1c l\u00e0m g\u00ec trong 60 \u2013 120 ng\u00e0y n\u00e0y?<\/a><\/li>\n<li id=\"menu-item-971\" class=\"menu-item menu-item-type-post_type menu-item-object-page menu-item-971\"><a href=\"https:\/\/rula.disabilityrightsca.org\/vi\/rula-book\/chapter-2-eligibility-for-regional-center-services\/what-can-i-do-if-the-regional-center-says-i-am-not-eligible\/\">(2.27) T\u00f4i c\u00f3 th\u1ec3 l\u00e0m g\u00ec n\u1ebfu trung t\u00e2m khu v\u1ef1c th\u00f4ng b\u00e1o t\u00f4i kh\u00f4ng h\u1ed9i \u0111\u1ee7 \u0111i\u1ec1u ki\u1ec7n?<\/a><\/li>\n<li id=\"menu-item-970\" class=\"menu-item menu-item-type-post_type menu-item-object-page menu-item-970\"><a href=\"https:\/\/rula.disabilityrightsca.org\/vi\/rula-book\/chapter-2-eligibility-for-regional-center-services\/is-there-a-deadline-to-appeal\/\">(2.28) Kh\u00e1ng c\u00e1o c\u00f3 th\u1eddi h\u1ea1n kh\u00f4ng?<\/a><\/li>\n<\/ul><\/div>\n","protected":false},"excerpt":{"rendered":"<p>In to\u00e0n b\u1ed9 ch\u01b0\u01a1ng Ch\u01b0\u01a1ng n\u00e0y \u0111\u1ec1 c\u1eadp \u0111\u1ebfn khuy\u1ebft t\u1eadt v\u1ec1 ph\u00e1t tri\u1ec3n \u2013 \u0111\u1ecbnh ngh\u0129a v\u1ec1 khuy\u1ebft t\u1eadt n\u00e0y, \u0111\u1ed1i t\u01b0\u1ee3ng h\u1ed9i \u0111\u1ee7&hellip;<\/p>\n","protected":false},"author":1,"featured_media":0,"parent":33,"menu_order":2,"comment_status":"closed","ping_status":"closed","template":"","meta":{"footnotes":""},"class_list":["post-37","page","type-page","status-publish","hentry"],"_links":{"self":[{"href":"https:\/\/rula.disabilityrightsca.org\/vi\/wp-json\/wp\/v2\/pages\/37","targetHints":{"allow":["GET"]}}],"collection":[{"href":"https:\/\/rula.disabilityrightsca.org\/vi\/wp-json\/wp\/v2\/pages"}],"about":[{"href":"https:\/\/rula.disabilityrightsca.org\/vi\/wp-json\/wp\/v2\/types\/page"}],"author":[{"embeddable":true,"href":"https:\/\/rula.disabilityrightsca.org\/vi\/wp-json\/wp\/v2\/users\/1"}],"replies":[{"embeddable":true,"href":"https:\/\/rula.disabilityrightsca.org\/vi\/wp-json\/wp\/v2\/comments?post=37"}],"version-history":[{"count":18,"href":"https:\/\/rula.disabilityrightsca.org\/vi\/wp-json\/wp\/v2\/pages\/37\/revisions"}],"predecessor-version":[{"id":3429,"href":"https:\/\/rula.disabilityrightsca.org\/vi\/wp-json\/wp\/v2\/pages\/37\/revisions\/3429"}],"up":[{"embeddable":true,"href":"https:\/\/rula.disabilityrightsca.org\/vi\/wp-json\/wp\/v2\/pages\/33"}],"wp:attachment":[{"href":"https:\/\/rula.disabilityrightsca.org\/vi\/wp-json\/wp\/v2\/media?parent=37"}],"curies":[{"name":"wp","href":"https:\/\/api.w.org\/{rel}","templated":true}]}}