{"id":3698,"date":"2023-07-10T18:28:32","date_gmt":"2023-07-10T18:28:32","guid":{"rendered":"https:\/\/rula.disabilityrightsca.org\/vi\/?page_id=3698"},"modified":"2024-10-09T17:48:05","modified_gmt":"2024-10-09T17:48:05","slug":"4-69-trung-tam-khu-vuc-co-the-benh-vuc-nhu-the-nao-de-toi-nhan-duoc-dich-vu-tu-cac-co-quan-khac","status":"publish","type":"page","link":"https:\/\/rula.disabilityrightsca.org\/vi\/rula-book\/chapter-4-individual-program-plans\/4-69-trung-tam-khu-vuc-co-the-benh-vuc-nhu-the-nao-de-toi-nhan-duoc-dich-vu-tu-cac-co-quan-khac\/","title":{"rendered":"(4.70) Trung t\u00e2m khu v\u1ef1c c\u00f3 th\u1ec3 b\u00eanh v\u1ef1c nh\u01b0 th\u1ebf n\u00e0o \u0111\u1ec3 t\u00f4i nh\u1eadn \u0111\u01b0\u1ee3c d\u1ecbch v\u1ee5 t\u1eeb c\u00e1c c\u01a1 quan kh\u00e1c?"},"content":{"rendered":"\n<p>Qu\u00fd v\u1ecb c\u00f3 quy\u1ec1n nh\u1eadn c\u00e1c d\u1ecbch v\u1ee5 t\u1eeb nhi\u1ec1u c\u01a1 quan v\u00e0 ch\u01b0\u01a1ng tr\u00ecnh. M\u1ed9t s\u1ed1 v\u00ed d\u1ee5 bao g\u1ed3m:<\/p>\n\n\n\n<ul class=\"wp-block-list\"><li>C\u00e1c d\u1ecbch v\u1ee5 gi\u00e1o d\u1ee5c \u0111\u1eb7c bi\u1ec7t th\u00edch h\u1ee3p t\u1eeb tr\u01b0\u1eddng c\u00f4ng l\u1eadp t\u1ea1i \u0111\u1ecba ph\u01b0\u01a1ng c\u1ee7a qu\u00fd v\u1ecb<\/li><li>Thi\u1ebft b\u1ecb v\u00e0 d\u1ecbch v\u1ee5 t\u1eeb Medi-Cal, D\u1ecbch V\u1ee5 Tr\u1ebb Em California (California Children\u2019s Services, CCS) ho\u1eb7c b\u1ea3o hi\u1ec3m s\u1ee9c kh\u1ecfe t\u01b0 nh\u00e2n<\/li><li>Thu Nh\u1eadp An Sinh B\u1ed5 Sung (SSI)<\/li><li>Lo\u1ea1i v\u00e0 s\u1ed1 l\u01b0\u1ee3ng D\u1ecbch V\u1ee5 H\u1ed7 Tr\u1ee3 T\u1ea1i Nh\u00e0 (In-Home Supportive Services, IHSS) ph\u00f9 h\u1ee3p<\/li><\/ul>\n\n\n\n<p>N\u1ebfu qu\u00fd v\u1ecb g\u1eb7p kh\u00f3 kh\u0103n trong vi\u1ec7c nh\u1eadn d\u1ecbch v\u1ee5 v\u00e0 ph\u00fac l\u1ee3i qu\u00fd v\u1ecb c\u1ea7n, trung t\u00e2m khu v\u1ef1c ph\u1ea3i b\u00eanh v\u1ef1c qu\u00fd v\u1ecb. \u0110i\u1ec1u ph\u1ed1i vi\u00ean d\u1ecbch v\u1ee5 c\u1ee7a qu\u00fd v\u1ecb (ho\u1eb7c ng\u01b0\u1eddi kh\u00e1c \u0111\u01b0\u1ee3c trung t\u00e2m khu v\u1ef1c ch\u1ecdn) c\u00f3 th\u1ec3 tr\u1ee3 gi\u00fap b\u1eb1ng c\u00e1ch \u0111i c\u00f9ng qu\u00fd v\u1ecb \u0111\u1ebfn cu\u1ed9c h\u1ecdp IEP c\u1ee7a qu\u00fd v\u1ecb t\u1ea1i tr\u01b0\u1eddng. H\u1ecd c\u00f3 th\u1ec3 gi\u00fap qu\u00fd v\u1ecb t\u00ednh to\u00e1n s\u1ed1 gi\u1edd IHSS qu\u00fd v\u1ecb c\u1ea7n b\u1eb1ng c\u00e1ch x\u00e1c \u0111\u1ecbnh l\u01b0\u1ee3ng th\u1eddi gian c\u1ea7n thi\u1ebft \u0111\u1ec3 ho\u00e0n th\u00e0nh c\u00e1c c\u00f4ng vi\u1ec7c kh\u00e1c nhau t\u1ea1i nh\u00e0. Trung t\u00e2m khu v\u1ef1c c\u0169ng c\u00f3 th\u1ec3 gi\u00fap qu\u00fd v\u1ecb t\u1ea1i phi\u00ean \u0111i\u1ec1u tr\u1ea7n h\u00e0nh ch\u00ednh v\u1edbi m\u1ed9t trong nh\u1eefng c\u01a1 quan n\u00e0y.<span class=\"footnote_referrer\"><a role=\"button\" tabindex=\"0\" onclick=\"footnote_moveToReference_3698_1('footnote_plugin_reference_3698_1_1');\" onkeypress=\"footnote_moveToReference_3698_1('footnote_plugin_reference_3698_1_1');\" ><sup id=\"footnote_plugin_tooltip_3698_1_1\" class=\"footnote_plugin_tooltip_text\">[1]<\/sup><\/a><span id=\"footnote_plugin_tooltip_text_3698_1_1\" class=\"footnote_tooltip\">M\u1ee5c 4648(b)(1)&amp;(2). M\u1ed9t s\u1ed1 trung t\u00e2m khu v\u1ef1c thu\u00ea lu\u1eadt s\u01b0 \u0111\u1ea1i di\u1ec7n cho kh\u00e1ch h\u00e0ng trong nh\u1eefng tr\u01b0\u1eddng h\u1ee3p nh\u1ea5t \u0111\u1ecbnh.<\/span><\/span><script type=\"text\/javascript\"> jQuery('#footnote_plugin_tooltip_3698_1_1').tooltip({ tip: '#footnote_plugin_tooltip_text_3698_1_1', tipClass: 'footnote_tooltip', effect: 'fade', predelay: 0, fadeInSpeed: 200, delay: 400, fadeOutSpeed: 200, position: 'top center', relative: true, offset: [-7, 0], });<\/script><\/p>\n\n\n\n<p>Trung t\u00e2m khu v\u1ef1c ph\u1ea3i c\u00f3 nh\u00e2n vi\u00ean (ho\u1eb7c k\u00fd h\u1ee3p \u0111\u1ed3ng v\u1edbi m\u1ed9t ng\u01b0\u1eddi) c\u00f3 chuy\u00ean m\u00f4n trong c\u00e1c l\u0129nh v\u1ef1c t\u01b0 ph\u00e1p h\u00ecnh s\u1ef1, gi\u00e1o d\u1ee5c \u0111\u1eb7c bi\u1ec7t, h\u1ed7 tr\u1ee3 gia \u0111\u00ecnh, nh\u00e0 \u1edf gi\u00e1 c\u1ea3 h\u1ee3p l\u00fd, h\u00f2a nh\u1eadp c\u1ed9ng \u0111\u1ed3ng v\u00e0 \u0111\u1ea3m b\u1ea3o ch\u1ea5t l\u01b0\u1ee3ng. Trung t\u00e2m khu v\u1ef1c c\u0169ng ph\u1ea3i thu\u00ea m\u1ed9t \u201cng\u01b0\u1eddi b\u00eanh v\u1ef1c kh\u00e1ch h\u00e0ng\u201d l\u00e0 ng\u01b0\u1eddi b\u1ecb khuy\u1ebft t\u1eadt v\u1ec1 ph\u00e1t tri\u1ec3n.<span class=\"footnote_referrer\"><a role=\"button\" tabindex=\"0\" onclick=\"footnote_moveToReference_3698_1('footnote_plugin_reference_3698_1_2');\" onkeypress=\"footnote_moveToReference_3698_1('footnote_plugin_reference_3698_1_2');\" ><sup id=\"footnote_plugin_tooltip_3698_1_2\" class=\"footnote_plugin_tooltip_text\">[2]<\/sup><\/a><span id=\"footnote_plugin_tooltip_text_3698_1_2\" class=\"footnote_tooltip\">M\u1ee5c 4640.6(g).<\/span><\/span><script type=\"text\/javascript\"> jQuery('#footnote_plugin_tooltip_3698_1_2').tooltip({ tip: '#footnote_plugin_tooltip_text_3698_1_2', tipClass: 'footnote_tooltip', effect: 'fade', predelay: 0, fadeInSpeed: 200, delay: 400, fadeOutSpeed: 200, position: 'top center', relative: true, offset: [-7, 0], });<\/script> Qu\u00fd v\u1ecb ph\u1ea3i c\u00f3 kh\u1ea3 n\u0103ng t\u00ecm \u0111\u1ebfn b\u1ea5t k\u1ef3 ng\u01b0\u1eddi n\u00e0o trong s\u1ed1 n\u00e0y \u0111\u1ec3 nh\u1eadn tr\u1ee3 gi\u00fap b\u00eanh v\u1ef1c trong c\u00e1c l\u0129nh v\u1ef1c n\u00e0y.<\/p>\n\n\n\n<p>N\u1ebfu trung t\u00e2m khu v\u1ef1c kh\u00f4ng th\u1ec3 ho\u1eb7c s\u1ebd kh\u00f4ng tr\u1ee3 gi\u00fap, h\u00e3y n\u1ed9p \u0111\u01a1n kh\u00e1ng c\u00e1o v\u00e0 y\u00eau c\u1ea7u th\u1ea9m ph\u00e1n ra l\u1ec7nh cho trung t\u00e2m khu v\u1ef1c cung c\u1ea5p tr\u1ee3 gi\u00fap b\u00eanh v\u1ef1c cho qu\u00fd v\u1ecb. Xem <a href=\"https:\/\/rula.disabilityrightsca.org\/rula-book\/chapter-10-appeals-and-complaints-disagreements-with-regional-centers-developmental-centers-or-service-providers\/\">Ch\u01b0\u01a1ng 10<\/a> \u0111\u1ec3 bi\u1ebft th\u00eam th\u00f4ng tin v\u1ec1 kh\u00e1ng c\u00e1o.<\/p>\n<div class=\"speaker-mute footnotes_reference_container\"> <div class=\"footnote_container_prepare\"><p><span role=\"button\" tabindex=\"0\" class=\"footnote_reference_container_label pointer\" onclick=\"footnote_expand_collapse_reference_container_3698_1();\">&#x202F;<\/span><span role=\"button\" tabindex=\"0\" class=\"footnote_reference_container_collapse_button\" style=\"display: none;\" onclick=\"footnote_expand_collapse_reference_container_3698_1();\">[<a id=\"footnote_reference_container_collapse_button_3698_1\">+<\/a>]<\/span><\/p><\/div> <div id=\"footnote_references_container_3698_1\" style=\"\"><table class=\"footnotes_table footnote-reference-container\"><caption class=\"accessibility\">References<\/caption> <tbody> \r\n\r\n<tr class=\"footnotes_plugin_reference_row\"> <th scope=\"row\" class=\"footnote_plugin_index_combi pointer\"  onclick=\"footnote_moveToAnchor_3698_1('footnote_plugin_tooltip_3698_1_1');\"><a id=\"footnote_plugin_reference_3698_1_1\" class=\"footnote_backlink\"><span class=\"footnote_index_arrow\">&#8593;<\/span>1<\/a><\/th> <td class=\"footnote_plugin_text\">M\u1ee5c 4648(b)(1)&amp;(2). M\u1ed9t s\u1ed1 trung t\u00e2m khu v\u1ef1c thu\u00ea lu\u1eadt s\u01b0 \u0111\u1ea1i di\u1ec7n cho kh\u00e1ch h\u00e0ng trong nh\u1eefng tr\u01b0\u1eddng h\u1ee3p nh\u1ea5t \u0111\u1ecbnh.<\/td><\/tr>\r\n\r\n<tr class=\"footnotes_plugin_reference_row\"> <th scope=\"row\" class=\"footnote_plugin_index_combi pointer\"  onclick=\"footnote_moveToAnchor_3698_1('footnote_plugin_tooltip_3698_1_2');\"><a id=\"footnote_plugin_reference_3698_1_2\" class=\"footnote_backlink\"><span class=\"footnote_index_arrow\">&#8593;<\/span>2<\/a><\/th> <td class=\"footnote_plugin_text\">M\u1ee5c 4640.6(g).<\/td><\/tr>\r\n\r\n <\/tbody> <\/table> <\/div><\/div><script type=\"text\/javascript\"> function footnote_expand_reference_container_3698_1() { jQuery('#footnote_references_container_3698_1').show(); jQuery('#footnote_reference_container_collapse_button_3698_1').text('\u2212'); } function footnote_collapse_reference_container_3698_1() { jQuery('#footnote_references_container_3698_1').hide(); jQuery('#footnote_reference_container_collapse_button_3698_1').text('+'); } function footnote_expand_collapse_reference_container_3698_1() { if (jQuery('#footnote_references_container_3698_1').is(':hidden')) { footnote_expand_reference_container_3698_1(); } else { footnote_collapse_reference_container_3698_1(); } } function footnote_moveToReference_3698_1(p_str_TargetID) { footnote_expand_reference_container_3698_1(); var l_obj_Target = jQuery('#' + p_str_TargetID); if (l_obj_Target.length) { jQuery( 'html, body' ).delay( 0 ); jQuery('html, body').animate({ scrollTop: l_obj_Target.offset().top - window.innerHeight * 0.2 }, 380); } } function footnote_moveToAnchor_3698_1(p_str_TargetID) { footnote_expand_reference_container_3698_1(); var l_obj_Target = jQuery('#' + p_str_TargetID); if (l_obj_Target.length) { jQuery( 'html, body' ).delay( 0 ); jQuery('html, body').animate({ scrollTop: l_obj_Target.offset().top - window.innerHeight * 0.2 }, 380); } }<\/script>","protected":false},"excerpt":{"rendered":"<p>Qu\u00fd v\u1ecb c\u00f3 quy\u1ec1n nh\u1eadn c\u00e1c d\u1ecbch v\u1ee5 t\u1eeb nhi\u1ec1u c\u01a1 quan v\u00e0 ch\u01b0\u01a1ng tr\u00ecnh. M\u1ed9t s\u1ed1 v\u00ed d\u1ee5 bao g\u1ed3m: C\u00e1c d\u1ecbch v\u1ee5 gi\u00e1o&hellip;<\/p>\n","protected":false},"author":1,"featured_media":0,"parent":1193,"menu_order":69,"comment_status":"closed","ping_status":"closed","template":"","meta":{"footnotes":""},"class_list":["post-3698","page","type-page","status-publish","hentry"],"_links":{"self":[{"href":"https:\/\/rula.disabilityrightsca.org\/vi\/wp-json\/wp\/v2\/pages\/3698","targetHints":{"allow":["GET"]}}],"collection":[{"href":"https:\/\/rula.disabilityrightsca.org\/vi\/wp-json\/wp\/v2\/pages"}],"about":[{"href":"https:\/\/rula.disabilityrightsca.org\/vi\/wp-json\/wp\/v2\/types\/page"}],"author":[{"embeddable":true,"href":"https:\/\/rula.disabilityrightsca.org\/vi\/wp-json\/wp\/v2\/users\/1"}],"replies":[{"embeddable":true,"href":"https:\/\/rula.disabilityrightsca.org\/vi\/wp-json\/wp\/v2\/comments?post=3698"}],"version-history":[{"count":2,"href":"https:\/\/rula.disabilityrightsca.org\/vi\/wp-json\/wp\/v2\/pages\/3698\/revisions"}],"predecessor-version":[{"id":3845,"href":"https:\/\/rula.disabilityrightsca.org\/vi\/wp-json\/wp\/v2\/pages\/3698\/revisions\/3845"}],"up":[{"embeddable":true,"href":"https:\/\/rula.disabilityrightsca.org\/vi\/wp-json\/wp\/v2\/pages\/1193"}],"wp:attachment":[{"href":"https:\/\/rula.disabilityrightsca.org\/vi\/wp-json\/wp\/v2\/media?parent=3698"}],"curies":[{"name":"wp","href":"https:\/\/api.w.org\/{rel}","templated":true}]}}