{"id":3696,"date":"2023-07-10T18:25:15","date_gmt":"2023-07-10T18:25:15","guid":{"rendered":"https:\/\/rula.disabilityrightsca.org\/vi\/?page_id=3696"},"modified":"2024-10-09T17:48:27","modified_gmt":"2024-10-09T17:48:27","slug":"4-68-toi-co-the-chon-nguoi-cung-cap-cac-dich-vu-va-su-ho-tro-cho-minh-khong","status":"publish","type":"page","link":"https:\/\/rula.disabilityrightsca.org\/vi\/rula-book\/chapter-4-individual-program-plans\/4-68-toi-co-the-chon-nguoi-cung-cap-cac-dich-vu-va-su-ho-tro-cho-minh-khong\/","title":{"rendered":"(4.69) T\u00f4i c\u00f3 th\u1ec3 ch\u1ecdn ng\u01b0\u1eddi cung c\u1ea5p c\u00e1c d\u1ecbch v\u1ee5 v\u00e0 s\u1ef1 h\u1ed7 tr\u1ee3 cho m\u00ecnh kh\u00f4ng?"},"content":{"rendered":"\n<p>Qu\u00fd v\u1ecb c\u00f3 ti\u1ebfng n\u00f3i quan tr\u1ecdng trong vi\u1ec7c ch\u1ecdn nh\u00e0 cung c\u1ea5p d\u1ecbch v\u1ee5 cho qu\u00fd v\u1ecb nh\u01b0ng l\u1ef1a ch\u1ecdn n\u00e0y kh\u00f4ng ph\u1ea3i l\u00e0 tr\u00e1ch nhi\u1ec7m c\u1ee7a ri\u00eang qu\u00fd v\u1ecb. Trong vi\u1ec7c quy\u1ebft \u0111\u1ecbnh nh\u00e0 cung c\u1ea5p d\u1ecbch v\u1ee5, nh\u00f3m l\u1eadp k\u1ebf ho\u1ea1ch, bao g\u1ed3m c\u1ea3 qu\u00fd v\u1ecb c\u00f9ng gia \u0111\u00ecnh qu\u00fd v\u1ecb ho\u1eb7c ng\u01b0\u1eddi b\u00eanh v\u1ef1c, ph\u1ea3i c\u00e2n nh\u1eafc:<\/p>\n\n\n\n<ul class=\"wp-block-list\"><li>Kh\u1ea3 n\u0103ng cung c\u1ea5p d\u1ecbch v\u1ee5 ch\u1ea5t l\u01b0\u1ee3ng c\u1ee7a nh\u00e0 cung c\u1ea5p \u0111\u1ec3 gi\u00fap qu\u00fd v\u1ecb th\u1ef1c hi\u1ec7n IPP.<\/li><li>Th\u00e0nh c\u00f4ng c\u1ee7a nh\u00e0 cung c\u1ea5p trong vi\u1ec7c tr\u1ee3 gi\u00fap qu\u00fd v\u1ecb \u0111\u1ea1t \u0111\u01b0\u1ee3c c\u00e1c m\u1ee5c ti\u00eau trong IPP. Nh\u00e0 cung c\u1ea5p c\u00f3 ph\u1ea3i \u0111\u01b0\u1ee3c c\u1ea5p ph\u00e9p kh\u00f4ng, nh\u00e0 cung c\u1ea5p c\u00f3 gi\u1ea5y ph\u00e9p \u0111\u00f3 kh\u00f4ng.<\/li><li>C\u00f3 s\u1eb5n c\u00e1c d\u1ecbch v\u1ee5 t\u01b0\u01a1ng \u0111\u01b0\u01a1ng (c\u00f3 ch\u1ea5t l\u01b0\u1ee3ng ngang b\u1eb1ng ho\u1eb7c t\u1ed1t h\u01a1n) v\u1edbi chi ph\u00ed \u00edt h\u01a1n t\u1eeb nh\u00e0 cung c\u1ea5p kh\u00e1c kh\u00f4ng.<\/li><li>Nh\u00e0 cung c\u1ea5p \u0111\u00f3 l\u00e0 theo l\u1ef1a ch\u1ecdn c\u1ee7a qu\u00fd v\u1ecb hay gia \u0111\u00ecnh qu\u00fd v\u1ecb.<span class=\"footnote_referrer\"><a role=\"button\" tabindex=\"0\" onclick=\"footnote_moveToReference_3696_1('footnote_plugin_reference_3696_1_1');\" onkeypress=\"footnote_moveToReference_3696_1('footnote_plugin_reference_3696_1_1');\" ><sup id=\"footnote_plugin_tooltip_3696_1_1\" class=\"footnote_plugin_tooltip_text\">[1]<\/sup><\/a><span id=\"footnote_plugin_tooltip_text_3696_1_1\" class=\"footnote_tooltip\">\u00a7 4648(a)(6).<\/span><\/span><script type=\"text\/javascript\"> jQuery('#footnote_plugin_tooltip_3696_1_1').tooltip({ tip: '#footnote_plugin_tooltip_text_3696_1_1', tipClass: 'footnote_tooltip', effect: 'fade', predelay: 0, fadeInSpeed: 200, delay: 400, fadeOutSpeed: 200, position: 'top center', relative: true, offset: [-7, 0], });<\/script><\/li><\/ul>\n\n\n\n<p>Qu\u00fd v\u1ecb ph\u1ea3i h\u00e0i l\u00f2ng v\u1edbi hi\u1ec7u qu\u1ea3 l\u00e0m vi\u1ec7c c\u1ee7a nh\u00e0 cung c\u1ea5p. D\u1ecbch v\u1ee5 kh\u00f4ng th\u1ec3 ti\u1ebfp t\u1ee5c tr\u1eeb khi qu\u00fd v\u1ecb v\u00e0 gia \u0111\u00ecnh qu\u00fd v\u1ecb h\u00e0i l\u00f2ng v\u00e0 \u0111\u1ed3ng \u00fd v\u1edbi d\u1ecbch v\u1ee5 \u0111\u00e3 \u0111\u01b0\u1ee3c cung c\u1ea5p theo y\u00eau c\u1ea7u v\u00e0 k\u1ebft qu\u1ea3 l\u00e0 qu\u00fd v\u1ecb \u0111\u00e3 \u0111\u1ea1t ti\u1ebfn \u0111\u1ed9 h\u1ee3p l\u00fd trong vi\u1ec7c th\u1ef1c hi\u1ec7n c\u00e1c m\u1ee5c ti\u00eau trong IPP c\u1ee7a m\u00ecnh.<span class=\"footnote_referrer\"><a role=\"button\" tabindex=\"0\" onclick=\"footnote_moveToReference_3696_1('footnote_plugin_reference_3696_1_2');\" onkeypress=\"footnote_moveToReference_3696_1('footnote_plugin_reference_3696_1_2');\" ><sup id=\"footnote_plugin_tooltip_3696_1_2\" class=\"footnote_plugin_tooltip_text\">[2]<\/sup><\/a><span id=\"footnote_plugin_tooltip_text_3696_1_2\" class=\"footnote_tooltip\">\u00a7 4648(a)(7).<\/span><\/span><script type=\"text\/javascript\"> jQuery('#footnote_plugin_tooltip_3696_1_2').tooltip({ tip: '#footnote_plugin_tooltip_text_3696_1_2', tipClass: 'footnote_tooltip', effect: 'fade', predelay: 0, fadeInSpeed: 200, delay: 400, fadeOutSpeed: 200, position: 'top center', relative: true, offset: [-7, 0], });<\/script><\/p>\n\n\n\n<p>Trung t\u00e2m khu v\u1ef1c kh\u00f4ng \u0111\u01b0\u1ee3c bu\u1ed9c qu\u00fd v\u1ecb ch\u1ea5p nh\u1eadn m\u1ed9t nh\u00e0 cung c\u1ea5p ch\u1ec9 v\u00ec chi ph\u00ed r\u1ebb h\u01a1n. H\u1ecd ph\u1ea3i c\u00e2n nh\u1eafc t\u1ea5t c\u1ea3 c\u00e1c y\u1ebfu t\u1ed1 b\u00ean tr\u00ean. Tuy nhi\u00ean, qu\u00fd v\u1ecb kh\u00f4ng c\u00f3 quy\u1ec1n s\u1eed d\u1ee5ng nh\u00e0 cung c\u1ea5p qu\u00fd v\u1ecb ch\u1ecdn khi c\u00f3 c\u00e1c nh\u00e0 cung c\u1ea5p kh\u00e1c c\u00f3 th\u1ec3 cung c\u1ea5p c\u00e1c d\u1ecbch v\u1ee5 t\u01b0\u01a1ng t\u1ef1 v\u00e0 t\u1ed1t t\u01b0\u01a1ng \u0111\u01b0\u01a1ng v\u1edbi chi ph\u00ed th\u1ea5p h\u01a1n.<\/p>\n<div class=\"speaker-mute footnotes_reference_container\"> <div class=\"footnote_container_prepare\"><p><span role=\"button\" tabindex=\"0\" class=\"footnote_reference_container_label pointer\" onclick=\"footnote_expand_collapse_reference_container_3696_1();\">&#x202F;<\/span><span role=\"button\" tabindex=\"0\" class=\"footnote_reference_container_collapse_button\" style=\"display: none;\" onclick=\"footnote_expand_collapse_reference_container_3696_1();\">[<a id=\"footnote_reference_container_collapse_button_3696_1\">+<\/a>]<\/span><\/p><\/div> <div id=\"footnote_references_container_3696_1\" style=\"\"><table class=\"footnotes_table footnote-reference-container\"><caption class=\"accessibility\">References<\/caption> <tbody> \r\n\r\n<tr class=\"footnotes_plugin_reference_row\"> <th scope=\"row\" class=\"footnote_plugin_index_combi pointer\"  onclick=\"footnote_moveToAnchor_3696_1('footnote_plugin_tooltip_3696_1_1');\"><a id=\"footnote_plugin_reference_3696_1_1\" class=\"footnote_backlink\"><span class=\"footnote_index_arrow\">&#8593;<\/span>1<\/a><\/th> <td class=\"footnote_plugin_text\">\u00a7 4648(a)(6).<\/td><\/tr>\r\n\r\n<tr class=\"footnotes_plugin_reference_row\"> <th scope=\"row\" class=\"footnote_plugin_index_combi pointer\"  onclick=\"footnote_moveToAnchor_3696_1('footnote_plugin_tooltip_3696_1_2');\"><a id=\"footnote_plugin_reference_3696_1_2\" class=\"footnote_backlink\"><span class=\"footnote_index_arrow\">&#8593;<\/span>2<\/a><\/th> <td class=\"footnote_plugin_text\">\u00a7 4648(a)(7).<\/td><\/tr>\r\n\r\n <\/tbody> <\/table> <\/div><\/div><script type=\"text\/javascript\"> function footnote_expand_reference_container_3696_1() { jQuery('#footnote_references_container_3696_1').show(); jQuery('#footnote_reference_container_collapse_button_3696_1').text('\u2212'); } function footnote_collapse_reference_container_3696_1() { jQuery('#footnote_references_container_3696_1').hide(); jQuery('#footnote_reference_container_collapse_button_3696_1').text('+'); } function footnote_expand_collapse_reference_container_3696_1() { if (jQuery('#footnote_references_container_3696_1').is(':hidden')) { footnote_expand_reference_container_3696_1(); } else { footnote_collapse_reference_container_3696_1(); } } function footnote_moveToReference_3696_1(p_str_TargetID) { footnote_expand_reference_container_3696_1(); var l_obj_Target = jQuery('#' + p_str_TargetID); if (l_obj_Target.length) { jQuery( 'html, body' ).delay( 0 ); jQuery('html, body').animate({ scrollTop: l_obj_Target.offset().top - window.innerHeight * 0.2 }, 380); } } function footnote_moveToAnchor_3696_1(p_str_TargetID) { footnote_expand_reference_container_3696_1(); var l_obj_Target = jQuery('#' + p_str_TargetID); if (l_obj_Target.length) { jQuery( 'html, body' ).delay( 0 ); jQuery('html, body').animate({ scrollTop: l_obj_Target.offset().top - window.innerHeight * 0.2 }, 380); } }<\/script>","protected":false},"excerpt":{"rendered":"<p>Qu\u00fd v\u1ecb c\u00f3 ti\u1ebfng n\u00f3i quan tr\u1ecdng trong vi\u1ec7c ch\u1ecdn nh\u00e0 cung c\u1ea5p d\u1ecbch v\u1ee5 cho qu\u00fd v\u1ecb nh\u01b0ng l\u1ef1a ch\u1ecdn n\u00e0y kh\u00f4ng ph\u1ea3i l\u00e0&hellip;<\/p>\n","protected":false},"author":1,"featured_media":0,"parent":1193,"menu_order":68,"comment_status":"closed","ping_status":"closed","template":"","meta":{"footnotes":""},"class_list":["post-3696","page","type-page","status-publish","hentry"],"_links":{"self":[{"href":"https:\/\/rula.disabilityrightsca.org\/vi\/wp-json\/wp\/v2\/pages\/3696","targetHints":{"allow":["GET"]}}],"collection":[{"href":"https:\/\/rula.disabilityrightsca.org\/vi\/wp-json\/wp\/v2\/pages"}],"about":[{"href":"https:\/\/rula.disabilityrightsca.org\/vi\/wp-json\/wp\/v2\/types\/page"}],"author":[{"embeddable":true,"href":"https:\/\/rula.disabilityrightsca.org\/vi\/wp-json\/wp\/v2\/users\/1"}],"replies":[{"embeddable":true,"href":"https:\/\/rula.disabilityrightsca.org\/vi\/wp-json\/wp\/v2\/comments?post=3696"}],"version-history":[{"count":2,"href":"https:\/\/rula.disabilityrightsca.org\/vi\/wp-json\/wp\/v2\/pages\/3696\/revisions"}],"predecessor-version":[{"id":3846,"href":"https:\/\/rula.disabilityrightsca.org\/vi\/wp-json\/wp\/v2\/pages\/3696\/revisions\/3846"}],"up":[{"embeddable":true,"href":"https:\/\/rula.disabilityrightsca.org\/vi\/wp-json\/wp\/v2\/pages\/1193"}],"wp:attachment":[{"href":"https:\/\/rula.disabilityrightsca.org\/vi\/wp-json\/wp\/v2\/media?parent=3696"}],"curies":[{"name":"wp","href":"https:\/\/api.w.org\/{rel}","templated":true}]}}