{"id":3694,"date":"2023-07-10T18:22:42","date_gmt":"2023-07-10T18:22:42","guid":{"rendered":"https:\/\/rula.disabilityrightsca.org\/vi\/?page_id=3694"},"modified":"2024-10-09T17:48:41","modified_gmt":"2024-10-09T17:48:41","slug":"4-67-toi-can-biet-dieu-gi-ve-phieu-mua-hang","status":"publish","type":"page","link":"https:\/\/rula.disabilityrightsca.org\/vi\/rula-book\/chapter-4-individual-program-plans\/4-67-toi-can-biet-dieu-gi-ve-phieu-mua-hang\/","title":{"rendered":"(4.68) T\u00f4i c\u1ea7n bi\u1ebft \u0111i\u1ec1u g\u00ec v\u1ec1 phi\u1ebfu mua h\u00e0ng?"},"content":{"rendered":"\n<p>Phi\u1ebfu mua h\u00e0ng l\u00e0 m\u1ed9t c\u00e1ch \u0111\u1ec3 nh\u1eadn d\u1ecbch v\u1ee5. \u0110\u00e2y l\u00e0 nh\u1eefng \u201cphi\u1ebfu\u201d t\u1eeb trung t\u00e2m khu v\u1ef1c cho ph\u00e9p qu\u00fd v\u1ecb thanh to\u00e1n cho nh\u00e0 cung c\u1ea5p d\u1ecbch v\u1ee5 cho qu\u00fd v\u1ecb. C\u00f3 c\u00e1c lo\u1ea1i phi\u1ebfu mua h\u00e0ng cho c\u00e1c d\u1ecbch v\u1ee5 nh\u01b0 ch\u0103m s\u00f3c t\u1ea1m th\u1eddi, chuy\u00ean ch\u1edf, ch\u0103m s\u00f3c ban ng\u00e0y, \u0111i\u1ec1u d\u01b0\u1ee1ng t\u1ea1i nh\u00e0 v\u00e0 t\u00e3 b\u1ec9m.<\/p>\n\n\n\n<p><em>\u01afu \u0111i\u1ec3m <\/em>c\u1ee7a phi\u1ebfu mua h\u00e0ng l\u00e0:<\/p>\n\n\n\n<p>Qu\u00fd v\u1ecb c\u00f3 th\u1ec3 s\u1eed d\u1ee5ng c\u00e1c phi\u1ebfu n\u00e0y \u0111\u1ec3 mua d\u1ecbch v\u1ee5 t\u1eeb b\u1ea5t k\u1ef3 c\u00e1 nh\u00e2n ho\u1eb7c t\u1ed5 ch\u1ee9c n\u00e0o qu\u00fd v\u1ecb ch\u1ecdn v\u00e0 tr\u00e1nh ph\u1ea3i n\u1eb1m trong danh s\u00e1ch ch\u1edd c\u1ee7a c\u01a1 quan.<\/p>\n\n\n\n<p><em>Nh\u01b0\u1ee3c \u0111i\u1ec3m <\/em>c\u1ee7a phi\u1ebfu mua h\u00e0ng l\u00e0:<\/p>\n\n\n\n<p>Nh\u1eefng phi\u1ebfu n\u00e0y bu\u1ed9c <strong>qu\u00fd v\u1ecb <\/strong>c\u00f3 tr\u00e1ch nhi\u1ec7m t\u00ecm nh\u00e0 cung c\u1ea5p d\u1ecbch v\u1ee5.<\/p>\n\n\n\n<p>Ngo\u00e0i ra, b\u1eb1ng vi\u1ec7c s\u1eed d\u1ee5ng phi\u1ebfu mua h\u00e0ng, qu\u00fd v\u1ecb s\u1ebd thi\u1ebft l\u1eadp quan h\u1ec7 \u201cng\u01b0\u1eddi s\u1eed d\u1ee5ng lao \u0111\u1ed9ng v\u00e0 ng\u01b0\u1eddi lao \u0111\u1ed9ng\u201d gi\u1eefa qu\u00fd v\u1ecb v\u00e0 ng\u01b0\u1eddi \u0111\u01b0\u1ee3c thu\u00ea \u0111\u1ec3 cung c\u1ea5p d\u1ecbch v\u1ee5. L\u00e0 ng\u01b0\u1eddi s\u1eed d\u1ee5ng lao \u0111\u1ed9ng, qu\u00fd v\u1ecb ph\u1ea3i tu\u00e2n th\u1ee7 c\u1ea3 lu\u1eadt ti\u1ec3u bang v\u00e0 li\u00ean bang v\u1ec1 vi\u1ec7c tuy\u1ec3n d\u1ee5ng, sa th\u1ea3i, b\u00e1o c\u00e1o l\u01b0\u01a1ng, kh\u1ea5u l\u01b0u thu\u1ebf thu nh\u1eadp v\u00e0 thu\u1ebf ti\u1ec1n l\u01b0\u01a1ng v\u00e0 b\u1ed3i th\u01b0\u1eddng cho ng\u01b0\u1eddi lao \u0111\u1ed9ng. Trung t\u00e2m khu v\u1ef1c ph\u1ea3i cung c\u1ea5p s\u1ef1 h\u1ed7 tr\u1ee3 k\u1ef9 thu\u1eadt, h\u01b0\u1edbng d\u1eabn v\u00e0 \u0111\u00e0o t\u1ea1o \u0111\u1ec3 gi\u00fap qu\u00fd v\u1ecb \u0111\u00e1p \u1ee9ng nh\u1eefng y\u00eau c\u1ea7u \u0111\u00f3.<span class=\"footnote_referrer\"><a role=\"button\" tabindex=\"0\" onclick=\"footnote_moveToReference_3694_1('footnote_plugin_reference_3694_1_1');\" onkeypress=\"footnote_moveToReference_3694_1('footnote_plugin_reference_3694_1_1');\" ><sup id=\"footnote_plugin_tooltip_3694_1_1\" class=\"footnote_plugin_tooltip_text\">[1]<\/sup><\/a><span id=\"footnote_plugin_tooltip_text_3694_1_1\" class=\"footnote_tooltip\">Ti\u00eau \u0110\u1ec1 17, B\u1ed9 Lu\u1eadt C\u00e1c Quy \u0110\u1ecbnh California, m\u1ee5c 54355.<\/span><\/span><script type=\"text\/javascript\"> jQuery('#footnote_plugin_tooltip_3694_1_1').tooltip({ tip: '#footnote_plugin_tooltip_text_3694_1_1', tipClass: 'footnote_tooltip', effect: 'fade', predelay: 0, fadeInSpeed: 200, delay: 400, fadeOutSpeed: 200, position: 'top center', relative: true, offset: [-7, 0], });<\/script> \u0110i\u1ec1u quan tr\u1ecdng l\u00e0 trung t\u00e2m khu v\u1ef1c kh\u00f4ng th\u1ec3 <em>bu\u1ed9c qu\u00fd v\u1ecb <\/em>s\u1eed d\u1ee5ng phi\u1ebfu mua h\u00e0ng thay cho m\u1ed9t trong nh\u1eefng c\u00e1ch kh\u00e1c \u0111\u1ec3 b\u1ea3o \u0111\u1ea3m d\u1ecbch v\u1ee5 cho qu\u00fd v\u1ecb. \u0110i\u1ec1u n\u00e0y \u0111\u1eb7c bi\u1ec7t \u0111\u00fang n\u1ebfu, v\u00ec t\u00ecnh tr\u1ea1ng khuy\u1ebft t\u1eadt m\u00e0 qu\u00fd v\u1ecb kh\u00f4ng th\u1ec3 x\u1eed l\u00fd \u0111\u01b0\u1ee3c c\u00f4ng vi\u1ec7c b\u1eaft bu\u1ed9c ph\u00e1t sinh th\u00eam.<\/p>\n<div class=\"speaker-mute footnotes_reference_container\"> <div class=\"footnote_container_prepare\"><p><span role=\"button\" tabindex=\"0\" class=\"footnote_reference_container_label pointer\" onclick=\"footnote_expand_collapse_reference_container_3694_1();\">&#x202F;<\/span><span role=\"button\" tabindex=\"0\" class=\"footnote_reference_container_collapse_button\" style=\"display: none;\" onclick=\"footnote_expand_collapse_reference_container_3694_1();\">[<a id=\"footnote_reference_container_collapse_button_3694_1\">+<\/a>]<\/span><\/p><\/div> <div id=\"footnote_references_container_3694_1\" style=\"\"><table class=\"footnotes_table footnote-reference-container\"><caption class=\"accessibility\">References<\/caption> <tbody> \r\n\r\n<tr class=\"footnotes_plugin_reference_row\"> <th scope=\"row\" class=\"footnote_plugin_index_combi pointer\"  onclick=\"footnote_moveToAnchor_3694_1('footnote_plugin_tooltip_3694_1_1');\"><a id=\"footnote_plugin_reference_3694_1_1\" class=\"footnote_backlink\"><span class=\"footnote_index_arrow\">&#8593;<\/span>1<\/a><\/th> <td class=\"footnote_plugin_text\">Ti\u00eau \u0110\u1ec1 17, B\u1ed9 Lu\u1eadt C\u00e1c Quy \u0110\u1ecbnh California, m\u1ee5c 54355.<\/td><\/tr>\r\n\r\n <\/tbody> <\/table> <\/div><\/div><script type=\"text\/javascript\"> function footnote_expand_reference_container_3694_1() { jQuery('#footnote_references_container_3694_1').show(); jQuery('#footnote_reference_container_collapse_button_3694_1').text('\u2212'); } function footnote_collapse_reference_container_3694_1() { jQuery('#footnote_references_container_3694_1').hide(); jQuery('#footnote_reference_container_collapse_button_3694_1').text('+'); } function footnote_expand_collapse_reference_container_3694_1() { if (jQuery('#footnote_references_container_3694_1').is(':hidden')) { footnote_expand_reference_container_3694_1(); } else { footnote_collapse_reference_container_3694_1(); } } function footnote_moveToReference_3694_1(p_str_TargetID) { footnote_expand_reference_container_3694_1(); var l_obj_Target = jQuery('#' + p_str_TargetID); if (l_obj_Target.length) { jQuery( 'html, body' ).delay( 0 ); jQuery('html, body').animate({ scrollTop: l_obj_Target.offset().top - window.innerHeight * 0.2 }, 380); } } function footnote_moveToAnchor_3694_1(p_str_TargetID) { footnote_expand_reference_container_3694_1(); var l_obj_Target = jQuery('#' + p_str_TargetID); if (l_obj_Target.length) { jQuery( 'html, body' ).delay( 0 ); jQuery('html, body').animate({ scrollTop: l_obj_Target.offset().top - window.innerHeight * 0.2 }, 380); } }<\/script>","protected":false},"excerpt":{"rendered":"<p>Phi\u1ebfu mua h\u00e0ng l\u00e0 m\u1ed9t c\u00e1ch \u0111\u1ec3 nh\u1eadn d\u1ecbch v\u1ee5. \u0110\u00e2y l\u00e0 nh\u1eefng \u201cphi\u1ebfu\u201d t\u1eeb trung t\u00e2m khu v\u1ef1c cho ph\u00e9p qu\u00fd v\u1ecb thanh to\u00e1n&hellip;<\/p>\n","protected":false},"author":1,"featured_media":0,"parent":1193,"menu_order":67,"comment_status":"closed","ping_status":"closed","template":"","meta":{"footnotes":""},"class_list":["post-3694","page","type-page","status-publish","hentry"],"_links":{"self":[{"href":"https:\/\/rula.disabilityrightsca.org\/vi\/wp-json\/wp\/v2\/pages\/3694","targetHints":{"allow":["GET"]}}],"collection":[{"href":"https:\/\/rula.disabilityrightsca.org\/vi\/wp-json\/wp\/v2\/pages"}],"about":[{"href":"https:\/\/rula.disabilityrightsca.org\/vi\/wp-json\/wp\/v2\/types\/page"}],"author":[{"embeddable":true,"href":"https:\/\/rula.disabilityrightsca.org\/vi\/wp-json\/wp\/v2\/users\/1"}],"replies":[{"embeddable":true,"href":"https:\/\/rula.disabilityrightsca.org\/vi\/wp-json\/wp\/v2\/comments?post=3694"}],"version-history":[{"count":2,"href":"https:\/\/rula.disabilityrightsca.org\/vi\/wp-json\/wp\/v2\/pages\/3694\/revisions"}],"predecessor-version":[{"id":3847,"href":"https:\/\/rula.disabilityrightsca.org\/vi\/wp-json\/wp\/v2\/pages\/3694\/revisions\/3847"}],"up":[{"embeddable":true,"href":"https:\/\/rula.disabilityrightsca.org\/vi\/wp-json\/wp\/v2\/pages\/1193"}],"wp:attachment":[{"href":"https:\/\/rula.disabilityrightsca.org\/vi\/wp-json\/wp\/v2\/media?parent=3694"}],"curies":[{"name":"wp","href":"https:\/\/api.w.org\/{rel}","templated":true}]}}